{"id":128,"date":"2025-03-12T13:56:16","date_gmt":"2025-03-12T12:56:16","guid":{"rendered":"https:\/\/www.pedagogia.it\/connectthedots\/?post_type=product&#038;p=128"},"modified":"2025-03-27T11:35:37","modified_gmt":"2025-03-27T10:35:37","slug":"connectthedots-adulti-con-piu-di-65-anni","status":"publish","type":"product","link":"https:\/\/www.pedagogia.it\/connectthedots\/evento\/connectthedots-adulti-con-piu-di-65-anni\/","title":{"rendered":"<strong>connect<\/strong>the<strong>dots<\/strong><br>Adulti con pi\u00f9 di 65 anni"},"content":{"rendered":"<p class=\"p1\"><b>Digitale over 65.<\/b><\/p>\n<p class=\"p2\"><span class=\"s1\"><b>Impara, Gioca, Connettiti!<\/b><\/span><\/p>\n<p class=\"p1\"><span class=\"s2\">Chi l\u2019ha detto che la tecnologia \u00e8 solo per i giovani? In questo percorso dedicato agli over 65, scopriremo insieme il mondo del coding e della robotica educativa in modo semplice, divertente e stimolante. Attraverso attivit\u00e0 pratiche e giochi interattivi, impareremo a programmare, esplorare il funzionamento dei robot e capire come l\u2019intelligenza artificiale sta cambiando il nostro quotidiano. Un\u2019opportunit\u00e0 unica per tenere la mente attiva, sviluppare nuove competenze digitali e divertirsi in compagnia. Perch\u00e9 restare al passo con i tempi non ha et\u00e0!<\/span><\/p>\n","protected":false},"excerpt":{"rendered":"<p>Digitale over 65. Impara, Gioca, Connettiti! Chi l\u2019ha detto che la tecnologia \u00e8 solo per i giovani? In questo percorso dedicato agli over 65, scopriremo insieme il mondo del coding e della robotica educativa in modo semplice, divertente e stimolante. Attraverso attivit\u00e0 pratiche e giochi interattivi, impareremo a programmare, esplorare il funzionamento dei robot e [&#8230;]\n","protected":false},"featured_media":179,"template":"","meta":[],"product_brand":[],"product_cat":[18],"product_tag":[],"class_list":{"0":"post-128","1":"product","2":"type-product","3":"status-publish","4":"has-post-thumbnail","6":"product_cat-sabato-22-marzo-2025","8":"first","9":"outofstock","10":"virtual","11":"purchasable","12":"product-type-simple"},"_links":{"self":[{"href":"https:\/\/www.pedagogia.it\/connectthedots\/wp-json\/wp\/v2\/product\/128","targetHints":{"allow":["GET"]}}],"collection":[{"href":"https:\/\/www.pedagogia.it\/connectthedots\/wp-json\/wp\/v2\/product"}],"about":[{"href":"https:\/\/www.pedagogia.it\/connectthedots\/wp-json\/wp\/v2\/types\/product"}],"wp:featuredmedia":[{"embeddable":true,"href":"https:\/\/www.pedagogia.it\/connectthedots\/wp-json\/wp\/v2\/media\/179"}],"wp:attachment":[{"href":"https:\/\/www.pedagogia.it\/connectthedots\/wp-json\/wp\/v2\/media?parent=128"}],"wp:term":[{"taxonomy":"product_brand","embeddable":true,"href":"https:\/\/www.pedagogia.it\/connectthedots\/wp-json\/wp\/v2\/product_brand?post=128"},{"taxonomy":"product_cat","embeddable":true,"href":"https:\/\/www.pedagogia.it\/connectthedots\/wp-json\/wp\/v2\/product_cat?post=128"},{"taxonomy":"product_tag","embeddable":true,"href":"https:\/\/www.pedagogia.it\/connectthedots\/wp-json\/wp\/v2\/product_tag?post=128"}],"curies":[{"name":"wp","href":"https:\/\/api.w.org\/{rel}","templated":true}]}}