{"id":1082,"date":"2018-05-28T13:15:39","date_gmt":"2018-05-28T11:15:39","guid":{"rendered":"https:\/\/www.pedagogia.it\/digituslab\/?page_id=1082"},"modified":"2018-07-04T11:48:37","modified_gmt":"2018-07-04T09:48:37","slug":"privacy-policy","status":"publish","type":"page","link":"https:\/\/www.pedagogia.it\/digituslab-fr\/privacy-policy\/","title":{"rendered":"Privacy Policy"},"content":{"rendered":"<div class=\"wpb-content-wrapper\"><p>[vc_row][vc_column width=&#8221;1\/1&#8243;][vc_column_text]<\/p>\n<p class=\"p1\"><b>TITOLARE del Trattamento dei dati<\/b><\/p>\n<p class=\"p1\">STRIPES Coop. Sociale ONLUS<\/p>\n<p class=\"p1\">Via San Domenico Savio, 6<\/p>\n<p class=\"p1\">20017 Rho (MI)<\/p>\n<p class=\"p1\">tel. 02 9316667<\/p>\n<p class=\"p1\">PI\/CF 09635360150<\/p>\n<p class=\"p1\">e-mail: stripes@pedagogia.it<\/p>\n<p class=\"p1\" data-wahfont=\"15\"><b>RESPONSABILE della protezione dei dati<\/b><\/p>\n<p class=\"p1\" data-wahfont=\"15\">Arianna Mariani<\/p>\n<p class=\"p1\" data-wahfont=\"15\">e-mail:\u00a0<a href=\"mailto:cooperativa@pec.stripes.it\" data-wahfont=\"15\">cooperativa@pec.stripes.it<\/a><\/p>\n<p>&nbsp;<\/p>\n<p class=\"p1\"><b>Tipologie di dati raccolti<\/b><\/p>\n<p class=\"p1\">Fra i dati personali raccolti da questo sito, in modo autonomo o tramite terze parti, ci sono: Cookie, dati di utilizzo, Email e Nome ed altre informazioni specificate nel presente documento.<\/p>\n<p class=\"p1\">Altri dati personali raccolti potrebbero essere indicati in altre sezioni di questa privacy policy o mediante testi informativi visualizzati contestualmente alla raccolta dei dati stessi.<\/p>\n<p class=\"p1\">I dati personali possono essere inseriti volontariamente dall\u2019utente, oppure raccolti in modo automatico durante l\u2019uso di questo sito.<\/p>\n<p class=\"p1\">L\u2019eventuale utilizzo di Cookie \u2013 o di altri strumenti di tracciamento \u2013 da parte di questo sito o dei titolari dei servizi terzi utilizzati da questo sito, ove non diversamente precisato, ha la finalit\u00e0 di identificare l\u2019utente e registrare le relative preferenze per finalit\u00e0 strettamente legate all\u2019erogazione del servizio richiesto dall\u2019utente.<\/p>\n<p class=\"p1\">Il mancato conferimento da parte dell\u2019utente di alcuni dati personali potrebbe impedire a questo sito di erogare i propri servizi.<\/p>\n<p class=\"p1\">L\u2019utente si assume la responsabilit\u00e0 dei dati personali di terzi pubblicati o condivisi mediante questo sito e garantisce di avere il diritto di comunicarli o diffonderli, liberando il TITOLARE da qualsiasi responsabilit\u00e0 verso terzi.<\/p>\n<p class=\"p1\">Estratto dei dati raccolti<\/p>\n<p class=\"p1\">1) Dati di navigazione<\/p>\n<p class=\"p1\">Per il corretto funzionamento del sito e dei servizi forniti sono necessari sistemi informatici e procedure software che, nel corso del loro normale esercizio, acquisiscono alcuni dati personali, la cui trasmissione \u00e8 implicita nell\u2019utilizzo di protocolli di comunicazione internet. Si tratta di dati che non vengono raccolti per essere associati a soggetti identificati, ma che per loro stessa natura potrebbero, attraverso elaborazioni ed associazioni con dati detenuti da terzi, permettere di identificare gli utenti (es. indirizzi IP). Tali dati vengono utilizzati solamente per informazioni statistiche anonime relative all\u2019utilizzo del servizio e per verificarne il corretto funzionamento e vengono conservati per il periodo strettamente necessario e comunque in conformit\u00e0 alle vigenti normative.<\/p>\n<p class=\"p1\">2) Dati dei clienti<\/p>\n<p class=\"p1\">Al fine di poter consentire l\u2019erogazione dei servizi previsti negli accordi contrattuali, lo svolgimento di attivit\u00e0 di marketing ed ottemperare gli obblighi fiscali e previsti dalle normative vigenti, Stripes Coop.<span class=\"Apple-converted-space\">\u00a0\u00a0<\/span>raccoglier\u00e0 i seguenti dati relativi ai clienti: Nome \u2013 Cognome \u2013 Ragione sociale \u2013 Codice fiscale \u2013 Partita Iva (in caso di soggetto diverso dal privato) \u2013 Indirizzo \u2013 Citt\u00e0 \u2013 Cap \u2013 Provincia \u2013 Recapiti Telefonici \u2013 Indirizzi Email. Tali dati verranno conservati per le finalit\u00e0 di erogazione dei servizi, nonch\u00e8 per attivit\u00e0 promozionali e per la durata di 10 anni a decorrere dalla cessazione del rapporto contrattuale. Per scopi di natura fiscale e per gli altri obblighi previsti dalla legge, gli stessi dati verranno conservati per 10 anni, salvo che la legge non permetta un periodo di conservazione pi\u00f9 lungo, anche in ragione del maturare della prescrizione di eventuali diritti vantati da terzi.<\/p>\n<p class=\"p1\">3) Dati dei fornitori<\/p>\n<p class=\"p1\">Al fine di garantire il regolare svolgimento del rapporto di lavoro ci occorrono i dati di contatto dei soggetti pertinenti che operano all\u2019interno dell\u2019azienda fornitrice (come nomi, cognomi, numeri di telefono ed indirizzi e-mail). Ci occorrono anche tutti i dati necessari all\u2019emissione della fattura, nonch\u00e8 le coordinate bancarie necessarie a saldare i servizi acquistati (se rientra negli accordi contrattuali stipulati). Per le finalit\u00e0 suddette i dati verranno conservati per la durata di un anno a decorrere dalla cessazione del rapporto contrattuale. Per scopi di natura fiscale e per gli altri obblighi previsti dalla legge i dati verranno conservati per 10 anni, salvo che la legge non permetta un periodo di conservazione pi\u00f9 lungo, anche in ragione del maturare della prescrizione di eventuali diritti vantati da terzi.<\/p>\n<p class=\"p1\">4)<span class=\"Apple-converted-space\">\u00a0\u00a0<\/span>Dati di terzi soggetti forniti dall\u2019interessato<\/p>\n<p class=\"p1\">Potrebbe accadere che tu fornisca i dati di terzi soggetti per richiedere l\u2019assegnazione di nomi a dominio o per differenziare i contatti di fatturazione (nel caso sia un tuo cliente ad effettuare direttamente il pagamento del servizio). In tale circostanza tu sar\u00e0 l\u2019esclusivo titolare del trattamento dei suddetti dati con obblighi e responsabilit\u00e0 di legge annessi. Tali dati verranno conservati esclusivamente per finalit\u00e0 fiscali (fatturazione) per la durata di 10 anni e per la durata di 6 mesi a decorrere dalla cancellazione del nome a dominio cui fanno riferimento (registrazione dominio per terzi soggetti), salvo che la legge non imponga o permetta un periodo di conservazione pi\u00f9 lungo.<\/p>\n<p class=\"p1\">5) Cookies<\/p>\n<p class=\"p1\">L\u2019accesso al sito www.pedagogia.it pu\u00f2 comportare l\u2019invio, da parte dei nostri server al pc dell\u2019utente, dei cosiddetti \u201ccookies\u201d, ossia di files che consentono di ottenere informazioni sulle pagine visitate al fine di rendere pi\u00f9 veloce l\u2019utilizzo dei vari servizi. L\u2019utilizzo dei cookies \u00e8 limitato alla durata della singola sessione e non permette in alcun modo l\u2019acquisizione di dati personali identificativi dell\u2019utente. I dati acquisiti non verranno memorizzati ma verranno cancellati alla chiusura del browser. Puoi scegliere in qualsiasi momento di disattivare i cookies modificando semplicemente le impostazioni del browser di navigazione; ti ricordiamo, per\u00f2, che la disattivazione dei cookies pu\u00f2 rallentare o impedire l\u2019accesso ad alcune sezioni del sito. Potrai trovare maggiori informazioni nell\u2019informativa cookie presente sul sito.<\/p>\n<p class=\"p1\">6) Dati di traffico<\/p>\n<p class=\"p1\">Stripes Coop.<span class=\"Apple-converted-space\">\u00a0\u00a0<\/span>ti informa dell\u2019esistenza del registro dei collegamenti (LOG), nel quale vengono conservati, nei termini e secondo le tempistiche previste dalla legge, i dati relativi al traffico telematico. Trascorso il periodo di conservazione previsto dalla legge, e salva diversa indicazione dell\u2019Autorit\u00e0 con provvedimento amministrativo o giudiziario, i dati di cui sopra verranno distrutti e non sar\u00e0 pi\u00f9 garantita la possibilit\u00e0 di ottenerne copia.<\/p>\n<p>[\/vc_column_text][\/vc_column][\/vc_row]<\/p>\n<\/div>","protected":false},"excerpt":{"rendered":"<p>[vc_row][vc_column width=&#8221;1\/1&#8243;][vc_column_text] TITOLARE del Trattamento dei dati STRIPES Coop. Sociale ONLUS Via San Domenico Savio, 6 20017 Rho (MI) tel. [&hellip;]<\/p>\n","protected":false},"author":1,"featured_media":0,"parent":0,"menu_order":0,"comment_status":"closed","ping_status":"closed","template":"","meta":{"footnotes":""},"class_list":["post-1082","page","type-page","status-publish","hentry"],"yoast_head":"<!-- This site is optimized with the Yoast SEO plugin v27.2 - https:\/\/yoast.com\/product\/yoast-seo-wordpress\/ -->\n<title>Privacy Policy - FR-Stripes Digitus Lab<\/title>\n<meta name=\"robots\" content=\"index, follow, max-snippet:-1, max-image-preview:large, max-video-preview:-1\" \/>\n<link rel=\"canonical\" href=\"https:\/\/www.pedagogia.it\/digituslab-fr\/privacy-policy\/\" \/>\n<meta property=\"og:locale\" content=\"it_IT\" \/>\n<meta property=\"og:type\" content=\"article\" \/>\n<meta property=\"og:title\" content=\"Privacy Policy - FR-Stripes Digitus Lab\" \/>\n<meta property=\"og:description\" content=\"[vc_row][vc_column width=&#8221;1\/1&#8243;][vc_column_text] TITOLARE del Trattamento dei dati STRIPES Coop. Sociale ONLUS Via San Domenico Savio, 6 20017 Rho (MI) tel. [&hellip;]\" \/>\n<meta property=\"og:url\" content=\"https:\/\/www.pedagogia.it\/digituslab-fr\/privacy-policy\/\" \/>\n<meta property=\"og:site_name\" content=\"FR-Stripes Digitus Lab\" \/>\n<meta property=\"article:modified_time\" content=\"2018-07-04T09:48:37+00:00\" \/>\n<meta name=\"twitter:card\" content=\"summary_large_image\" \/>\n<meta name=\"twitter:label1\" content=\"Tempo di lettura stimato\" \/>\n\t<meta name=\"twitter:data1\" content=\"5 minuti\" \/>\n<script type=\"application\/ld+json\" class=\"yoast-schema-graph\">{\"@context\":\"https:\/\/schema.org\",\"@graph\":[{\"@type\":\"WebPage\",\"@id\":\"https:\/\/www.pedagogia.it\/digituslab-fr\/privacy-policy\/\",\"url\":\"https:\/\/www.pedagogia.it\/digituslab-fr\/privacy-policy\/\",\"name\":\"Privacy Policy - FR-Stripes Digitus Lab\",\"isPartOf\":{\"@id\":\"https:\/\/www.pedagogia.it\/digituslab-fr\/#website\"},\"datePublished\":\"2018-05-28T11:15:39+00:00\",\"dateModified\":\"2018-07-04T09:48:37+00:00\",\"breadcrumb\":{\"@id\":\"https:\/\/www.pedagogia.it\/digituslab-fr\/privacy-policy\/#breadcrumb\"},\"inLanguage\":\"it-IT\",\"potentialAction\":[{\"@type\":\"ReadAction\",\"target\":[\"https:\/\/www.pedagogia.it\/digituslab-fr\/privacy-policy\/\"]}]},{\"@type\":\"BreadcrumbList\",\"@id\":\"https:\/\/www.pedagogia.it\/digituslab-fr\/privacy-policy\/#breadcrumb\",\"itemListElement\":[{\"@type\":\"ListItem\",\"position\":1,\"name\":\"Home\",\"item\":\"https:\/\/www.pedagogia.it\/digituslab-fr\/\"},{\"@type\":\"ListItem\",\"position\":2,\"name\":\"Privacy Policy\"}]},{\"@type\":\"WebSite\",\"@id\":\"https:\/\/www.pedagogia.it\/digituslab-fr\/#website\",\"url\":\"https:\/\/www.pedagogia.it\/digituslab-fr\/\",\"name\":\"FR-Stripes Digitus Lab\",\"description\":\"Centre international de la recherche et de l&#039;innovation sur la robotique \u00e9ducative et technologies num\u00e9riques\",\"potentialAction\":[{\"@type\":\"SearchAction\",\"target\":{\"@type\":\"EntryPoint\",\"urlTemplate\":\"https:\/\/www.pedagogia.it\/digituslab-fr\/?s={search_term_string}\"},\"query-input\":{\"@type\":\"PropertyValueSpecification\",\"valueRequired\":true,\"valueName\":\"search_term_string\"}}],\"inLanguage\":\"it-IT\"}]}<\/script>\n<!-- \/ Yoast SEO plugin. -->","yoast_head_json":{"title":"Privacy Policy - FR-Stripes Digitus Lab","robots":{"index":"index","follow":"follow","max-snippet":"max-snippet:-1","max-image-preview":"max-image-preview:large","max-video-preview":"max-video-preview:-1"},"canonical":"https:\/\/www.pedagogia.it\/digituslab-fr\/privacy-policy\/","og_locale":"it_IT","og_type":"article","og_title":"Privacy Policy - FR-Stripes Digitus Lab","og_description":"[vc_row][vc_column width=&#8221;1\/1&#8243;][vc_column_text] TITOLARE del Trattamento dei dati STRIPES Coop. Sociale ONLUS Via San Domenico Savio, 6 20017 Rho (MI) tel. [&hellip;]","og_url":"https:\/\/www.pedagogia.it\/digituslab-fr\/privacy-policy\/","og_site_name":"FR-Stripes Digitus Lab","article_modified_time":"2018-07-04T09:48:37+00:00","twitter_card":"summary_large_image","twitter_misc":{"Tempo di lettura stimato":"5 minuti"},"schema":{"@context":"https:\/\/schema.org","@graph":[{"@type":"WebPage","@id":"https:\/\/www.pedagogia.it\/digituslab-fr\/privacy-policy\/","url":"https:\/\/www.pedagogia.it\/digituslab-fr\/privacy-policy\/","name":"Privacy Policy - FR-Stripes Digitus Lab","isPartOf":{"@id":"https:\/\/www.pedagogia.it\/digituslab-fr\/#website"},"datePublished":"2018-05-28T11:15:39+00:00","dateModified":"2018-07-04T09:48:37+00:00","breadcrumb":{"@id":"https:\/\/www.pedagogia.it\/digituslab-fr\/privacy-policy\/#breadcrumb"},"inLanguage":"it-IT","potentialAction":[{"@type":"ReadAction","target":["https:\/\/www.pedagogia.it\/digituslab-fr\/privacy-policy\/"]}]},{"@type":"BreadcrumbList","@id":"https:\/\/www.pedagogia.it\/digituslab-fr\/privacy-policy\/#breadcrumb","itemListElement":[{"@type":"ListItem","position":1,"name":"Home","item":"https:\/\/www.pedagogia.it\/digituslab-fr\/"},{"@type":"ListItem","position":2,"name":"Privacy Policy"}]},{"@type":"WebSite","@id":"https:\/\/www.pedagogia.it\/digituslab-fr\/#website","url":"https:\/\/www.pedagogia.it\/digituslab-fr\/","name":"FR-Stripes Digitus Lab","description":"Centre international de la recherche et de l&#039;innovation sur la robotique \u00e9ducative et technologies num\u00e9riques","potentialAction":[{"@type":"SearchAction","target":{"@type":"EntryPoint","urlTemplate":"https:\/\/www.pedagogia.it\/digituslab-fr\/?s={search_term_string}"},"query-input":{"@type":"PropertyValueSpecification","valueRequired":true,"valueName":"search_term_string"}}],"inLanguage":"it-IT"}]}},"_links":{"self":[{"href":"https:\/\/www.pedagogia.it\/digituslab-fr\/wp-json\/wp\/v2\/pages\/1082","targetHints":{"allow":["GET"]}}],"collection":[{"href":"https:\/\/www.pedagogia.it\/digituslab-fr\/wp-json\/wp\/v2\/pages"}],"about":[{"href":"https:\/\/www.pedagogia.it\/digituslab-fr\/wp-json\/wp\/v2\/types\/page"}],"author":[{"embeddable":true,"href":"https:\/\/www.pedagogia.it\/digituslab-fr\/wp-json\/wp\/v2\/users\/1"}],"replies":[{"embeddable":true,"href":"https:\/\/www.pedagogia.it\/digituslab-fr\/wp-json\/wp\/v2\/comments?post=1082"}],"version-history":[{"count":0,"href":"https:\/\/www.pedagogia.it\/digituslab-fr\/wp-json\/wp\/v2\/pages\/1082\/revisions"}],"wp:attachment":[{"href":"https:\/\/www.pedagogia.it\/digituslab-fr\/wp-json\/wp\/v2\/media?parent=1082"}],"curies":[{"name":"wp","href":"https:\/\/api.w.org\/{rel}","templated":true}]}}