{"id":1723,"date":"2019-04-04T11:04:44","date_gmt":"2019-04-04T09:04:44","guid":{"rendered":"https:\/\/www.pedagogia.it\/digituslab-fr\/?page_id=1723"},"modified":"2019-04-04T11:04:44","modified_gmt":"2019-04-04T09:04:44","slug":"digitus-grand-camp-dete","status":"publish","type":"page","link":"https:\/\/www.pedagogia.it\/digituslab-fr\/digitus-grand-camp-dete\/","title":{"rendered":"Digitus: Grand Camp D&#8217;\u00e9t\u00e9"},"content":{"rendered":"<p>Une \u00e9t\u00e9 de campus d\u00e9di\u00e9e au coding et \u00e0 la robotique, pleine d\u2019id\u00e9es et de d\u00e9couvertes: une exp\u00e9rience unique dans laquelle on rencontre la technologie en jouant!!<\/p>\n<p>On proposera aux enfants des learning time, laboratoires concrets et technologiques, jeux, moments en plein air et laboratoires artistiques et cr\u00e9atifs.<\/p>\n<p>Chaque participants recevra un \u00e9trange DIGITUS KIT qu\u2019ils utiliseront pendant les activit\u00e9s du campus, un journal de bord et un marrant petit gadget robotique.<\/p>\n<p>En d\u00e9couvrant ensemble l\u2019univers de la robotique on prouvera nos valeurs, on d\u00e9couvrira les aspects les plus profonds de la technologie en faisant des exp\u00e9rimentations\u00a0 avec nos propres mains et notre cerveaux, on programmera des robots, tout \u00e7a pour changer notre perspective du monde.<\/p>\n<p>On cr\u00e9era lieux, jeux et aventures \u00e0 travers de propositions innovatrices qui nous permettront non seulement de jouer, mais aussi d\u2019essayer et d\u2019exp\u00e9rimenter notre cr\u00e9ativit\u00e9 dans une dimension digitale\u00a0!!<\/p>\n<p>&nbsp;<\/p>\n<p><strong>PROGRAMME DU JOUR\u00a0:<\/strong><\/p>\n<p>08.30-09.00 LA BIENVENUE<\/p>\n<p>09.00-10.30 LEARNING TIME<\/p>\n<p>10.30-11.00 Gout\u00e9<\/p>\n<p>11.00-12.30 LABORATOIRES CONCRETS ET TECHNOLOGIQUES\u00a0: CONSTRUIRE, PROGRAMMER, INVENTER ET Exp\u00e9rimenter<\/p>\n<p>12.30-14.00 D\u00e9jeuner au restaurant de l\u2019h\u00f4tel<\/p>\n<p>14.00-16.00 ateliers cr\u00e9atifs et scientifiques\u00a0: cr\u00e9er, jouer manipuler et d\u00e9couvrir<\/p>\n<p>16.00-16.30 gout\u00e9 et sortie<\/p>\n<p><em>LE JEUDI PIQUE NIQUE DEHORS AVEC UN PANIER-REPAS<\/em><\/p>\n<p>\u00e0 la fin du campus tu pourras emmener ton petit robot \u00e0 la maison<\/p>\n<p>&nbsp;<\/p>\n<p><strong>tarif hebdomadaire 199 euros par participants<\/strong> (r\u00e9duction 10% pour les fr\u00e8res\/s\u0153urs )<\/p>\n<p><em>le tarif comprend\u00a0:<\/em><\/p>\n<ul>\n<li>\u00e9ducateurs sp\u00e9cialis\u00e9s<\/li>\n<li>mat\u00e9riaux technologiques et artistiques<\/li>\n<li>assurance<\/li>\n<li>Kit scientifique<\/li>\n<li>D\u00e9jeuner dans un restaurant interne qui met en \u0153uvre une s\u00e9lection rigoureuse des mati\u00e8res premi\u00e8res et accorde une grande attention \u00e0 la saisonnalit\u00e9 des produits<\/li>\n<\/ul>\n<p><strong>STRIPES DIGITUS LAB: Centre international de recherche et innovation sur la robotique \u00e9ducative et \u00a0sur les technologies digitales<\/strong><\/p>\n","protected":false},"excerpt":{"rendered":"<p>Une \u00e9t\u00e9 de campus d\u00e9di\u00e9e au coding et \u00e0 la robotique, pleine d\u2019id\u00e9es et de d\u00e9couvertes: une exp\u00e9rience unique dans [&hellip;]<\/p>\n","protected":false},"author":70,"featured_media":0,"parent":0,"menu_order":0,"comment_status":"closed","ping_status":"closed","template":"","meta":{"footnotes":""},"class_list":["post-1723","page","type-page","status-publish","hentry"],"yoast_head":"<!-- This site is optimized with the Yoast SEO plugin v27.2 - https:\/\/yoast.com\/product\/yoast-seo-wordpress\/ -->\n<title>Digitus: Grand Camp D&#039;\u00e9t\u00e9 - FR-Stripes Digitus Lab<\/title>\n<meta name=\"robots\" content=\"index, follow, max-snippet:-1, max-image-preview:large, max-video-preview:-1\" \/>\n<link rel=\"canonical\" href=\"https:\/\/www.pedagogia.it\/digituslab-fr\/digitus-grand-camp-dete\/\" \/>\n<meta property=\"og:locale\" content=\"it_IT\" \/>\n<meta property=\"og:type\" content=\"article\" \/>\n<meta property=\"og:title\" content=\"Digitus: Grand Camp D&#039;\u00e9t\u00e9 - FR-Stripes Digitus Lab\" \/>\n<meta property=\"og:description\" content=\"Une \u00e9t\u00e9 de campus d\u00e9di\u00e9e au coding et \u00e0 la robotique, pleine d\u2019id\u00e9es et de d\u00e9couvertes: une exp\u00e9rience unique dans [&hellip;]\" \/>\n<meta property=\"og:url\" content=\"https:\/\/www.pedagogia.it\/digituslab-fr\/digitus-grand-camp-dete\/\" \/>\n<meta property=\"og:site_name\" content=\"FR-Stripes Digitus Lab\" \/>\n<meta name=\"twitter:card\" content=\"summary_large_image\" \/>\n<meta name=\"twitter:label1\" content=\"Tempo di lettura stimato\" \/>\n\t<meta name=\"twitter:data1\" content=\"2 minuti\" \/>\n<script type=\"application\/ld+json\" class=\"yoast-schema-graph\">{\"@context\":\"https:\/\/schema.org\",\"@graph\":[{\"@type\":\"WebPage\",\"@id\":\"https:\/\/www.pedagogia.it\/digituslab-fr\/digitus-grand-camp-dete\/\",\"url\":\"https:\/\/www.pedagogia.it\/digituslab-fr\/digitus-grand-camp-dete\/\",\"name\":\"Digitus: Grand Camp D'\u00e9t\u00e9 - FR-Stripes Digitus Lab\",\"isPartOf\":{\"@id\":\"https:\/\/www.pedagogia.it\/digituslab-fr\/#website\"},\"datePublished\":\"2019-04-04T09:04:44+00:00\",\"breadcrumb\":{\"@id\":\"https:\/\/www.pedagogia.it\/digituslab-fr\/digitus-grand-camp-dete\/#breadcrumb\"},\"inLanguage\":\"it-IT\",\"potentialAction\":[{\"@type\":\"ReadAction\",\"target\":[\"https:\/\/www.pedagogia.it\/digituslab-fr\/digitus-grand-camp-dete\/\"]}]},{\"@type\":\"BreadcrumbList\",\"@id\":\"https:\/\/www.pedagogia.it\/digituslab-fr\/digitus-grand-camp-dete\/#breadcrumb\",\"itemListElement\":[{\"@type\":\"ListItem\",\"position\":1,\"name\":\"Home\",\"item\":\"https:\/\/www.pedagogia.it\/digituslab-fr\/\"},{\"@type\":\"ListItem\",\"position\":2,\"name\":\"Digitus: Grand Camp D&#8217;\u00e9t\u00e9\"}]},{\"@type\":\"WebSite\",\"@id\":\"https:\/\/www.pedagogia.it\/digituslab-fr\/#website\",\"url\":\"https:\/\/www.pedagogia.it\/digituslab-fr\/\",\"name\":\"FR-Stripes Digitus Lab\",\"description\":\"Centre international de la recherche et de l&#039;innovation sur la robotique \u00e9ducative et technologies num\u00e9riques\",\"potentialAction\":[{\"@type\":\"SearchAction\",\"target\":{\"@type\":\"EntryPoint\",\"urlTemplate\":\"https:\/\/www.pedagogia.it\/digituslab-fr\/?s={search_term_string}\"},\"query-input\":{\"@type\":\"PropertyValueSpecification\",\"valueRequired\":true,\"valueName\":\"search_term_string\"}}],\"inLanguage\":\"it-IT\"}]}<\/script>\n<!-- \/ Yoast SEO plugin. -->","yoast_head_json":{"title":"Digitus: Grand Camp D'\u00e9t\u00e9 - FR-Stripes Digitus Lab","robots":{"index":"index","follow":"follow","max-snippet":"max-snippet:-1","max-image-preview":"max-image-preview:large","max-video-preview":"max-video-preview:-1"},"canonical":"https:\/\/www.pedagogia.it\/digituslab-fr\/digitus-grand-camp-dete\/","og_locale":"it_IT","og_type":"article","og_title":"Digitus: Grand Camp D'\u00e9t\u00e9 - FR-Stripes Digitus Lab","og_description":"Une \u00e9t\u00e9 de campus d\u00e9di\u00e9e au coding et \u00e0 la robotique, pleine d\u2019id\u00e9es et de d\u00e9couvertes: une exp\u00e9rience unique dans [&hellip;]","og_url":"https:\/\/www.pedagogia.it\/digituslab-fr\/digitus-grand-camp-dete\/","og_site_name":"FR-Stripes Digitus Lab","twitter_card":"summary_large_image","twitter_misc":{"Tempo di lettura stimato":"2 minuti"},"schema":{"@context":"https:\/\/schema.org","@graph":[{"@type":"WebPage","@id":"https:\/\/www.pedagogia.it\/digituslab-fr\/digitus-grand-camp-dete\/","url":"https:\/\/www.pedagogia.it\/digituslab-fr\/digitus-grand-camp-dete\/","name":"Digitus: Grand Camp D'\u00e9t\u00e9 - FR-Stripes Digitus Lab","isPartOf":{"@id":"https:\/\/www.pedagogia.it\/digituslab-fr\/#website"},"datePublished":"2019-04-04T09:04:44+00:00","breadcrumb":{"@id":"https:\/\/www.pedagogia.it\/digituslab-fr\/digitus-grand-camp-dete\/#breadcrumb"},"inLanguage":"it-IT","potentialAction":[{"@type":"ReadAction","target":["https:\/\/www.pedagogia.it\/digituslab-fr\/digitus-grand-camp-dete\/"]}]},{"@type":"BreadcrumbList","@id":"https:\/\/www.pedagogia.it\/digituslab-fr\/digitus-grand-camp-dete\/#breadcrumb","itemListElement":[{"@type":"ListItem","position":1,"name":"Home","item":"https:\/\/www.pedagogia.it\/digituslab-fr\/"},{"@type":"ListItem","position":2,"name":"Digitus: Grand Camp D&#8217;\u00e9t\u00e9"}]},{"@type":"WebSite","@id":"https:\/\/www.pedagogia.it\/digituslab-fr\/#website","url":"https:\/\/www.pedagogia.it\/digituslab-fr\/","name":"FR-Stripes Digitus Lab","description":"Centre international de la recherche et de l&#039;innovation sur la robotique \u00e9ducative et technologies num\u00e9riques","potentialAction":[{"@type":"SearchAction","target":{"@type":"EntryPoint","urlTemplate":"https:\/\/www.pedagogia.it\/digituslab-fr\/?s={search_term_string}"},"query-input":{"@type":"PropertyValueSpecification","valueRequired":true,"valueName":"search_term_string"}}],"inLanguage":"it-IT"}]}},"_links":{"self":[{"href":"https:\/\/www.pedagogia.it\/digituslab-fr\/wp-json\/wp\/v2\/pages\/1723","targetHints":{"allow":["GET"]}}],"collection":[{"href":"https:\/\/www.pedagogia.it\/digituslab-fr\/wp-json\/wp\/v2\/pages"}],"about":[{"href":"https:\/\/www.pedagogia.it\/digituslab-fr\/wp-json\/wp\/v2\/types\/page"}],"author":[{"embeddable":true,"href":"https:\/\/www.pedagogia.it\/digituslab-fr\/wp-json\/wp\/v2\/users\/70"}],"replies":[{"embeddable":true,"href":"https:\/\/www.pedagogia.it\/digituslab-fr\/wp-json\/wp\/v2\/comments?post=1723"}],"version-history":[{"count":0,"href":"https:\/\/www.pedagogia.it\/digituslab-fr\/wp-json\/wp\/v2\/pages\/1723\/revisions"}],"wp:attachment":[{"href":"https:\/\/www.pedagogia.it\/digituslab-fr\/wp-json\/wp\/v2\/media?parent=1723"}],"curies":[{"name":"wp","href":"https:\/\/api.w.org\/{rel}","templated":true}]}}