{"id":212,"date":"2018-04-04T11:41:40","date_gmt":"2018-04-04T09:41:40","guid":{"rendered":"http:\/\/www.pedagogia.it\/digituslab\/?page_id=212"},"modified":"2019-03-04T15:01:46","modified_gmt":"2019-03-04T14:01:46","slug":"digitus-camp-2-0-nouvelles-experiences-de-codage-et-de-robotique","status":"publish","type":"page","link":"https:\/\/www.pedagogia.it\/digituslab-fr\/digitus-camp-2-0-nouvelles-experiences-de-codage-et-de-robotique\/","title":{"rendered":"DIGITUS CAMP 2.0 &#8211; Nouvelles exp\u00e9riences de codage et de robotique"},"content":{"rendered":"<div class=\"wpb-content-wrapper\"><p>[vc_row][vc_column width=&#8221;2\/3&#8243;][vc_column_text]<strong>Centre d&#8217;\u00e9t\u00e9 2018 &#8211; DIGITUS CAMP 2.0<\/strong><br \/>\n<strong>Nouvelles exp\u00e9riences de codage et de robotique<\/strong><\/p>\n<p>Avez-vous d\u00e9j\u00e0 particip\u00e9 \u00e0 nos campus? Voulez-vous d\u00e9couvrir d&#8217;autres choses \u00e9tonnantes \u00e0 propos de Lego Mindstorm Nxt, Thymio, Arduino et Scratch et apprendre \u00e0 utiliser d&#8217;autres robots?<br \/>\nLe centre d&#8217;\u00e9t\u00e9 &#8211; Digitus Camp 2.0 est fait pour vous! Une autre semaine immerg\u00e9e dans la technologie en utilisant de nombreux autres outils, en s&#8217;amusant et en collaborant ensemble comme une v\u00e9ritable \u00e9quipe de scientifiques.<\/p>\n<p><strong>Du 16 au 20 juillet: 8 &#8211; 14 ans<\/strong><\/p>\n<p><strong>Tarif hebdomadaire 260 euros par participant<\/strong><\/p>\n<p><strong>Les frais comprennent<\/strong><\/p>\n<ul>\n<li>\u00e9ducateurs sp\u00e9cialis\u00e9s<\/li>\n<li>mat\u00e9riaux technologiques et artistiques<\/li>\n<li>assurance<\/li>\n<li>Kit scientifique<\/li>\n<li>D\u00e9jeuner dans un restaurant interne qui met en \u0153uvre une s\u00e9lection rigoureuse des mati\u00e8res premi\u00e8res et accorde une grande attention \u00e0 la saisonnalit\u00e9 des produits<\/li>\n<\/ul>\n<p>Les op\u00e9rateurs du Campus ont une exp\u00e9rience av\u00e9r\u00e9e dans les services \u00e9ducatifs et r\u00e9cr\u00e9atifs g\u00e9r\u00e9s par l&#8217;organisation sociale sans but lucratif Stripes coop et ont une formation sp\u00e9cifique dans l&#8217;utilisation des technologies num\u00e9riques et dans les activit\u00e9s de robotique \u00e9ducative.<br \/>\nLes enfants auront le temps d&#8217;apprendre &#8211; comprendre le fonctionnement de certains robots, la carte Arduino et la programmation informatique &#8211; et des laboratoires technologiques pratiques visant \u00e0 construire, planifier, inventer et exp\u00e9rimenter des technologies stimulant la cr\u00e9ativit\u00e9 et l&#8217;ing\u00e9niosit\u00e9 des enfants.<\/p>\n<p>Ceux-ci seront accompagn\u00e9s de jeux, de moments en plein air et d&#8217;ateliers artistiques et cr\u00e9atifs: lumi\u00e8res, sons, construction d&#8217;objets particuliers, r\u00e9alisation d&#8217;\u00e9l\u00e9ments sc\u00e9nographiques li\u00e9s au parcours th\u00e9matique propos\u00e9, afin de renforcer leur valeur imaginative.<\/p>\n<p>Chaque participant recevra un joli KIT de DIGITUS \u00e0 utiliser pendant les activit\u00e9s du campus et un journal de bord sur lequel enregistrer toutes les d\u00e9couvertes et les intuitions. Et \u00e0 la fin de la semaine &#8230; prenez votre DigitusBot \u00e0 la maison!<\/p>\n<p>Dans un environnement bien structur\u00e9, les enfants et les jeunes auront l&#8217;impression d&#8217;\u00eatre dans un espace non seulement d&#8217;apprentissage, mais aussi de jeu o\u00f9 concr\u00e9tiser les exp\u00e9riences qui seront progressivement propos\u00e9es et qui auront l&#8217;opportunit\u00e9 de se sentir vraiment int\u00e9gr\u00e9s dans un projet et imaginez-vous comme de vrais scientifiques, inventeurs et programmeurs.<\/p>\n<p><strong>Programme quotidien:<\/strong><\/p>\n<p>08h30 &#8211; 09h00 R\u00e9ception<\/p>\n<p>09h00 &#8211; 10h30 Temps d&#8217;apprentissage<\/p>\n<p>10h30 &#8211; 11h00<\/p>\n<p>11h00 &#8211; 12h30 Ateliers pratiques technologiques: construire, planifier, inventer<\/p>\n<p>12h30 &#8211; 14h00 D\u00e9jeuner au restaurant de l&#8217;h\u00f4tel<\/p>\n<p>14h00 &#8211; 16h00 Ateliers cr\u00e9atifs et scientifiques: cr\u00e9er, jouer, manipuler, d\u00e9couvrir<\/p>\n<p>16h00 &#8211; 16h30<\/p>\n<p>16h30 &#8211; 17h30 Sortie<\/p>\n<p><strong>Les campus auront lieu au Stripes Digitus Lab &#8211; Centre International de Recherche et d&#8217;Innovation sur la Robotique Educative et les Technologies Num\u00e9riques situ\u00e9 dans les espaces de Cascina Triulza, \u00e0 l&#8217;int\u00e9rieur de MIND Milano<\/strong>[\/vc_column_text][\/vc_column][vc_column column_width_percent=&#8221;100&#8243; style=&#8221;dark&#8221; back_color=&#8221;color-iopl&#8221; overlay_alpha=&#8221;50&#8243; gutter_size=&#8221;3&#8243; medium_width=&#8221;0&#8243; shift_x=&#8221;0&#8243; shift_y=&#8221;0&#8243; z_index=&#8221;0&#8243; width=&#8221;1\/3&#8243;][vc_custom_heading]Remplissez le formulaire d&#8217;inscription.<br \/>\nVous serez contact\u00e9[\/vc_custom_heading]\n<div class=\"wpcf7 no-js\" id=\"wpcf7-f368-o1\" lang=\"it-IT\" dir=\"ltr\" data-wpcf7-id=\"368\">\n<div class=\"screen-reader-response\"><p role=\"status\" aria-live=\"polite\" aria-atomic=\"true\"><\/p> <ul><\/ul><\/div>\n<form action=\"\/digituslab-fr\/wp-json\/wp\/v2\/pages\/212#wpcf7-f368-o1\" method=\"post\" class=\"wpcf7-form init\" aria-label=\"Modulo di contatto\" novalidate=\"novalidate\" data-status=\"init\">\n<fieldset class=\"hidden-fields-container\"><input type=\"hidden\" name=\"_wpcf7\" value=\"368\" \/><input type=\"hidden\" name=\"_wpcf7_version\" value=\"6.1.5\" \/><input type=\"hidden\" name=\"_wpcf7_locale\" value=\"it_IT\" \/><input type=\"hidden\" name=\"_wpcf7_unit_tag\" value=\"wpcf7-f368-o1\" \/><input type=\"hidden\" name=\"_wpcf7_container_post\" value=\"0\" \/><input type=\"hidden\" name=\"_wpcf7_posted_data_hash\" value=\"\" \/>\n<\/fieldset>\n<p><label> Il tuo nome (richiesto)<br \/>\n<span class=\"wpcf7-form-control-wrap\" data-name=\"your-name\"><input size=\"40\" maxlength=\"400\" class=\"wpcf7-form-control wpcf7-text wpcf7-validates-as-required\" aria-required=\"true\" aria-invalid=\"false\" value=\"\" type=\"text\" name=\"your-name\" \/><\/span> <\/label>\n<\/p>\n<p><label> La tua email (richiesto)<br \/>\n<span class=\"wpcf7-form-control-wrap\" data-name=\"your-email\"><input size=\"40\" maxlength=\"400\" class=\"wpcf7-form-control wpcf7-email wpcf7-validates-as-required wpcf7-text wpcf7-validates-as-email\" aria-required=\"true\" aria-invalid=\"false\" value=\"\" type=\"email\" name=\"your-email\" \/><\/span> <\/label>\n<\/p>\n<p><label> Oggetto<br \/>\n<span class=\"wpcf7-form-control-wrap\" data-name=\"your-subject\"><input size=\"40\" maxlength=\"400\" class=\"wpcf7-form-control wpcf7-text\" aria-invalid=\"false\" value=\"\" type=\"text\" name=\"your-subject\" \/><\/span> <\/label>\n<\/p>\n<p><label> Il tuo messaggio<br \/>\n<span class=\"wpcf7-form-control-wrap\" data-name=\"your-message\"><textarea cols=\"40\" rows=\"10\" maxlength=\"2000\" class=\"wpcf7-form-control wpcf7-textarea\" aria-invalid=\"false\" name=\"your-message\"><\/textarea><\/span> <\/label>\n<\/p>\n<p><label><br \/>\nDichiaro di aver letto l'informativa della <a href=\"https:\/\/www.pedagogia.it\/digituslab\/policy-privacy\/\">privacy<\/a> e di acconsetire al trattamento dei dati personali (richiesto)<br \/>\n<\/label><br \/>\n<span class=\"wpcf7-form-control-wrap\" data-name=\"privacy\"><span class=\"wpcf7-form-control wpcf7-acceptance\"><span class=\"wpcf7-list-item\"><input type=\"checkbox\" name=\"privacy\" value=\"1\" aria-invalid=\"false\" \/><\/span><\/span><\/span><br \/>\n<label><br \/>\nRimani aggiornato sui nostri eventi e novit\u00e0<br \/>\n<\/label><br \/>\n<span class=\"wpcf7-form-control-wrap\" data-name=\"news\"><span class=\"wpcf7-form-control wpcf7-radio\"><span class=\"wpcf7-list-item first\"><input type=\"radio\" name=\"news\" value=\"si\" \/><span class=\"wpcf7-list-item-label\">si<\/span><\/span><span class=\"wpcf7-list-item last\"><input type=\"radio\" name=\"news\" value=\"no\" checked=\"checked\" \/><span class=\"wpcf7-list-item-label\">no<\/span><\/span><\/span><\/span><br \/>\n<label><br \/>\nRimani aggiornato sulle nostre promozioni<br \/>\n<\/label><br \/>\n<span class=\"wpcf7-form-control-wrap\" data-name=\"promozioni\"><span class=\"wpcf7-form-control wpcf7-radio\"><span class=\"wpcf7-list-item first\"><input type=\"radio\" name=\"promozioni\" value=\"si\" \/><span class=\"wpcf7-list-item-label\">si<\/span><\/span><span class=\"wpcf7-list-item last\"><input type=\"radio\" name=\"promozioni\" value=\"no\" checked=\"checked\" \/><span class=\"wpcf7-list-item-label\">no<\/span><\/span><\/span><\/span>\n<\/p>\n<p><input class=\"wpcf7-form-control wpcf7-submit has-spinner\" type=\"submit\" value=\"Invia\" \/>\n<\/p><div class=\"wpcf7-response-output\" aria-hidden=\"true\"><\/div>\n<\/form>\n<\/div>\n[vc_column_text css_animation=&#8221;zoom-in&#8221;]<\/p>\n<h4 style=\"text-align: center;\">Pour information et inscription digituslab@pedagogia.it<\/h4>\n<p>[\/vc_column_text][\/vc_column][\/vc_row]<\/p>\n<\/div>","protected":false},"excerpt":{"rendered":"<p>[vc_row][vc_column width=&#8221;2\/3&#8243;][vc_column_text]Centre d&#8217;\u00e9t\u00e9 2018 &#8211; DIGITUS CAMP 2.0 Nouvelles exp\u00e9riences de codage et de robotique Avez-vous d\u00e9j\u00e0 particip\u00e9 \u00e0 nos [&hellip;]<\/p>\n","protected":false},"author":70,"featured_media":1540,"parent":0,"menu_order":0,"comment_status":"closed","ping_status":"closed","template":"","meta":{"footnotes":""},"class_list":["post-212","page","type-page","status-publish","has-post-thumbnail","hentry"],"yoast_head":"<!-- This site is optimized with the Yoast SEO plugin v27.2 - https:\/\/yoast.com\/product\/yoast-seo-wordpress\/ -->\n<title>DIGITUS CAMP 2.0 - Nouvelles exp\u00e9riences de codage et de robotique - FR-Stripes Digitus Lab<\/title>\n<meta name=\"description\" content=\"Centro estivo 2018 a Milano - Campus per diventare esperti di coding e robotica per bambini della scuola primaria e ragazzi della scuola secondaria\" \/>\n<meta name=\"robots\" content=\"index, follow, max-snippet:-1, max-image-preview:large, max-video-preview:-1\" \/>\n<link rel=\"canonical\" href=\"https:\/\/www.pedagogia.it\/digituslab-fr\/digitus-camp-2-0-nouvelles-experiences-de-codage-et-de-robotique\/\" \/>\n<meta property=\"og:locale\" content=\"it_IT\" \/>\n<meta property=\"og:type\" content=\"article\" \/>\n<meta property=\"og:title\" content=\"DIGITUS CAMP 2.0 - Nouvelles exp\u00e9riences de codage et de robotique - FR-Stripes Digitus Lab\" \/>\n<meta property=\"og:description\" content=\"Centro estivo 2018 a Milano - Campus per diventare esperti di coding e robotica per bambini della scuola primaria e ragazzi della scuola secondaria\" \/>\n<meta property=\"og:url\" content=\"https:\/\/www.pedagogia.it\/digituslab-fr\/digitus-camp-2-0-nouvelles-experiences-de-codage-et-de-robotique\/\" \/>\n<meta property=\"og:site_name\" content=\"FR-Stripes Digitus Lab\" \/>\n<meta property=\"article:modified_time\" content=\"2019-03-04T14:01:46+00:00\" \/>\n<meta property=\"og:image\" content=\"https:\/\/www.pedagogia.it\/digituslab-fr\/wp-content\/uploads\/sites\/9\/2018\/07\/201804ragazzapc.jpg\" \/>\n\t<meta property=\"og:image:width\" content=\"1975\" \/>\n\t<meta property=\"og:image:height\" content=\"880\" \/>\n\t<meta property=\"og:image:type\" content=\"image\/jpeg\" \/>\n<meta name=\"twitter:card\" content=\"summary_large_image\" \/>\n<meta name=\"twitter:label1\" content=\"Tempo di lettura stimato\" \/>\n\t<meta name=\"twitter:data1\" content=\"3 minuti\" \/>\n<script type=\"application\/ld+json\" class=\"yoast-schema-graph\">{\"@context\":\"https:\/\/schema.org\",\"@graph\":[{\"@type\":\"WebPage\",\"@id\":\"https:\/\/www.pedagogia.it\/digituslab-fr\/digitus-camp-2-0-nouvelles-experiences-de-codage-et-de-robotique\/\",\"url\":\"https:\/\/www.pedagogia.it\/digituslab-fr\/digitus-camp-2-0-nouvelles-experiences-de-codage-et-de-robotique\/\",\"name\":\"DIGITUS CAMP 2.0 - Nouvelles exp\u00e9riences de codage et de robotique - FR-Stripes Digitus Lab\",\"isPartOf\":{\"@id\":\"https:\/\/www.pedagogia.it\/digituslab-fr\/#website\"},\"primaryImageOfPage\":{\"@id\":\"https:\/\/www.pedagogia.it\/digituslab-fr\/digitus-camp-2-0-nouvelles-experiences-de-codage-et-de-robotique\/#primaryimage\"},\"image\":{\"@id\":\"https:\/\/www.pedagogia.it\/digituslab-fr\/digitus-camp-2-0-nouvelles-experiences-de-codage-et-de-robotique\/#primaryimage\"},\"thumbnailUrl\":\"https:\/\/www.pedagogia.it\/digituslab-fr\/wp-content\/uploads\/sites\/9\/2018\/07\/201804ragazzapc.jpg\",\"datePublished\":\"2018-04-04T09:41:40+00:00\",\"dateModified\":\"2019-03-04T14:01:46+00:00\",\"description\":\"Centro estivo 2018 a Milano - Campus per diventare esperti di coding e robotica per bambini della scuola primaria e ragazzi della scuola secondaria\",\"breadcrumb\":{\"@id\":\"https:\/\/www.pedagogia.it\/digituslab-fr\/digitus-camp-2-0-nouvelles-experiences-de-codage-et-de-robotique\/#breadcrumb\"},\"inLanguage\":\"it-IT\",\"potentialAction\":[{\"@type\":\"ReadAction\",\"target\":[\"https:\/\/www.pedagogia.it\/digituslab-fr\/digitus-camp-2-0-nouvelles-experiences-de-codage-et-de-robotique\/\"]}]},{\"@type\":\"ImageObject\",\"inLanguage\":\"it-IT\",\"@id\":\"https:\/\/www.pedagogia.it\/digituslab-fr\/digitus-camp-2-0-nouvelles-experiences-de-codage-et-de-robotique\/#primaryimage\",\"url\":\"https:\/\/www.pedagogia.it\/digituslab-fr\/wp-content\/uploads\/sites\/9\/2018\/07\/201804ragazzapc.jpg\",\"contentUrl\":\"https:\/\/www.pedagogia.it\/digituslab-fr\/wp-content\/uploads\/sites\/9\/2018\/07\/201804ragazzapc.jpg\",\"width\":1975,\"height\":880},{\"@type\":\"BreadcrumbList\",\"@id\":\"https:\/\/www.pedagogia.it\/digituslab-fr\/digitus-camp-2-0-nouvelles-experiences-de-codage-et-de-robotique\/#breadcrumb\",\"itemListElement\":[{\"@type\":\"ListItem\",\"position\":1,\"name\":\"Home\",\"item\":\"https:\/\/www.pedagogia.it\/digituslab-fr\/\"},{\"@type\":\"ListItem\",\"position\":2,\"name\":\"DIGITUS CAMP 2.0 &#8211; Nouvelles exp\u00e9riences de codage et de robotique\"}]},{\"@type\":\"WebSite\",\"@id\":\"https:\/\/www.pedagogia.it\/digituslab-fr\/#website\",\"url\":\"https:\/\/www.pedagogia.it\/digituslab-fr\/\",\"name\":\"FR-Stripes Digitus Lab\",\"description\":\"Centre international de la recherche et de l&#039;innovation sur la robotique \u00e9ducative et technologies num\u00e9riques\",\"potentialAction\":[{\"@type\":\"SearchAction\",\"target\":{\"@type\":\"EntryPoint\",\"urlTemplate\":\"https:\/\/www.pedagogia.it\/digituslab-fr\/?s={search_term_string}\"},\"query-input\":{\"@type\":\"PropertyValueSpecification\",\"valueRequired\":true,\"valueName\":\"search_term_string\"}}],\"inLanguage\":\"it-IT\"}]}<\/script>\n<!-- \/ Yoast SEO plugin. -->","yoast_head_json":{"title":"DIGITUS CAMP 2.0 - Nouvelles exp\u00e9riences de codage et de robotique - FR-Stripes Digitus Lab","description":"Centro estivo 2018 a Milano - Campus per diventare esperti di coding e robotica per bambini della scuola primaria e ragazzi della scuola secondaria","robots":{"index":"index","follow":"follow","max-snippet":"max-snippet:-1","max-image-preview":"max-image-preview:large","max-video-preview":"max-video-preview:-1"},"canonical":"https:\/\/www.pedagogia.it\/digituslab-fr\/digitus-camp-2-0-nouvelles-experiences-de-codage-et-de-robotique\/","og_locale":"it_IT","og_type":"article","og_title":"DIGITUS CAMP 2.0 - Nouvelles exp\u00e9riences de codage et de robotique - FR-Stripes Digitus Lab","og_description":"Centro estivo 2018 a Milano - Campus per diventare esperti di coding e robotica per bambini della scuola primaria e ragazzi della scuola secondaria","og_url":"https:\/\/www.pedagogia.it\/digituslab-fr\/digitus-camp-2-0-nouvelles-experiences-de-codage-et-de-robotique\/","og_site_name":"FR-Stripes Digitus Lab","article_modified_time":"2019-03-04T14:01:46+00:00","og_image":[{"width":1975,"height":880,"url":"https:\/\/www.pedagogia.it\/digituslab-fr\/wp-content\/uploads\/sites\/9\/2018\/07\/201804ragazzapc.jpg","type":"image\/jpeg"}],"twitter_card":"summary_large_image","twitter_misc":{"Tempo di lettura stimato":"3 minuti"},"schema":{"@context":"https:\/\/schema.org","@graph":[{"@type":"WebPage","@id":"https:\/\/www.pedagogia.it\/digituslab-fr\/digitus-camp-2-0-nouvelles-experiences-de-codage-et-de-robotique\/","url":"https:\/\/www.pedagogia.it\/digituslab-fr\/digitus-camp-2-0-nouvelles-experiences-de-codage-et-de-robotique\/","name":"DIGITUS CAMP 2.0 - Nouvelles exp\u00e9riences de codage et de robotique - FR-Stripes Digitus Lab","isPartOf":{"@id":"https:\/\/www.pedagogia.it\/digituslab-fr\/#website"},"primaryImageOfPage":{"@id":"https:\/\/www.pedagogia.it\/digituslab-fr\/digitus-camp-2-0-nouvelles-experiences-de-codage-et-de-robotique\/#primaryimage"},"image":{"@id":"https:\/\/www.pedagogia.it\/digituslab-fr\/digitus-camp-2-0-nouvelles-experiences-de-codage-et-de-robotique\/#primaryimage"},"thumbnailUrl":"https:\/\/www.pedagogia.it\/digituslab-fr\/wp-content\/uploads\/sites\/9\/2018\/07\/201804ragazzapc.jpg","datePublished":"2018-04-04T09:41:40+00:00","dateModified":"2019-03-04T14:01:46+00:00","description":"Centro estivo 2018 a Milano - Campus per diventare esperti di coding e robotica per bambini della scuola primaria e ragazzi della scuola secondaria","breadcrumb":{"@id":"https:\/\/www.pedagogia.it\/digituslab-fr\/digitus-camp-2-0-nouvelles-experiences-de-codage-et-de-robotique\/#breadcrumb"},"inLanguage":"it-IT","potentialAction":[{"@type":"ReadAction","target":["https:\/\/www.pedagogia.it\/digituslab-fr\/digitus-camp-2-0-nouvelles-experiences-de-codage-et-de-robotique\/"]}]},{"@type":"ImageObject","inLanguage":"it-IT","@id":"https:\/\/www.pedagogia.it\/digituslab-fr\/digitus-camp-2-0-nouvelles-experiences-de-codage-et-de-robotique\/#primaryimage","url":"https:\/\/www.pedagogia.it\/digituslab-fr\/wp-content\/uploads\/sites\/9\/2018\/07\/201804ragazzapc.jpg","contentUrl":"https:\/\/www.pedagogia.it\/digituslab-fr\/wp-content\/uploads\/sites\/9\/2018\/07\/201804ragazzapc.jpg","width":1975,"height":880},{"@type":"BreadcrumbList","@id":"https:\/\/www.pedagogia.it\/digituslab-fr\/digitus-camp-2-0-nouvelles-experiences-de-codage-et-de-robotique\/#breadcrumb","itemListElement":[{"@type":"ListItem","position":1,"name":"Home","item":"https:\/\/www.pedagogia.it\/digituslab-fr\/"},{"@type":"ListItem","position":2,"name":"DIGITUS CAMP 2.0 &#8211; Nouvelles exp\u00e9riences de codage et de robotique"}]},{"@type":"WebSite","@id":"https:\/\/www.pedagogia.it\/digituslab-fr\/#website","url":"https:\/\/www.pedagogia.it\/digituslab-fr\/","name":"FR-Stripes Digitus Lab","description":"Centre international de la recherche et de l&#039;innovation sur la robotique \u00e9ducative et technologies num\u00e9riques","potentialAction":[{"@type":"SearchAction","target":{"@type":"EntryPoint","urlTemplate":"https:\/\/www.pedagogia.it\/digituslab-fr\/?s={search_term_string}"},"query-input":{"@type":"PropertyValueSpecification","valueRequired":true,"valueName":"search_term_string"}}],"inLanguage":"it-IT"}]}},"_links":{"self":[{"href":"https:\/\/www.pedagogia.it\/digituslab-fr\/wp-json\/wp\/v2\/pages\/212","targetHints":{"allow":["GET"]}}],"collection":[{"href":"https:\/\/www.pedagogia.it\/digituslab-fr\/wp-json\/wp\/v2\/pages"}],"about":[{"href":"https:\/\/www.pedagogia.it\/digituslab-fr\/wp-json\/wp\/v2\/types\/page"}],"author":[{"embeddable":true,"href":"https:\/\/www.pedagogia.it\/digituslab-fr\/wp-json\/wp\/v2\/users\/70"}],"replies":[{"embeddable":true,"href":"https:\/\/www.pedagogia.it\/digituslab-fr\/wp-json\/wp\/v2\/comments?post=212"}],"version-history":[{"count":0,"href":"https:\/\/www.pedagogia.it\/digituslab-fr\/wp-json\/wp\/v2\/pages\/212\/revisions"}],"wp:featuredmedia":[{"embeddable":true,"href":"https:\/\/www.pedagogia.it\/digituslab-fr\/wp-json\/wp\/v2\/media\/1540"}],"wp:attachment":[{"href":"https:\/\/www.pedagogia.it\/digituslab-fr\/wp-json\/wp\/v2\/media?parent=212"}],"curies":[{"name":"wp","href":"https:\/\/api.w.org\/{rel}","templated":true}]}}