{"id":41,"date":"2018-03-14T17:04:53","date_gmt":"2018-03-14T16:04:53","guid":{"rendered":"http:\/\/digituslab.pedagogia.it\/?page_id=41"},"modified":"2019-04-01T14:11:46","modified_gmt":"2019-04-01T12:11:46","slug":"centro-internazionale-la-robotica-educativa","status":"publish","type":"page","link":"https:\/\/www.pedagogia.it\/digituslab-fr\/","title":{"rendered":"Centro internazionale per la robotica educativa"},"content":{"rendered":"<div class=\"wpb-content-wrapper\"><p>[vc_row unlock_row_content=&#8221;yes&#8221; row_height_percent=&#8221;50&#8243; back_color=&#8221;color-gyho&#8221; overlay_alpha=&#8221;50&#8243; gutter_size=&#8221;3&#8243; column_width_percent=&#8221;100&#8243; shift_y=&#8221;0&#8243; z_index=&#8221;0&#8243;][vc_column column_width_percent=&#8221;100&#8243; overlay_alpha=&#8221;50&#8243; gutter_size=&#8221;3&#8243; medium_width=&#8221;0&#8243; shift_x=&#8221;0&#8243; shift_y=&#8221;0&#8243; z_index=&#8221;0&#8243; width=&#8221;2\/3&#8243;][vc_single_image media=&#8221;1547&#8243; media_width_percent=&#8221;100&#8243; media_ratio=&#8221;sixteen-nine&#8221;][\/vc_column][vc_column column_width_percent=&#8221;100&#8243; position_vertical=&#8221;middle&#8221; overlay_alpha=&#8221;50&#8243; gutter_size=&#8221;3&#8243; medium_width=&#8221;0&#8243; shift_x=&#8221;0&#8243; shift_y=&#8221;0&#8243; z_index=&#8221;0&#8243; width=&#8221;1\/3&#8243;][vc_custom_heading heading_semantic=&#8221;h1&#8243; text_size=&#8221;h1&#8243;]Centre international<br \/>\nde la recherche<br \/>\net de l&#8217;innovation<br \/>\nsur la robotique \u00e9ducative<br \/>\net sur les technologies num\u00e9riques[\/vc_custom_heading][\/vc_column][\/vc_row][vc_row row_height_percent=&#8221;0&#8243; overlay_alpha=&#8221;50&#8243; equal_height=&#8221;yes&#8221; gutter_size=&#8221;3&#8243; shift_y=&#8221;0&#8243;][vc_column column_width_percent=&#8221;100&#8243; overlay_alpha=&#8221;50&#8243; gutter_size=&#8221;3&#8243; medium_width=&#8221;0&#8243; shift_x=&#8221;0&#8243; shift_y=&#8221;0&#8243; z_index=&#8221;0&#8243; width=&#8221;1\/2&#8243;][vc_column_text css_animation=&#8221;bottom-t-top&#8221;]<\/p>\n<p style=\"text-align: left;\"><span style=\"font-size: 14pt;\">Un lieu o\u00f9 la technologie et la p\u00e9dagogie se r\u00e9unissent pour cr\u00e9er des chemins, des ateliers et des campus pour les enfants et leurs familles et o\u00f9 les experts et professionnels du num\u00e9rique et de la psychop\u00e9dagogie se rencontrent, se comparent et travaillent ensemble pour d\u00e9velopper de nouvelles id\u00e9es, approches et instruments.<\/span><\/p>\n<p>[\/vc_column_text][\/vc_column][vc_column width=&#8221;1\/2&#8243;][vc_column_text css_animation=&#8221;bottom-t-top&#8221; animation_delay=&#8221;1000&#8243;]<span style=\"font-size: 14pt;\"><strong>Les activit\u00e9s visent \u00e0:<\/strong><\/span><\/p>\n<ul>\n<li><span style=\"font-size: 14pt;\">petite enfance (0\/6 ans)<\/span><\/li>\n<li><span style=\"font-size: 14pt;\">les enfants d&#8217;\u00e2ge scolaire (6-10 ans)<\/span><\/li>\n<li><span style=\"font-size: 14pt;\">pr\u00e9adolescents (11-14 ans)<\/span><\/li>\n<\/ul>\n<p><span style=\"font-size: 14pt;\"><strong>Avec l&#8217;implication de<\/strong>:<\/span><\/p>\n<ul>\n<li><span style=\"font-size: 14pt;\">\u00e9l\u00e8ves du secondaire<\/span><\/li>\n<li><span style=\"font-size: 14pt;\">enseignants<\/span><\/li>\n<li><span style=\"font-size: 14pt;\">professionnalisme du secteur de l&#8217;\u00e9ducation<\/span><\/li>\n<li><span style=\"font-size: 14pt;\">parents<\/span><\/li>\n<\/ul>\n<p>[\/vc_column_text][\/vc_column][\/vc_row][vc_row][vc_column column_width_percent=&#8221;100&#8243; align_horizontal=&#8221;align_center&#8221; overlay_alpha=&#8221;50&#8243; gutter_size=&#8221;3&#8243; medium_width=&#8221;0&#8243; mobile_width=&#8221;0&#8243; shift_x=&#8221;0&#8243; shift_y=&#8221;0&#8243; shift_y_down=&#8221;0&#8243; z_index=&#8221;0&#8243; width=&#8221;1\/1&#8243;][vc_separator sep_color=&#8221;color-wvjs&#8221;][vc_custom_heading]Voulez-vous en savoir plus[\/vc_custom_heading][\/vc_column][\/vc_row][vc_row][vc_column width=&#8221;1\/4&#8243;][vc_single_image media=&#8221;902&#8243; media_width_percent=&#8221;100&#8243; css_animation=&#8221;zoom-in&#8221; media_link=&#8221;url:https%3A%2F%2Fwww.pedagogia.it%2Fdigituslab%2Fscuole%2F|||&#8221;][vc_button button_color=&#8221;color-zsdf&#8221; wide=&#8221;yes&#8221; border_width=&#8221;0&#8243; css_animation=&#8221;zoom-in&#8221; animation_delay=&#8221;200&#8243; link=&#8221;url:https%3A%2F%2Fwww.pedagogia.it%2Fdigituslab%2Fscuole%2F|||&#8221;]Scuole [\/vc_button][\/vc_column][vc_column width=&#8221;1\/4&#8243;][vc_single_image media=&#8221;903&#8243; media_width_percent=&#8221;100&#8243; css_animation=&#8221;zoom-in&#8221; animation_delay=&#8221;100&#8243; media_link=&#8221;url:https%3A%2F%2Fwww.pedagogia.it%2Fdigituslab%2F2018%2F03%2F06%2Fdigitus_camp_2018%2F|||&#8221;][vc_button button_color=&#8221;color-vyce&#8221; wide=&#8221;yes&#8221; border_width=&#8221;0&#8243; css_animation=&#8221;zoom-in&#8221; animation_delay=&#8221;300&#8243; link=&#8221;url:https%3A%2F%2Fwww.pedagogia.it%2Fdigituslab%2F2018%2F03%2F06%2Fdigitus_camp_2018%2F|||&#8221;]CENTRI ESTIVI[\/vc_button][\/vc_column][vc_column width=&#8221;1\/4&#8243;][vc_single_image media=&#8221;904&#8243; media_width_percent=&#8221;100&#8243; css_animation=&#8221;zoom-in&#8221; animation_delay=&#8221;100&#8243; media_link=&#8221;url:https%3A%2F%2Fwww.pedagogia.it%2Fdigituslab%2Fgite-centri-estivi%2F|||&#8221;][vc_button button_color=&#8221;color-iopl&#8221; wide=&#8221;yes&#8221; border_width=&#8221;0&#8243; css_animation=&#8221;zoom-in&#8221; animation_delay=&#8221;300&#8243; link=&#8221;url:https%3A%2F%2Fwww.pedagogia.it%2Fdigituslab%2Fgite-centri-estivi%2F||&#8221;]GRUPPI[\/vc_button][\/vc_column][vc_column width=&#8221;1\/4&#8243;][vc_single_image media=&#8221;905&#8243; media_width_percent=&#8221;100&#8243; css_animation=&#8221;zoom-in&#8221; animation_delay=&#8221;100&#8243; media_link=&#8221;url:https%3A%2F%2Fwww.pedagogia.it%2Fdigituslab%2Feventi%2F|||&#8221;][vc_button button_color=&#8221;color-dfgh&#8221; wide=&#8221;yes&#8221; border_width=&#8221;0&#8243; css_animation=&#8221;zoom-in&#8221; animation_delay=&#8221;400&#8243; link=&#8221;url:https%3A%2F%2Fwww.pedagogia.it%2Fdigituslab%2Feventi%2F|||&#8221;]FAMIGLIE[\/vc_button][\/vc_column][\/vc_row][vc_row row_height_percent=&#8221;0&#8243; overlay_alpha=&#8221;50&#8243; equal_height=&#8221;yes&#8221; gutter_size=&#8221;3&#8243; column_width_percent=&#8221;100&#8243; shift_y=&#8221;0&#8243; z_index=&#8221;0&#8243;][vc_column column_width_percent=&#8221;100&#8243; back_color=&#8221;color-uydo&#8221; overlay_alpha=&#8221;50&#8243; gutter_size=&#8221;3&#8243; medium_width=&#8221;0&#8243; mobile_width=&#8221;0&#8243; shift_x=&#8221;0&#8243; shift_y=&#8221;0&#8243; shift_y_down=&#8221;0&#8243; z_index=&#8221;0&#8243; width=&#8221;1\/2&#8243;][vc_custom_heading]<\/p>\n<h3>Nouvelles et \u00e9v\u00e9nements<\/h3>\n<p>[\/vc_custom_heading][uncode_index el_id=&#8221;index-131619&#8243; loop=&#8221;size:3|order_by:date|post_type:post|categories:13&#8243; gutter_size=&#8221;3&#8243; post_items=&#8221;title,media|featured|onpost|original,text|full|100&#8243; screen_lg=&#8221;1000&#8243; screen_md=&#8221;600&#8243; screen_sm=&#8221;480&#8243; single_width=&#8221;2&#8243; single_overlay_opacity=&#8221;50&#8243; single_padding=&#8221;2&#8243; single_title_dimension=&#8221;h5&#8243;][\/vc_column][vc_column column_width_percent=&#8221;100&#8243; back_color=&#8221;color-gyho&#8221; overlay_alpha=&#8221;50&#8243; gutter_size=&#8221;3&#8243; medium_width=&#8221;0&#8243; mobile_width=&#8221;0&#8243; shift_x=&#8221;0&#8243; shift_y=&#8221;0&#8243; shift_y_down=&#8221;0&#8243; z_index=&#8221;0&#8243; width=&#8221;1\/2&#8243;][vc_single_image media=&#8221;1132&#8243; caption=&#8221;yes&#8221; media_width_percent=&#8221;100&#8243; title=&#8221;President Obama promotes computer science&#8221;][\/vc_column][\/vc_row][vc_row row_height_percent=&#8221;0&#8243; back_color=&#8221;color-xsdn&#8221; overlay_alpha=&#8221;50&#8243; gutter_size=&#8221;3&#8243; shift_y=&#8221;0&#8243;][vc_column width=&#8221;1\/1&#8243;][vc_custom_heading]<\/p>\n<h3>Nos partenaires<\/h3>\n<p>[\/vc_custom_heading][\/vc_column][\/vc_row][vc_row][vc_column width=&#8221;1\/1&#8243;][uncode_index el_id=&#8221;index-136083&#8243; isotope_mode=&#8221;cellsByRow&#8221; loop=&#8221;size:10|post_type:post|categories:15&#8243; gutter_size=&#8221;3&#8243; post_items=&#8221;media|media|onpost|poster,text|full&#8221; screen_lg=&#8221;1000&#8243; screen_md=&#8221;600&#8243; screen_sm=&#8221;480&#8243; single_text=&#8221;overlay&#8221; single_width=&#8221;3&#8243; images_size=&#8221;one-one&#8221; single_back_color=&#8221;color-xsdn&#8221; single_overlay_opacity=&#8221;50&#8243; single_padding=&#8221;1&#8243; custom_order=&#8221;yes&#8221; items=&#8221;e30=&#8221; order_ids=&#8221;1085,479,386,1117,1115,429,248&#8243;][\/vc_column][\/vc_row]<\/p>\n<\/div>","protected":false},"excerpt":{"rendered":"<p>[vc_row unlock_row_content=&#8221;yes&#8221; row_height_percent=&#8221;50&#8243; back_color=&#8221;color-gyho&#8221; overlay_alpha=&#8221;50&#8243; gutter_size=&#8221;3&#8243; column_width_percent=&#8221;100&#8243; shift_y=&#8221;0&#8243; z_index=&#8221;0&#8243;][vc_column column_width_percent=&#8221;100&#8243; overlay_alpha=&#8221;50&#8243; gutter_size=&#8221;3&#8243; medium_width=&#8221;0&#8243; shift_x=&#8221;0&#8243; shift_y=&#8221;0&#8243; z_index=&#8221;0&#8243; width=&#8221;2\/3&#8243;][vc_single_image media=&#8221;1547&#8243; media_width_percent=&#8221;100&#8243; media_ratio=&#8221;sixteen-nine&#8221;][\/vc_column][vc_column [&hellip;]<\/p>\n","protected":false},"author":70,"featured_media":0,"parent":0,"menu_order":0,"comment_status":"closed","ping_status":"closed","template":"","meta":{"footnotes":""},"class_list":["post-41","page","type-page","status-publish","hentry"],"yoast_head":"<!-- This site is optimized with the Yoast SEO plugin v27.2 - https:\/\/yoast.com\/product\/yoast-seo-wordpress\/ -->\n<title>Centro internazionale per la robotica educativa - FR-Stripes Digitus Lab<\/title>\n<meta name=\"description\" content=\"Centro internazionale di ricerca e innovazione sulla robotica e le tecnologie digitali. Tecnologia e pedagogia danno vita a laboratori e campus per bambini.\" \/>\n<meta name=\"robots\" content=\"index, follow, max-snippet:-1, max-image-preview:large, max-video-preview:-1\" \/>\n<link rel=\"canonical\" href=\"https:\/\/www.pedagogia.it\/digituslab-fr\/\" \/>\n<meta property=\"og:locale\" content=\"it_IT\" \/>\n<meta property=\"og:type\" content=\"article\" \/>\n<meta property=\"og:title\" content=\"Centro internazionale per la robotica educativa - FR-Stripes Digitus Lab\" \/>\n<meta property=\"og:description\" content=\"Centro internazionale di ricerca e innovazione sulla robotica e le tecnologie digitali. Tecnologia e pedagogia danno vita a laboratori e campus per bambini.\" \/>\n<meta property=\"og:url\" content=\"https:\/\/www.pedagogia.it\/digituslab-fr\/\" \/>\n<meta property=\"og:site_name\" content=\"FR-Stripes Digitus Lab\" \/>\n<meta property=\"article:modified_time\" content=\"2019-04-01T12:11:46+00:00\" \/>\n<meta name=\"twitter:card\" content=\"summary_large_image\" \/>\n<meta name=\"twitter:label1\" content=\"Tempo di lettura stimato\" \/>\n\t<meta name=\"twitter:data1\" content=\"4 minuti\" \/>\n<script type=\"application\/ld+json\" class=\"yoast-schema-graph\">{\"@context\":\"https:\/\/schema.org\",\"@graph\":[{\"@type\":\"WebPage\",\"@id\":\"https:\/\/www.pedagogia.it\/digituslab-fr\/\",\"url\":\"https:\/\/www.pedagogia.it\/digituslab-fr\/\",\"name\":\"Centro internazionale per la robotica educativa - FR-Stripes Digitus Lab\",\"isPartOf\":{\"@id\":\"https:\/\/www.pedagogia.it\/digituslab-fr\/#website\"},\"datePublished\":\"2018-03-14T16:04:53+00:00\",\"dateModified\":\"2019-04-01T12:11:46+00:00\",\"description\":\"Centro internazionale di ricerca e innovazione sulla robotica e le tecnologie digitali. Tecnologia e pedagogia danno vita a laboratori e campus per bambini.\",\"breadcrumb\":{\"@id\":\"https:\/\/www.pedagogia.it\/digituslab-fr\/#breadcrumb\"},\"inLanguage\":\"it-IT\",\"potentialAction\":[{\"@type\":\"ReadAction\",\"target\":[\"https:\/\/www.pedagogia.it\/digituslab-fr\/\"]}]},{\"@type\":\"BreadcrumbList\",\"@id\":\"https:\/\/www.pedagogia.it\/digituslab-fr\/#breadcrumb\",\"itemListElement\":[{\"@type\":\"ListItem\",\"position\":1,\"name\":\"Home\",\"item\":\"https:\/\/www.pedagogia.it\/digituslab-fr\/\"},{\"@type\":\"ListItem\",\"position\":2,\"name\":\"Centro internazionale per la robotica educativa\"}]},{\"@type\":\"WebSite\",\"@id\":\"https:\/\/www.pedagogia.it\/digituslab-fr\/#website\",\"url\":\"https:\/\/www.pedagogia.it\/digituslab-fr\/\",\"name\":\"FR-Stripes Digitus Lab\",\"description\":\"Centre international de la recherche et de l&#039;innovation sur la robotique \u00e9ducative et technologies num\u00e9riques\",\"potentialAction\":[{\"@type\":\"SearchAction\",\"target\":{\"@type\":\"EntryPoint\",\"urlTemplate\":\"https:\/\/www.pedagogia.it\/digituslab-fr\/?s={search_term_string}\"},\"query-input\":{\"@type\":\"PropertyValueSpecification\",\"valueRequired\":true,\"valueName\":\"search_term_string\"}}],\"inLanguage\":\"it-IT\"}]}<\/script>\n<!-- \/ Yoast SEO plugin. -->","yoast_head_json":{"title":"Centro internazionale per la robotica educativa - FR-Stripes Digitus Lab","description":"Centro internazionale di ricerca e innovazione sulla robotica e le tecnologie digitali. Tecnologia e pedagogia danno vita a laboratori e campus per bambini.","robots":{"index":"index","follow":"follow","max-snippet":"max-snippet:-1","max-image-preview":"max-image-preview:large","max-video-preview":"max-video-preview:-1"},"canonical":"https:\/\/www.pedagogia.it\/digituslab-fr\/","og_locale":"it_IT","og_type":"article","og_title":"Centro internazionale per la robotica educativa - FR-Stripes Digitus Lab","og_description":"Centro internazionale di ricerca e innovazione sulla robotica e le tecnologie digitali. Tecnologia e pedagogia danno vita a laboratori e campus per bambini.","og_url":"https:\/\/www.pedagogia.it\/digituslab-fr\/","og_site_name":"FR-Stripes Digitus Lab","article_modified_time":"2019-04-01T12:11:46+00:00","twitter_card":"summary_large_image","twitter_misc":{"Tempo di lettura stimato":"4 minuti"},"schema":{"@context":"https:\/\/schema.org","@graph":[{"@type":"WebPage","@id":"https:\/\/www.pedagogia.it\/digituslab-fr\/","url":"https:\/\/www.pedagogia.it\/digituslab-fr\/","name":"Centro internazionale per la robotica educativa - FR-Stripes Digitus Lab","isPartOf":{"@id":"https:\/\/www.pedagogia.it\/digituslab-fr\/#website"},"datePublished":"2018-03-14T16:04:53+00:00","dateModified":"2019-04-01T12:11:46+00:00","description":"Centro internazionale di ricerca e innovazione sulla robotica e le tecnologie digitali. Tecnologia e pedagogia danno vita a laboratori e campus per bambini.","breadcrumb":{"@id":"https:\/\/www.pedagogia.it\/digituslab-fr\/#breadcrumb"},"inLanguage":"it-IT","potentialAction":[{"@type":"ReadAction","target":["https:\/\/www.pedagogia.it\/digituslab-fr\/"]}]},{"@type":"BreadcrumbList","@id":"https:\/\/www.pedagogia.it\/digituslab-fr\/#breadcrumb","itemListElement":[{"@type":"ListItem","position":1,"name":"Home","item":"https:\/\/www.pedagogia.it\/digituslab-fr\/"},{"@type":"ListItem","position":2,"name":"Centro internazionale per la robotica educativa"}]},{"@type":"WebSite","@id":"https:\/\/www.pedagogia.it\/digituslab-fr\/#website","url":"https:\/\/www.pedagogia.it\/digituslab-fr\/","name":"FR-Stripes Digitus Lab","description":"Centre international de la recherche et de l&#039;innovation sur la robotique \u00e9ducative et technologies num\u00e9riques","potentialAction":[{"@type":"SearchAction","target":{"@type":"EntryPoint","urlTemplate":"https:\/\/www.pedagogia.it\/digituslab-fr\/?s={search_term_string}"},"query-input":{"@type":"PropertyValueSpecification","valueRequired":true,"valueName":"search_term_string"}}],"inLanguage":"it-IT"}]}},"_links":{"self":[{"href":"https:\/\/www.pedagogia.it\/digituslab-fr\/wp-json\/wp\/v2\/pages\/41","targetHints":{"allow":["GET"]}}],"collection":[{"href":"https:\/\/www.pedagogia.it\/digituslab-fr\/wp-json\/wp\/v2\/pages"}],"about":[{"href":"https:\/\/www.pedagogia.it\/digituslab-fr\/wp-json\/wp\/v2\/types\/page"}],"author":[{"embeddable":true,"href":"https:\/\/www.pedagogia.it\/digituslab-fr\/wp-json\/wp\/v2\/users\/70"}],"replies":[{"embeddable":true,"href":"https:\/\/www.pedagogia.it\/digituslab-fr\/wp-json\/wp\/v2\/comments?post=41"}],"version-history":[{"count":0,"href":"https:\/\/www.pedagogia.it\/digituslab-fr\/wp-json\/wp\/v2\/pages\/41\/revisions"}],"wp:attachment":[{"href":"https:\/\/www.pedagogia.it\/digituslab-fr\/wp-json\/wp\/v2\/media?parent=41"}],"curies":[{"name":"wp","href":"https:\/\/api.w.org\/{rel}","templated":true}]}}