{"id":76132,"date":"2021-11-22T11:25:02","date_gmt":"2021-11-22T10:25:02","guid":{"rendered":"https:\/\/www.pedagogia.it\/digituslab\/?post_type=product&#038;p=76132"},"modified":"2021-11-22T12:08:56","modified_gmt":"2021-11-22T11:08:56","slug":"aspettando-babbo-natale","status":"publish","type":"product","link":"https:\/\/www.pedagogia.it\/digituslab\/prodotto\/aspettando-babbo-natale\/","title":{"rendered":"Aspettando Babbo Natale"},"content":{"rendered":"","protected":false},"excerpt":{"rendered":"<h4><strong>GIOVEDI 23 DICEMBRE 2021 DALLE 8:30 alle 16:30<\/strong><\/h4>\n<p>Lo\u00a0<strong>Stripes Digitus Lab,\u00a0<\/strong>Centro internazionale di ricerca e innovazione sulla robotica educativa e tecnologie digital, ti aspetta per<\/p>\n<h4><b>VIVERE INSIEME UNA MERAVIGLIOSA GIORNATA DI CODING E ROBOTICA EDUCATIVA\u2026 ASPETTANDO BABBO NATALE!!!<\/b><\/h4>\n<p>Sei pronto per passare con noi una giornata di\u00a0<strong>Laboratori di robotica, coding, divertimento e sfide mozzafiato?\u00a0<\/strong><\/p>\n<p>Insieme, Natale arriver\u00e0 in un attimo!<\/p>\n<p>La giornata \u00e8 dedicata ai bambini di et\u00e0 compresa tra i 5 e i 16 anni, le attivit\u00e0 verranno calibrate a seconda dei bambini coinvolti.<br \/>\nPer i partecipanti \u00e8 obbligatorio green pass sopra i 12 anni.<\/p>\n","protected":false},"featured_media":76116,"comment_status":"open","ping_status":"closed","template":"","meta":[],"product_brand":[],"product_cat":[152],"product_tag":[],"class_list":{"0":"post-76132","1":"product","2":"type-product","3":"status-publish","4":"has-post-thumbnail","6":"product_cat-saturday","8":"first","9":"instock","10":"purchasable","11":"product-type-variable"},"yoast_head":"<!-- This site is optimized with the Yoast SEO plugin v27.2 - https:\/\/yoast.com\/product\/yoast-seo-wordpress\/ -->\n<title>Aspettando Babbo Natale - Stripes Digitus Lab<\/title>\n<meta name=\"description\" content=\"Una giornata di coding e robotica educativa per vivere insieme la magia delle feste aspettando l&#039;arrivo di Babbo Natale\" \/>\n<meta name=\"robots\" content=\"index, follow, max-snippet:-1, max-image-preview:large, max-video-preview:-1\" \/>\n<link rel=\"canonical\" href=\"https:\/\/www.pedagogia.it\/digituslab\/prodotto\/aspettando-babbo-natale\/\" \/>\n<meta property=\"og:locale\" content=\"it_IT\" \/>\n<meta property=\"og:type\" content=\"article\" \/>\n<meta property=\"og:title\" content=\"Aspettando Babbo Natale - Stripes Digitus Lab\" \/>\n<meta property=\"og:description\" content=\"Una giornata di coding e robotica educativa per vivere insieme la magia delle feste aspettando l&#039;arrivo di Babbo Natale\" \/>\n<meta property=\"og:url\" content=\"https:\/\/www.pedagogia.it\/digituslab\/prodotto\/aspettando-babbo-natale\/\" \/>\n<meta property=\"og:site_name\" content=\"Stripes Digitus Lab\" \/>\n<meta property=\"article:modified_time\" content=\"2021-11-22T11:08:56+00:00\" \/>\n<meta property=\"og:image\" content=\"https:\/\/www.pedagogia.it\/digituslab\/wp-content\/uploads\/sites\/6\/2021\/11\/23-dicembre-2021_3.png\" \/>\n\t<meta property=\"og:image:width\" content=\"917\" \/>\n\t<meta property=\"og:image:height\" content=\"916\" \/>\n\t<meta property=\"og:image:type\" content=\"image\/png\" \/>\n<meta name=\"twitter:card\" content=\"summary_large_image\" \/>\n<script type=\"application\/ld+json\" class=\"yoast-schema-graph\">{\"@context\":\"https:\/\/schema.org\",\"@graph\":[{\"@type\":\"WebPage\",\"@id\":\"https:\/\/www.pedagogia.it\/digituslab\/prodotto\/aspettando-babbo-natale\/\",\"url\":\"https:\/\/www.pedagogia.it\/digituslab\/prodotto\/aspettando-babbo-natale\/\",\"name\":\"Aspettando Babbo Natale - Stripes Digitus Lab\",\"isPartOf\":{\"@id\":\"https:\/\/www.pedagogia.it\/digituslab\/#website\"},\"primaryImageOfPage\":{\"@id\":\"https:\/\/www.pedagogia.it\/digituslab\/prodotto\/aspettando-babbo-natale\/#primaryimage\"},\"image\":{\"@id\":\"https:\/\/www.pedagogia.it\/digituslab\/prodotto\/aspettando-babbo-natale\/#primaryimage\"},\"thumbnailUrl\":\"https:\/\/www.pedagogia.it\/digituslab\/wp-content\/uploads\/sites\/6\/2021\/11\/23-dicembre-2021_3.png\",\"datePublished\":\"2021-11-22T10:25:02+00:00\",\"dateModified\":\"2021-11-22T11:08:56+00:00\",\"description\":\"Una giornata di coding e robotica educativa per vivere insieme la magia delle feste aspettando l'arrivo di Babbo Natale\",\"breadcrumb\":{\"@id\":\"https:\/\/www.pedagogia.it\/digituslab\/prodotto\/aspettando-babbo-natale\/#breadcrumb\"},\"inLanguage\":\"it-IT\",\"potentialAction\":[{\"@type\":\"ReadAction\",\"target\":[\"https:\/\/www.pedagogia.it\/digituslab\/prodotto\/aspettando-babbo-natale\/\"]}]},{\"@type\":\"ImageObject\",\"inLanguage\":\"it-IT\",\"@id\":\"https:\/\/www.pedagogia.it\/digituslab\/prodotto\/aspettando-babbo-natale\/#primaryimage\",\"url\":\"https:\/\/www.pedagogia.it\/digituslab\/wp-content\/uploads\/sites\/6\/2021\/11\/23-dicembre-2021_3.png\",\"contentUrl\":\"https:\/\/www.pedagogia.it\/digituslab\/wp-content\/uploads\/sites\/6\/2021\/11\/23-dicembre-2021_3.png\",\"width\":917,\"height\":916},{\"@type\":\"BreadcrumbList\",\"@id\":\"https:\/\/www.pedagogia.it\/digituslab\/prodotto\/aspettando-babbo-natale\/#breadcrumb\",\"itemListElement\":[{\"@type\":\"ListItem\",\"position\":1,\"name\":\"Home\",\"item\":\"https:\/\/www.pedagogia.it\/digituslab\/\"},{\"@type\":\"ListItem\",\"position\":2,\"name\":\"Shop\",\"item\":\"https:\/\/www.pedagogia.it\/digituslab\/negozio\/\"},{\"@type\":\"ListItem\",\"position\":3,\"name\":\"Aspettando Babbo Natale\"}]},{\"@type\":\"WebSite\",\"@id\":\"https:\/\/www.pedagogia.it\/digituslab\/#website\",\"url\":\"https:\/\/www.pedagogia.it\/digituslab\/\",\"name\":\"Stripes Digitus Lab\",\"description\":\"Centro internazionale di ricerca e innovazione sulla robotica educativa e le tecnologie digitali\",\"publisher\":{\"@id\":\"https:\/\/www.pedagogia.it\/digituslab\/#organization\"},\"potentialAction\":[{\"@type\":\"SearchAction\",\"target\":{\"@type\":\"EntryPoint\",\"urlTemplate\":\"https:\/\/www.pedagogia.it\/digituslab\/?s={search_term_string}\"},\"query-input\":{\"@type\":\"PropertyValueSpecification\",\"valueRequired\":true,\"valueName\":\"search_term_string\"}}],\"inLanguage\":\"it-IT\"},{\"@type\":\"Organization\",\"@id\":\"https:\/\/www.pedagogia.it\/digituslab\/#organization\",\"name\":\"Stripe Digitus Lab\",\"url\":\"https:\/\/www.pedagogia.it\/digituslab\/\",\"logo\":{\"@type\":\"ImageObject\",\"inLanguage\":\"it-IT\",\"@id\":\"https:\/\/www.pedagogia.it\/digituslab\/#\/schema\/logo\/image\/\",\"url\":\"https:\/\/www.pedagogia.it\/digituslab\/wp-content\/uploads\/sites\/6\/2018\/03\/digituslab.png\",\"contentUrl\":\"https:\/\/www.pedagogia.it\/digituslab\/wp-content\/uploads\/sites\/6\/2018\/03\/digituslab.png\",\"width\":280,\"height\":80,\"caption\":\"Stripe Digitus Lab\"},\"image\":{\"@id\":\"https:\/\/www.pedagogia.it\/digituslab\/#\/schema\/logo\/image\/\"}}]}<\/script>\n<!-- \/ Yoast SEO plugin. -->","yoast_head_json":{"title":"Aspettando Babbo Natale - Stripes Digitus Lab","description":"Una giornata di coding e robotica educativa per vivere insieme la magia delle feste aspettando l'arrivo di Babbo Natale","robots":{"index":"index","follow":"follow","max-snippet":"max-snippet:-1","max-image-preview":"max-image-preview:large","max-video-preview":"max-video-preview:-1"},"canonical":"https:\/\/www.pedagogia.it\/digituslab\/prodotto\/aspettando-babbo-natale\/","og_locale":"it_IT","og_type":"article","og_title":"Aspettando Babbo Natale - Stripes Digitus Lab","og_description":"Una giornata di coding e robotica educativa per vivere insieme la magia delle feste aspettando l'arrivo di Babbo Natale","og_url":"https:\/\/www.pedagogia.it\/digituslab\/prodotto\/aspettando-babbo-natale\/","og_site_name":"Stripes Digitus Lab","article_modified_time":"2021-11-22T11:08:56+00:00","og_image":[{"width":917,"height":916,"url":"https:\/\/www.pedagogia.it\/digituslab\/wp-content\/uploads\/sites\/6\/2021\/11\/23-dicembre-2021_3.png","type":"image\/png"}],"twitter_card":"summary_large_image","schema":{"@context":"https:\/\/schema.org","@graph":[{"@type":"WebPage","@id":"https:\/\/www.pedagogia.it\/digituslab\/prodotto\/aspettando-babbo-natale\/","url":"https:\/\/www.pedagogia.it\/digituslab\/prodotto\/aspettando-babbo-natale\/","name":"Aspettando Babbo Natale - Stripes Digitus Lab","isPartOf":{"@id":"https:\/\/www.pedagogia.it\/digituslab\/#website"},"primaryImageOfPage":{"@id":"https:\/\/www.pedagogia.it\/digituslab\/prodotto\/aspettando-babbo-natale\/#primaryimage"},"image":{"@id":"https:\/\/www.pedagogia.it\/digituslab\/prodotto\/aspettando-babbo-natale\/#primaryimage"},"thumbnailUrl":"https:\/\/www.pedagogia.it\/digituslab\/wp-content\/uploads\/sites\/6\/2021\/11\/23-dicembre-2021_3.png","datePublished":"2021-11-22T10:25:02+00:00","dateModified":"2021-11-22T11:08:56+00:00","description":"Una giornata di coding e robotica educativa per vivere insieme la magia delle feste aspettando l'arrivo di Babbo Natale","breadcrumb":{"@id":"https:\/\/www.pedagogia.it\/digituslab\/prodotto\/aspettando-babbo-natale\/#breadcrumb"},"inLanguage":"it-IT","potentialAction":[{"@type":"ReadAction","target":["https:\/\/www.pedagogia.it\/digituslab\/prodotto\/aspettando-babbo-natale\/"]}]},{"@type":"ImageObject","inLanguage":"it-IT","@id":"https:\/\/www.pedagogia.it\/digituslab\/prodotto\/aspettando-babbo-natale\/#primaryimage","url":"https:\/\/www.pedagogia.it\/digituslab\/wp-content\/uploads\/sites\/6\/2021\/11\/23-dicembre-2021_3.png","contentUrl":"https:\/\/www.pedagogia.it\/digituslab\/wp-content\/uploads\/sites\/6\/2021\/11\/23-dicembre-2021_3.png","width":917,"height":916},{"@type":"BreadcrumbList","@id":"https:\/\/www.pedagogia.it\/digituslab\/prodotto\/aspettando-babbo-natale\/#breadcrumb","itemListElement":[{"@type":"ListItem","position":1,"name":"Home","item":"https:\/\/www.pedagogia.it\/digituslab\/"},{"@type":"ListItem","position":2,"name":"Shop","item":"https:\/\/www.pedagogia.it\/digituslab\/negozio\/"},{"@type":"ListItem","position":3,"name":"Aspettando Babbo Natale"}]},{"@type":"WebSite","@id":"https:\/\/www.pedagogia.it\/digituslab\/#website","url":"https:\/\/www.pedagogia.it\/digituslab\/","name":"Stripes Digitus Lab","description":"Centro internazionale di ricerca e innovazione sulla robotica educativa e le tecnologie digitali","publisher":{"@id":"https:\/\/www.pedagogia.it\/digituslab\/#organization"},"potentialAction":[{"@type":"SearchAction","target":{"@type":"EntryPoint","urlTemplate":"https:\/\/www.pedagogia.it\/digituslab\/?s={search_term_string}"},"query-input":{"@type":"PropertyValueSpecification","valueRequired":true,"valueName":"search_term_string"}}],"inLanguage":"it-IT"},{"@type":"Organization","@id":"https:\/\/www.pedagogia.it\/digituslab\/#organization","name":"Stripe Digitus Lab","url":"https:\/\/www.pedagogia.it\/digituslab\/","logo":{"@type":"ImageObject","inLanguage":"it-IT","@id":"https:\/\/www.pedagogia.it\/digituslab\/#\/schema\/logo\/image\/","url":"https:\/\/www.pedagogia.it\/digituslab\/wp-content\/uploads\/sites\/6\/2018\/03\/digituslab.png","contentUrl":"https:\/\/www.pedagogia.it\/digituslab\/wp-content\/uploads\/sites\/6\/2018\/03\/digituslab.png","width":280,"height":80,"caption":"Stripe Digitus Lab"},"image":{"@id":"https:\/\/www.pedagogia.it\/digituslab\/#\/schema\/logo\/image\/"}}]}},"_links":{"self":[{"href":"https:\/\/www.pedagogia.it\/digituslab\/wp-json\/wp\/v2\/product\/76132","targetHints":{"allow":["GET"]}}],"collection":[{"href":"https:\/\/www.pedagogia.it\/digituslab\/wp-json\/wp\/v2\/product"}],"about":[{"href":"https:\/\/www.pedagogia.it\/digituslab\/wp-json\/wp\/v2\/types\/product"}],"replies":[{"embeddable":true,"href":"https:\/\/www.pedagogia.it\/digituslab\/wp-json\/wp\/v2\/comments?post=76132"}],"wp:featuredmedia":[{"embeddable":true,"href":"https:\/\/www.pedagogia.it\/digituslab\/wp-json\/wp\/v2\/media\/76116"}],"wp:attachment":[{"href":"https:\/\/www.pedagogia.it\/digituslab\/wp-json\/wp\/v2\/media?parent=76132"}],"wp:term":[{"taxonomy":"product_brand","embeddable":true,"href":"https:\/\/www.pedagogia.it\/digituslab\/wp-json\/wp\/v2\/product_brand?post=76132"},{"taxonomy":"product_cat","embeddable":true,"href":"https:\/\/www.pedagogia.it\/digituslab\/wp-json\/wp\/v2\/product_cat?post=76132"},{"taxonomy":"product_tag","embeddable":true,"href":"https:\/\/www.pedagogia.it\/digituslab\/wp-json\/wp\/v2\/product_tag?post=76132"}],"curies":[{"name":"wp","href":"https:\/\/api.w.org\/{rel}","templated":true}]}}