{"id":76228,"date":"2022-01-11T12:02:51","date_gmt":"2022-01-11T11:02:51","guid":{"rendered":"https:\/\/www.pedagogia.it\/digituslab\/?post_type=product&#038;p=76228"},"modified":"2022-02-04T13:29:00","modified_gmt":"2022-02-04T12:29:00","slug":"soft-skills-in-pillole-per-affrontare-il-colloquio-di-lavoro","status":"publish","type":"product","link":"https:\/\/www.pedagogia.it\/digituslab\/prodotto\/soft-skills-in-pillole-per-affrontare-il-colloquio-di-lavoro\/","title":{"rendered":"SOFT SKILLS IN PILLOLE PER AFFRONTARE IL COLLOQUIO DI LAVORO"},"content":{"rendered":"","protected":false},"excerpt":{"rendered":"<p><img decoding=\"async\" class=\"alignnone size-full wp-image-76201\" src=\"https:\/\/www.pedagogia.it\/digituslab\/wp-content\/uploads\/sites\/6\/2022\/01\/Immagine-2022-01-11-110545.png\" alt=\"\" width=\"1897\" height=\"411\" srcset=\"https:\/\/www.pedagogia.it\/digituslab\/wp-content\/uploads\/sites\/6\/2022\/01\/Immagine-2022-01-11-110545.png 1897w, https:\/\/www.pedagogia.it\/digituslab\/wp-content\/uploads\/sites\/6\/2022\/01\/Immagine-2022-01-11-110545-300x65.png 300w, https:\/\/www.pedagogia.it\/digituslab\/wp-content\/uploads\/sites\/6\/2022\/01\/Immagine-2022-01-11-110545-1024x222.png 1024w, https:\/\/www.pedagogia.it\/digituslab\/wp-content\/uploads\/sites\/6\/2022\/01\/Immagine-2022-01-11-110545-768x166.png 768w, https:\/\/www.pedagogia.it\/digituslab\/wp-content\/uploads\/sites\/6\/2022\/01\/Immagine-2022-01-11-110545-1536x333.png 1536w, https:\/\/www.pedagogia.it\/digituslab\/wp-content\/uploads\/sites\/6\/2022\/01\/Immagine-2022-01-11-110545-600x130.png 600w\" sizes=\"(max-width: 1897px) 100vw, 1897px\" \/><\/p>\n<table style=\"height: 222px; width: 100.747%; border-collapse: collapse;\" border=\"2\">\n<tbody>\n<tr style=\"height: 222px;\">\n<td style=\"width: 41.1899%; height: 222px;\"><span style=\"font-size: 10pt;\"><span style=\"font-family: verdana, geneva, sans-serif;\">ISTRUZIONI PER L&#8217;ISCRIZIONE\u00a0 PARTECIPANTI SINGOLI<br \/>\n<\/span><span style=\"font-family: verdana, geneva, sans-serif;\">&#8211; selezionare dal men\u00f9 a tendina la data e l&#8217;orario scelti- inserire nei campi obbligatori una &#8220;X&#8221;<br \/>\n<\/span><span style=\"font-family: verdana, geneva, sans-serif;\">&#8211; cliccare su &#8220;aggiungi al carrello&#8221;<br \/>\n<\/span><span style=\"font-family: verdana, geneva, sans-serif;\">&#8211; procedere con l&#8217;iscrizione ad altri laboratori da <a href=\"https:\/\/www.pedagogia.it\/digituslab\/social-innovation-campus-2022-iscrizioni\/\">questa pagina<\/a> oppure visualizzare il carrello<br \/>\n<\/span><span style=\"font-family: verdana, geneva, sans-serif;\">&#8211; nella pagina del carrello cliccare su &#8220;procedi con l&#8217;ordine&#8221;<br \/>\n<\/span><span style=\"font-family: verdana, geneva, sans-serif;\">&#8211; compilare i campi richiesti, selezionare in basso &#8220;<span class=\"woocommerce-terms-and-conditions-checkbox-text\">Ho letto e accetto\u00a0<a class=\"woocommerce-terms-and-conditions-link\" href=\"https:\/\/www.pedagogia.it\/digituslab\/termini-e-condizioni\/\" target=\"_blank\" rel=\"noopener\">termini e condizioni<\/a> del sito web<\/span><span class=\"required\">&#8221; e cliccare su &#8220;effettua ordine&#8221;<\/span><\/span><\/span><\/td>\n<td style=\"width: 61.5561%;\"><span style=\"font-family: verdana, geneva, sans-serif; font-size: 10pt;\">ISTRUZIONI PER L&#8217;ISCRIZIONE CLASSI E SCUOLE<br \/>\n<\/span><span style=\"font-family: verdana, geneva, sans-serif; font-size: 10pt;\">&#8211; selezionare dal men\u00f9 a tendina la data e l&#8217;orario scelti<br \/>\n<\/span><span style=\"font-family: verdana, geneva, sans-serif; font-size: 10pt;\">&#8211; compilare i campi obbligatori<br \/>\n<\/span><span style=\"font-family: verdana, geneva, sans-serif; font-size: 10pt;\">&#8211; inserire il numero dei partecipanti accanto al pulsante &#8220;aggiungi al carrello&#8221; (ad. es. per 24 stundenti scrivere 24)<br \/>\n<\/span><span style=\"font-family: verdana, geneva, sans-serif; font-size: 10pt;\">&#8211;\u00a0 cliccare su &#8220;aggiungi al carrello&#8221;<br \/>\n<\/span><span style=\"font-family: verdana, geneva, sans-serif; font-size: 10pt;\">&#8211; procedere con l&#8217;iscrizione ad altri laboratori da<a href=\"https:\/\/www.pedagogia.it\/digituslab\/social-innovation-campus-2022-iscrizioni\/\"> questa pagina<\/a>\u00a0 oppure visualizzare carello<br \/>\n<\/span><span style=\"font-family: verdana, geneva, sans-serif; font-size: 10pt;\">&#8211; nella pagina del carrello cliccare su &#8220;procedi con l&#8217;ordine&#8221;<br \/>\n<\/span><span style=\"font-family: verdana, geneva, sans-serif; font-size: 10pt;\">&#8211; compilare i campi richiesti con la persona di riferimento dell&#8217;iscrizione, selezionare in basso &#8220;<span class=\"woocommerce-terms-and-conditions-checkbox-text\">Ho letto e accetto\u00a0<a class=\"woocommerce-terms-and-conditions-link\" href=\"https:\/\/www.pedagogia.it\/digituslab\/termini-e-condizioni\/\" target=\"_blank\" rel=\"noopener\">termini e condizioni<\/a> del sito web<\/span><span class=\"required\">&#8221; e cliccare su &#8220;effettua ordine&#8221;<\/span><\/span><\/td>\n<\/tr>\n<\/tbody>\n<\/table>\n<h6 style=\"text-align: center;\"><span style=\"color: #0000ff;\"><strong>TUTTI I LABORATORI SONO GRATUITI! PER QUALSIASI NECESSITA&#8217; O INFORMAZIONE SULL&#8217;ISCRIZIONE POTETE SCRIVERE A digituslab@pedagogia.it<\/strong><\/span><\/h6>\n<p><strong>UMANA<br \/>\n<\/strong><strong>Titolo: SOFT SKILLS IN PILLOLE PER AFFRONTARE IL COLLOQUIO DI LAVORO<br \/>\n<\/strong><strong>Tema:<\/strong> Soft skills in pillole per competere nel mercato del lavoro, valorizzando la propria candidatura durante il colloquio.<br \/>\n<strong>Descrizione:<\/strong> L\u2019obiettivo del webinar, curato da orientatori ed esperti di risorse umane, \u00e8 sviluppare la capacit\u00e0 di conoscere e accrescere soft skills chiave per il mercato del lavoro come ad esempio la flessibilit\u00e0, l\u2019orientamento al risultato, la capacit\u00e0 di comunicare e comunicarsi, valorizzando la propria candidatura durante il colloquio\/videocolloquio, con attenzione anche alla comunicazione non verbale.<br \/>\n<strong>Destinatari: <\/strong>Superiori II grado, leFP (dalle classi 3\u00b0), IFTS, ITS, Universitari, Neodiplomati e Neolaureati da meno di 12 mesi<\/p>\n","protected":false},"featured_media":76193,"comment_status":"open","ping_status":"closed","template":"","meta":[],"product_brand":[],"product_cat":[178],"product_tag":[],"class_list":{"0":"post-76228","1":"product","2":"type-product","3":"status-publish","4":"has-post-thumbnail","6":"product_cat-sicampus","7":"product_shipping_class-nessuna-spedizione","9":"first","10":"instock","11":"purchasable","12":"product-type-variable"},"yoast_head":"<!-- This site is optimized with the Yoast SEO plugin v27.2 - https:\/\/yoast.com\/product\/yoast-seo-wordpress\/ -->\n<title>SOFT SKILLS IN PILLOLE PER AFFRONTARE IL COLLOQUIO DI LAVORO - Stripes Digitus Lab<\/title>\n<meta name=\"description\" content=\"Laboratori gratuiti per studenti di scuole secondarie e universitari in occasione del Social Innovation Campus 2022\" \/>\n<meta name=\"robots\" content=\"index, follow, max-snippet:-1, max-image-preview:large, max-video-preview:-1\" \/>\n<link rel=\"canonical\" href=\"https:\/\/www.pedagogia.it\/digituslab\/prodotto\/soft-skills-in-pillole-per-affrontare-il-colloquio-di-lavoro\/\" \/>\n<meta property=\"og:locale\" content=\"it_IT\" \/>\n<meta property=\"og:type\" content=\"article\" \/>\n<meta property=\"og:title\" content=\"SOFT SKILLS IN PILLOLE PER AFFRONTARE IL COLLOQUIO DI LAVORO - Stripes Digitus Lab\" \/>\n<meta property=\"og:description\" content=\"Laboratori gratuiti per studenti di scuole secondarie e universitari in occasione del Social Innovation Campus 2022\" \/>\n<meta property=\"og:url\" content=\"https:\/\/www.pedagogia.it\/digituslab\/prodotto\/soft-skills-in-pillole-per-affrontare-il-colloquio-di-lavoro\/\" \/>\n<meta property=\"og:site_name\" content=\"Stripes Digitus Lab\" \/>\n<meta property=\"article:modified_time\" content=\"2022-02-04T12:29:00+00:00\" \/>\n<meta property=\"og:image\" content=\"https:\/\/www.pedagogia.it\/digituslab\/wp-content\/uploads\/sites\/6\/2022\/01\/sicampus.png\" \/>\n\t<meta property=\"og:image:width\" content=\"504\" \/>\n\t<meta property=\"og:image:height\" content=\"404\" \/>\n\t<meta property=\"og:image:type\" content=\"image\/png\" \/>\n<meta name=\"twitter:card\" content=\"summary_large_image\" \/>\n<script type=\"application\/ld+json\" class=\"yoast-schema-graph\">{\"@context\":\"https:\/\/schema.org\",\"@graph\":[{\"@type\":\"WebPage\",\"@id\":\"https:\/\/www.pedagogia.it\/digituslab\/prodotto\/soft-skills-in-pillole-per-affrontare-il-colloquio-di-lavoro\/\",\"url\":\"https:\/\/www.pedagogia.it\/digituslab\/prodotto\/soft-skills-in-pillole-per-affrontare-il-colloquio-di-lavoro\/\",\"name\":\"SOFT SKILLS IN PILLOLE PER AFFRONTARE IL COLLOQUIO DI LAVORO - Stripes Digitus Lab\",\"isPartOf\":{\"@id\":\"https:\/\/www.pedagogia.it\/digituslab\/#website\"},\"primaryImageOfPage\":{\"@id\":\"https:\/\/www.pedagogia.it\/digituslab\/prodotto\/soft-skills-in-pillole-per-affrontare-il-colloquio-di-lavoro\/#primaryimage\"},\"image\":{\"@id\":\"https:\/\/www.pedagogia.it\/digituslab\/prodotto\/soft-skills-in-pillole-per-affrontare-il-colloquio-di-lavoro\/#primaryimage\"},\"thumbnailUrl\":\"https:\/\/www.pedagogia.it\/digituslab\/wp-content\/uploads\/sites\/6\/2022\/01\/sicampus.png\",\"datePublished\":\"2022-01-11T11:02:51+00:00\",\"dateModified\":\"2022-02-04T12:29:00+00:00\",\"description\":\"Laboratori gratuiti per studenti di scuole secondarie e universitari in occasione del Social Innovation Campus 2022\",\"breadcrumb\":{\"@id\":\"https:\/\/www.pedagogia.it\/digituslab\/prodotto\/soft-skills-in-pillole-per-affrontare-il-colloquio-di-lavoro\/#breadcrumb\"},\"inLanguage\":\"it-IT\",\"potentialAction\":[{\"@type\":\"ReadAction\",\"target\":[\"https:\/\/www.pedagogia.it\/digituslab\/prodotto\/soft-skills-in-pillole-per-affrontare-il-colloquio-di-lavoro\/\"]}]},{\"@type\":\"ImageObject\",\"inLanguage\":\"it-IT\",\"@id\":\"https:\/\/www.pedagogia.it\/digituslab\/prodotto\/soft-skills-in-pillole-per-affrontare-il-colloquio-di-lavoro\/#primaryimage\",\"url\":\"https:\/\/www.pedagogia.it\/digituslab\/wp-content\/uploads\/sites\/6\/2022\/01\/sicampus.png\",\"contentUrl\":\"https:\/\/www.pedagogia.it\/digituslab\/wp-content\/uploads\/sites\/6\/2022\/01\/sicampus.png\",\"width\":504,\"height\":404},{\"@type\":\"BreadcrumbList\",\"@id\":\"https:\/\/www.pedagogia.it\/digituslab\/prodotto\/soft-skills-in-pillole-per-affrontare-il-colloquio-di-lavoro\/#breadcrumb\",\"itemListElement\":[{\"@type\":\"ListItem\",\"position\":1,\"name\":\"Home\",\"item\":\"https:\/\/www.pedagogia.it\/digituslab\/\"},{\"@type\":\"ListItem\",\"position\":2,\"name\":\"Shop\",\"item\":\"https:\/\/www.pedagogia.it\/digituslab\/negozio\/\"},{\"@type\":\"ListItem\",\"position\":3,\"name\":\"SOFT SKILLS IN PILLOLE PER AFFRONTARE IL COLLOQUIO DI LAVORO\"}]},{\"@type\":\"WebSite\",\"@id\":\"https:\/\/www.pedagogia.it\/digituslab\/#website\",\"url\":\"https:\/\/www.pedagogia.it\/digituslab\/\",\"name\":\"Stripes Digitus Lab\",\"description\":\"Centro internazionale di ricerca e innovazione sulla robotica educativa e le tecnologie digitali\",\"publisher\":{\"@id\":\"https:\/\/www.pedagogia.it\/digituslab\/#organization\"},\"potentialAction\":[{\"@type\":\"SearchAction\",\"target\":{\"@type\":\"EntryPoint\",\"urlTemplate\":\"https:\/\/www.pedagogia.it\/digituslab\/?s={search_term_string}\"},\"query-input\":{\"@type\":\"PropertyValueSpecification\",\"valueRequired\":true,\"valueName\":\"search_term_string\"}}],\"inLanguage\":\"it-IT\"},{\"@type\":\"Organization\",\"@id\":\"https:\/\/www.pedagogia.it\/digituslab\/#organization\",\"name\":\"Stripe Digitus Lab\",\"url\":\"https:\/\/www.pedagogia.it\/digituslab\/\",\"logo\":{\"@type\":\"ImageObject\",\"inLanguage\":\"it-IT\",\"@id\":\"https:\/\/www.pedagogia.it\/digituslab\/#\/schema\/logo\/image\/\",\"url\":\"https:\/\/www.pedagogia.it\/digituslab\/wp-content\/uploads\/sites\/6\/2018\/03\/digituslab.png\",\"contentUrl\":\"https:\/\/www.pedagogia.it\/digituslab\/wp-content\/uploads\/sites\/6\/2018\/03\/digituslab.png\",\"width\":280,\"height\":80,\"caption\":\"Stripe Digitus Lab\"},\"image\":{\"@id\":\"https:\/\/www.pedagogia.it\/digituslab\/#\/schema\/logo\/image\/\"}}]}<\/script>\n<!-- \/ Yoast SEO plugin. -->","yoast_head_json":{"title":"SOFT SKILLS IN PILLOLE PER AFFRONTARE IL COLLOQUIO DI LAVORO - Stripes Digitus Lab","description":"Laboratori gratuiti per studenti di scuole secondarie e universitari in occasione del Social Innovation Campus 2022","robots":{"index":"index","follow":"follow","max-snippet":"max-snippet:-1","max-image-preview":"max-image-preview:large","max-video-preview":"max-video-preview:-1"},"canonical":"https:\/\/www.pedagogia.it\/digituslab\/prodotto\/soft-skills-in-pillole-per-affrontare-il-colloquio-di-lavoro\/","og_locale":"it_IT","og_type":"article","og_title":"SOFT SKILLS IN PILLOLE PER AFFRONTARE IL COLLOQUIO DI LAVORO - Stripes Digitus Lab","og_description":"Laboratori gratuiti per studenti di scuole secondarie e universitari in occasione del Social Innovation Campus 2022","og_url":"https:\/\/www.pedagogia.it\/digituslab\/prodotto\/soft-skills-in-pillole-per-affrontare-il-colloquio-di-lavoro\/","og_site_name":"Stripes Digitus Lab","article_modified_time":"2022-02-04T12:29:00+00:00","og_image":[{"width":504,"height":404,"url":"https:\/\/www.pedagogia.it\/digituslab\/wp-content\/uploads\/sites\/6\/2022\/01\/sicampus.png","type":"image\/png"}],"twitter_card":"summary_large_image","schema":{"@context":"https:\/\/schema.org","@graph":[{"@type":"WebPage","@id":"https:\/\/www.pedagogia.it\/digituslab\/prodotto\/soft-skills-in-pillole-per-affrontare-il-colloquio-di-lavoro\/","url":"https:\/\/www.pedagogia.it\/digituslab\/prodotto\/soft-skills-in-pillole-per-affrontare-il-colloquio-di-lavoro\/","name":"SOFT SKILLS IN PILLOLE PER AFFRONTARE IL COLLOQUIO DI LAVORO - Stripes Digitus Lab","isPartOf":{"@id":"https:\/\/www.pedagogia.it\/digituslab\/#website"},"primaryImageOfPage":{"@id":"https:\/\/www.pedagogia.it\/digituslab\/prodotto\/soft-skills-in-pillole-per-affrontare-il-colloquio-di-lavoro\/#primaryimage"},"image":{"@id":"https:\/\/www.pedagogia.it\/digituslab\/prodotto\/soft-skills-in-pillole-per-affrontare-il-colloquio-di-lavoro\/#primaryimage"},"thumbnailUrl":"https:\/\/www.pedagogia.it\/digituslab\/wp-content\/uploads\/sites\/6\/2022\/01\/sicampus.png","datePublished":"2022-01-11T11:02:51+00:00","dateModified":"2022-02-04T12:29:00+00:00","description":"Laboratori gratuiti per studenti di scuole secondarie e universitari in occasione del Social Innovation Campus 2022","breadcrumb":{"@id":"https:\/\/www.pedagogia.it\/digituslab\/prodotto\/soft-skills-in-pillole-per-affrontare-il-colloquio-di-lavoro\/#breadcrumb"},"inLanguage":"it-IT","potentialAction":[{"@type":"ReadAction","target":["https:\/\/www.pedagogia.it\/digituslab\/prodotto\/soft-skills-in-pillole-per-affrontare-il-colloquio-di-lavoro\/"]}]},{"@type":"ImageObject","inLanguage":"it-IT","@id":"https:\/\/www.pedagogia.it\/digituslab\/prodotto\/soft-skills-in-pillole-per-affrontare-il-colloquio-di-lavoro\/#primaryimage","url":"https:\/\/www.pedagogia.it\/digituslab\/wp-content\/uploads\/sites\/6\/2022\/01\/sicampus.png","contentUrl":"https:\/\/www.pedagogia.it\/digituslab\/wp-content\/uploads\/sites\/6\/2022\/01\/sicampus.png","width":504,"height":404},{"@type":"BreadcrumbList","@id":"https:\/\/www.pedagogia.it\/digituslab\/prodotto\/soft-skills-in-pillole-per-affrontare-il-colloquio-di-lavoro\/#breadcrumb","itemListElement":[{"@type":"ListItem","position":1,"name":"Home","item":"https:\/\/www.pedagogia.it\/digituslab\/"},{"@type":"ListItem","position":2,"name":"Shop","item":"https:\/\/www.pedagogia.it\/digituslab\/negozio\/"},{"@type":"ListItem","position":3,"name":"SOFT SKILLS IN PILLOLE PER AFFRONTARE IL COLLOQUIO DI LAVORO"}]},{"@type":"WebSite","@id":"https:\/\/www.pedagogia.it\/digituslab\/#website","url":"https:\/\/www.pedagogia.it\/digituslab\/","name":"Stripes Digitus Lab","description":"Centro internazionale di ricerca e innovazione sulla robotica educativa e le tecnologie digitali","publisher":{"@id":"https:\/\/www.pedagogia.it\/digituslab\/#organization"},"potentialAction":[{"@type":"SearchAction","target":{"@type":"EntryPoint","urlTemplate":"https:\/\/www.pedagogia.it\/digituslab\/?s={search_term_string}"},"query-input":{"@type":"PropertyValueSpecification","valueRequired":true,"valueName":"search_term_string"}}],"inLanguage":"it-IT"},{"@type":"Organization","@id":"https:\/\/www.pedagogia.it\/digituslab\/#organization","name":"Stripe Digitus Lab","url":"https:\/\/www.pedagogia.it\/digituslab\/","logo":{"@type":"ImageObject","inLanguage":"it-IT","@id":"https:\/\/www.pedagogia.it\/digituslab\/#\/schema\/logo\/image\/","url":"https:\/\/www.pedagogia.it\/digituslab\/wp-content\/uploads\/sites\/6\/2018\/03\/digituslab.png","contentUrl":"https:\/\/www.pedagogia.it\/digituslab\/wp-content\/uploads\/sites\/6\/2018\/03\/digituslab.png","width":280,"height":80,"caption":"Stripe Digitus Lab"},"image":{"@id":"https:\/\/www.pedagogia.it\/digituslab\/#\/schema\/logo\/image\/"}}]}},"_links":{"self":[{"href":"https:\/\/www.pedagogia.it\/digituslab\/wp-json\/wp\/v2\/product\/76228","targetHints":{"allow":["GET"]}}],"collection":[{"href":"https:\/\/www.pedagogia.it\/digituslab\/wp-json\/wp\/v2\/product"}],"about":[{"href":"https:\/\/www.pedagogia.it\/digituslab\/wp-json\/wp\/v2\/types\/product"}],"replies":[{"embeddable":true,"href":"https:\/\/www.pedagogia.it\/digituslab\/wp-json\/wp\/v2\/comments?post=76228"}],"wp:featuredmedia":[{"embeddable":true,"href":"https:\/\/www.pedagogia.it\/digituslab\/wp-json\/wp\/v2\/media\/76193"}],"wp:attachment":[{"href":"https:\/\/www.pedagogia.it\/digituslab\/wp-json\/wp\/v2\/media?parent=76228"}],"wp:term":[{"taxonomy":"product_brand","embeddable":true,"href":"https:\/\/www.pedagogia.it\/digituslab\/wp-json\/wp\/v2\/product_brand?post=76228"},{"taxonomy":"product_cat","embeddable":true,"href":"https:\/\/www.pedagogia.it\/digituslab\/wp-json\/wp\/v2\/product_cat?post=76228"},{"taxonomy":"product_tag","embeddable":true,"href":"https:\/\/www.pedagogia.it\/digituslab\/wp-json\/wp\/v2\/product_tag?post=76228"}],"curies":[{"name":"wp","href":"https:\/\/api.w.org\/{rel}","templated":true}]}}