{"id":76444,"date":"2022-02-17T16:01:53","date_gmt":"2022-02-17T15:01:53","guid":{"rendered":"https:\/\/www.pedagogia.it\/digituslab\/?post_type=product&#038;p=76444"},"modified":"2022-02-17T16:34:55","modified_gmt":"2022-02-17T15:34:55","slug":"carnevale-di-rio-bot","status":"publish","type":"product","link":"https:\/\/www.pedagogia.it\/digituslab\/prodotto\/carnevale-di-rio-bot\/","title":{"rendered":"Carnevale di Rio-Bot"},"content":{"rendered":"","protected":false},"excerpt":{"rendered":"<h4><strong>VENERDI&#8217; 4 MARZO 2022<\/strong><\/h4>\n<p><strong>Stripes Digitus Lab, <\/strong>Centro internazionale di ricerca e innovazione sulla robotica educativa e tecnologie digitali, vi da il benvenuto al<\/p>\n<p><strong>CARNEVALE DI RIO-BOT!<\/strong><\/p>\n<p><span class=\"JsGRdQ\">Festeggia con noi il Carnevale divertendoti tra maschere, fantasia e tecnologia!<\/span><\/p>\n<p>Potrai partecipare a fantastici laboratori di <strong>Stampa 3D, Strawbees, Robotica educativa e creare il tuo carro per una magica parata!<\/strong><\/p>\n<p>Programma della giornata:<\/p>\n<p>8.30-9.00: Ingresso<br \/>\n9.00-9.30: Gioco di accoglienza e presentazione<br \/>\n9.30-10.45: Progettiamo il primo oggetto da mettere sul nostro carro e stampiamolo in 3D<br \/>\n10.45-11.00: Merenda<br \/>\n11.00-13.00: Strawbees: <span style=\"font-weight: 400;\">Costruiamo e programmiamo una struttura interattiva per il nostro carro<br \/>\n13.00-14.00: Pranzo e relax<br \/>\n14.00-15.30: Assembliamo e programmiamo il nostro carro<br \/>\n<\/span><span style=\"font-weight: 400;\">15.30-16.30: La parata dei robot: scopriamo alcuni dei nostri robot e facciamoli sfilare in una magica parata con i nostri carri<\/span><\/p>\n<p><span style=\"font-weight: 400;\">Sar\u00e0 un vero e proprio\u00a0 Carnevale ricco di suoni, musica, colori proprio come quello di Rio.<\/span><\/p>\n<p>La giornata \u00e8 dedicata a bambini\/e e ragazzi\/e di et\u00e0 compresa tra i 7 e i 16 anni, le attivit\u00e0 verranno calibrate a seconda dell&#8217;et\u00e0 dei partecipanti.<br \/>\nPer i partecipanti \u00e8 obbligatorio green pass sopra i 12 anni.<\/p>\n<p><strong>Merenda della mattina e dolci di Carnevale: compresi<\/strong><br \/>\n<strong>Pranzo: al sacco da casa<\/strong><\/p>\n","protected":false},"featured_media":76449,"comment_status":"open","ping_status":"closed","template":"","meta":[],"product_brand":[],"product_cat":[152],"product_tag":[],"class_list":{"0":"post-76444","1":"product","2":"type-product","3":"status-publish","4":"has-post-thumbnail","6":"product_cat-saturday","8":"first","9":"instock","10":"purchasable","11":"product-type-variable"},"yoast_head":"<!-- This site is optimized with the Yoast SEO plugin v27.2 - https:\/\/yoast.com\/product\/yoast-seo-wordpress\/ -->\n<title>Carnevale di Rio-Bot - Stripes Digitus Lab<\/title>\n<meta name=\"description\" content=\"Una giornata di coding e robotica educativa per vivere insieme la magia delle feste aspettando l&#039;arrivo di Babbo Natale\" \/>\n<meta name=\"robots\" content=\"index, follow, max-snippet:-1, max-image-preview:large, max-video-preview:-1\" \/>\n<link rel=\"canonical\" href=\"https:\/\/www.pedagogia.it\/digituslab\/prodotto\/carnevale-di-rio-bot\/\" \/>\n<meta property=\"og:locale\" content=\"it_IT\" \/>\n<meta property=\"og:type\" content=\"article\" \/>\n<meta property=\"og:title\" content=\"Carnevale di Rio-Bot - Stripes Digitus Lab\" \/>\n<meta property=\"og:description\" content=\"Una giornata di coding e robotica educativa per vivere insieme la magia delle feste aspettando l&#039;arrivo di Babbo Natale\" \/>\n<meta property=\"og:url\" content=\"https:\/\/www.pedagogia.it\/digituslab\/prodotto\/carnevale-di-rio-bot\/\" \/>\n<meta property=\"og:site_name\" content=\"Stripes Digitus Lab\" \/>\n<meta property=\"article:modified_time\" content=\"2022-02-17T15:34:55+00:00\" \/>\n<meta property=\"og:image\" content=\"https:\/\/www.pedagogia.it\/digituslab\/wp-content\/uploads\/sites\/6\/2022\/02\/Carnevale-post_logo-1.png\" \/>\n\t<meta property=\"og:image:width\" content=\"1080\" \/>\n\t<meta property=\"og:image:height\" content=\"1080\" \/>\n\t<meta property=\"og:image:type\" content=\"image\/png\" \/>\n<meta name=\"twitter:card\" content=\"summary_large_image\" \/>\n<script type=\"application\/ld+json\" class=\"yoast-schema-graph\">{\"@context\":\"https:\/\/schema.org\",\"@graph\":[{\"@type\":\"WebPage\",\"@id\":\"https:\/\/www.pedagogia.it\/digituslab\/prodotto\/carnevale-di-rio-bot\/\",\"url\":\"https:\/\/www.pedagogia.it\/digituslab\/prodotto\/carnevale-di-rio-bot\/\",\"name\":\"Carnevale di Rio-Bot - Stripes Digitus Lab\",\"isPartOf\":{\"@id\":\"https:\/\/www.pedagogia.it\/digituslab\/#website\"},\"primaryImageOfPage\":{\"@id\":\"https:\/\/www.pedagogia.it\/digituslab\/prodotto\/carnevale-di-rio-bot\/#primaryimage\"},\"image\":{\"@id\":\"https:\/\/www.pedagogia.it\/digituslab\/prodotto\/carnevale-di-rio-bot\/#primaryimage\"},\"thumbnailUrl\":\"https:\/\/www.pedagogia.it\/digituslab\/wp-content\/uploads\/sites\/6\/2022\/02\/Carnevale-post_logo-1.png\",\"datePublished\":\"2022-02-17T15:01:53+00:00\",\"dateModified\":\"2022-02-17T15:34:55+00:00\",\"description\":\"Una giornata di coding e robotica educativa per vivere insieme la magia delle feste aspettando l'arrivo di Babbo Natale\",\"breadcrumb\":{\"@id\":\"https:\/\/www.pedagogia.it\/digituslab\/prodotto\/carnevale-di-rio-bot\/#breadcrumb\"},\"inLanguage\":\"it-IT\",\"potentialAction\":[{\"@type\":\"ReadAction\",\"target\":[\"https:\/\/www.pedagogia.it\/digituslab\/prodotto\/carnevale-di-rio-bot\/\"]}]},{\"@type\":\"ImageObject\",\"inLanguage\":\"it-IT\",\"@id\":\"https:\/\/www.pedagogia.it\/digituslab\/prodotto\/carnevale-di-rio-bot\/#primaryimage\",\"url\":\"https:\/\/www.pedagogia.it\/digituslab\/wp-content\/uploads\/sites\/6\/2022\/02\/Carnevale-post_logo-1.png\",\"contentUrl\":\"https:\/\/www.pedagogia.it\/digituslab\/wp-content\/uploads\/sites\/6\/2022\/02\/Carnevale-post_logo-1.png\",\"width\":1080,\"height\":1080},{\"@type\":\"BreadcrumbList\",\"@id\":\"https:\/\/www.pedagogia.it\/digituslab\/prodotto\/carnevale-di-rio-bot\/#breadcrumb\",\"itemListElement\":[{\"@type\":\"ListItem\",\"position\":1,\"name\":\"Home\",\"item\":\"https:\/\/www.pedagogia.it\/digituslab\/\"},{\"@type\":\"ListItem\",\"position\":2,\"name\":\"Shop\",\"item\":\"https:\/\/www.pedagogia.it\/digituslab\/negozio\/\"},{\"@type\":\"ListItem\",\"position\":3,\"name\":\"Carnevale di Rio-Bot\"}]},{\"@type\":\"WebSite\",\"@id\":\"https:\/\/www.pedagogia.it\/digituslab\/#website\",\"url\":\"https:\/\/www.pedagogia.it\/digituslab\/\",\"name\":\"Stripes Digitus Lab\",\"description\":\"Centro internazionale di ricerca e innovazione sulla robotica educativa e le tecnologie digitali\",\"publisher\":{\"@id\":\"https:\/\/www.pedagogia.it\/digituslab\/#organization\"},\"potentialAction\":[{\"@type\":\"SearchAction\",\"target\":{\"@type\":\"EntryPoint\",\"urlTemplate\":\"https:\/\/www.pedagogia.it\/digituslab\/?s={search_term_string}\"},\"query-input\":{\"@type\":\"PropertyValueSpecification\",\"valueRequired\":true,\"valueName\":\"search_term_string\"}}],\"inLanguage\":\"it-IT\"},{\"@type\":\"Organization\",\"@id\":\"https:\/\/www.pedagogia.it\/digituslab\/#organization\",\"name\":\"Stripe Digitus Lab\",\"url\":\"https:\/\/www.pedagogia.it\/digituslab\/\",\"logo\":{\"@type\":\"ImageObject\",\"inLanguage\":\"it-IT\",\"@id\":\"https:\/\/www.pedagogia.it\/digituslab\/#\/schema\/logo\/image\/\",\"url\":\"https:\/\/www.pedagogia.it\/digituslab\/wp-content\/uploads\/sites\/6\/2018\/03\/digituslab.png\",\"contentUrl\":\"https:\/\/www.pedagogia.it\/digituslab\/wp-content\/uploads\/sites\/6\/2018\/03\/digituslab.png\",\"width\":280,\"height\":80,\"caption\":\"Stripe Digitus Lab\"},\"image\":{\"@id\":\"https:\/\/www.pedagogia.it\/digituslab\/#\/schema\/logo\/image\/\"}}]}<\/script>\n<!-- \/ Yoast SEO plugin. -->","yoast_head_json":{"title":"Carnevale di Rio-Bot - Stripes Digitus Lab","description":"Una giornata di coding e robotica educativa per vivere insieme la magia delle feste aspettando l'arrivo di Babbo Natale","robots":{"index":"index","follow":"follow","max-snippet":"max-snippet:-1","max-image-preview":"max-image-preview:large","max-video-preview":"max-video-preview:-1"},"canonical":"https:\/\/www.pedagogia.it\/digituslab\/prodotto\/carnevale-di-rio-bot\/","og_locale":"it_IT","og_type":"article","og_title":"Carnevale di Rio-Bot - Stripes Digitus Lab","og_description":"Una giornata di coding e robotica educativa per vivere insieme la magia delle feste aspettando l'arrivo di Babbo Natale","og_url":"https:\/\/www.pedagogia.it\/digituslab\/prodotto\/carnevale-di-rio-bot\/","og_site_name":"Stripes Digitus Lab","article_modified_time":"2022-02-17T15:34:55+00:00","og_image":[{"width":1080,"height":1080,"url":"https:\/\/www.pedagogia.it\/digituslab\/wp-content\/uploads\/sites\/6\/2022\/02\/Carnevale-post_logo-1.png","type":"image\/png"}],"twitter_card":"summary_large_image","schema":{"@context":"https:\/\/schema.org","@graph":[{"@type":"WebPage","@id":"https:\/\/www.pedagogia.it\/digituslab\/prodotto\/carnevale-di-rio-bot\/","url":"https:\/\/www.pedagogia.it\/digituslab\/prodotto\/carnevale-di-rio-bot\/","name":"Carnevale di Rio-Bot - Stripes Digitus Lab","isPartOf":{"@id":"https:\/\/www.pedagogia.it\/digituslab\/#website"},"primaryImageOfPage":{"@id":"https:\/\/www.pedagogia.it\/digituslab\/prodotto\/carnevale-di-rio-bot\/#primaryimage"},"image":{"@id":"https:\/\/www.pedagogia.it\/digituslab\/prodotto\/carnevale-di-rio-bot\/#primaryimage"},"thumbnailUrl":"https:\/\/www.pedagogia.it\/digituslab\/wp-content\/uploads\/sites\/6\/2022\/02\/Carnevale-post_logo-1.png","datePublished":"2022-02-17T15:01:53+00:00","dateModified":"2022-02-17T15:34:55+00:00","description":"Una giornata di coding e robotica educativa per vivere insieme la magia delle feste aspettando l'arrivo di Babbo Natale","breadcrumb":{"@id":"https:\/\/www.pedagogia.it\/digituslab\/prodotto\/carnevale-di-rio-bot\/#breadcrumb"},"inLanguage":"it-IT","potentialAction":[{"@type":"ReadAction","target":["https:\/\/www.pedagogia.it\/digituslab\/prodotto\/carnevale-di-rio-bot\/"]}]},{"@type":"ImageObject","inLanguage":"it-IT","@id":"https:\/\/www.pedagogia.it\/digituslab\/prodotto\/carnevale-di-rio-bot\/#primaryimage","url":"https:\/\/www.pedagogia.it\/digituslab\/wp-content\/uploads\/sites\/6\/2022\/02\/Carnevale-post_logo-1.png","contentUrl":"https:\/\/www.pedagogia.it\/digituslab\/wp-content\/uploads\/sites\/6\/2022\/02\/Carnevale-post_logo-1.png","width":1080,"height":1080},{"@type":"BreadcrumbList","@id":"https:\/\/www.pedagogia.it\/digituslab\/prodotto\/carnevale-di-rio-bot\/#breadcrumb","itemListElement":[{"@type":"ListItem","position":1,"name":"Home","item":"https:\/\/www.pedagogia.it\/digituslab\/"},{"@type":"ListItem","position":2,"name":"Shop","item":"https:\/\/www.pedagogia.it\/digituslab\/negozio\/"},{"@type":"ListItem","position":3,"name":"Carnevale di Rio-Bot"}]},{"@type":"WebSite","@id":"https:\/\/www.pedagogia.it\/digituslab\/#website","url":"https:\/\/www.pedagogia.it\/digituslab\/","name":"Stripes Digitus Lab","description":"Centro internazionale di ricerca e innovazione sulla robotica educativa e le tecnologie digitali","publisher":{"@id":"https:\/\/www.pedagogia.it\/digituslab\/#organization"},"potentialAction":[{"@type":"SearchAction","target":{"@type":"EntryPoint","urlTemplate":"https:\/\/www.pedagogia.it\/digituslab\/?s={search_term_string}"},"query-input":{"@type":"PropertyValueSpecification","valueRequired":true,"valueName":"search_term_string"}}],"inLanguage":"it-IT"},{"@type":"Organization","@id":"https:\/\/www.pedagogia.it\/digituslab\/#organization","name":"Stripe Digitus Lab","url":"https:\/\/www.pedagogia.it\/digituslab\/","logo":{"@type":"ImageObject","inLanguage":"it-IT","@id":"https:\/\/www.pedagogia.it\/digituslab\/#\/schema\/logo\/image\/","url":"https:\/\/www.pedagogia.it\/digituslab\/wp-content\/uploads\/sites\/6\/2018\/03\/digituslab.png","contentUrl":"https:\/\/www.pedagogia.it\/digituslab\/wp-content\/uploads\/sites\/6\/2018\/03\/digituslab.png","width":280,"height":80,"caption":"Stripe Digitus Lab"},"image":{"@id":"https:\/\/www.pedagogia.it\/digituslab\/#\/schema\/logo\/image\/"}}]}},"_links":{"self":[{"href":"https:\/\/www.pedagogia.it\/digituslab\/wp-json\/wp\/v2\/product\/76444","targetHints":{"allow":["GET"]}}],"collection":[{"href":"https:\/\/www.pedagogia.it\/digituslab\/wp-json\/wp\/v2\/product"}],"about":[{"href":"https:\/\/www.pedagogia.it\/digituslab\/wp-json\/wp\/v2\/types\/product"}],"replies":[{"embeddable":true,"href":"https:\/\/www.pedagogia.it\/digituslab\/wp-json\/wp\/v2\/comments?post=76444"}],"wp:featuredmedia":[{"embeddable":true,"href":"https:\/\/www.pedagogia.it\/digituslab\/wp-json\/wp\/v2\/media\/76449"}],"wp:attachment":[{"href":"https:\/\/www.pedagogia.it\/digituslab\/wp-json\/wp\/v2\/media?parent=76444"}],"wp:term":[{"taxonomy":"product_brand","embeddable":true,"href":"https:\/\/www.pedagogia.it\/digituslab\/wp-json\/wp\/v2\/product_brand?post=76444"},{"taxonomy":"product_cat","embeddable":true,"href":"https:\/\/www.pedagogia.it\/digituslab\/wp-json\/wp\/v2\/product_cat?post=76444"},{"taxonomy":"product_tag","embeddable":true,"href":"https:\/\/www.pedagogia.it\/digituslab\/wp-json\/wp\/v2\/product_tag?post=76444"}],"curies":[{"name":"wp","href":"https:\/\/api.w.org\/{rel}","templated":true}]}}