{"id":202,"date":"2018-06-13T17:28:59","date_gmt":"2018-06-13T15:28:59","guid":{"rendered":"https:\/\/www.pedagogia.it\/famiglia\/?page_id=202"},"modified":"2018-06-13T17:28:59","modified_gmt":"2018-06-13T15:28:59","slug":"cookie-policy","status":"publish","type":"page","link":"https:\/\/www.pedagogia.it\/famiglia\/cookie-policy\/","title":{"rendered":"Cookie Policy"},"content":{"rendered":"<div class=\"post-content style-light\">\n<p>I cookies sono piccoli file di testo inviati all\u2019utente dal sito web visitato. Vengono memorizzati sull\u2019hard disk del computer, consentendo in questo modo al sito web di riconoscere gli utenti e memorizzare determinate informazioni su di loro, al fine di permettere o migliorare il servizio offerto.<\/p>\n<p>Esistono diverse tipologie di cookies. Alcuni sono necessari per poter navigare sul Sito, altri hanno scopi diversi come garantire la sicurezza interna, amministrare il sistema, effettuare analisi statistiche, comprendere quali sono le sezioni del Sito che interessano maggiormente gli utenti o offrire una visita personalizzata del Sito.<\/p>\n<p>Quanto precede si riferisce sia al computer dell\u2019utente sia ad ogni altro dispositivo che l\u2019utente pu\u00f2 utilizzare per connettersi al Sito.<\/p>\n<p><strong>Cookies tecnici<\/strong><\/p>\n<p>Possono essere suddivisi in cookies di navigazione o di sessione, che garantiscono la normale navigazione e fruizione del sito web, cookies analytics, assimilati ai cookies tecnici laddove utilizzati direttamente dal gestore del sito per raccogliere informazioni, in forma aggregata, sul numero degli utenti e su come questi visitano il sito stesso, cookies di funzionalit\u00e0, che permettono all\u2019utente la navigazione in funzione di una serie di criteri selezionati al fine di migliorare il servizio reso allo stesso.<\/p>\n<p>La disabilitazione dei cookies potrebbe limitare la possibilit\u00e0 di usare il Sito e impedire di beneficiare in pieno delle funzionalit\u00e0 e dei servizi presenti sul Sito. Per decidere quali accettare e quali rifiutare, \u00e8 illustrata di seguito una descrizione dei cookies utilizzati sul Sito.<\/p>\n<p><strong>Tipologie di cookies utilizzati<\/strong><\/p>\n<p><strong>Cookies di sessione:<\/strong><br \/>\nI c.d. \u2018cookies di sessione\u2019 sono memorizzati temporaneamente e vengono cancellati quando l\u2019utente chiude il browser. Se l\u2019utente si registra al Sito, pu\u00f2 utilizzare cookies che raccolgono dati personali al fine di identificare l\u2019utente in occasione di visite successive e di facilitare l\u2019accesso \u2013 login al Sito (per esempio conservando username e password dell\u2019utente) e la navigazione sullo stesso. Inoltre il Gestore utilizza i cookies per finalit\u00e0 di amministrazione del sistema. Il Sito potrebbe contenere link ad altri siti. Il Gestore non ha alcun accesso o controllo su cookies, web bacon e altre tecnologie di tracciamento usate sui siti di terzi cui l\u2019utente pu\u00f2 accedere dal Sito, sulla disponibilit\u00e0, su qualsiasi contenuto e materiale che \u00e8 pubblicato o ottenuto attraverso tali siti e sulle relative modalit\u00e0 di trattamento dei dati personali; il Gestore a questo proposito declina espressamente ogni relativa responsabilit\u00e0. L\u2019utente dovrebbe verificare la privacy policy dei siti di terzi cui accede dal Sito per conoscere le condizioni applicabili al trattamento dei dati personali poich\u00e9 la Privacy Policy del Gestore si applica solo al Sito come sopra definito.<\/p>\n<p><strong>Cookies persistenti:<\/strong><\/p>\n<p>I cookies persistenti sono memorizzati sul dispositivo degli utenti tra le sessioni del browser, consentendo di ricordare le preferenze o le azioni dell\u2019utente in un sito. Possono essere utilizzati per diversi scopi, ad esempio per ricordare le preferenze e le scelte quando si utilizza il Sito.<\/p>\n<p><strong>Cookies essenziali:<\/strong><\/p>\n<p>Questi cookies sono strettamente necessari per il funzionamento del Sito. Senza l\u2019uso di tali cookies alcune parti del Sito non funzionerebbero. Comprendono, ad esempio, i cookies che consentono di accedere in aree protette del Sito. Questi cookies non raccolgono informazioni per scopi di marketing e non possono essere disattivati.<\/p>\n<p><strong>Cookies funzionali:<\/strong><\/p>\n<p>Questi cookies servono a riconoscere un utente che torna a visitare il Sito. Permettono di personalizzare i contenuti e ricordate le preferenze (ad esempio, la lingua selezionata o la regione). Questi cookies non raccolgono informazioni che possono identificare l\u2019utente. Tutte le informazioni raccolte sono anonime.<\/p>\n<p><strong>Cookies di condivisone sui Social Network:<\/strong><\/p>\n<p>Questi cookies facilitano la condivisione dei contenuti del sito attraverso social network quali ad esempio Facebook, Twitter e Google Analytics. Per prendere visione delle rispettive privacy e cookies policies \u00e8 possibile visitare i siti web dei social networks. Nel caso di Facebook e Twitter, l\u2019utente pu\u00f2 visitare\u00a0<a href=\"https:\/\/www.facebook.com\/help\/cookies\" target=\"_blank\" rel=\"noopener noreferrer\">https:\/\/www.facebook.com\/help\/cookies<\/a>,\u00a0<a href=\"https:\/\/twitter.com\/privacy\" target=\"_blank\" rel=\"noopener noreferrer\">https:\/\/twitter.com\/privacy<\/a>\u00a0e\u00a0<a href=\"http:\/\/www.google.com\/policies\/technologies\/ads\/\" target=\"_blank\" rel=\"noopener noreferrer\">http:\/\/www.google.com\/policies\/technologies\/ads\/<\/a>.<\/p>\n<p>Come modificare le impostazioni sui cookies<\/p>\n<p>La maggior parte dei browser accetta automaticamente i cookies, ma l\u2019utente normalmente pu\u00f2 modificare le impostazioni per disabilitare tale funzione. E\u2019 possibile bloccare tutte le tipologie di cookies, oppure accettare di riceverne soltanto alcuni e disabilitarne altri. La sezione \u201cOpzioni\u201d o \u201cPreferenze\u201d nel menu del browser permettono di evitare di ricevere cookies e altre tecnologie di tracciamento utente, e come ottenere notifica dal browser dell\u2019attivazione di queste tecnologie. In alternativa, \u00e8 anche possibile consultare la sezione \u201cAiuto\u201d della barra degli strumenti presente nella maggior parte dei browser.<br \/>\nSi ricorda che la disabilitazione dei cookie di navigazione o di quelli funzionali pu\u00f2 causare il malfunzionamento del Sito e\/o limitare il servizio offerto.<\/p>\n<\/div>\n<div class=\"post-footer post-footer-light style-light no-top-padding double-bottom-padding\"><\/div>\n","protected":false},"excerpt":{"rendered":"<p>I cookies sono piccoli file di testo inviati all\u2019utente dal sito web visitato. Vengono memorizzati sull\u2019hard disk del computer, consentendo [&hellip;]<\/p>\n","protected":false},"author":1,"featured_media":0,"parent":0,"menu_order":0,"comment_status":"closed","ping_status":"closed","template":"","meta":{"footnotes":""},"tags":[],"class_list":["post-202","page","type-page","status-publish","hentry"],"yoast_head":"<!-- This site is optimized with the Yoast SEO plugin v27.2 - https:\/\/yoast.com\/product\/yoast-seo-wordpress\/ -->\n<title>Cookie Policy - Il posto delle parole<\/title>\n<meta name=\"robots\" content=\"index, follow, max-snippet:-1, max-image-preview:large, max-video-preview:-1\" \/>\n<link rel=\"canonical\" href=\"https:\/\/www.pedagogia.it\/famiglia\/cookie-policy\/\" \/>\n<meta property=\"og:locale\" content=\"it_IT\" \/>\n<meta property=\"og:type\" content=\"article\" \/>\n<meta property=\"og:title\" content=\"Cookie Policy - Il posto delle parole\" \/>\n<meta property=\"og:description\" content=\"I cookies sono piccoli file di testo inviati all\u2019utente dal sito web visitato. Vengono memorizzati sull\u2019hard disk del computer, consentendo [&hellip;]\" \/>\n<meta property=\"og:url\" content=\"https:\/\/www.pedagogia.it\/famiglia\/cookie-policy\/\" \/>\n<meta property=\"og:site_name\" content=\"Il posto delle parole\" \/>\n<meta name=\"twitter:card\" content=\"summary_large_image\" \/>\n<meta name=\"twitter:label1\" content=\"Tempo di lettura stimato\" \/>\n\t<meta name=\"twitter:data1\" content=\"4 minuti\" \/>\n<script type=\"application\/ld+json\" class=\"yoast-schema-graph\">{\"@context\":\"https:\/\/schema.org\",\"@graph\":[{\"@type\":\"WebPage\",\"@id\":\"https:\/\/www.pedagogia.it\/famiglia\/cookie-policy\/\",\"url\":\"https:\/\/www.pedagogia.it\/famiglia\/cookie-policy\/\",\"name\":\"Cookie Policy - Il posto delle parole\",\"isPartOf\":{\"@id\":\"https:\/\/www.pedagogia.it\/famiglia\/#website\"},\"datePublished\":\"2018-06-13T15:28:59+00:00\",\"breadcrumb\":{\"@id\":\"https:\/\/www.pedagogia.it\/famiglia\/cookie-policy\/#breadcrumb\"},\"inLanguage\":\"it-IT\",\"potentialAction\":[{\"@type\":\"ReadAction\",\"target\":[\"https:\/\/www.pedagogia.it\/famiglia\/cookie-policy\/\"]}]},{\"@type\":\"BreadcrumbList\",\"@id\":\"https:\/\/www.pedagogia.it\/famiglia\/cookie-policy\/#breadcrumb\",\"itemListElement\":[{\"@type\":\"ListItem\",\"position\":1,\"name\":\"Home\",\"item\":\"https:\/\/www.pedagogia.it\/famiglia\/\"},{\"@type\":\"ListItem\",\"position\":2,\"name\":\"Cookie Policy\"}]},{\"@type\":\"WebSite\",\"@id\":\"https:\/\/www.pedagogia.it\/famiglia\/#website\",\"url\":\"https:\/\/www.pedagogia.it\/famiglia\/\",\"name\":\"Il posto delle parole\",\"description\":\"Centro Psico-Pedagogico di aiuto alla famiglia\",\"potentialAction\":[{\"@type\":\"SearchAction\",\"target\":{\"@type\":\"EntryPoint\",\"urlTemplate\":\"https:\/\/www.pedagogia.it\/famiglia\/?s={search_term_string}\"},\"query-input\":{\"@type\":\"PropertyValueSpecification\",\"valueRequired\":true,\"valueName\":\"search_term_string\"}}],\"inLanguage\":\"it-IT\"}]}<\/script>\n<!-- \/ Yoast SEO plugin. -->","yoast_head_json":{"title":"Cookie Policy - Il posto delle parole","robots":{"index":"index","follow":"follow","max-snippet":"max-snippet:-1","max-image-preview":"max-image-preview:large","max-video-preview":"max-video-preview:-1"},"canonical":"https:\/\/www.pedagogia.it\/famiglia\/cookie-policy\/","og_locale":"it_IT","og_type":"article","og_title":"Cookie Policy - Il posto delle parole","og_description":"I cookies sono piccoli file di testo inviati all\u2019utente dal sito web visitato. Vengono memorizzati sull\u2019hard disk del computer, consentendo [&hellip;]","og_url":"https:\/\/www.pedagogia.it\/famiglia\/cookie-policy\/","og_site_name":"Il posto delle parole","twitter_card":"summary_large_image","twitter_misc":{"Tempo di lettura stimato":"4 minuti"},"schema":{"@context":"https:\/\/schema.org","@graph":[{"@type":"WebPage","@id":"https:\/\/www.pedagogia.it\/famiglia\/cookie-policy\/","url":"https:\/\/www.pedagogia.it\/famiglia\/cookie-policy\/","name":"Cookie Policy - Il posto delle parole","isPartOf":{"@id":"https:\/\/www.pedagogia.it\/famiglia\/#website"},"datePublished":"2018-06-13T15:28:59+00:00","breadcrumb":{"@id":"https:\/\/www.pedagogia.it\/famiglia\/cookie-policy\/#breadcrumb"},"inLanguage":"it-IT","potentialAction":[{"@type":"ReadAction","target":["https:\/\/www.pedagogia.it\/famiglia\/cookie-policy\/"]}]},{"@type":"BreadcrumbList","@id":"https:\/\/www.pedagogia.it\/famiglia\/cookie-policy\/#breadcrumb","itemListElement":[{"@type":"ListItem","position":1,"name":"Home","item":"https:\/\/www.pedagogia.it\/famiglia\/"},{"@type":"ListItem","position":2,"name":"Cookie Policy"}]},{"@type":"WebSite","@id":"https:\/\/www.pedagogia.it\/famiglia\/#website","url":"https:\/\/www.pedagogia.it\/famiglia\/","name":"Il posto delle parole","description":"Centro Psico-Pedagogico di aiuto alla famiglia","potentialAction":[{"@type":"SearchAction","target":{"@type":"EntryPoint","urlTemplate":"https:\/\/www.pedagogia.it\/famiglia\/?s={search_term_string}"},"query-input":{"@type":"PropertyValueSpecification","valueRequired":true,"valueName":"search_term_string"}}],"inLanguage":"it-IT"}]}},"_links":{"self":[{"href":"https:\/\/www.pedagogia.it\/famiglia\/wp-json\/wp\/v2\/pages\/202","targetHints":{"allow":["GET"]}}],"collection":[{"href":"https:\/\/www.pedagogia.it\/famiglia\/wp-json\/wp\/v2\/pages"}],"about":[{"href":"https:\/\/www.pedagogia.it\/famiglia\/wp-json\/wp\/v2\/types\/page"}],"author":[{"embeddable":true,"href":"https:\/\/www.pedagogia.it\/famiglia\/wp-json\/wp\/v2\/users\/1"}],"replies":[{"embeddable":true,"href":"https:\/\/www.pedagogia.it\/famiglia\/wp-json\/wp\/v2\/comments?post=202"}],"version-history":[{"count":0,"href":"https:\/\/www.pedagogia.it\/famiglia\/wp-json\/wp\/v2\/pages\/202\/revisions"}],"wp:attachment":[{"href":"https:\/\/www.pedagogia.it\/famiglia\/wp-json\/wp\/v2\/media?parent=202"}],"wp:term":[{"taxonomy":"post_tag","embeddable":true,"href":"https:\/\/www.pedagogia.it\/famiglia\/wp-json\/wp\/v2\/tags?post=202"}],"curies":[{"name":"wp","href":"https:\/\/api.w.org\/{rel}","templated":true}]}}