{"id":29,"date":"2017-08-02T13:16:40","date_gmt":"2017-08-02T11:16:40","guid":{"rendered":"http:\/\/famiglia.pedagogia.it\/?page_id=29"},"modified":"2023-03-09T12:28:43","modified_gmt":"2023-03-09T11:28:43","slug":"chi-siamo","status":"publish","type":"page","link":"https:\/\/www.pedagogia.it\/famiglia\/chi-siamo\/","title":{"rendered":"Chi siamo"},"content":{"rendered":"<div class=\"wpb-content-wrapper\"><p>[vc_row][vc_column width=&#8221;1\/4&#8243;][vc_single_image media=&#8221;13&#8243; media_width_percent=&#8221;100&#8243;][\/vc_column][vc_column width=&#8221;3\/4&#8243;][vc_column_text uncode_shortcode_id=&#8221;196101&#8243;]<strong>L&#8217;\u00e9quipe<\/strong><\/p>\n<p>L\u2019\u00e9quipe dei professionisti che operano al Posto delle Parole \u00e8 composta da psicologi, psicoterapeuti, mediatori familiari, pedagogisti, logopedisti, psicomotricisti e neuropsichiatri infantili. Si avvale inoltre delle competenze di psichiatra, arteterapeuta, educatori professionali e mediatori culturali e linguistici. La multidisciplinariet\u00e0 dell\u2019\u00e9quipe garantisce la possibilit\u00e0 alle famiglie del territorio di usufruire di interventi diversificati e specifici in funzione delle necessit\u00e0 individuali o familiari.<\/p>\n<p><em>Dott. Angelo Villa<\/em>, responsabile scientifico del Posto delle parole, supervisore, psicoanalista, autore di numerosi articoli e testi specialistici, docente<\/p>\n<p><em>Dott.ssa Patrizia Petroni, <\/em>coordinatrice del servizio, psicologa, svolge consulenze psicologiche a adulti\u00a0 e minori, consulenze di coppia e genitoriali, esperta nell&#8217;area della disabilit\u00e0, nel potenziamento cognitivo (metodo Feuerstein), in tecniche di rilassamento (training autogeno) e in interventi relazionali in contesti di emergenza<\/p>\n<p><em>Dott.ssa Sabrina Biella, <\/em>psicoterapeuta, specializzata in psicoterapia cognitivo-comportamentale, esperta nella cura dei disturbi ansiosi e depressivi e nell\u2019utilizzo di tecniche comportamentali per il rilassamento e la gestione dello stress, nella diagnosi e trattamento dei DSA, peer education e tematiche legate al bullismo<\/p>\n<p><em>Dott.ssa Anna Maria Sassi, <\/em>psicoterapeuta, specializzata in psicoterapia cognitivo-comportamentale, esperta in diagnosi e trattamento dei Disturbi Specifici dell&#8217;Apprendimento, psicodiagnosi, tecniche di potenziamento cognitivo e mindfullness<\/p>\n<p><em>Dott.ssa Anita Mroczkowska Genoni,<\/em> logopedista, esperta diagnosi e trattamento dei Disturbi Specifici dell&#8217;Apprendimento<\/p>\n<p><em>Dott.ssa Arianna Casella<\/em>, terapista della neuro e psicomotricit\u00e0 dell\u2019et\u00e0 evolutiva<\/p>\n<p><em>Dott.ssa Moira Cometa<\/em>, neuropsichiatra infantile, esperta nei disturbi\u00a0specifici dell&#8217;apprendimento e nella diagnosi e cura dei disturbi neuropsichiatrici dell&#8217;et\u00e0 evolutiva.<\/p>\n<p><strong>Le reti <\/strong><\/p>\n<p>Il lavoro di rete e in rete pensiamo sia fondamentale per promuovere il benessere della persona e della famiglia. Per questo partecipiamo a :<\/p>\n<ul>\n<li>Rete di contrasto alla violenza contro le donne\u00a0domestica e di genere<\/li>\n<li>Percorso nascita per il supporto di genitori e neonati in situazioni di fragilit\u00e0<\/li>\n<li>Fare Diversamente per l\u2019inclusione sociale<\/li>\n<\/ul>\n<p>Carta dei servizi[\/vc_column_text][\/vc_column][\/vc_row]<\/p>\n<\/div>","protected":false},"excerpt":{"rendered":"<p>[vc_row][vc_column width=&#8221;1\/4&#8243;][vc_single_image media=&#8221;13&#8243; media_width_percent=&#8221;100&#8243;][\/vc_column][vc_column width=&#8221;3\/4&#8243;][vc_column_text uncode_shortcode_id=&#8221;196101&#8243;]L&#8217;\u00e9quipe L\u2019\u00e9quipe dei professionisti che operano al Posto delle Parole \u00e8 composta da psicologi, psicoterapeuti, [&hellip;]<\/p>\n","protected":false},"author":1,"featured_media":0,"parent":0,"menu_order":0,"comment_status":"closed","ping_status":"closed","template":"","meta":{"footnotes":""},"tags":[],"class_list":["post-29","page","type-page","status-publish","hentry"],"yoast_head":"<!-- This site is optimized with the Yoast SEO plugin v27.2 - https:\/\/yoast.com\/product\/yoast-seo-wordpress\/ -->\n<title>Chi siamo - Il posto delle parole<\/title>\n<meta name=\"robots\" content=\"index, follow, max-snippet:-1, max-image-preview:large, max-video-preview:-1\" \/>\n<link rel=\"canonical\" href=\"https:\/\/www.pedagogia.it\/famiglia\/chi-siamo\/\" \/>\n<meta property=\"og:locale\" content=\"it_IT\" \/>\n<meta property=\"og:type\" content=\"article\" \/>\n<meta property=\"og:title\" content=\"Chi siamo - Il posto delle parole\" \/>\n<meta property=\"og:description\" content=\"[vc_row][vc_column width=&#8221;1\/4&#8243;][vc_single_image media=&#8221;13&#8243; media_width_percent=&#8221;100&#8243;][\/vc_column][vc_column width=&#8221;3\/4&#8243;][vc_column_text uncode_shortcode_id=&#8221;196101&#8243;]L&#8217;\u00e9quipe L\u2019\u00e9quipe dei professionisti che operano al Posto delle Parole \u00e8 composta da psicologi, psicoterapeuti, [&hellip;]\" \/>\n<meta property=\"og:url\" content=\"https:\/\/www.pedagogia.it\/famiglia\/chi-siamo\/\" \/>\n<meta property=\"og:site_name\" content=\"Il posto delle parole\" \/>\n<meta property=\"article:modified_time\" content=\"2023-03-09T11:28:43+00:00\" \/>\n<meta name=\"twitter:card\" content=\"summary_large_image\" \/>\n<meta name=\"twitter:label1\" content=\"Tempo di lettura stimato\" \/>\n\t<meta name=\"twitter:data1\" content=\"2 minuti\" \/>\n<script type=\"application\/ld+json\" class=\"yoast-schema-graph\">{\"@context\":\"https:\/\/schema.org\",\"@graph\":[{\"@type\":\"WebPage\",\"@id\":\"https:\/\/www.pedagogia.it\/famiglia\/chi-siamo\/\",\"url\":\"https:\/\/www.pedagogia.it\/famiglia\/chi-siamo\/\",\"name\":\"Chi siamo - Il posto delle parole\",\"isPartOf\":{\"@id\":\"https:\/\/www.pedagogia.it\/famiglia\/#website\"},\"datePublished\":\"2017-08-02T11:16:40+00:00\",\"dateModified\":\"2023-03-09T11:28:43+00:00\",\"breadcrumb\":{\"@id\":\"https:\/\/www.pedagogia.it\/famiglia\/chi-siamo\/#breadcrumb\"},\"inLanguage\":\"it-IT\",\"potentialAction\":[{\"@type\":\"ReadAction\",\"target\":[\"https:\/\/www.pedagogia.it\/famiglia\/chi-siamo\/\"]}]},{\"@type\":\"BreadcrumbList\",\"@id\":\"https:\/\/www.pedagogia.it\/famiglia\/chi-siamo\/#breadcrumb\",\"itemListElement\":[{\"@type\":\"ListItem\",\"position\":1,\"name\":\"Home\",\"item\":\"https:\/\/www.pedagogia.it\/famiglia\/\"},{\"@type\":\"ListItem\",\"position\":2,\"name\":\"Chi siamo\"}]},{\"@type\":\"WebSite\",\"@id\":\"https:\/\/www.pedagogia.it\/famiglia\/#website\",\"url\":\"https:\/\/www.pedagogia.it\/famiglia\/\",\"name\":\"Il posto delle parole\",\"description\":\"Centro Psico-Pedagogico di aiuto alla famiglia\",\"potentialAction\":[{\"@type\":\"SearchAction\",\"target\":{\"@type\":\"EntryPoint\",\"urlTemplate\":\"https:\/\/www.pedagogia.it\/famiglia\/?s={search_term_string}\"},\"query-input\":{\"@type\":\"PropertyValueSpecification\",\"valueRequired\":true,\"valueName\":\"search_term_string\"}}],\"inLanguage\":\"it-IT\"}]}<\/script>\n<!-- \/ Yoast SEO plugin. -->","yoast_head_json":{"title":"Chi siamo - Il posto delle parole","robots":{"index":"index","follow":"follow","max-snippet":"max-snippet:-1","max-image-preview":"max-image-preview:large","max-video-preview":"max-video-preview:-1"},"canonical":"https:\/\/www.pedagogia.it\/famiglia\/chi-siamo\/","og_locale":"it_IT","og_type":"article","og_title":"Chi siamo - Il posto delle parole","og_description":"[vc_row][vc_column width=&#8221;1\/4&#8243;][vc_single_image media=&#8221;13&#8243; media_width_percent=&#8221;100&#8243;][\/vc_column][vc_column width=&#8221;3\/4&#8243;][vc_column_text uncode_shortcode_id=&#8221;196101&#8243;]L&#8217;\u00e9quipe L\u2019\u00e9quipe dei professionisti che operano al Posto delle Parole \u00e8 composta da psicologi, psicoterapeuti, [&hellip;]","og_url":"https:\/\/www.pedagogia.it\/famiglia\/chi-siamo\/","og_site_name":"Il posto delle parole","article_modified_time":"2023-03-09T11:28:43+00:00","twitter_card":"summary_large_image","twitter_misc":{"Tempo di lettura stimato":"2 minuti"},"schema":{"@context":"https:\/\/schema.org","@graph":[{"@type":"WebPage","@id":"https:\/\/www.pedagogia.it\/famiglia\/chi-siamo\/","url":"https:\/\/www.pedagogia.it\/famiglia\/chi-siamo\/","name":"Chi siamo - Il posto delle parole","isPartOf":{"@id":"https:\/\/www.pedagogia.it\/famiglia\/#website"},"datePublished":"2017-08-02T11:16:40+00:00","dateModified":"2023-03-09T11:28:43+00:00","breadcrumb":{"@id":"https:\/\/www.pedagogia.it\/famiglia\/chi-siamo\/#breadcrumb"},"inLanguage":"it-IT","potentialAction":[{"@type":"ReadAction","target":["https:\/\/www.pedagogia.it\/famiglia\/chi-siamo\/"]}]},{"@type":"BreadcrumbList","@id":"https:\/\/www.pedagogia.it\/famiglia\/chi-siamo\/#breadcrumb","itemListElement":[{"@type":"ListItem","position":1,"name":"Home","item":"https:\/\/www.pedagogia.it\/famiglia\/"},{"@type":"ListItem","position":2,"name":"Chi siamo"}]},{"@type":"WebSite","@id":"https:\/\/www.pedagogia.it\/famiglia\/#website","url":"https:\/\/www.pedagogia.it\/famiglia\/","name":"Il posto delle parole","description":"Centro Psico-Pedagogico di aiuto alla famiglia","potentialAction":[{"@type":"SearchAction","target":{"@type":"EntryPoint","urlTemplate":"https:\/\/www.pedagogia.it\/famiglia\/?s={search_term_string}"},"query-input":{"@type":"PropertyValueSpecification","valueRequired":true,"valueName":"search_term_string"}}],"inLanguage":"it-IT"}]}},"_links":{"self":[{"href":"https:\/\/www.pedagogia.it\/famiglia\/wp-json\/wp\/v2\/pages\/29","targetHints":{"allow":["GET"]}}],"collection":[{"href":"https:\/\/www.pedagogia.it\/famiglia\/wp-json\/wp\/v2\/pages"}],"about":[{"href":"https:\/\/www.pedagogia.it\/famiglia\/wp-json\/wp\/v2\/types\/page"}],"author":[{"embeddable":true,"href":"https:\/\/www.pedagogia.it\/famiglia\/wp-json\/wp\/v2\/users\/1"}],"replies":[{"embeddable":true,"href":"https:\/\/www.pedagogia.it\/famiglia\/wp-json\/wp\/v2\/comments?post=29"}],"version-history":[{"count":2,"href":"https:\/\/www.pedagogia.it\/famiglia\/wp-json\/wp\/v2\/pages\/29\/revisions"}],"predecessor-version":[{"id":274,"href":"https:\/\/www.pedagogia.it\/famiglia\/wp-json\/wp\/v2\/pages\/29\/revisions\/274"}],"wp:attachment":[{"href":"https:\/\/www.pedagogia.it\/famiglia\/wp-json\/wp\/v2\/media?parent=29"}],"wp:term":[{"taxonomy":"post_tag","embeddable":true,"href":"https:\/\/www.pedagogia.it\/famiglia\/wp-json\/wp\/v2\/tags?post=29"}],"curies":[{"name":"wp","href":"https:\/\/api.w.org\/{rel}","templated":true}]}}