{"id":33,"date":"2017-08-02T13:33:24","date_gmt":"2017-08-02T11:33:24","guid":{"rendered":"http:\/\/famiglia.pedagogia.it\/?page_id=33"},"modified":"2018-04-18T17:40:26","modified_gmt":"2018-04-18T15:40:26","slug":"adulti-e-famiglie","status":"publish","type":"page","link":"https:\/\/www.pedagogia.it\/famiglia\/adulti-e-famiglie\/","title":{"rendered":"Adulti e famiglie"},"content":{"rendered":"<div class=\"wpb-content-wrapper\"><p>[vc_row][vc_column width=&#8221;1\/1&#8243;][vc_column_text]Il Posto delle parole si pone come un modo nuovo di pensare ai servizi rivolti alla famiglia, con una presa in carico di tutto il sistema familiare, ponendo la persona al centro, nel rispetto della sua identit\u00e0, dignit\u00e0, libert\u00e0.<\/p>\n<p>Luogo di ascolto, incontro, sostegno per genitori e persone che necessitano di un supporto per far fronte a momenti di fragilit\u00e0 o a fasi di cambiamento della propria vita.<\/p>\n<p>I servizi che offre sono i seguenti:<\/p>\n<ul>\n<li><u>Consulenza psicologica<\/u> (individuale e di coppia) per ricevere un sostegno in merito a problematiche specifiche o per la promozione del proprio benessere e delle proprie capacit\u00e0 individuali<\/li>\n<li><u>Consulenza pedagogica\u00a0 e sostegno genitoriale <\/u>rivolto a genitori alle prese con difficolt\u00e0 educative all\u2019interno del ciclo di vita proprio e dei propri figli, dalla prima infanzia all\u2019et\u00e0 adolescenziale e oltre<\/li>\n<li><u>Psicodiagnosi <\/u>volta alla comprensione del funzionamento del singolo al fine di individuare risorse, competenze e aree di fragilit\u00e0<\/li>\n<li><u>Psicoterapia <\/u>volta al trattamento di disturbi specifici e indicata per chi attraversa momenti di difficolt\u00e0 o crisi; permette di affrontare un approfondito percorso di evoluzione personale e di potenziamento delle risorse attraverso le quali far fronte alle difficolt\u00e0 attraversate<\/li>\n<li><u>EMDR:<\/u> \u00e8 un metodo psicoterapico strutturato che facilita il trattamento di diverse psicopatologie e problemi legati sia ad eventi traumatici, che a esperienze pi\u00f9 comuni ma emotivamente stressanti.<\/li>\n<li><u>Mediazione familiare<\/u>\u00a0 rivolta a coppie che hanno deciso di separarsi o gi\u00e0 separate, per aiutarle in questa delicata fase a mettere al centro il benessere dei figli<\/li>\n<li><u>Consulenza e valutazione psichiatrica<\/u> con possibilit\u00e0 di intervento psicofarmacologico in caso di necessit\u00e0<u><\/u><\/li>\n<li><span style=\"text-decoration: underline\">Coaching <\/span>per persone e gruppi di lavoro \u00e8 un processo trasformativo per la consapevolezza, la scoperta e la crescita persona\u00adle e professionale che aiuta a raggiungere i propri obiettivi.<\/li>\n<\/ul>\n<p>[\/vc_column_text][\/vc_column][\/vc_row]<\/p>\n<\/div>","protected":false},"excerpt":{"rendered":"<p>[vc_row][vc_column width=&#8221;1\/1&#8243;][vc_column_text]Il Posto delle parole si pone come un modo nuovo di pensare ai servizi rivolti alla famiglia, con una [&hellip;]<\/p>\n","protected":false},"author":1,"featured_media":0,"parent":0,"menu_order":0,"comment_status":"closed","ping_status":"closed","template":"","meta":{"footnotes":""},"tags":[],"class_list":["post-33","page","type-page","status-publish","hentry"],"yoast_head":"<!-- This site is optimized with the Yoast SEO plugin v27.2 - https:\/\/yoast.com\/product\/yoast-seo-wordpress\/ -->\n<title>Adulti e famiglie - Il posto delle parole<\/title>\n<meta name=\"robots\" content=\"index, follow, max-snippet:-1, max-image-preview:large, max-video-preview:-1\" \/>\n<link rel=\"canonical\" href=\"https:\/\/www.pedagogia.it\/famiglia\/adulti-e-famiglie\/\" \/>\n<meta property=\"og:locale\" content=\"it_IT\" \/>\n<meta property=\"og:type\" content=\"article\" \/>\n<meta property=\"og:title\" content=\"Adulti e famiglie - Il posto delle parole\" \/>\n<meta property=\"og:description\" content=\"[vc_row][vc_column width=&#8221;1\/1&#8243;][vc_column_text]Il Posto delle parole si pone come un modo nuovo di pensare ai servizi rivolti alla famiglia, con una [&hellip;]\" \/>\n<meta property=\"og:url\" content=\"https:\/\/www.pedagogia.it\/famiglia\/adulti-e-famiglie\/\" \/>\n<meta property=\"og:site_name\" content=\"Il posto delle parole\" \/>\n<meta property=\"article:modified_time\" content=\"2018-04-18T15:40:26+00:00\" \/>\n<meta name=\"twitter:card\" content=\"summary_large_image\" \/>\n<meta name=\"twitter:label1\" content=\"Tempo di lettura stimato\" \/>\n\t<meta name=\"twitter:data1\" content=\"2 minuti\" \/>\n<script type=\"application\/ld+json\" class=\"yoast-schema-graph\">{\"@context\":\"https:\/\/schema.org\",\"@graph\":[{\"@type\":\"WebPage\",\"@id\":\"https:\/\/www.pedagogia.it\/famiglia\/adulti-e-famiglie\/\",\"url\":\"https:\/\/www.pedagogia.it\/famiglia\/adulti-e-famiglie\/\",\"name\":\"Adulti e famiglie - Il posto delle parole\",\"isPartOf\":{\"@id\":\"https:\/\/www.pedagogia.it\/famiglia\/#website\"},\"datePublished\":\"2017-08-02T11:33:24+00:00\",\"dateModified\":\"2018-04-18T15:40:26+00:00\",\"breadcrumb\":{\"@id\":\"https:\/\/www.pedagogia.it\/famiglia\/adulti-e-famiglie\/#breadcrumb\"},\"inLanguage\":\"it-IT\",\"potentialAction\":[{\"@type\":\"ReadAction\",\"target\":[\"https:\/\/www.pedagogia.it\/famiglia\/adulti-e-famiglie\/\"]}]},{\"@type\":\"BreadcrumbList\",\"@id\":\"https:\/\/www.pedagogia.it\/famiglia\/adulti-e-famiglie\/#breadcrumb\",\"itemListElement\":[{\"@type\":\"ListItem\",\"position\":1,\"name\":\"Home\",\"item\":\"https:\/\/www.pedagogia.it\/famiglia\/\"},{\"@type\":\"ListItem\",\"position\":2,\"name\":\"Adulti e famiglie\"}]},{\"@type\":\"WebSite\",\"@id\":\"https:\/\/www.pedagogia.it\/famiglia\/#website\",\"url\":\"https:\/\/www.pedagogia.it\/famiglia\/\",\"name\":\"Il posto delle parole\",\"description\":\"Centro Psico-Pedagogico di aiuto alla famiglia\",\"potentialAction\":[{\"@type\":\"SearchAction\",\"target\":{\"@type\":\"EntryPoint\",\"urlTemplate\":\"https:\/\/www.pedagogia.it\/famiglia\/?s={search_term_string}\"},\"query-input\":{\"@type\":\"PropertyValueSpecification\",\"valueRequired\":true,\"valueName\":\"search_term_string\"}}],\"inLanguage\":\"it-IT\"}]}<\/script>\n<!-- \/ Yoast SEO plugin. -->","yoast_head_json":{"title":"Adulti e famiglie - Il posto delle parole","robots":{"index":"index","follow":"follow","max-snippet":"max-snippet:-1","max-image-preview":"max-image-preview:large","max-video-preview":"max-video-preview:-1"},"canonical":"https:\/\/www.pedagogia.it\/famiglia\/adulti-e-famiglie\/","og_locale":"it_IT","og_type":"article","og_title":"Adulti e famiglie - Il posto delle parole","og_description":"[vc_row][vc_column width=&#8221;1\/1&#8243;][vc_column_text]Il Posto delle parole si pone come un modo nuovo di pensare ai servizi rivolti alla famiglia, con una [&hellip;]","og_url":"https:\/\/www.pedagogia.it\/famiglia\/adulti-e-famiglie\/","og_site_name":"Il posto delle parole","article_modified_time":"2018-04-18T15:40:26+00:00","twitter_card":"summary_large_image","twitter_misc":{"Tempo di lettura stimato":"2 minuti"},"schema":{"@context":"https:\/\/schema.org","@graph":[{"@type":"WebPage","@id":"https:\/\/www.pedagogia.it\/famiglia\/adulti-e-famiglie\/","url":"https:\/\/www.pedagogia.it\/famiglia\/adulti-e-famiglie\/","name":"Adulti e famiglie - Il posto delle parole","isPartOf":{"@id":"https:\/\/www.pedagogia.it\/famiglia\/#website"},"datePublished":"2017-08-02T11:33:24+00:00","dateModified":"2018-04-18T15:40:26+00:00","breadcrumb":{"@id":"https:\/\/www.pedagogia.it\/famiglia\/adulti-e-famiglie\/#breadcrumb"},"inLanguage":"it-IT","potentialAction":[{"@type":"ReadAction","target":["https:\/\/www.pedagogia.it\/famiglia\/adulti-e-famiglie\/"]}]},{"@type":"BreadcrumbList","@id":"https:\/\/www.pedagogia.it\/famiglia\/adulti-e-famiglie\/#breadcrumb","itemListElement":[{"@type":"ListItem","position":1,"name":"Home","item":"https:\/\/www.pedagogia.it\/famiglia\/"},{"@type":"ListItem","position":2,"name":"Adulti e famiglie"}]},{"@type":"WebSite","@id":"https:\/\/www.pedagogia.it\/famiglia\/#website","url":"https:\/\/www.pedagogia.it\/famiglia\/","name":"Il posto delle parole","description":"Centro Psico-Pedagogico di aiuto alla famiglia","potentialAction":[{"@type":"SearchAction","target":{"@type":"EntryPoint","urlTemplate":"https:\/\/www.pedagogia.it\/famiglia\/?s={search_term_string}"},"query-input":{"@type":"PropertyValueSpecification","valueRequired":true,"valueName":"search_term_string"}}],"inLanguage":"it-IT"}]}},"_links":{"self":[{"href":"https:\/\/www.pedagogia.it\/famiglia\/wp-json\/wp\/v2\/pages\/33","targetHints":{"allow":["GET"]}}],"collection":[{"href":"https:\/\/www.pedagogia.it\/famiglia\/wp-json\/wp\/v2\/pages"}],"about":[{"href":"https:\/\/www.pedagogia.it\/famiglia\/wp-json\/wp\/v2\/types\/page"}],"author":[{"embeddable":true,"href":"https:\/\/www.pedagogia.it\/famiglia\/wp-json\/wp\/v2\/users\/1"}],"replies":[{"embeddable":true,"href":"https:\/\/www.pedagogia.it\/famiglia\/wp-json\/wp\/v2\/comments?post=33"}],"version-history":[{"count":0,"href":"https:\/\/www.pedagogia.it\/famiglia\/wp-json\/wp\/v2\/pages\/33\/revisions"}],"wp:attachment":[{"href":"https:\/\/www.pedagogia.it\/famiglia\/wp-json\/wp\/v2\/media?parent=33"}],"wp:term":[{"taxonomy":"post_tag","embeddable":true,"href":"https:\/\/www.pedagogia.it\/famiglia\/wp-json\/wp\/v2\/tags?post=33"}],"curies":[{"name":"wp","href":"https:\/\/api.w.org\/{rel}","templated":true}]}}