{"id":1315,"date":"2018-11-06T12:20:19","date_gmt":"2018-11-06T11:20:19","guid":{"rendered":"https:\/\/www.pedagogia.it\/stripes\/?page_id=1315"},"modified":"2019-03-05T15:41:42","modified_gmt":"2019-03-05T14:41:42","slug":"post-comunita-per-il-futuro","status":"publish","type":"page","link":"https:\/\/www.pedagogia.it\/stripes\/post-comunita-per-il-futuro\/","title":{"rendered":"Post-Comunit\u00e0 per il futuro"},"content":{"rendered":"<div class=\"wpb-content-wrapper\"><div data-parent=\"true\" class=\"vc_row row-container boomapps_vcrow\" id=\"row-unique-0\"><div class=\"row limit-width row-parent\"><div class=\"wpb_row row-inner\"><div class=\"wpb_column pos-top pos-center align_left column_parent col-lg-12 boomapps_vccolumn single-internal-gutter\"><div class=\"uncol style-light\"  ><div class=\"uncoltable\"><div class=\"uncell  boomapps_vccolumn no-block-padding\" ><div class=\"uncont\" ><div class=\"vc_wp_custommenu wpb_content_element\"  data-id=\"1\"><div class=\"widget widget_nav_menu\"><div class=\"menu-menu_post-container\"><ul id=\"menu-menu_post\" class=\"menu-smart sm menu-horizontal\"><li id=\"menu-item-1326\" class=\"menu-item menu-item-type-post_type menu-item-object-page menu-item-1326\"><a href=\"https:\/\/www.pedagogia.it\/stripes\/attivita-ed-eventi\/\">Attivit\u00e0 ed Eventi<\/a><\/li>\n<li id=\"menu-item-1321\" class=\"menu-item menu-item-type-post_type menu-item-object-page menu-item-privacy-policy menu-item-1321\"><a rel=\"privacy-policy\" href=\"https:\/\/www.pedagogia.it\/stripes\/post-comunita-per-il-futuro\/privacy-policy\/\">Privacy Policy<\/a><\/li>\n<li id=\"menu-item-1788\" class=\"menu-item menu-item-type-post_type menu-item-object-page menu-item-1788\"><a href=\"https:\/\/www.pedagogia.it\/stripes\/pedibus-questionario\/\">Pedibus Questionario<\/a><\/li>\n<\/ul><\/div><\/div><\/div><\/div><\/div><\/div><\/div><\/div><script id=\"script-row-unique-0\" data-row=\"script-row-unique-0\" type=\"text\/javascript\" class=\"vc_controls\">UNCODE.initRow(document.getElementById(\"row-unique-0\"));<\/script><\/div><\/div><\/div><div data-parent=\"true\" class=\"vc_row row-container boomapps_vcrow\" id=\"row-unique-1\"><div class=\"row limit-width row-parent\"><div class=\"wpb_row row-inner\"><div class=\"wpb_column pos-top pos-center align_left column_parent col-lg-12 boomapps_vccolumn single-internal-gutter\"><div class=\"uncol style-light\"  ><div class=\"uncoltable\"><div class=\"uncell  boomapps_vccolumn no-block-padding\" ><div class=\"uncont\" ><div class=\"uncode_text_column\" ><p>Il progetto Post-comunit\u00e0 per il futuro \u00e8 un nuovo progetto, sul territorio di Vanzago, pensato per tutta la famiglia finanziato da Fondazione Comunitaria Nord Milano.<br \/>\nIl progetto, fatto in collaborazione con le cooperative Tre Effe e Serena, si pone l\u2019obbiettivo di creare nuovi contesti di socialit\u00e0, luoghi comunitari per fare rete di dar vita a nuove iniziative per la prevenzione e il contrasto dell\u2019emarginazione delle famiglie.<\/p>\n<p>Per poter realizzare tutto questi abbiamo pensato a diverse iniziative&#8230;<\/p>\n<p>&nbsp;<\/p>\n<p><span style=\"font-size: 14pt\"><strong>Per le famiglie<\/strong><\/span><br \/>\n&#8211; &#8220;Genitori e poi?&#8221;: percorsi di sostegno alla genitorialit\u00e0 0-6, coordinati da un operatore, pensati per incontrarsi e\u00a0 confrontarsi sulle tematiche riguardanti la crescita dei figli e il ruolo di genitori.<\/p>\n<p>-Serate informative per confrontarsi con esperti sui temi dell\u2019educazione serate ludico- aggregative per ritrovarsi, stare insieme e fare rete.<\/p>\n<p>-Laboratori genitori e bambini presso lo Scrigno di Vanzago Counseling e sostegno psicologico e pedagogico; per genitori, adolescenti e adulti.<\/p>\n<p>-Tutor familiare, figura educativa di supporto per il genitore ed il minore anche diversabile nello specifico la fascia 0-6 anni<\/p>\n<p><span style=\"font-size: 14pt\"><strong>Per mamme e bambini<\/strong><\/span><br \/>\nEmozionando(si) aspetta: percorso dedicato alle donne in gravidanza<br \/>\nYoga mamma-beb\u00e8<br \/>\nFitness passeggino<br \/>\nMusic lab: laboratori per bambini fascia o-6 in collaborazione con l\u2019associazione Musicali si Cresce<br \/>\nL\u2019orto in cassetta: laboratorio di giardinaggio gestito dai nonni o dagli anziani dell\u2019Associazione Anziani di Vanzago per\u00a0 bambini fasce 0-6 e 6-11<\/p>\n<p><span style=\"font-size: 14pt\"><strong>Per ragazzi e Adulti<\/strong><\/span><br \/>\nReti di vicinato: momenti conviviali per festeggiare insieme ricorrenze, organizzare serate dedicate ai giochi da tavolo e cogliere l&#8217;occasione per far stare in compagnia chi abitualmente \u00e8 solo come gli anziani.<br \/>\nTeatro sociale e di comunit\u00e0; il percorso di laboratorio vuole coinvolgere a diverso titolo i cittadini del territorio utilizzando storie, racconti, paesaggi, beni comuni, ville storiche, parchi ecc. come ispirazione per mettere in scena una rappresentazione teatrale<br \/>\nUn posto per te; \u00e8 un percorso di coinvolgimento dei nonni\/anziani\/pensionati del territorio nelle attivit\u00e0 dello scrigno (es. portineria, laboratori, lettura di favole e storie, giochi ecc.) e del posto delle parole.<\/p>\n<\/div><\/div><\/div><\/div><\/div><\/div><script id=\"script-row-unique-1\" data-row=\"script-row-unique-1\" type=\"text\/javascript\" class=\"vc_controls\">UNCODE.initRow(document.getElementById(\"row-unique-1\"));<\/script><\/div><\/div><\/div>\n<\/div>","protected":false},"excerpt":{"rendered":"Attivit\u00e0 ed Eventi Privacy Policy Pedibus Questionario Il progetto Post-comunit\u00e0 per il futuro \u00e8 un nuovo progetto, sul territorio di [...]","protected":false},"author":1,"featured_media":1334,"parent":0,"menu_order":0,"comment_status":"closed","ping_status":"closed","template":"","meta":{"give_campaign_id":0,"om_disable_all_campaigns":false,"_monsterinsights_skip_tracking":false,"_monsterinsights_sitenote_active":false,"_monsterinsights_sitenote_note":"","_monsterinsights_sitenote_category":0,"footnotes":""},"tags":[],"class_list":["post-1315","page","type-page","status-publish","has-post-thumbnail","hentry"],"aioseo_notices":[],"yoast_head":"<!-- This site is optimized with the Yoast SEO plugin v27.2 - https:\/\/yoast.com\/product\/yoast-seo-wordpress\/ -->\n<title>Post-Comunit\u00e0 per il futuro - Stripes Cooperativa Sociale ONLUS<\/title>\n<meta name=\"robots\" content=\"index, follow, max-snippet:-1, max-image-preview:large, max-video-preview:-1\" \/>\n<link rel=\"canonical\" href=\"https:\/\/www.pedagogia.it\/stripes\/post-comunita-per-il-futuro\/\" \/>\n<meta property=\"og:locale\" content=\"it_IT\" \/>\n<meta property=\"og:type\" content=\"article\" \/>\n<meta property=\"og:title\" content=\"Post-Comunit\u00e0 per il futuro - Stripes Cooperativa Sociale ONLUS\" \/>\n<meta property=\"og:url\" content=\"https:\/\/www.pedagogia.it\/stripes\/post-comunita-per-il-futuro\/\" \/>\n<meta property=\"og:site_name\" content=\"Stripes Cooperativa Sociale ONLUS\" \/>\n<meta property=\"article:modified_time\" content=\"2019-03-05T14:41:42+00:00\" \/>\n<meta property=\"og:image\" content=\"https:\/\/www.pedagogia.it\/stripes\/wp-content\/uploads\/sites\/7\/2018\/11\/IMG_1607-1024x683.jpg\" \/>\n\t<meta property=\"og:image:width\" content=\"1024\" \/>\n\t<meta property=\"og:image:height\" content=\"683\" \/>\n\t<meta property=\"og:image:type\" content=\"image\/jpeg\" \/>\n<meta name=\"twitter:card\" content=\"summary_large_image\" \/>\n<meta name=\"twitter:label1\" content=\"Tempo di lettura stimato\" \/>\n\t<meta name=\"twitter:data1\" content=\"2 minuti\" \/>\n<script type=\"application\/ld+json\" class=\"yoast-schema-graph\">{\"@context\":\"https:\/\/schema.org\",\"@graph\":[{\"@type\":\"WebPage\",\"@id\":\"https:\/\/www.pedagogia.it\/stripes\/post-comunita-per-il-futuro\/\",\"url\":\"https:\/\/www.pedagogia.it\/stripes\/post-comunita-per-il-futuro\/\",\"name\":\"Post-Comunit\u00e0 per il futuro - Stripes Cooperativa Sociale ONLUS\",\"isPartOf\":{\"@id\":\"https:\/\/www.pedagogia.it\/stripes\/#website\"},\"primaryImageOfPage\":{\"@id\":\"https:\/\/www.pedagogia.it\/stripes\/post-comunita-per-il-futuro\/#primaryimage\"},\"image\":{\"@id\":\"https:\/\/www.pedagogia.it\/stripes\/post-comunita-per-il-futuro\/#primaryimage\"},\"thumbnailUrl\":\"https:\/\/www.pedagogia.it\/stripes\/wp-content\/uploads\/sites\/7\/2018\/11\/IMG_1607.jpg\",\"datePublished\":\"2018-11-06T11:20:19+00:00\",\"dateModified\":\"2019-03-05T14:41:42+00:00\",\"breadcrumb\":{\"@id\":\"https:\/\/www.pedagogia.it\/stripes\/post-comunita-per-il-futuro\/#breadcrumb\"},\"inLanguage\":\"it-IT\",\"potentialAction\":[{\"@type\":\"ReadAction\",\"target\":[\"https:\/\/www.pedagogia.it\/stripes\/post-comunita-per-il-futuro\/\"]}]},{\"@type\":\"ImageObject\",\"inLanguage\":\"it-IT\",\"@id\":\"https:\/\/www.pedagogia.it\/stripes\/post-comunita-per-il-futuro\/#primaryimage\",\"url\":\"https:\/\/www.pedagogia.it\/stripes\/wp-content\/uploads\/sites\/7\/2018\/11\/IMG_1607.jpg\",\"contentUrl\":\"https:\/\/www.pedagogia.it\/stripes\/wp-content\/uploads\/sites\/7\/2018\/11\/IMG_1607.jpg\",\"width\":6000,\"height\":4000},{\"@type\":\"BreadcrumbList\",\"@id\":\"https:\/\/www.pedagogia.it\/stripes\/post-comunita-per-il-futuro\/#breadcrumb\",\"itemListElement\":[{\"@type\":\"ListItem\",\"position\":1,\"name\":\"Home\",\"item\":\"https:\/\/www.pedagogia.it\/stripes\/\"},{\"@type\":\"ListItem\",\"position\":2,\"name\":\"Post-Comunit\u00e0 per il futuro\"}]},{\"@type\":\"WebSite\",\"@id\":\"https:\/\/www.pedagogia.it\/stripes\/#website\",\"url\":\"https:\/\/www.pedagogia.it\/stripes\/\",\"name\":\"Stripes Cooperativa Sociale ONLUS\",\"description\":\"\",\"potentialAction\":[{\"@type\":\"SearchAction\",\"target\":{\"@type\":\"EntryPoint\",\"urlTemplate\":\"https:\/\/www.pedagogia.it\/stripes\/?s={search_term_string}\"},\"query-input\":{\"@type\":\"PropertyValueSpecification\",\"valueRequired\":true,\"valueName\":\"search_term_string\"}}],\"inLanguage\":\"it-IT\"}]}<\/script>\n<!-- \/ Yoast SEO plugin. -->","yoast_head_json":{"title":"Post-Comunit\u00e0 per il futuro - Stripes Cooperativa Sociale ONLUS","robots":{"index":"index","follow":"follow","max-snippet":"max-snippet:-1","max-image-preview":"max-image-preview:large","max-video-preview":"max-video-preview:-1"},"canonical":"https:\/\/www.pedagogia.it\/stripes\/post-comunita-per-il-futuro\/","og_locale":"it_IT","og_type":"article","og_title":"Post-Comunit\u00e0 per il futuro - Stripes Cooperativa Sociale ONLUS","og_url":"https:\/\/www.pedagogia.it\/stripes\/post-comunita-per-il-futuro\/","og_site_name":"Stripes Cooperativa Sociale ONLUS","article_modified_time":"2019-03-05T14:41:42+00:00","og_image":[{"width":1024,"height":683,"url":"https:\/\/www.pedagogia.it\/stripes\/wp-content\/uploads\/sites\/7\/2018\/11\/IMG_1607-1024x683.jpg","type":"image\/jpeg"}],"twitter_card":"summary_large_image","twitter_misc":{"Tempo di lettura stimato":"2 minuti"},"schema":{"@context":"https:\/\/schema.org","@graph":[{"@type":"WebPage","@id":"https:\/\/www.pedagogia.it\/stripes\/post-comunita-per-il-futuro\/","url":"https:\/\/www.pedagogia.it\/stripes\/post-comunita-per-il-futuro\/","name":"Post-Comunit\u00e0 per il futuro - Stripes Cooperativa Sociale ONLUS","isPartOf":{"@id":"https:\/\/www.pedagogia.it\/stripes\/#website"},"primaryImageOfPage":{"@id":"https:\/\/www.pedagogia.it\/stripes\/post-comunita-per-il-futuro\/#primaryimage"},"image":{"@id":"https:\/\/www.pedagogia.it\/stripes\/post-comunita-per-il-futuro\/#primaryimage"},"thumbnailUrl":"https:\/\/www.pedagogia.it\/stripes\/wp-content\/uploads\/sites\/7\/2018\/11\/IMG_1607.jpg","datePublished":"2018-11-06T11:20:19+00:00","dateModified":"2019-03-05T14:41:42+00:00","breadcrumb":{"@id":"https:\/\/www.pedagogia.it\/stripes\/post-comunita-per-il-futuro\/#breadcrumb"},"inLanguage":"it-IT","potentialAction":[{"@type":"ReadAction","target":["https:\/\/www.pedagogia.it\/stripes\/post-comunita-per-il-futuro\/"]}]},{"@type":"ImageObject","inLanguage":"it-IT","@id":"https:\/\/www.pedagogia.it\/stripes\/post-comunita-per-il-futuro\/#primaryimage","url":"https:\/\/www.pedagogia.it\/stripes\/wp-content\/uploads\/sites\/7\/2018\/11\/IMG_1607.jpg","contentUrl":"https:\/\/www.pedagogia.it\/stripes\/wp-content\/uploads\/sites\/7\/2018\/11\/IMG_1607.jpg","width":6000,"height":4000},{"@type":"BreadcrumbList","@id":"https:\/\/www.pedagogia.it\/stripes\/post-comunita-per-il-futuro\/#breadcrumb","itemListElement":[{"@type":"ListItem","position":1,"name":"Home","item":"https:\/\/www.pedagogia.it\/stripes\/"},{"@type":"ListItem","position":2,"name":"Post-Comunit\u00e0 per il futuro"}]},{"@type":"WebSite","@id":"https:\/\/www.pedagogia.it\/stripes\/#website","url":"https:\/\/www.pedagogia.it\/stripes\/","name":"Stripes Cooperativa Sociale ONLUS","description":"","potentialAction":[{"@type":"SearchAction","target":{"@type":"EntryPoint","urlTemplate":"https:\/\/www.pedagogia.it\/stripes\/?s={search_term_string}"},"query-input":{"@type":"PropertyValueSpecification","valueRequired":true,"valueName":"search_term_string"}}],"inLanguage":"it-IT"}]}},"campaignId":"","_links":{"self":[{"href":"https:\/\/www.pedagogia.it\/stripes\/wp-json\/wp\/v2\/pages\/1315","targetHints":{"allow":["GET"]}}],"collection":[{"href":"https:\/\/www.pedagogia.it\/stripes\/wp-json\/wp\/v2\/pages"}],"about":[{"href":"https:\/\/www.pedagogia.it\/stripes\/wp-json\/wp\/v2\/types\/page"}],"author":[{"embeddable":true,"href":"https:\/\/www.pedagogia.it\/stripes\/wp-json\/wp\/v2\/users\/1"}],"replies":[{"embeddable":true,"href":"https:\/\/www.pedagogia.it\/stripes\/wp-json\/wp\/v2\/comments?post=1315"}],"version-history":[{"count":0,"href":"https:\/\/www.pedagogia.it\/stripes\/wp-json\/wp\/v2\/pages\/1315\/revisions"}],"wp:featuredmedia":[{"embeddable":true,"href":"https:\/\/www.pedagogia.it\/stripes\/wp-json\/wp\/v2\/media\/1334"}],"wp:attachment":[{"href":"https:\/\/www.pedagogia.it\/stripes\/wp-json\/wp\/v2\/media?parent=1315"}],"wp:term":[{"taxonomy":"post_tag","embeddable":true,"href":"https:\/\/www.pedagogia.it\/stripes\/wp-json\/wp\/v2\/tags?post=1315"}],"curies":[{"name":"wp","href":"https:\/\/api.w.org\/{rel}","templated":true}]}}