{"id":1521,"date":"2018-12-13T21:39:23","date_gmt":"2018-12-13T20:39:23","guid":{"rendered":"https:\/\/www.pedagogia.it\/stripes\/?page_id=1521"},"modified":"2019-04-17T10:11:17","modified_gmt":"2019-04-17T08:11:17","slug":"avviso-pubblico-sponsor","status":"publish","type":"page","link":"https:\/\/www.pedagogia.it\/stripes\/avviso-pubblico-sponsor\/","title":{"rendered":"Avviso pubblico &#8211; Sponsor"},"content":{"rendered":"<div class=\"wpb-content-wrapper\"><div data-parent=\"true\" class=\"vc_row row-container boomapps_vcrow\" id=\"row-unique-0\"><div class=\"row limit-width row-parent\" data-height-ratio=\"30\"><div class=\"wpb_row row-inner\"><div class=\"wpb_column pos-top pos-center align_left column_parent col-lg-12 boomapps_vccolumn single-internal-gutter\"><div class=\"uncol style-light\"  ><div class=\"uncoltable\"><div class=\"uncell  boomapps_vccolumn no-block-padding\" ><div class=\"uncont\" ><div class=\"vc_wp_custommenu wpb_content_element\"  data-id=\"1\"><div class=\"widget widget_nav_menu\"><div class=\"menu-hubin_menu-container\"><ul id=\"menu-hubin_menu\" class=\"menu-smart sm menu-horizontal\"><li id=\"menu-item-762\" class=\"menu-item menu-item-type-post_type menu-item-object-page menu-item-has-children menu-item-762\"><a href=\"https:\/\/www.pedagogia.it\/stripes\/hubin-paginavecchia\/il-progetto\/\">Il progetto<\/a>\n<ul class=\"sub-menu\">\n\t<li id=\"menu-item-796\" class=\"menu-item menu-item-type-post_type menu-item-object-page menu-item-796\"><a href=\"https:\/\/www.pedagogia.it\/stripes\/hubin-paginavecchia\/rho\/vengo-da-te\/\">VENGO DA TE<\/a><\/li>\n\t<li id=\"menu-item-797\" class=\"menu-item menu-item-type-post_type menu-item-object-page menu-item-797\"><a href=\"https:\/\/www.pedagogia.it\/stripes\/hubin-paginavecchia\/rho\/rigeneriamoci\/\">RI-GENERIAMO<\/a><\/li>\n\t<li id=\"menu-item-798\" class=\"menu-item menu-item-type-post_type menu-item-object-page menu-item-798\"><a href=\"https:\/\/www.pedagogia.it\/stripes\/hubin-paginavecchia\/rho\/attiviamoci\/\">ATTIVIAMOCI<\/a><\/li>\n\t<li id=\"menu-item-799\" class=\"menu-item menu-item-type-post_type menu-item-object-page menu-item-799\"><a href=\"https:\/\/www.pedagogia.it\/stripes\/hubin-paginavecchia\/rho\/ti-ascolto\/\">TI ASCOLTO<\/a><\/li>\n<\/ul>\n<\/li>\n<li id=\"menu-item-6372\" class=\"menu-item menu-item-type-post_type menu-item-object-page menu-item-6372\"><a href=\"https:\/\/www.pedagogia.it\/stripes\/hub-in-casa\/\">Hub-In Casa<\/a><\/li>\n<li id=\"menu-item-759\" class=\"menu-item menu-item-type-post_type menu-item-object-page menu-item-has-children menu-item-759\"><a href=\"https:\/\/www.pedagogia.it\/stripes\/hubin-paginavecchia\/rho\/\">Rho<\/a>\n<ul class=\"sub-menu\">\n\t<li id=\"menu-item-3607\" class=\"menu-item menu-item-type-post_type menu-item-object-page menu-item-3607\"><a href=\"https:\/\/www.pedagogia.it\/stripes\/hubin-paginavecchia\/rho\/convegno-i-luoghi-dellinfanzia-una-comunita-che-cresce\/\">Convegno: I luoghi dell&#8217;infanzia, una comunit\u00e0 che cresce<\/a><\/li>\n<\/ul>\n<\/li>\n<li id=\"menu-item-765\" class=\"menu-item menu-item-type-post_type menu-item-object-page menu-item-765\"><a href=\"https:\/\/www.pedagogia.it\/stripes\/hubin-paginavecchia\/legnano\/\">Legnano<\/a><\/li>\n<li id=\"menu-item-768\" class=\"menu-item menu-item-type-post_type menu-item-object-page menu-item-768\"><a href=\"https:\/\/www.pedagogia.it\/stripes\/hubin-paginavecchia\/monza\/\">Monza<\/a><\/li>\n<li id=\"menu-item-1019\" class=\"menu-item menu-item-type-post_type menu-item-object-page menu-item-1019\"><a href=\"https:\/\/www.pedagogia.it\/stripes\/ex_blog\/\">ex_Blog<\/a><\/li>\n<li id=\"menu-item-1076\" class=\"menu-item menu-item-type-post_type menu-item-object-page menu-item-1076\"><a href=\"https:\/\/www.pedagogia.it\/stripes\/hubin-paginavecchia\/privacy-policy-2\/\">Privacy Policy<\/a><\/li>\n<li id=\"menu-item-1523\" class=\"menu-item menu-item-type-post_type menu-item-object-page menu-item-1523\"><a href=\"https:\/\/www.pedagogia.it\/stripes\/avviso-pubblico-sponsor\/\">Avviso pubblico \u2013 Sponsor<\/a><\/li>\n<li id=\"menu-item-1541\" class=\"menu-item menu-item-type-post_type menu-item-object-page menu-item-1541\"><a href=\"https:\/\/www.pedagogia.it\/stripes\/rassegna-stampa-hub-in\/\">Rassegna stampa Hub-In<\/a><\/li>\n<\/ul><\/div><\/div><\/div><\/div><\/div><\/div><\/div><\/div><script id=\"script-row-unique-0\" data-row=\"script-row-unique-0\" type=\"text\/javascript\" class=\"vc_controls\">UNCODE.initRow(document.getElementById(\"row-unique-0\"));<\/script><\/div><\/div><\/div><div data-parent=\"true\" class=\"vc_row row-container boomapps_vcrow\" id=\"row-unique-1\"><div class=\"row limit-width row-parent\"><div class=\"wpb_row row-inner\"><div class=\"wpb_column pos-top pos-center align_left column_parent col-lg-12 boomapps_vccolumn single-internal-gutter\"><div class=\"uncol style-light\"  ><div class=\"uncoltable\"><div class=\"uncell  boomapps_vccolumn no-block-padding\" ><div class=\"uncont\" ><div class=\"uncode_text_column\" ><p><strong>AVVISO PUBBLICO PER LA RICERCA DI SPONSOR PER IL PROGETTO HUB-IN 2019-<\/strong><br \/>\n<strong>2020 PER LA FORNITURA DI PRODOTTI A FAVORE DELLA PRIMA INFANZIA<\/strong><\/p>\n<p>La Cooperativa Stripes Coop. Soc. Onlus, in collaborazione con i partner del Progetto Hub-In, rende noto il seguente \u201cAvviso pubblico per la ricerca di sponsor per il biennio 2019-2020 ai fini della fornitura di prodotti e materiali a favore della prima infanzia\u201d<br \/>\nI materiali saranno da un lato utilizzati durante le attivit\u00e0 di progetto e dall\u2019altro saranno inseriti nei Kit Nuovi Nati. I kit nuovi nati saranno distribuiti dalle amministrazioni comunali di Legnano e Rho a tutte le famiglie residenti a cui nascer\u00e0 un\/una bambino\/a a partire dal 2019.<\/p>\n<p>Il progetto HUB-IN, sostenuto da Con i Bambini nell\u2019ambito del Fondo per il contrasto della povert\u00e0 educativa minorile, \u00e8 uno dei sette progetti attivati in Regione Lombardia e si propone come una sfida di integrazione sociale, che tenga insieme dimensione di vita e bisogni dei bambini e delle famiglie. Lo scopo del Progetto \u00e8 quello di creare e favorire informazione e luoghi condivisi, aperti e generativi nei quali le famiglie possano trovare spazi di dialogo e confronto nelle scuole, negli asili, nei centri comunali e non solo. Un\u2019offerta di attivit\u00e0 ed interventi di sostegno come una comunit\u00e0 di persone, relazioni, esperienze, idee e pratiche.<\/p>\n<p>Il presente avviso, pubblicato fino al 20\/12\/2019 sul sito internet della Cooperativa STRIPES e condiviso sui siti del Comune di Legnano, del Comune di Rho e, non ha natura vincolante n\u00e9 per la Cooperativa n\u00e9 per le Amministrazioni Comunali ma \u00e8 destinato a verificare la disponibilit\u00e0 esistente da parte di soggetti privati a offrirsi come sponsor.<br \/>\nIl presente avviso \u00e8 da considerarsi aperto e pertanto i soggetti che intendono essere sponsor possono presentare proposta in qualsiasi momento entro il termine del 20\/12\/2018.<\/p>\n<p><strong>PROROGA<\/strong>: scadenza il 15 gennaio 2019<\/p>\n<p><strong>ARTICOLO 1- OGGETTO E FINALITA\u2019<\/strong><br \/>\nSoggetto procedente STRIPES Cooperativa Sociale Onlus &#8211; Via Savio n.6 &#8211; 20017 Rho (MI). Tel. +39 02<br \/>\n9316667<br \/>\nEmail: stripes@pedagogia.it<br \/>\nPEC: cooperativa@pec.stripes.it<\/p>\n<p>La Cooperativa STRIPES ricerca soggetti disponibili ad effettuare sponsorizzazioni per la fornitura di prodotti e materiali per la cura e l\u2019informazione sulla prima infanzia da inserire nelle attivit\u00e0 di progetto e da inserire nei \u201cKit Nuovi Nati\u201d, attivit\u00e0 prevista dal progetto HUB-IN selezionato dall\u2019impresa sociale Con i Bambini.<br \/>\nNon saranno ammesse proposte che prevedano attivit\u00e0 commerciale di vendita di beni.<\/p>\n<p>La scrittura di sponsorizzazione che verr\u00e0 sottoscritta tra lo sponsor e la Cooperativa STRIPES \u00e8 finalizzato a:<\/p>\n<p>\uf0b7 Acquisizione di una sponsorizzazione per la fornitura di prodotti e materiali utili alla cura di bambini e all\u2019informazione sulla prima infanzia;<br \/>\n\uf0b7 Per il soggetto individuato come sponsor, al ritorno d\u2019immagine e pubblicitario.<\/p>\n<p><strong>ARTICOLO 2- VALORE DELLA SPONSORIZZAZIONE<\/strong><br \/>\nGli importi presunti di servizi e\/o beni da fornire a spese dello sponsor hanno un valore inferiore a \u20ac 40.000,00 (quarantamila\/00).<\/p>\n<p><strong>ARTICOLO 3 \u2013 REQUISITI DELLO SPONSOR<\/strong><br \/>\nSono ammessi alla presente procedura i soggetti privati (persone fisiche o giuridiche, ivi comprese le associazioni) &#8211; anche in forma associata &#8211; o pubblici, aventi i seguenti requisiti:<br \/>\n&#8211; non trovarsi in nessuna delle condizioni di esclusione previste dalla normativa vigente in materia di appalti pubblici o in alcuna ulteriore condizione che impedisca di contrarre con la pubblica amministrazione;<br \/>\n&#8211; non appartenere ad organizzazioni di natura politica, sindacale, filosofica o religiosa;<br \/>\n&#8211; assenza di pregiudizio o danno all\u2019immagine della Cooperativa e\/o dell\u2019Amministrazione;<br \/>\n&#8211; promuovere una politica sostenibile, biologica, ed attenta all\u2019ambiente;<br \/>\n&#8211; offrire prodotti per la cura dell\u2019infanzia quali ad. Es. Latte, Crema cambio pannolino, Olio per massaggi, Omogenizzati che rispettino i criteri di marchio Bio che vieta l\u2019impiego di insetticidi e fertilizzanti chimico-sintetici, dell\u2019ingegneria genetica \u201cverde\u201d, di coloranti e conservanti artificiali, aromi o esaltatori di sapidit\u00e0;<br \/>\n&#8211; Offrire materiale informativo sulla prima infanzia.<br \/>\nSono esclusi i soggetti che operano in qualsiasi forma (produzione, distribuzione, commercializzazione, sponsorizzazione) nell\u2019ambito di prodotti quali tabacco, materiale a sfondo sessuale o pornografico, gioco d\u2019azzardo.<br \/>\nSono esclusi dalla partecipazione alla presente selezione soggetti, ditte, imprese, associazioni o altri organismi che abbiano in atto controversie di natura legale o giudiziaria o che esercitino attivit\u00e0 in situazioni di conflitto di interessi con l\u2019attivit\u00e0 della Cooperativa e\/o della Pubblica Amministrazione.<\/p>\n<p><strong>ARTICOLO 4 \u2013 CONTROPRESTAZIONE OFFERTA ALLO SPONSOR<\/strong><br \/>\nA fronte del contributo di sponsorizzazione, il soggetto individuato come sponsor avr\u00e0 il riconoscimento del proprio nome e logo sulla comunicazione che riguarda l\u2019attivit\u00e0 \u201c<strong>Kit Nuovi Nati<\/strong>\u201d per la quale \u00e8 richiesta la fornitura di prodotti e materiali, a titolo esemplificativo e non esaustivo con questa formula: \u201cCon il sostegno di Nome dello sponsor\u201d ovvero \u201cIn collaborazione con Nome dello sponsor\u201d.<br \/>\nSar\u00e0 inoltre garantita una pagina pubblicitaria all\u2019interno della pubblicazione \u201c Con il Dito nella Marmellata\u201d, anch\u2019esso inserito nel Kit Nuovi Nati.<br \/>\nIl soggetto individuato come sponsor potr\u00e0 associare al proprio nome, al proprio logo, alla propria immagine aziendale, a fini pubblicitari, in forme compatibili con il carattere storico-artistico, l\u2019aspetto e il decoro, il nome e l\u2019immagine del progetto Hub-In, previo espresso assenso dell\u2019impresa sociale Con i Bambini selezionatore del progetto, relativamente all\u2019attivit\u00e0 oggetto di sponsorizzazione<br \/>\ne al periodo di realizzazione dell\u2019attivit\u00e0 stessa.<br \/>\nA tal proposito si precisa che \u00e8 in ogni caso escluso un utilizzo:<br \/>\nl a fini propagandistici di natura politica, sindacale e religiosa;<br \/>\nl a fini pubblicitari collegati alla produzione o distribuzione di tabacco, materiale a sfondo sessuale o pornografico, gioco d\u2019azzardo;<br \/>\nlegato a messaggi offensivi, incluse le espressioni di fanatismo, razzismo, odio o<br \/>\nminaccia o comunque lesive della dignit\u00e0 umana.<\/p>\n<p><strong>ARTICOLO 5 \u2013 ACCETTAZIONE DI SPONSORIZZAZIONE<\/strong><br \/>\nIl rapporto di sponsorizzazione verr\u00e0 formalizzato tramite scrittura di avvenuta accettazione della proposta.<br \/>\nLa scrittura verr\u00e0 firmata esclusivamente con un unico soggetto, coincidente con il soggetto che sottoscrive la domanda di partecipazione; qualora il progetto dovesse coinvolgere altri soggetti, la Cooperativa non si riterr\u00e0 obbligata nei confronti di questi ultimi.<\/p>\n<p><strong>ARTICOLO 6 \u2013 IMPEGNI DELLO SPONSOR<\/strong><br \/>\nIl soggetto selezionato come sponsor si impegna a:<br \/>\nl erogare la sponsorizzazione proposta e\/o prestare le forniture indicate nella domanda e che costituiranno l\u2019oggetto della scrittura di sponsorizzazione;<br \/>\nl rinunciare a qualsiasi pretesa di restituzione in caso di annullamento della manifestazione o di singole attivit\u00e0 in programma, dovuto a comprovate cause di forza maggiore;<br \/>\nl rispettare le indicazioni del manuale dell\u2019immagine coordinata del progetto HUB-IN per preventiva approvazione ogni eventuale materiale di comunicazione prodotto in autonomia;<br \/>\nl fornire alla Cooperativa il proprio logo\/marchio in formato utile alla riproduzione grafica;<br \/>\nl fornire ogni mezzo tecnico e materiale necessario alla sponsorizzazione offerta senza oneri per la Cooperativa.<\/p>\n<p><strong>ARTICOLO 7 \u2013 IMPEGNI DELLA COOPERATIVA<\/strong><br \/>\nA fronte dell\u2019impegno assunto dallo sponsor la cooperativa si impegna a garantire la comunicazione attraverso i propri canali istituzionali attraverso le forme che verranno ritenute pi\u00f9 opportune (es. comunicato stampa, conferenza stampa\u2026) per quanto riguarda la sponsorizzazione dell\u2019azione<br \/>\n\u201cKit Nuovi Nati \u2013 Progetto HUB-IN\u201d. Inoltre sar\u00e0 garantita allo sponsor una pagina pubblicitaria all\u2019interno della pubblicazione \u201c Con il Dito nella Marmellata\u201d , come all\u2019Articolo 4.<\/p>\n<p><strong>ARTICOLO 8 &#8211; MODALITA\u2019 DI PRESENTAZIONE DELLE PROPOSTE DI SPONSORIZZAZIONE<\/strong><br \/>\nLa proposta deve essere presentata in forma scritta in carta semplice, sottoscritta dal legale rappresentante del soggetto proponente o da suo delegato ed inviata tramite PEC a:<br \/>\nSono ammessi tutti i tipi di spedizione e di consegna, compresa la consegna a mano.<br \/>\nL\u2019invio della domanda non vincola in alcun modo la Cooperativa.<\/p>\n<p><strong>ARTICOLO 9 &#8211; CRITERI PER L\u2019INDIVIDUAZIONE DEGLI SPONSOR<\/strong><br \/>\nLe proposte pervenute verranno valutate dalla Cooperativa STRIPES e dalle Amministrazioni Comunali di Legnano e Rho.<br \/>\nTutte le proposte di sponsorizzazione pervenute sono potenzialmente ammissibili salvo il caso di impedimenti di legge o di contrasto con i requisiti di cui al precedente articolo 3.<\/p>\n<p><strong>ARTICOLO 10 &#8211; INFORMAZIONI, CHIARIMENTI<\/strong><br \/>\nGli interessati possono richiedere ulteriori informazioni relativamente al presente avviso alla Responsabile d\u2019Area Sviluppo e Territorio della Cooperativa STRIPES, Dott.ssa Michela Brugali rivolgendosi al n. 02\/9316667 o via mail michela.brugali@pedagogia.it tutti i giorni dal luned\u00ec al venerd\u00ec nelle seguenti ore d\u2019ufficio: 10.00 \u2013 13.00 14.00 \u2013 17.00.<\/p>\n<p><strong>ARTICOLO 11 &#8211; TRATTAMENTO DEI DATI PERSONALI<\/strong><br \/>\nAi sensi del Regolamento Generale europeo per la protezione dei dati 2016\/679, si informa che i dati personali forniti dai candidati saranno raccolti dalla Cooperativa STRIPES per la finalit\u00e0 di gestione del presente avviso. La presentazione della domanda da parte del candidato implica il consenso al trattamento dei propri dati personali, compresi i dati sensibili, a cura del personale assegnato all\u2019Ufficio<br \/>\npreposto alla conservazione delle domande e all\u2019utilizzo delle stesse per lo svolgimento delle procedure relative al presente avviso.<\/p>\n<\/div><\/div><\/div><\/div><\/div><\/div><script id=\"script-row-unique-1\" data-row=\"script-row-unique-1\" type=\"text\/javascript\" class=\"vc_controls\">UNCODE.initRow(document.getElementById(\"row-unique-1\"));<\/script><\/div><\/div><\/div>\n<\/div>","protected":false},"excerpt":{"rendered":"Il progetto VENGO DA TE RI-GENERIAMO ATTIVIAMOCI TI ASCOLTO Hub-In Casa Rho Convegno: I luoghi dell&#8217;infanzia, una comunit\u00e0 che cresce [...]","protected":false},"author":225,"featured_media":0,"parent":0,"menu_order":0,"comment_status":"closed","ping_status":"closed","template":"","meta":{"give_campaign_id":0,"om_disable_all_campaigns":false,"_monsterinsights_skip_tracking":false,"_monsterinsights_sitenote_active":false,"_monsterinsights_sitenote_note":"","_monsterinsights_sitenote_category":0,"footnotes":""},"tags":[],"class_list":["post-1521","page","type-page","status-publish","hentry"],"aioseo_notices":[],"yoast_head":"<!-- This site is optimized with the Yoast SEO plugin v27.6 - https:\/\/yoast.com\/product\/yoast-seo-wordpress\/ -->\n<title>Avviso pubblico - Sponsor - Stripes Cooperativa Sociale ONLUS<\/title>\n<meta name=\"robots\" content=\"index, follow, max-snippet:-1, max-image-preview:large, max-video-preview:-1\" \/>\n<link rel=\"canonical\" href=\"https:\/\/www.pedagogia.it\/stripes\/avviso-pubblico-sponsor\/\" \/>\n<meta property=\"og:locale\" content=\"it_IT\" \/>\n<meta property=\"og:type\" content=\"article\" \/>\n<meta property=\"og:title\" content=\"Avviso pubblico - Sponsor - Stripes Cooperativa Sociale ONLUS\" \/>\n<meta property=\"og:url\" content=\"https:\/\/www.pedagogia.it\/stripes\/avviso-pubblico-sponsor\/\" \/>\n<meta property=\"og:site_name\" content=\"Stripes Cooperativa Sociale ONLUS\" \/>\n<meta property=\"article:modified_time\" content=\"2019-04-17T08:11:17+00:00\" \/>\n<meta name=\"twitter:card\" content=\"summary_large_image\" \/>\n<meta name=\"twitter:label1\" content=\"Tempo di lettura stimato\" \/>\n\t<meta name=\"twitter:data1\" content=\"7 minuti\" \/>\n<script type=\"application\/ld+json\" class=\"yoast-schema-graph\">{\"@context\":\"https:\\\/\\\/schema.org\",\"@graph\":[{\"@type\":\"WebPage\",\"@id\":\"https:\\\/\\\/www.pedagogia.it\\\/stripes\\\/avviso-pubblico-sponsor\\\/\",\"url\":\"https:\\\/\\\/www.pedagogia.it\\\/stripes\\\/avviso-pubblico-sponsor\\\/\",\"name\":\"Avviso pubblico - Sponsor - Stripes Cooperativa Sociale ONLUS\",\"isPartOf\":{\"@id\":\"https:\\\/\\\/www.pedagogia.it\\\/stripes\\\/#website\"},\"datePublished\":\"2018-12-13T20:39:23+00:00\",\"dateModified\":\"2019-04-17T08:11:17+00:00\",\"breadcrumb\":{\"@id\":\"https:\\\/\\\/www.pedagogia.it\\\/stripes\\\/avviso-pubblico-sponsor\\\/#breadcrumb\"},\"inLanguage\":\"it-IT\",\"potentialAction\":[{\"@type\":\"ReadAction\",\"target\":[\"https:\\\/\\\/www.pedagogia.it\\\/stripes\\\/avviso-pubblico-sponsor\\\/\"]}]},{\"@type\":\"BreadcrumbList\",\"@id\":\"https:\\\/\\\/www.pedagogia.it\\\/stripes\\\/avviso-pubblico-sponsor\\\/#breadcrumb\",\"itemListElement\":[{\"@type\":\"ListItem\",\"position\":1,\"name\":\"Home\",\"item\":\"https:\\\/\\\/www.pedagogia.it\\\/stripes\\\/\"},{\"@type\":\"ListItem\",\"position\":2,\"name\":\"Avviso pubblico &#8211; Sponsor\"}]},{\"@type\":\"WebSite\",\"@id\":\"https:\\\/\\\/www.pedagogia.it\\\/stripes\\\/#website\",\"url\":\"https:\\\/\\\/www.pedagogia.it\\\/stripes\\\/\",\"name\":\"Stripes Cooperativa Sociale ONLUS\",\"description\":\"\",\"potentialAction\":[{\"@type\":\"SearchAction\",\"target\":{\"@type\":\"EntryPoint\",\"urlTemplate\":\"https:\\\/\\\/www.pedagogia.it\\\/stripes\\\/?s={search_term_string}\"},\"query-input\":{\"@type\":\"PropertyValueSpecification\",\"valueRequired\":true,\"valueName\":\"search_term_string\"}}],\"inLanguage\":\"it-IT\"}]}<\/script>\n<!-- \/ Yoast SEO plugin. -->","yoast_head_json":{"title":"Avviso pubblico - Sponsor - Stripes Cooperativa Sociale ONLUS","robots":{"index":"index","follow":"follow","max-snippet":"max-snippet:-1","max-image-preview":"max-image-preview:large","max-video-preview":"max-video-preview:-1"},"canonical":"https:\/\/www.pedagogia.it\/stripes\/avviso-pubblico-sponsor\/","og_locale":"it_IT","og_type":"article","og_title":"Avviso pubblico - Sponsor - Stripes Cooperativa Sociale ONLUS","og_url":"https:\/\/www.pedagogia.it\/stripes\/avviso-pubblico-sponsor\/","og_site_name":"Stripes Cooperativa Sociale ONLUS","article_modified_time":"2019-04-17T08:11:17+00:00","twitter_card":"summary_large_image","twitter_misc":{"Tempo di lettura stimato":"7 minuti"},"schema":{"@context":"https:\/\/schema.org","@graph":[{"@type":"WebPage","@id":"https:\/\/www.pedagogia.it\/stripes\/avviso-pubblico-sponsor\/","url":"https:\/\/www.pedagogia.it\/stripes\/avviso-pubblico-sponsor\/","name":"Avviso pubblico - Sponsor - Stripes Cooperativa Sociale ONLUS","isPartOf":{"@id":"https:\/\/www.pedagogia.it\/stripes\/#website"},"datePublished":"2018-12-13T20:39:23+00:00","dateModified":"2019-04-17T08:11:17+00:00","breadcrumb":{"@id":"https:\/\/www.pedagogia.it\/stripes\/avviso-pubblico-sponsor\/#breadcrumb"},"inLanguage":"it-IT","potentialAction":[{"@type":"ReadAction","target":["https:\/\/www.pedagogia.it\/stripes\/avviso-pubblico-sponsor\/"]}]},{"@type":"BreadcrumbList","@id":"https:\/\/www.pedagogia.it\/stripes\/avviso-pubblico-sponsor\/#breadcrumb","itemListElement":[{"@type":"ListItem","position":1,"name":"Home","item":"https:\/\/www.pedagogia.it\/stripes\/"},{"@type":"ListItem","position":2,"name":"Avviso pubblico &#8211; Sponsor"}]},{"@type":"WebSite","@id":"https:\/\/www.pedagogia.it\/stripes\/#website","url":"https:\/\/www.pedagogia.it\/stripes\/","name":"Stripes Cooperativa Sociale ONLUS","description":"","potentialAction":[{"@type":"SearchAction","target":{"@type":"EntryPoint","urlTemplate":"https:\/\/www.pedagogia.it\/stripes\/?s={search_term_string}"},"query-input":{"@type":"PropertyValueSpecification","valueRequired":true,"valueName":"search_term_string"}}],"inLanguage":"it-IT"}]}},"campaignId":"","_links":{"self":[{"href":"https:\/\/www.pedagogia.it\/stripes\/wp-json\/wp\/v2\/pages\/1521","targetHints":{"allow":["GET"]}}],"collection":[{"href":"https:\/\/www.pedagogia.it\/stripes\/wp-json\/wp\/v2\/pages"}],"about":[{"href":"https:\/\/www.pedagogia.it\/stripes\/wp-json\/wp\/v2\/types\/page"}],"author":[{"embeddable":true,"href":"https:\/\/www.pedagogia.it\/stripes\/wp-json\/wp\/v2\/users\/225"}],"replies":[{"embeddable":true,"href":"https:\/\/www.pedagogia.it\/stripes\/wp-json\/wp\/v2\/comments?post=1521"}],"version-history":[{"count":0,"href":"https:\/\/www.pedagogia.it\/stripes\/wp-json\/wp\/v2\/pages\/1521\/revisions"}],"wp:attachment":[{"href":"https:\/\/www.pedagogia.it\/stripes\/wp-json\/wp\/v2\/media?parent=1521"}],"wp:term":[{"taxonomy":"post_tag","embeddable":true,"href":"https:\/\/www.pedagogia.it\/stripes\/wp-json\/wp\/v2\/tags?post=1521"}],"curies":[{"name":"wp","href":"https:\/\/api.w.org\/{rel}","templated":true}]}}