{"id":16862,"date":"2018-04-16T12:55:14","date_gmt":"2018-04-16T10:55:14","guid":{"rendered":"https:\/\/www.pedagogia.it\/stripes\/modulistica-asili-nido-rho-2\/"},"modified":"2026-03-03T15:16:03","modified_gmt":"2026-03-03T14:16:03","slug":"modulistica-asili-nido-legnano","status":"publish","type":"page","link":"https:\/\/www.pedagogia.it\/stripes\/modulistica-asili-nido-legnano\/","title":{"rendered":"Modulistica Asili Nido Legnano"},"content":{"rendered":"<div class=\"wpb-content-wrapper\"><div data-parent=\"true\" class=\"vc_row row-container boomapps_vcrow\" id=\"row-unique-0\"><div class=\"row limit-width row-parent\"><div class=\"wpb_row row-inner\"><div class=\"wpb_column pos-top pos-center align_left column_parent col-lg-3 boomapps_vccolumn single-internal-gutter\"><div class=\"uncol style-light\"  ><div class=\"uncoltable\"><div class=\"uncell  boomapps_vccolumn no-block-padding\" ><div class=\"uncont\" ><div class=\"uncode-single-media  text-left\"><div class=\"single-wrapper\" style=\"max-width: 100%;\"><div class=\"tmb tmb-light  tmb-media-first tmb-media-last tmb-content-overlay tmb-no-bg\"><div class=\"t-inside\"><div class=\"t-entry-visual\"><div class=\"t-entry-visual-tc\"><div class=\"uncode-single-media-wrapper\"><img decoding=\"async\" class=\"wp-image-16864\" src=\"https:\/\/www.pedagogia.it\/stripes\/wp-content\/uploads\/sites\/7\/2022\/09\/logo-legnano.png\" width=\"253\" height=\"183\" alt=\"\" srcset=\"https:\/\/www.pedagogia.it\/stripes\/wp-content\/uploads\/sites\/7\/2022\/09\/logo-legnano.png 253w, https:\/\/www.pedagogia.it\/stripes\/wp-content\/uploads\/sites\/7\/2022\/09\/logo-legnano-83x60.png 83w, https:\/\/www.pedagogia.it\/stripes\/wp-content\/uploads\/sites\/7\/2022\/09\/logo-legnano-124x90.png 124w\" sizes=\"(max-width: 253px) 100vw, 253px\" \/><\/div>\n\t\t\t\t\t<\/div>\n\t\t\t\t<\/div><\/div><\/div><\/div><\/div><div class=\"uncode-single-media  text-left\"><div class=\"single-wrapper\" style=\"max-width: 100%;\"><div class=\"tmb tmb-light  tmb-media-first tmb-media-last tmb-content-overlay tmb-no-bg tmb-lightbox\"><div class=\"t-inside\"><div class=\"t-entry-visual\"><div class=\"t-entry-visual-tc\"><div class=\"uncode-single-media-wrapper\"><div class=\"dummy\" style=\"padding-top: 141.4%;\"><\/div><a href=\"https:\/\/www.pedagogia.it\/stripes\/wp-content\/uploads\/sites\/7\/2026\/01\/LegnanoOpenday_2026.jpg\" class=\"pushed\" data-active=\"1\" data-lbox=\"ilightbox_single-26370\" data-options=\"width:1191,height:1684,thumbnail: 'https:\/\/www.pedagogia.it\/stripes\/wp-content\/uploads\/sites\/7\/2026\/01\/LegnanoOpenday_2026-212x300.jpg'\"><img decoding=\"async\" class=\"wp-image-26370\" src=\"https:\/\/www.pedagogia.it\/stripes\/wp-content\/uploads\/sites\/7\/2026\/01\/LegnanoOpenday_2026.jpg\" width=\"1191\" height=\"1684\" alt=\"\" srcset=\"https:\/\/www.pedagogia.it\/stripes\/wp-content\/uploads\/sites\/7\/2026\/01\/LegnanoOpenday_2026.jpg 1191w, https:\/\/www.pedagogia.it\/stripes\/wp-content\/uploads\/sites\/7\/2026\/01\/LegnanoOpenday_2026-212x300.jpg 212w, https:\/\/www.pedagogia.it\/stripes\/wp-content\/uploads\/sites\/7\/2026\/01\/LegnanoOpenday_2026-724x1024.jpg 724w, https:\/\/www.pedagogia.it\/stripes\/wp-content\/uploads\/sites\/7\/2026\/01\/LegnanoOpenday_2026-768x1086.jpg 768w, https:\/\/www.pedagogia.it\/stripes\/wp-content\/uploads\/sites\/7\/2026\/01\/LegnanoOpenday_2026-1086x1536.jpg 1086w, https:\/\/www.pedagogia.it\/stripes\/wp-content\/uploads\/sites\/7\/2026\/01\/LegnanoOpenday_2026-8x12.jpg 8w, https:\/\/www.pedagogia.it\/stripes\/wp-content\/uploads\/sites\/7\/2026\/01\/LegnanoOpenday_2026-350x495.jpg 350w, https:\/\/www.pedagogia.it\/stripes\/wp-content\/uploads\/sites\/7\/2026\/01\/LegnanoOpenday_2026-600x848.jpg 600w\" sizes=\"(max-width: 1191px) 100vw, 1191px\" \/><\/a><\/div>\n\t\t\t\t\t<\/div>\n\t\t\t\t<\/div><\/div><\/div><\/div><\/div><\/div><\/div><\/div><\/div><\/div><div class=\"wpb_column pos-top pos-center align_left column_parent col-lg-9 boomapps_vccolumn single-internal-gutter\"><div class=\"uncol style-light\"  ><div class=\"uncoltable\"><div class=\"uncell  boomapps_vccolumn no-block-padding\" ><div class=\"uncont\" ><div class=\"uncode_text_column\" ><\/p>\n<p style=\"text-align: left;\" align=\"center\"><span style=\"font-size: 12pt;\"><b>ASILI NIDO COMUNALI DI LEGNANO<\/b><\/span><\/p>\n<p><span style=\"font-size: 12pt;\">In base al Regolamento di gestione degli asili nido comunali, <strong>l\u2019iscrizione agli asili nido Aldo Moro e Madre Teresa di Calcutta, Via Sauro 20 e Salvo D\u2019Acquisto via Colombes 23, \u00e8 attiva ON-LINE esclusivamente dal 15 gennaio al 28 febbraio di ogni anno<\/strong>.<br \/>\n<\/span><\/p>\n<p><span style=\"font-size: 12pt;\">Per compilare la domanda di ammissione:<\/span><\/p>\n<div>\n<ul>\n<li><span style=\"font-size: 12pt;\">Collegarsi a <a href=\"https:\/\/www.kindertap.com\/login\/\" target=\"_blank\" rel=\"noopener\" data-saferedirecturl=\"https:\/\/www.google.com\/url?q=https:\/\/www.kindertap.com\/login\/&amp;source=gmail&amp;ust=1673710234223000&amp;usg=AOvVaw1mV8ZBdXrqxMS36QdWj4t-\"><span style=\"color: #00ffff;\"><span style=\"color: #33cccc;\">https:\/\/www.kindertap.com\/login\/<\/span><\/span><\/a><\/span><\/li>\n<li><span style=\"font-size: 12pt;\">Selezionare la modalit\u00e0 di accesso con SPID e,\u00a0 nel campo &#8220;Seleziona la tua scuola&#8221; indicare \u201cStripes\u201d<\/span><\/li>\n<li><span style=\"font-size: 12pt;\">Premere sul tasto &#8220;Entra con SPID&#8221; e seguire gli step di autenticazione previsti da SPID<\/span><\/li>\n<li><span style=\"font-size: 12pt;\">Una volta terminata l\u2019autenticazione apparir\u00e0 il seguente messaggio \u201cNessuna utenza Kindertap associata al tuo codice fiscale. [&#8230;] Se sei un nuovo utente puoi accedere alla compilazione dei form pubblici (es. form di iscrizione)\u201d. Premere quindi il tasto \u201cVai alla compilazione dei form\u201d<\/span><\/li>\n<li><span style=\"font-size: 12pt;\">Selezionare il form \u201c<span style=\"color: #000000;\"><strong>LEGNANO &#8211; DOMANDA DI AMMISSIONE AGLI ASILI NIDO COMUNALI<\/strong><\/span>\u201d e procedere con la compilazione.<\/span><\/li>\n<\/ul>\n<\/div>\n<p><span style=\"font-size: 12pt;\">Fuori dal periodo sopra indicato ci si potr\u00e0 iscrivere compilando il modulo cartaceo, scaricabile dal sito <a href=\"http:\/\/www.stripes.it\"><span style=\"color: #00ccff;\">www.stripes.it<\/span><\/a> oppure reperibile presso gli asili nido comunali, che dovr\u00e0 essere presentato alla Cooperativa Stripes con una delle modalit\u00e0 di seguito indicate:<\/span><\/p>\n<ul>\n<li><span style=\"font-size: 12pt;\"><strong>invio tramite e-mail <\/strong>all&#8217;indirizzo di posta elettronica stripes@pedagogia.it indicando nell\u2019oggetto: DOMANDA ISCRIZIONE NIDI DI LEGNANO, nome e cognome bambino;<\/span><\/li>\n<li><span style=\"font-size: 12pt;\"><strong>invio tramite pec<\/strong> (solo per i possessori di posta certificata) al seguente indirizzo di posta elettronica: cooperativa@pec.stripes.it, indicando\u00a0 nell\u2019oggetto: DOMANDA ISCRIZIONE NIDI DI LEGNANO, nome e cognome bambino;<\/span><\/li>\n<li><span style=\"font-size: 12pt;\"><strong>consegna c\/o la sede della Cooperativa Stripes<\/strong>, a Rho in via Ghisolfa n. 32, previo appuntamento al n. 02\/9316667 int. 1, da luned\u00ec a venerd\u00ec dalle ore 9.00 alle ore 13.00 e dalle 14.00 alle 18.00.<\/span><\/li>\n<\/ul>\n<p><span style=\"font-size: 12pt;\">Per maggiori informazioni \u00e8 possibile contattare la segreteria della Stripes Coop. al n. 02 9316667, da luned\u00ec a venerd\u00ec, dalle ore 9.00 alle ore 13.00 e dalle 14.00 alle 18.00.<\/span><\/p>\n<\/div><\/div><\/div><\/div><\/div><\/div><script id=\"script-row-unique-0\" data-row=\"script-row-unique-0\" type=\"text\/javascript\" class=\"vc_controls\">UNCODE.initRow(document.getElementById(\"row-unique-0\"));<\/script><\/div><\/div><\/div><div data-parent=\"true\" class=\"vc_row row-container boomapps_vcrow\" id=\"row-unique-1\"><div class=\"row limit-width row-parent\"><div class=\"wpb_row row-inner\"><div class=\"wpb_column pos-top pos-center align_left column_parent col-lg-4 boomapps_vccolumn single-internal-gutter\"><div class=\"uncol style-light\"  ><div class=\"uncoltable\"><div class=\"uncell  boomapps_vccolumn no-block-padding\" ><div class=\"uncont\" ><div class=\"uncode-single-media  text-center\"><div class=\"single-wrapper\" style=\"max-width: 15%;\"><a class=\"single-media-link\" href=\"https:\/\/www.pedagogia.it\/stripes\/jardines-de-infantes-municipales-legnano\/\" target=\"_blank\" title=\"LEGNANO- JARDINES DE INFANTES MUNICIPALES\"><div class=\"tmb tmb-light  img-circle tmb-media-first tmb-media-last tmb-content-overlay tmb-no-bg\"><div class=\"t-inside\"><div class=\"t-entry-visual\"><div class=\"t-entry-visual-tc\"><div class=\"uncode-single-media-wrapper img-circle\"><img decoding=\"async\" class=\"wp-image-16524\" src=\"https:\/\/www.pedagogia.it\/stripes\/wp-content\/uploads\/sites\/7\/2022\/06\/SPAGNa.png\" width=\"720\" height=\"720\" alt=\"\" srcset=\"https:\/\/www.pedagogia.it\/stripes\/wp-content\/uploads\/sites\/7\/2022\/06\/SPAGNa.png 720w, https:\/\/www.pedagogia.it\/stripes\/wp-content\/uploads\/sites\/7\/2022\/06\/SPAGNa-300x300.png 300w, https:\/\/www.pedagogia.it\/stripes\/wp-content\/uploads\/sites\/7\/2022\/06\/SPAGNa-150x150.png 150w, https:\/\/www.pedagogia.it\/stripes\/wp-content\/uploads\/sites\/7\/2022\/06\/SPAGNa-600x600.png 600w, https:\/\/www.pedagogia.it\/stripes\/wp-content\/uploads\/sites\/7\/2022\/06\/SPAGNa-100x100.png 100w\" sizes=\"(max-width: 720px) 100vw, 720px\" \/><\/div>\n\t\t\t\t\t<\/div>\n\t\t\t\t<\/div><\/div><\/div><\/a><\/div><\/div><\/div><\/div><\/div><\/div><\/div><div class=\"wpb_column pos-top pos-center align_left column_parent col-lg-4 boomapps_vccolumn single-internal-gutter\"><div class=\"uncol style-light\"  ><div class=\"uncoltable\"><div class=\"uncell  boomapps_vccolumn no-block-padding\" ><div class=\"uncont\" ><div class=\"uncode-single-media  text-center\"><div class=\"single-wrapper\" style=\"max-width: 15%;\"><a class=\"single-media-link\" href=\"https:\/\/www.pedagogia.it\/stripes\/municipal-kindergartens-legnano\/\" target=\"_blank\" title=\"LEGNANO- MUNICIPAL KINDERGARTENS\"><div class=\"tmb tmb-light  img-circle tmb-media-first tmb-media-last tmb-content-overlay tmb-no-bg\"><div class=\"t-inside\"><div class=\"t-entry-visual\"><div class=\"t-entry-visual-tc\"><div class=\"uncode-single-media-wrapper img-circle\"><img decoding=\"async\" class=\"wp-image-16526\" src=\"https:\/\/www.pedagogia.it\/stripes\/wp-content\/uploads\/sites\/7\/2022\/06\/inghilterra.png\" width=\"706\" height=\"720\" alt=\"\" srcset=\"https:\/\/www.pedagogia.it\/stripes\/wp-content\/uploads\/sites\/7\/2022\/06\/inghilterra.png 706w, https:\/\/www.pedagogia.it\/stripes\/wp-content\/uploads\/sites\/7\/2022\/06\/inghilterra-294x300.png 294w, https:\/\/www.pedagogia.it\/stripes\/wp-content\/uploads\/sites\/7\/2022\/06\/inghilterra-600x612.png 600w\" sizes=\"(max-width: 706px) 100vw, 706px\" \/><\/div>\n\t\t\t\t\t<\/div>\n\t\t\t\t<\/div><\/div><\/div><\/a><\/div><\/div><\/div><\/div><\/div><\/div><\/div><div class=\"wpb_column pos-top pos-center align_left column_parent col-lg-4 boomapps_vccolumn single-internal-gutter\"><div class=\"uncol style-light\"  ><div class=\"uncoltable\"><div class=\"uncell  boomapps_vccolumn no-block-padding\" ><div class=\"uncont\" ><div class=\"uncode-single-media  text-center\"><div class=\"single-wrapper\" style=\"max-width: 15%;\"><a class=\"single-media-link\" href=\"https:\/\/www.pedagogia.it\/stripes\/stadtische-kindergarten-legnano\/\" target=\"_blank\" title=\"LEGNANO- ST\u00c4DTISCHE KINDERG\u00c4RTEN\"><div class=\"tmb tmb-light  img-circle tmb-media-first tmb-media-last tmb-content-overlay tmb-no-bg\"><div class=\"t-inside\"><div class=\"t-entry-visual\"><div class=\"t-entry-visual-tc\"><div class=\"uncode-single-media-wrapper img-circle\"><img decoding=\"async\" class=\"wp-image-16529\" src=\"https:\/\/www.pedagogia.it\/stripes\/wp-content\/uploads\/sites\/7\/2022\/06\/giusta-2.jpg\" width=\"900\" height=\"900\" alt=\"\" srcset=\"https:\/\/www.pedagogia.it\/stripes\/wp-content\/uploads\/sites\/7\/2022\/06\/giusta-2.jpg 900w, https:\/\/www.pedagogia.it\/stripes\/wp-content\/uploads\/sites\/7\/2022\/06\/giusta-2-300x300.jpg 300w, https:\/\/www.pedagogia.it\/stripes\/wp-content\/uploads\/sites\/7\/2022\/06\/giusta-2-150x150.jpg 150w, https:\/\/www.pedagogia.it\/stripes\/wp-content\/uploads\/sites\/7\/2022\/06\/giusta-2-768x768.jpg 768w, https:\/\/www.pedagogia.it\/stripes\/wp-content\/uploads\/sites\/7\/2022\/06\/giusta-2-600x600.jpg 600w, https:\/\/www.pedagogia.it\/stripes\/wp-content\/uploads\/sites\/7\/2022\/06\/giusta-2-100x100.jpg 100w\" sizes=\"(max-width: 900px) 100vw, 900px\" \/><\/div>\n\t\t\t\t\t<\/div>\n\t\t\t\t<\/div><\/div><\/div><\/a><\/div><\/div><\/div><\/div><\/div><\/div><\/div><script id=\"script-row-unique-1\" data-row=\"script-row-unique-1\" type=\"text\/javascript\" class=\"vc_controls\">UNCODE.initRow(document.getElementById(\"row-unique-1\"));<\/script><\/div><\/div><\/div><div data-parent=\"true\" class=\"vc_row row-container boomapps_vcrow\" id=\"row-unique-2\"><div class=\"row limit-width row-parent\"><div class=\"wpb_row row-inner\"><div class=\"wpb_column pos-top pos-center align_left column_parent col-lg-12 boomapps_vccolumn single-internal-gutter\"><div class=\"uncol style-light\"  ><div class=\"uncoltable\"><div class=\"uncell  boomapps_vccolumn no-block-padding\" ><div class=\"uncont\" ><div class=\"divider-wrapper \"  >\n    <div class=\"unseparator divider divider-center-icon border-accent-color\">\n                <div class=\"divider-icon icon-inactive btn-accent\">\n            <i class=\"fa fa-file-pdf-o\"><\/i>\n        <\/div>\n            <\/div>\n<\/div>\n<div class=\"vc_custom_heading_wrap \"><div class=\"heading-text el-text\" ><h2 class=\"h2\" ><span>Scarica i moduli PDF<\/span><\/h2><\/div><div class=\"clear\"><\/div><\/div><div class=\"uncode_text_column\" ><\/p>\n<div class=\"page\" title=\"Page 1\">\n<div class=\"section\">\n<div class=\"layoutArea\">\n<div class=\"column\"><\/div>\n<\/div>\n<\/div>\n<\/div>\n<ul>\n<li><a href=\"https:\/\/www.pedagogia.it\/stripes\/wp-content\/uploads\/sites\/7\/2026\/03\/Domanda_AMMISSIONE_NIDO_2026_rev3_edit.pdf\" target=\"_blank\" rel=\"noopener\">DOMANDA DI AMMISSIONE ALL\u2019ASILO NIDO COMUNALE<\/a><\/li>\n<li><a href=\"https:\/\/www.pedagogia.it\/stripes\/wp-content\/uploads\/sites\/7\/2026\/01\/TARIFFE_NIDO_AE_2026_2027.pdf\">Tariffe nido a.e. 2026\/2027<\/a><\/li>\n<li><a href=\"https:\/\/www.pedagogia.it\/stripes\/wp-content\/uploads\/sites\/7\/2024\/01\/REGOLAMENTO_APPROVATO_1.pdf\" target=\"_blank\" rel=\"noopener\">Regolamento<\/a><\/li>\n<li><a href=\"https:\/\/www.pedagogia.it\/stripes\/wp-content\/uploads\/sites\/7\/2025\/09\/Calendario_ae_2025-2026.pdf\">Calendario a.e. 2025\/2026<\/a><\/li>\n<li><a href=\"https:\/\/www.pedagogia.it\/stripes\/wp-content\/uploads\/sites\/7\/2026\/01\/Mod_CAMBIO_ORARIO_2026_edit.pdf\" target=\"_blank\" rel=\"noopener\">Modulo richiesta cambio orario<\/a><\/li>\n<li><a href=\"https:\/\/www.pedagogia.it\/stripes\/wp-content\/uploads\/sites\/7\/2026\/01\/Mod_RINUNCIA-SERVIZIO_2026_edit.pdf\" target=\"_blank\" rel=\"noopener\">Modulo rinuncia al servizio in corso d&#8217;anno<\/a><\/li>\n<li><a href=\"https:\/\/www.pedagogia.it\/stripes\/wp-content\/uploads\/sites\/7\/2026\/03\/Mod_RIDUZIONE_RETTA_2026_edit.pdf\">Modulo richiesta riduzione retta <\/a><\/li>\n<li><a href=\"https:\/\/www.pedagogia.it\/stripes\/wp-content\/uploads\/sites\/7\/2026\/01\/Mod_CAMBIO_STRUTTURA_2026_edit.pdf\" target=\"_blank\" rel=\"noopener\">Modulo Cambio Struttura<\/a><\/li>\n<li><a href=\"https:\/\/www.pedagogia.it\/stripes\/wp-content\/uploads\/sites\/7\/2026\/01\/Isee-dichiarazione_sostitutiva_2026_edit.pdf\" target=\"_blank\" rel=\"noopener\">Dichiarazione Sostitutiva Certificazione ISEE<\/a><\/li>\n<\/ul>\n<p>\n<\/div><\/div><\/div><\/div><\/div><\/div><script id=\"script-row-unique-2\" data-row=\"script-row-unique-2\" type=\"text\/javascript\" class=\"vc_controls\">UNCODE.initRow(document.getElementById(\"row-unique-2\"));<\/script><\/div><\/div><\/div><div data-parent=\"true\" class=\"vc_row row-container boomapps_vcrow\" id=\"row-unique-3\"><div class=\"row limit-width row-parent\"><div class=\"wpb_row row-inner\"><div class=\"wpb_column pos-top pos-center align_left column_parent col-lg-12 boomapps_vccolumn single-internal-gutter\"><div class=\"uncol style-light\"  ><div class=\"uncoltable\"><div class=\"uncell  boomapps_vccolumn no-block-padding\" ><div class=\"uncont\" ><\/div><\/div><\/div><\/div><\/div><script id=\"script-row-unique-3\" data-row=\"script-row-unique-3\" type=\"text\/javascript\" class=\"vc_controls\">UNCODE.initRow(document.getElementById(\"row-unique-3\"));<\/script><\/div><\/div><\/div>\n<\/div>","protected":false},"excerpt":{"rendered":"ASILI NIDO COMUNALI DI LEGNANO In base al Regolamento di gestione degli asili nido comunali, l\u2019iscrizione agli asili nido Aldo [...]","protected":false},"author":1,"featured_media":0,"parent":0,"menu_order":0,"comment_status":"closed","ping_status":"closed","template":"","meta":{"give_campaign_id":0,"om_disable_all_campaigns":false,"_monsterinsights_skip_tracking":false,"_monsterinsights_sitenote_active":false,"_monsterinsights_sitenote_note":"","_monsterinsights_sitenote_category":0,"footnotes":""},"tags":[],"class_list":["post-16862","page","type-page","status-publish","hentry"],"aioseo_notices":[],"yoast_head":"<!-- This site is optimized with the Yoast SEO plugin v27.2 - https:\/\/yoast.com\/product\/yoast-seo-wordpress\/ -->\n<title>Modulistica Asili Nido Legnano - Stripes Cooperativa Sociale ONLUS<\/title>\n<meta name=\"robots\" content=\"index, follow, max-snippet:-1, max-image-preview:large, max-video-preview:-1\" \/>\n<link rel=\"canonical\" href=\"https:\/\/www.pedagogia.it\/stripes\/modulistica-asili-nido-legnano\/\" \/>\n<meta property=\"og:locale\" content=\"it_IT\" \/>\n<meta property=\"og:type\" content=\"article\" \/>\n<meta property=\"og:title\" content=\"Modulistica Asili Nido Legnano - Stripes Cooperativa Sociale ONLUS\" \/>\n<meta property=\"og:url\" content=\"https:\/\/www.pedagogia.it\/stripes\/modulistica-asili-nido-legnano\/\" \/>\n<meta property=\"og:site_name\" content=\"Stripes Cooperativa Sociale ONLUS\" \/>\n<meta property=\"article:modified_time\" content=\"2026-03-03T14:16:03+00:00\" \/>\n<meta name=\"twitter:card\" content=\"summary_large_image\" \/>\n<meta name=\"twitter:label1\" content=\"Tempo di lettura stimato\" \/>\n\t<meta name=\"twitter:data1\" content=\"2 minuti\" \/>\n<script type=\"application\/ld+json\" class=\"yoast-schema-graph\">{\"@context\":\"https:\/\/schema.org\",\"@graph\":[{\"@type\":\"WebPage\",\"@id\":\"https:\/\/www.pedagogia.it\/stripes\/modulistica-asili-nido-legnano\/\",\"url\":\"https:\/\/www.pedagogia.it\/stripes\/modulistica-asili-nido-legnano\/\",\"name\":\"Modulistica Asili Nido Legnano - Stripes Cooperativa Sociale ONLUS\",\"isPartOf\":{\"@id\":\"https:\/\/www.pedagogia.it\/stripes\/#website\"},\"datePublished\":\"2018-04-16T10:55:14+00:00\",\"dateModified\":\"2026-03-03T14:16:03+00:00\",\"breadcrumb\":{\"@id\":\"https:\/\/www.pedagogia.it\/stripes\/modulistica-asili-nido-legnano\/#breadcrumb\"},\"inLanguage\":\"it-IT\",\"potentialAction\":[{\"@type\":\"ReadAction\",\"target\":[\"https:\/\/www.pedagogia.it\/stripes\/modulistica-asili-nido-legnano\/\"]}]},{\"@type\":\"BreadcrumbList\",\"@id\":\"https:\/\/www.pedagogia.it\/stripes\/modulistica-asili-nido-legnano\/#breadcrumb\",\"itemListElement\":[{\"@type\":\"ListItem\",\"position\":1,\"name\":\"Home\",\"item\":\"https:\/\/www.pedagogia.it\/stripes\/\"},{\"@type\":\"ListItem\",\"position\":2,\"name\":\"Modulistica Asili Nido Legnano\"}]},{\"@type\":\"WebSite\",\"@id\":\"https:\/\/www.pedagogia.it\/stripes\/#website\",\"url\":\"https:\/\/www.pedagogia.it\/stripes\/\",\"name\":\"Stripes Cooperativa Sociale ONLUS\",\"description\":\"\",\"potentialAction\":[{\"@type\":\"SearchAction\",\"target\":{\"@type\":\"EntryPoint\",\"urlTemplate\":\"https:\/\/www.pedagogia.it\/stripes\/?s={search_term_string}\"},\"query-input\":{\"@type\":\"PropertyValueSpecification\",\"valueRequired\":true,\"valueName\":\"search_term_string\"}}],\"inLanguage\":\"it-IT\"}]}<\/script>\n<!-- \/ Yoast SEO plugin. -->","yoast_head_json":{"title":"Modulistica Asili Nido Legnano - Stripes Cooperativa Sociale ONLUS","robots":{"index":"index","follow":"follow","max-snippet":"max-snippet:-1","max-image-preview":"max-image-preview:large","max-video-preview":"max-video-preview:-1"},"canonical":"https:\/\/www.pedagogia.it\/stripes\/modulistica-asili-nido-legnano\/","og_locale":"it_IT","og_type":"article","og_title":"Modulistica Asili Nido Legnano - Stripes Cooperativa Sociale ONLUS","og_url":"https:\/\/www.pedagogia.it\/stripes\/modulistica-asili-nido-legnano\/","og_site_name":"Stripes Cooperativa Sociale ONLUS","article_modified_time":"2026-03-03T14:16:03+00:00","twitter_card":"summary_large_image","twitter_misc":{"Tempo di lettura stimato":"2 minuti"},"schema":{"@context":"https:\/\/schema.org","@graph":[{"@type":"WebPage","@id":"https:\/\/www.pedagogia.it\/stripes\/modulistica-asili-nido-legnano\/","url":"https:\/\/www.pedagogia.it\/stripes\/modulistica-asili-nido-legnano\/","name":"Modulistica Asili Nido Legnano - Stripes Cooperativa Sociale ONLUS","isPartOf":{"@id":"https:\/\/www.pedagogia.it\/stripes\/#website"},"datePublished":"2018-04-16T10:55:14+00:00","dateModified":"2026-03-03T14:16:03+00:00","breadcrumb":{"@id":"https:\/\/www.pedagogia.it\/stripes\/modulistica-asili-nido-legnano\/#breadcrumb"},"inLanguage":"it-IT","potentialAction":[{"@type":"ReadAction","target":["https:\/\/www.pedagogia.it\/stripes\/modulistica-asili-nido-legnano\/"]}]},{"@type":"BreadcrumbList","@id":"https:\/\/www.pedagogia.it\/stripes\/modulistica-asili-nido-legnano\/#breadcrumb","itemListElement":[{"@type":"ListItem","position":1,"name":"Home","item":"https:\/\/www.pedagogia.it\/stripes\/"},{"@type":"ListItem","position":2,"name":"Modulistica Asili Nido Legnano"}]},{"@type":"WebSite","@id":"https:\/\/www.pedagogia.it\/stripes\/#website","url":"https:\/\/www.pedagogia.it\/stripes\/","name":"Stripes Cooperativa Sociale ONLUS","description":"","potentialAction":[{"@type":"SearchAction","target":{"@type":"EntryPoint","urlTemplate":"https:\/\/www.pedagogia.it\/stripes\/?s={search_term_string}"},"query-input":{"@type":"PropertyValueSpecification","valueRequired":true,"valueName":"search_term_string"}}],"inLanguage":"it-IT"}]}},"campaignId":"","_links":{"self":[{"href":"https:\/\/www.pedagogia.it\/stripes\/wp-json\/wp\/v2\/pages\/16862","targetHints":{"allow":["GET"]}}],"collection":[{"href":"https:\/\/www.pedagogia.it\/stripes\/wp-json\/wp\/v2\/pages"}],"about":[{"href":"https:\/\/www.pedagogia.it\/stripes\/wp-json\/wp\/v2\/types\/page"}],"author":[{"embeddable":true,"href":"https:\/\/www.pedagogia.it\/stripes\/wp-json\/wp\/v2\/users\/1"}],"replies":[{"embeddable":true,"href":"https:\/\/www.pedagogia.it\/stripes\/wp-json\/wp\/v2\/comments?post=16862"}],"version-history":[{"count":37,"href":"https:\/\/www.pedagogia.it\/stripes\/wp-json\/wp\/v2\/pages\/16862\/revisions"}],"predecessor-version":[{"id":26622,"href":"https:\/\/www.pedagogia.it\/stripes\/wp-json\/wp\/v2\/pages\/16862\/revisions\/26622"}],"wp:attachment":[{"href":"https:\/\/www.pedagogia.it\/stripes\/wp-json\/wp\/v2\/media?parent=16862"}],"wp:term":[{"taxonomy":"post_tag","embeddable":true,"href":"https:\/\/www.pedagogia.it\/stripes\/wp-json\/wp\/v2\/tags?post=16862"}],"curies":[{"name":"wp","href":"https:\/\/api.w.org\/{rel}","templated":true}]}}