{"id":211,"date":"2018-04-16T12:55:14","date_gmt":"2018-04-16T10:55:14","guid":{"rendered":"http:\/\/www.pedagogia.it\/nuovostripes\/?page_id=211"},"modified":"2026-03-02T11:11:54","modified_gmt":"2026-03-02T10:11:54","slug":"modulistica-asili-nido-rho","status":"publish","type":"page","link":"https:\/\/www.pedagogia.it\/stripes\/modulistica-asili-nido-rho\/","title":{"rendered":"Modulistica Asili Nido Rho"},"content":{"rendered":"<div class=\"wpb-content-wrapper\"><div data-parent=\"true\" class=\"vc_row row-container boomapps_vcrow\" id=\"row-unique-0\"><div class=\"row limit-width row-parent\"><div class=\"wpb_row row-inner\"><div class=\"wpb_column pos-middle pos-center align_center column_parent col-lg-3 boomapps_vccolumn single-internal-gutter\"><div class=\"uncol style-light\"  ><div class=\"uncoltable\"><div class=\"uncell  boomapps_vccolumn no-block-padding\" ><div class=\"uncont\" ><div class=\"uncode-single-media  text-left\"><div class=\"single-wrapper\" style=\"max-width: 100%;\"><div class=\"tmb tmb-light  tmb-media-first tmb-media-last tmb-content-overlay tmb-no-bg\"><div class=\"t-inside\"><div class=\"t-entry-visual\"><div class=\"t-entry-visual-tc\"><div class=\"uncode-single-media-wrapper\"><img decoding=\"async\" class=\"wp-image-9225\" src=\"https:\/\/www.pedagogia.it\/stripes\/wp-content\/uploads\/sites\/7\/2021\/01\/RHO_VERT_COLOR.jpg\" width=\"591\" height=\"591\" alt=\"\" srcset=\"https:\/\/www.pedagogia.it\/stripes\/wp-content\/uploads\/sites\/7\/2021\/01\/RHO_VERT_COLOR.jpg 591w, https:\/\/www.pedagogia.it\/stripes\/wp-content\/uploads\/sites\/7\/2021\/01\/RHO_VERT_COLOR-150x150.jpg 150w, https:\/\/www.pedagogia.it\/stripes\/wp-content\/uploads\/sites\/7\/2021\/01\/RHO_VERT_COLOR-300x300.jpg 300w, https:\/\/www.pedagogia.it\/stripes\/wp-content\/uploads\/sites\/7\/2021\/01\/RHO_VERT_COLOR-100x100.jpg 100w\" sizes=\"(max-width: 591px) 100vw, 591px\" \/><\/div>\n\t\t\t\t\t<\/div>\n\t\t\t\t<\/div><\/div><\/div><\/div><\/div><div class=\"uncode-single-media  text-left\"><div class=\"single-wrapper\" style=\"max-width: 100%;\"><div class=\"tmb tmb-light  tmb-media-first tmb-media-last tmb-content-overlay tmb-no-bg tmb-lightbox\"><div class=\"t-inside\"><div class=\"t-entry-visual\"><div class=\"t-entry-visual-tc\"><div class=\"uncode-single-media-wrapper\"><div class=\"dummy\" style=\"padding-top: 141.4%;\"><\/div><a href=\"https:\/\/www.pedagogia.it\/stripes\/wp-content\/uploads\/sites\/7\/2026\/02\/Open-day-2026.jpg\" class=\"pushed\" data-active=\"1\" data-lbox=\"ilightbox_single-26514\" data-options=\"width:1414,height:2000,thumbnail: 'https:\/\/www.pedagogia.it\/stripes\/wp-content\/uploads\/sites\/7\/2026\/02\/Open-day-2026-212x300.jpg'\"><img decoding=\"async\" class=\"wp-image-26514\" src=\"https:\/\/www.pedagogia.it\/stripes\/wp-content\/uploads\/sites\/7\/2026\/02\/Open-day-2026.jpg\" width=\"1414\" height=\"2000\" alt=\"\" srcset=\"https:\/\/www.pedagogia.it\/stripes\/wp-content\/uploads\/sites\/7\/2026\/02\/Open-day-2026.jpg 1414w, https:\/\/www.pedagogia.it\/stripes\/wp-content\/uploads\/sites\/7\/2026\/02\/Open-day-2026-212x300.jpg 212w, https:\/\/www.pedagogia.it\/stripes\/wp-content\/uploads\/sites\/7\/2026\/02\/Open-day-2026-724x1024.jpg 724w, https:\/\/www.pedagogia.it\/stripes\/wp-content\/uploads\/sites\/7\/2026\/02\/Open-day-2026-768x1086.jpg 768w, https:\/\/www.pedagogia.it\/stripes\/wp-content\/uploads\/sites\/7\/2026\/02\/Open-day-2026-1086x1536.jpg 1086w, https:\/\/www.pedagogia.it\/stripes\/wp-content\/uploads\/sites\/7\/2026\/02\/Open-day-2026-8x12.jpg 8w, https:\/\/www.pedagogia.it\/stripes\/wp-content\/uploads\/sites\/7\/2026\/02\/Open-day-2026-350x495.jpg 350w, https:\/\/www.pedagogia.it\/stripes\/wp-content\/uploads\/sites\/7\/2026\/02\/Open-day-2026-600x849.jpg 600w\" sizes=\"(max-width: 1414px) 100vw, 1414px\" \/><\/a><\/div>\n\t\t\t\t\t<\/div>\n\t\t\t\t<\/div><\/div><\/div><\/div><\/div><span class=\"btn-container\" ><a role=\"button\"  href=\"https:\/\/www.pedagogia.it\/stripes\/digital-open-day-asili-nido-comunali-di-rho\/\" class=\"custom-link btn border-width-0 btn-accent btn-icon-left\">OPEN DAY ASILI NIDO RHO<\/a><\/span><\/div><\/div><\/div><\/div><\/div><div class=\"wpb_column pos-top pos-center align_left column_parent col-lg-9 boomapps_vccolumn single-internal-gutter\"><div class=\"uncol style-light\"  ><div class=\"uncoltable\"><div class=\"uncell  boomapps_vccolumn no-block-padding\" ><div class=\"uncont\" ><div class=\"uncode_text_column\" ><\/p>\n<div>\n<p><strong><span style=\"font-size: 18pt;\">Iscrizioni asili nido comunali 2027\/2028<\/span><\/strong><\/p>\n<p>Le iscrizioni ai nidi \u201cIl trenino delle meraviglie\u201d di Via Deledda, \u201cDon Milani\u201d di Via Aldo Moro, \u201cIl bosco magico\u201d di via Togliatti e l&#8217;asilo nido di Via San Martino, per <strong>l\u2019anno educativo 2027\/2028<\/strong>, sono aperte <strong>dal 1\u00b0 marzo 2026 fino al 28 febbraio 2027<\/strong>.<br \/>\nLe famiglie possono presentare domanda agli asili nido comunali esclusivamente <strong>on line alla Cooperativa Stripes, accedendo al seguente link:<\/strong><br \/>\n<a href=\"https:\/\/forms.kindertap.com\/5s96cbrm\">https:\/\/forms.kindertap.com\/5s96cbrm<\/a><\/p>\n<p>All\u2019atto dell\u2019iscrizione all\u2019Asilo Nido \u00e8 necessario allegare:<\/p>\n<ul>\n<li>Per ciascun genitore la dichiarazione del datore di lavoro che attesti l\u2019attivit\u00e0 lavorativa a tempo pieno o part-time, il tipo di contratto con l\u2019indicazione dell\u2019orario di lavoro e, se a tempo determinato, la data di fine rapporto.<\/li>\n<li>l\u2019autocertificazione per il lavoratore autonomo, con l\u2019indicazione del numero di partita IVA.<\/li>\n<\/ul>\n<p>All\u2019interno della domanda di ammissione \u00e8 richiesto di compilare la dichiarazione sostitutiva della Certificazione ISEE, in corso di validit\u00e0. Il valore da dichiarare \u00e8 quello per \u201cprestazioni agevolate rivolte a minorenni.\u201d In caso di mancata dichiarazione, non verr\u00e0 attribuito alcun punteggio.<\/p>\n<p><span class=\"gmail-il\">I NON residenti rimasti in lista d&#8217;attesa\u00a0<\/span>devono presentare una nuova domanda ogni anno educativo.<\/p>\n<p>Per assistenza alla compilazione contattare la Cooperativa Stripes al numero 02\/9316667 int. 1, da luned\u00ec a venerd\u00ec, dalle ore 9.00 alle ore 13.00 e dalle 14.00 alle 18.00.<\/p>\n<\/div>\n<div>\n<div class=\"gmail_signature\" dir=\"ltr\" data-smartmail=\"gmail_signature\">\n<div dir=\"ltr\">\n<div dir=\"ltr\">\n<div dir=\"ltr\">\n<div dir=\"ltr\">\n<div dir=\"ltr\">\n<div dir=\"ltr\"><\/div>\n<\/div>\n<\/div>\n<\/div>\n<\/div>\n<\/div>\n<\/div>\n<\/div>\n<p>\n<\/div><\/div><\/div><\/div><\/div><\/div><script id=\"script-row-unique-0\" data-row=\"script-row-unique-0\" type=\"text\/javascript\" class=\"vc_controls\">UNCODE.initRow(document.getElementById(\"row-unique-0\"));<\/script><\/div><\/div><\/div><div data-parent=\"true\" class=\"vc_row row-container boomapps_vcrow\" id=\"row-unique-1\"><div class=\"row limit-width row-parent\"><div class=\"wpb_row row-inner\"><div class=\"wpb_column pos-top pos-center align_left column_parent col-lg-3 boomapps_vccolumn single-internal-gutter\"><div class=\"uncol style-light\"  ><div class=\"uncoltable\"><div class=\"uncell  boomapps_vccolumn no-block-padding\" ><div class=\"uncont\" ><span class=\"btn-container\" ><a role=\"button\"  href=\"https:\/\/www.pedagogia.it\/stripes\/jardines-de-infantes-municipales\/\" class=\"custom-link btn btn-xl border-width-0 btn-color-vyce btn-circle btn-icon-left\" target=\"_blank\">Spanish<\/a><\/span><\/div><\/div><\/div><\/div><\/div><div class=\"wpb_column pos-top pos-center align_left column_parent col-lg-3 boomapps_vccolumn single-internal-gutter\"><div class=\"uncol style-light\"  ><div class=\"uncoltable\"><div class=\"uncell  boomapps_vccolumn no-block-padding\" ><div class=\"uncont\" ><span class=\"btn-container\" ><a role=\"button\"  href=\"https:\/\/www.pedagogia.it\/stripes\/municipal-kindergartens\/\" class=\"custom-link btn btn-xl border-width-0 btn-color-vyce btn-circle btn-icon-left\" target=\"_blank\">English<\/a><\/span><\/div><\/div><\/div><\/div><\/div><div class=\"wpb_column pos-top pos-center align_left column_parent col-lg-3 boomapps_vccolumn single-internal-gutter\"><div class=\"uncol style-light\"  ><div class=\"uncoltable\"><div class=\"uncell  boomapps_vccolumn no-block-padding\" ><div class=\"uncont\" ><span class=\"btn-container\" ><a role=\"button\"  href=\"https:\/\/www.pedagogia.it\/stripes\/stadtische-kindergarten\/\" class=\"custom-link btn btn-xl border-width-0 btn-color-vyce btn-circle btn-icon-left\" target=\"_blank\">Deutsch<\/a><\/span><\/div><\/div><\/div><\/div><\/div><div class=\"wpb_column pos-top pos-center align_center column_parent col-lg-3 boomapps_vccolumn single-internal-gutter\"><div class=\"uncol style-light\"  ><div class=\"uncoltable\"><div class=\"uncell  boomapps_vccolumn no-block-padding\" ><div class=\"uncont\" ><span class=\"btn-container\" ><a role=\"button\"  href=\"https:\/\/www.pedagogia.it\/stripes\/wp-content\/uploads\/sites\/7\/2022\/09\/Testo-ARABO-sito-new_rev2.pdf\" class=\"custom-link btn btn-xl border-width-0 btn-color-vyce btn-circle btn-icon-left\" target=\"_blank\">\u0627\u0644\u0644\u063a\u0647 \u0627\u0644\u0639\u0631\u0628\u064a\u0647<\/a><\/span><\/div><\/div><\/div><\/div><\/div><script id=\"script-row-unique-1\" data-row=\"script-row-unique-1\" type=\"text\/javascript\" class=\"vc_controls\">UNCODE.initRow(document.getElementById(\"row-unique-1\"));<\/script><\/div><\/div><\/div><div data-parent=\"true\" class=\"vc_row row-container boomapps_vcrow\" id=\"row-unique-2\"><div class=\"row limit-width row-parent\"><div class=\"wpb_row row-inner\"><div class=\"wpb_column pos-top pos-center align_left column_parent col-lg-12 boomapps_vccolumn single-internal-gutter\"><div class=\"uncol style-light\"  ><div class=\"uncoltable\"><div class=\"uncell  boomapps_vccolumn no-block-padding\" ><div class=\"uncont\" ><div class=\"divider-wrapper \"  >\n    <div class=\"unseparator divider divider-center-icon border-accent-color\">\n                <div class=\"divider-icon icon-inactive btn-accent\">\n            <i class=\"fa fa-file-pdf-o\"><\/i>\n        <\/div>\n            <\/div>\n<\/div>\n<div class=\"vc_custom_heading_wrap \"><div class=\"heading-text el-text\" ><h2 class=\"h2\" ><span>Scarica i moduli PDF<\/span><\/h2><\/div><div class=\"clear\"><\/div><\/div><div class=\"uncode_text_column\" ><p><a href=\"https:\/\/www.pedagogia.it\/stripes\/wp-content\/uploads\/sites\/7\/2020\/12\/2020_11_26_REGOLAMENTO_NIDO_RHO_ALLEGATO_DELIBERA_CC.pdf\" target=\"_blank\" rel=\"noopener noreferrer\">REGOLAMENTO DEL SERVIZIO ASILO NIDO COMUNALE<\/a><\/p>\n<p><a href=\"https:\/\/www.pedagogia.it\/stripes\/wp-content\/uploads\/sites\/7\/2025\/01\/All.B_D.GC_n.16_Tariffe_2025-26_2026-27.pdf\">Tabella rette 2025-2026 e 2026-2027<\/a><\/p>\n<p><a href=\"https:\/\/www.pedagogia.it\/stripes\/wp-content\/uploads\/sites\/7\/2022\/12\/Dichiarazione_ISEE.pdf\" target=\"_blank\" rel=\"noopener\">Dichiarazione Sostitutiva Certificazione ISEE<\/a><\/p>\n<p><a href=\"https:\/\/www.pedagogia.it\/stripes\/wp-content\/uploads\/sites\/7\/2025\/09\/2025_Modulo_richiesta_Fascia_oraria.pdf\">Modulo richiesta CAMBIO_FASCIA_ORARIA<\/a><\/p>\n<p><a href=\"https:\/\/www.pedagogia.it\/stripes\/wp-content\/uploads\/sites\/7\/2022\/05\/Modulo-RITIRO.pdf\">Modulo RITIRO<\/a><\/p>\n<p><a href=\"https:\/\/www.pedagogia.it\/stripes\/wp-content\/uploads\/sites\/7\/2022\/05\/Modulo-RINUNCIA-AMMISSIONE-NIDO.pdf\">Modulo_RINUNCIA AMMISSIONE NIDO<\/a><\/p>\n<p><a href=\"https:\/\/www.pedagogia.it\/stripes\/wp-content\/uploads\/sites\/7\/2025\/09\/Calendario_educativo_25_26.pdf\"><span id=\"page3R_mcid51\" class=\"markedContent\"><span dir=\"ltr\" role=\"presentation\">Calendario<\/span><\/span><span id=\"page3R_mcid52\" class=\"markedContent\"><span dir=\"ltr\" role=\"presentation\"> anno educativo 2025\/2026<\/span><\/span><\/a><\/p>\n<\/div><\/div><\/div><\/div><\/div><\/div><script id=\"script-row-unique-2\" data-row=\"script-row-unique-2\" type=\"text\/javascript\" class=\"vc_controls\">UNCODE.initRow(document.getElementById(\"row-unique-2\"));<\/script><\/div><\/div><\/div><div data-parent=\"true\" class=\"vc_row row-container boomapps_vcrow\" id=\"row-unique-3\"><div class=\"row limit-width row-parent\"><div class=\"wpb_row row-inner\"><div class=\"wpb_column pos-top pos-center align_left column_parent col-lg-12 boomapps_vccolumn single-internal-gutter\"><div class=\"uncol style-light\"  ><div class=\"uncoltable\"><div class=\"uncell  boomapps_vccolumn no-block-padding\" ><div class=\"uncont\" ><\/div><\/div><\/div><\/div><\/div><script id=\"script-row-unique-3\" data-row=\"script-row-unique-3\" type=\"text\/javascript\" class=\"vc_controls\">UNCODE.initRow(document.getElementById(\"row-unique-3\"));<\/script><\/div><\/div><\/div>\n<\/div>","protected":false},"excerpt":{"rendered":"OPEN DAY ASILI NIDO RHO Iscrizioni asili nido comunali 2027\/2028 Le iscrizioni ai nidi \u201cIl trenino delle meraviglie\u201d di Via [...]","protected":false},"author":1,"featured_media":0,"parent":0,"menu_order":0,"comment_status":"closed","ping_status":"closed","template":"","meta":{"give_campaign_id":0,"om_disable_all_campaigns":false,"_monsterinsights_skip_tracking":false,"_monsterinsights_sitenote_active":false,"_monsterinsights_sitenote_note":"","_monsterinsights_sitenote_category":0,"footnotes":""},"tags":[],"class_list":["post-211","page","type-page","status-publish","hentry"],"aioseo_notices":[],"yoast_head":"<!-- This site is optimized with the Yoast SEO plugin v27.2 - https:\/\/yoast.com\/product\/yoast-seo-wordpress\/ -->\n<title>Modulistica Asili Nido Rho - Stripes Cooperativa Sociale ONLUS<\/title>\n<meta name=\"robots\" content=\"index, follow, max-snippet:-1, max-image-preview:large, max-video-preview:-1\" \/>\n<link rel=\"canonical\" href=\"https:\/\/www.pedagogia.it\/stripes\/modulistica-asili-nido-rho\/\" \/>\n<meta property=\"og:locale\" content=\"it_IT\" \/>\n<meta property=\"og:type\" content=\"article\" \/>\n<meta property=\"og:title\" content=\"Modulistica Asili Nido Rho - Stripes Cooperativa Sociale ONLUS\" \/>\n<meta property=\"og:url\" content=\"https:\/\/www.pedagogia.it\/stripes\/modulistica-asili-nido-rho\/\" \/>\n<meta property=\"og:site_name\" content=\"Stripes Cooperativa Sociale ONLUS\" \/>\n<meta property=\"article:modified_time\" content=\"2026-03-02T10:11:54+00:00\" \/>\n<meta name=\"twitter:card\" content=\"summary_large_image\" \/>\n<meta name=\"twitter:label1\" content=\"Tempo di lettura stimato\" \/>\n\t<meta name=\"twitter:data1\" content=\"2 minuti\" \/>\n<script type=\"application\/ld+json\" class=\"yoast-schema-graph\">{\"@context\":\"https:\/\/schema.org\",\"@graph\":[{\"@type\":\"WebPage\",\"@id\":\"https:\/\/www.pedagogia.it\/stripes\/modulistica-asili-nido-rho\/\",\"url\":\"https:\/\/www.pedagogia.it\/stripes\/modulistica-asili-nido-rho\/\",\"name\":\"Modulistica Asili Nido Rho - Stripes Cooperativa Sociale ONLUS\",\"isPartOf\":{\"@id\":\"https:\/\/www.pedagogia.it\/stripes\/#website\"},\"datePublished\":\"2018-04-16T10:55:14+00:00\",\"dateModified\":\"2026-03-02T10:11:54+00:00\",\"breadcrumb\":{\"@id\":\"https:\/\/www.pedagogia.it\/stripes\/modulistica-asili-nido-rho\/#breadcrumb\"},\"inLanguage\":\"it-IT\",\"potentialAction\":[{\"@type\":\"ReadAction\",\"target\":[\"https:\/\/www.pedagogia.it\/stripes\/modulistica-asili-nido-rho\/\"]}]},{\"@type\":\"BreadcrumbList\",\"@id\":\"https:\/\/www.pedagogia.it\/stripes\/modulistica-asili-nido-rho\/#breadcrumb\",\"itemListElement\":[{\"@type\":\"ListItem\",\"position\":1,\"name\":\"Home\",\"item\":\"https:\/\/www.pedagogia.it\/stripes\/\"},{\"@type\":\"ListItem\",\"position\":2,\"name\":\"Modulistica Asili Nido Rho\"}]},{\"@type\":\"WebSite\",\"@id\":\"https:\/\/www.pedagogia.it\/stripes\/#website\",\"url\":\"https:\/\/www.pedagogia.it\/stripes\/\",\"name\":\"Stripes Cooperativa Sociale ONLUS\",\"description\":\"\",\"potentialAction\":[{\"@type\":\"SearchAction\",\"target\":{\"@type\":\"EntryPoint\",\"urlTemplate\":\"https:\/\/www.pedagogia.it\/stripes\/?s={search_term_string}\"},\"query-input\":{\"@type\":\"PropertyValueSpecification\",\"valueRequired\":true,\"valueName\":\"search_term_string\"}}],\"inLanguage\":\"it-IT\"}]}<\/script>\n<!-- \/ Yoast SEO plugin. -->","yoast_head_json":{"title":"Modulistica Asili Nido Rho - Stripes Cooperativa Sociale ONLUS","robots":{"index":"index","follow":"follow","max-snippet":"max-snippet:-1","max-image-preview":"max-image-preview:large","max-video-preview":"max-video-preview:-1"},"canonical":"https:\/\/www.pedagogia.it\/stripes\/modulistica-asili-nido-rho\/","og_locale":"it_IT","og_type":"article","og_title":"Modulistica Asili Nido Rho - Stripes Cooperativa Sociale ONLUS","og_url":"https:\/\/www.pedagogia.it\/stripes\/modulistica-asili-nido-rho\/","og_site_name":"Stripes Cooperativa Sociale ONLUS","article_modified_time":"2026-03-02T10:11:54+00:00","twitter_card":"summary_large_image","twitter_misc":{"Tempo di lettura stimato":"2 minuti"},"schema":{"@context":"https:\/\/schema.org","@graph":[{"@type":"WebPage","@id":"https:\/\/www.pedagogia.it\/stripes\/modulistica-asili-nido-rho\/","url":"https:\/\/www.pedagogia.it\/stripes\/modulistica-asili-nido-rho\/","name":"Modulistica Asili Nido Rho - Stripes Cooperativa Sociale ONLUS","isPartOf":{"@id":"https:\/\/www.pedagogia.it\/stripes\/#website"},"datePublished":"2018-04-16T10:55:14+00:00","dateModified":"2026-03-02T10:11:54+00:00","breadcrumb":{"@id":"https:\/\/www.pedagogia.it\/stripes\/modulistica-asili-nido-rho\/#breadcrumb"},"inLanguage":"it-IT","potentialAction":[{"@type":"ReadAction","target":["https:\/\/www.pedagogia.it\/stripes\/modulistica-asili-nido-rho\/"]}]},{"@type":"BreadcrumbList","@id":"https:\/\/www.pedagogia.it\/stripes\/modulistica-asili-nido-rho\/#breadcrumb","itemListElement":[{"@type":"ListItem","position":1,"name":"Home","item":"https:\/\/www.pedagogia.it\/stripes\/"},{"@type":"ListItem","position":2,"name":"Modulistica Asili Nido Rho"}]},{"@type":"WebSite","@id":"https:\/\/www.pedagogia.it\/stripes\/#website","url":"https:\/\/www.pedagogia.it\/stripes\/","name":"Stripes Cooperativa Sociale ONLUS","description":"","potentialAction":[{"@type":"SearchAction","target":{"@type":"EntryPoint","urlTemplate":"https:\/\/www.pedagogia.it\/stripes\/?s={search_term_string}"},"query-input":{"@type":"PropertyValueSpecification","valueRequired":true,"valueName":"search_term_string"}}],"inLanguage":"it-IT"}]}},"campaignId":"","_links":{"self":[{"href":"https:\/\/www.pedagogia.it\/stripes\/wp-json\/wp\/v2\/pages\/211","targetHints":{"allow":["GET"]}}],"collection":[{"href":"https:\/\/www.pedagogia.it\/stripes\/wp-json\/wp\/v2\/pages"}],"about":[{"href":"https:\/\/www.pedagogia.it\/stripes\/wp-json\/wp\/v2\/types\/page"}],"author":[{"embeddable":true,"href":"https:\/\/www.pedagogia.it\/stripes\/wp-json\/wp\/v2\/users\/1"}],"replies":[{"embeddable":true,"href":"https:\/\/www.pedagogia.it\/stripes\/wp-json\/wp\/v2\/comments?post=211"}],"version-history":[{"count":22,"href":"https:\/\/www.pedagogia.it\/stripes\/wp-json\/wp\/v2\/pages\/211\/revisions"}],"predecessor-version":[{"id":26596,"href":"https:\/\/www.pedagogia.it\/stripes\/wp-json\/wp\/v2\/pages\/211\/revisions\/26596"}],"wp:attachment":[{"href":"https:\/\/www.pedagogia.it\/stripes\/wp-json\/wp\/v2\/media?parent=211"}],"wp:term":[{"taxonomy":"post_tag","embeddable":true,"href":"https:\/\/www.pedagogia.it\/stripes\/wp-json\/wp\/v2\/tags?post=211"}],"curies":[{"name":"wp","href":"https:\/\/api.w.org\/{rel}","templated":true}]}}