{"id":2746,"date":"2019-02-01T15:43:36","date_gmt":"2019-02-01T14:43:36","guid":{"rendered":"https:\/\/www.pedagogia.it\/stripes\/?page_id=2746"},"modified":"2019-05-23T16:59:34","modified_gmt":"2019-05-23T14:59:34","slug":"centro-estivo-nerviano","status":"publish","type":"page","link":"https:\/\/www.pedagogia.it\/stripes\/centri-estivi-2019\/centro-estivo-nerviano\/","title":{"rendered":"Centro Estivo Nerviano"},"content":{"rendered":"<div class=\"wpb-content-wrapper\"><div data-parent=\"true\" class=\"vc_row row-container boomapps_vcrow\" id=\"row-unique-0\"><div class=\"row limit-width row-parent\"><div class=\"wpb_row row-inner\"><div class=\"wpb_column pos-top pos-center align_left column_parent col-lg-12 boomapps_vccolumn single-internal-gutter\"><div class=\"uncol style-light\"  ><div class=\"uncoltable\"><div class=\"uncell  boomapps_vccolumn no-block-padding\" ><div class=\"uncont\" ><div class=\"vc_wp_custommenu wpb_content_element\"  data-id=\"1\"><div class=\"widget widget_nav_menu\"><div class=\"menu-menu_cre-container\"><ul id=\"menu-menu_cre\" class=\"menu-smart sm menu-horizontal\"><li id=\"menu-item-2635\" class=\"menu-item menu-item-type-post_type menu-item-object-page menu-item-2635\"><a href=\"https:\/\/www.pedagogia.it\/stripes\/centri-estivi-2019\/cre-furato\/\">Centro Estivo Furato<\/a><\/li>\n<li id=\"menu-item-2669\" class=\"menu-item menu-item-type-post_type menu-item-object-page menu-item-2669\"><a href=\"https:\/\/www.pedagogia.it\/stripes\/centri-estivi-2019\/cre-busto-garolfo\/\">Centro Estivo Busto Garolfo<\/a><\/li>\n<li id=\"menu-item-2810\" class=\"menu-item menu-item-type-post_type menu-item-object-page menu-item-2810\"><a href=\"https:\/\/www.pedagogia.it\/stripes\/centri-estivi-2019\/cre-casorezzo\/\">Centro Estivo Casorezzo<\/a><\/li>\n<li id=\"menu-item-2811\" class=\"menu-item menu-item-type-post_type menu-item-object-page menu-item-2811\"><a href=\"https:\/\/www.pedagogia.it\/stripes\/centri-estivi-2019\/centro-estivo-nerviano\/\">Centro Estivo Nerviano<\/a><\/li>\n<li id=\"menu-item-2865\" class=\"menu-item menu-item-type-post_type menu-item-object-page menu-item-2865\"><a href=\"https:\/\/www.pedagogia.it\/stripes\/centri-estivi-2019\/cre-olgiate-olona\/\">Campus Estivo Olgiate Olona<\/a><\/li>\n<li id=\"menu-item-2825\" class=\"menu-item menu-item-type-post_type menu-item-object-page menu-item-2825\"><a href=\"https:\/\/www.pedagogia.it\/stripes\/centri-estivi-2019\/centro-estivo-di-legnano\/\">Centro Estivo di Legnano<\/a><\/li>\n<li id=\"menu-item-2860\" class=\"menu-item menu-item-type-post_type menu-item-object-page menu-item-2860\"><a href=\"https:\/\/www.pedagogia.it\/stripes\/centri-estivi-2019\/grigio-color-camp-3-6-anni-segrate\/\">Grigio Color Camp \u2013 Segrate<\/a><\/li>\n<li id=\"menu-item-2600\" class=\"menu-item menu-item-type-post_type menu-item-object-page menu-item-2600\"><a href=\"https:\/\/www.pedagogia.it\/stripes\/centri-estivi-2019\/cre-san-vittore\/\">Centro Estivo San Vittore Olona<\/a><\/li>\n<li id=\"menu-item-2923\" class=\"menu-item menu-item-type-post_type menu-item-object-page menu-item-2923\"><a href=\"https:\/\/www.pedagogia.it\/stripes\/centri-estivi-2019\/centro-estivo-bresso\/\">Centro Estivo Bresso<\/a><\/li>\n<li id=\"menu-item-2994\" class=\"menu-item menu-item-type-post_type menu-item-object-page menu-item-2994\"><a href=\"https:\/\/www.pedagogia.it\/stripes\/centri-estivi-2019\/campus-estivo-bollate\/\">Campus Estivo Bollate \u2013 Biobabb-Arte<\/a><\/li>\n<li id=\"menu-item-3097\" class=\"menu-item menu-item-type-post_type menu-item-object-page menu-item-3097\"><a href=\"https:\/\/www.pedagogia.it\/stripes\/centri-estivi-2019\/centro-estivo-gaggiano\/\">Centro Estivo Gaggiano<\/a><\/li>\n<li id=\"menu-item-3241\" class=\"menu-item menu-item-type-post_type menu-item-object-page menu-item-3241\"><a href=\"https:\/\/www.pedagogia.it\/stripes\/centri-estivi-2019\/centro-estivo-cerro-maggiore\/\">Centro Estivo Cerro Maggiore<\/a><\/li>\n<\/ul><\/div><\/div><\/div><div class=\"uncode_text_column\" ><\/p>\n<h2 style=\"text-align: center\">Centro Estivo a Nerviano<br \/>\nTOKIO MANIA<br \/>\n17 giugno &#8211; 26 luglio 2019<\/h2>\n<p>Il <strong>Centro Estivo di Nerviano TOKIO MANIA<\/strong> \u00e8 rivolto ai bambini dai <strong>3 <\/strong>ai<strong> 5 anni<\/strong> (purch\u00e9 abbiano frequentato la scuola dell\u2019Infanzia) e ai ragazzi dai <strong>6 <\/strong>ai <strong>14 anni<\/strong>. Un&#8217;estate per giocare e crescere attraverso attivit\u00e0 ludiche e ricreative che consentano ai bambini e ai ragazzi di sviluppare forme di socializzazione utili alla formazione personale. Inoltre, settimanalmente, verranno organizzate <strong>gite <\/strong>ed\u00a0<strong>attivit\u00e0 in piscina<\/strong>!<\/p>\n<h3><span style=\"font-size: 12pt\">DOVE E QUANDO SI SVOLGONO?<\/span><\/h3>\n<ul>\n<li><strong>Ragazzi della scuola Primaria e della Secondaria di 1\u00b0 grado<br \/>\n<\/strong>Scuola Primaria di VIA ROMA \u2013 Nerviano &#8211; Tel. 0331\/58.49.51<br \/>\nPeriodo: da luned\u00ec 17 giugno a venerd\u00ec 26 luglio 2019<br \/>\nda luned\u00ec 2 a venerd\u00ec 6 settembre 2019<\/li>\n<li><strong>Bambini dai 3 ai 5 anni<br \/>\n<\/strong>Scuola dell\u2019Infanzia di VIA S. FRANCESCO \u2013 Garbatola &#8211; Tel. 0331\/41.91.22<br \/>\nPeriodo: da luned\u00ec 1 a venerd\u00ec 26 luglio 2019I Centri saranno in funzione dal luned\u00ec al venerd\u00ec dalle ore 9.00 alle ore 11.55 e dalle ore 14.00 alle ore 17.00.<br \/>\nSOLO per i bambini della scuola dell\u2019Infanzia sono previste due uscite pomeridiane : alle ore 16.00 e<br \/>\nalle ore 17.00.In tutte le sedi sar\u00e0 in funzione un apposito<strong> servizio di PRE\/POST CENTRO<\/strong> attivo nei seguenti orari:<br \/>\nPre-Centro : dalle 7.45 alle 8.45 (ultimo ingresso)<br \/>\nPost-Centro : dalle 17.00 alle 18.00<\/li>\n<\/ul>\n<h3><span style=\"font-size: 12pt\">COSTI<\/span><\/h3>\n<p><strong>Per i residenti:\u00a0<\/strong>tariffa min\/max settimanale \u20ac 12,50\/50,00<br \/>\n<strong>Per i non residenti:<\/strong> tariffa fissa settimanale \u20ac 62,50<br \/>\nPer le tariffe residenti e non residenti del <strong>servizio ristorazione<\/strong>, <strong>pre\/post centro\u00a0<\/strong>e <strong>altre agevolazioni <\/strong>vedere la <span style=\"color: #0000ff\"><a style=\"color: #0000ff\" href=\"#CIRCOLARE\">circolare<\/a><\/span> Cre 2019.<\/p>\n<h3><span style=\"font-size: 12pt\">ISCRIZIONI<\/span><\/h3>\n<p><span style=\"font-size: 12pt\">Le richieste di iscrizione si effettuano esclusivamente on line collegandosi al sito internet del <a href=\"http:\/\/www.comune.nerviano.mi.it\/\" target=\"_blank\" rel=\"noopener\">Comune di Nerviano<\/a>\u00a0 sezione \u201cServizi Scolastici e Asilo Nido\u201d (immagine di bambini a scuola)\u00a0<strong>dalle ore 9.00 di luned\u00ec 1\u00b0 aprile alle 12.00 di luned\u00ec 15 aprile 2019.<\/strong><br \/>\n<\/span><\/p>\n<h3><span style=\"font-size: 12pt\">ALLEGATI DA CONSEGNARE ALL\u2019UFF. PUBBLICA ISTRUZIONE<\/span><\/h3>\n<p>Trovate qui\u00a0fra gli<strong><a href=\"#procedura\"> allegati<\/a>\u00a0<\/strong>la procedura guidata per le iscrizioni per il Centro Estivo 2019 di Nerviano.<\/p>\n<h3>SERATA DI PRESENTAZIONE<br \/>\n<span style=\"font-size: 12pt\">6 GIUGNO 2019 &#8211; ORE 21.00<\/span><\/h3>\n<p>Il programma delle attivit\u00e0 del Centro Estivo 2019, verr\u00e0 illustrato durante l\u2019incontro di presentazione aperto a tutti gli iscritti che si terr\u00e0 il 6 GIUGNO ore 21.00 presso la <strong>Sala Bergognone<\/strong> ex Monastero degli Olivetani &#8211; P.zza Manzoni, 14 &#8211; Nerviano.<\/p>\n<h3><span style=\"font-size: 12pt\">ALLEGATI<\/span><\/h3>\n<ul>\n<li><a id=\"CIRCOLARE\"><\/a><a href=\"https:\/\/www.pedagogia.it\/stripes\/wp-content\/uploads\/sites\/7\/2019\/05\/0005569CIRCOLARE-CRE-2019.pdf\" target=\"_blank\" rel=\"noopener\"><span style=\"color: #0000ff\">CIRCOLARE CRE 2019<\/span><\/a><\/li>\n<li><a id=\"procedura\"><\/a><a href=\"https:\/\/www.pedagogia.it\/stripes\/wp-content\/uploads\/sites\/7\/2019\/05\/PROCEDURA-GUIDATA-per-iscrizioni-on-line-CRE-2019.pdf\"><span style=\"color: #0000ff\">PROCEDURA GUIDATA per iscrizioni on line CRE 2019<\/span>\u00a0<\/a><br \/>\n<\/div><\/div><\/div><\/div><\/div><\/div><script id=\"script-row-unique-0\" data-row=\"script-row-unique-0\" type=\"text\/javascript\" class=\"vc_controls\">UNCODE.initRow(document.getElementById(\"row-unique-0\"));<\/script><\/div><\/div><\/div><\/li>\n<\/ul>\n<p>&nbsp;<\/p>\n<p>&nbsp;<\/p>\n<\/div>","protected":false},"excerpt":{"rendered":"<p>&nbsp; &nbsp;<\/p>\n","protected":false},"author":1,"featured_media":2747,"parent":2559,"menu_order":0,"comment_status":"closed","ping_status":"closed","template":"","meta":{"give_campaign_id":0,"om_disable_all_campaigns":false,"_monsterinsights_skip_tracking":false,"_monsterinsights_sitenote_active":false,"_monsterinsights_sitenote_note":"","_monsterinsights_sitenote_category":0,"footnotes":""},"tags":[182,186],"class_list":["post-2746","page","type-page","status-publish","has-post-thumbnail","hentry","tag-centri-estivi","tag-nerviano","page_category-centri-estivi"],"aioseo_notices":[],"yoast_head":"<!-- This site is optimized with the Yoast SEO plugin v27.2 - https:\/\/yoast.com\/product\/yoast-seo-wordpress\/ -->\n<title>Centro Estivo Nerviano - Stripes Cooperativa Sociale ONLUS<\/title>\n<meta name=\"robots\" content=\"index, follow, max-snippet:-1, max-image-preview:large, max-video-preview:-1\" \/>\n<link rel=\"canonical\" href=\"https:\/\/www.pedagogia.it\/stripes\/centri-estivi-2019\/centro-estivo-nerviano\/\" \/>\n<meta property=\"og:locale\" content=\"it_IT\" \/>\n<meta property=\"og:type\" content=\"article\" \/>\n<meta property=\"og:title\" content=\"Centro Estivo Nerviano - Stripes Cooperativa Sociale ONLUS\" \/>\n<meta property=\"og:description\" content=\"&nbsp; &nbsp;\" \/>\n<meta property=\"og:url\" content=\"https:\/\/www.pedagogia.it\/stripes\/centri-estivi-2019\/centro-estivo-nerviano\/\" \/>\n<meta property=\"og:site_name\" content=\"Stripes Cooperativa Sociale ONLUS\" \/>\n<meta property=\"article:modified_time\" content=\"2019-05-23T14:59:34+00:00\" \/>\n<meta property=\"og:image\" content=\"https:\/\/www.pedagogia.it\/stripes\/wp-content\/uploads\/sites\/7\/2019\/05\/logo6.png\" \/>\n\t<meta property=\"og:image:width\" content=\"1280\" \/>\n\t<meta property=\"og:image:height\" content=\"720\" \/>\n\t<meta property=\"og:image:type\" content=\"image\/png\" \/>\n<meta name=\"twitter:card\" content=\"summary_large_image\" \/>\n<meta name=\"twitter:label1\" content=\"Tempo di lettura stimato\" \/>\n\t<meta name=\"twitter:data1\" content=\"2 minuti\" \/>\n<script type=\"application\/ld+json\" class=\"yoast-schema-graph\">{\"@context\":\"https:\/\/schema.org\",\"@graph\":[{\"@type\":\"WebPage\",\"@id\":\"https:\/\/www.pedagogia.it\/stripes\/centri-estivi-2019\/centro-estivo-nerviano\/\",\"url\":\"https:\/\/www.pedagogia.it\/stripes\/centri-estivi-2019\/centro-estivo-nerviano\/\",\"name\":\"Centro Estivo Nerviano - Stripes Cooperativa Sociale ONLUS\",\"isPartOf\":{\"@id\":\"https:\/\/www.pedagogia.it\/stripes\/#website\"},\"primaryImageOfPage\":{\"@id\":\"https:\/\/www.pedagogia.it\/stripes\/centri-estivi-2019\/centro-estivo-nerviano\/#primaryimage\"},\"image\":{\"@id\":\"https:\/\/www.pedagogia.it\/stripes\/centri-estivi-2019\/centro-estivo-nerviano\/#primaryimage\"},\"thumbnailUrl\":\"https:\/\/www.pedagogia.it\/stripes\/wp-content\/uploads\/sites\/7\/2019\/05\/logo6.png\",\"datePublished\":\"2019-02-01T14:43:36+00:00\",\"dateModified\":\"2019-05-23T14:59:34+00:00\",\"breadcrumb\":{\"@id\":\"https:\/\/www.pedagogia.it\/stripes\/centri-estivi-2019\/centro-estivo-nerviano\/#breadcrumb\"},\"inLanguage\":\"it-IT\",\"potentialAction\":[{\"@type\":\"ReadAction\",\"target\":[\"https:\/\/www.pedagogia.it\/stripes\/centri-estivi-2019\/centro-estivo-nerviano\/\"]}]},{\"@type\":\"ImageObject\",\"inLanguage\":\"it-IT\",\"@id\":\"https:\/\/www.pedagogia.it\/stripes\/centri-estivi-2019\/centro-estivo-nerviano\/#primaryimage\",\"url\":\"https:\/\/www.pedagogia.it\/stripes\/wp-content\/uploads\/sites\/7\/2019\/05\/logo6.png\",\"contentUrl\":\"https:\/\/www.pedagogia.it\/stripes\/wp-content\/uploads\/sites\/7\/2019\/05\/logo6.png\",\"width\":1280,\"height\":720},{\"@type\":\"BreadcrumbList\",\"@id\":\"https:\/\/www.pedagogia.it\/stripes\/centri-estivi-2019\/centro-estivo-nerviano\/#breadcrumb\",\"itemListElement\":[{\"@type\":\"ListItem\",\"position\":1,\"name\":\"Home\",\"item\":\"https:\/\/www.pedagogia.it\/stripes\/\"},{\"@type\":\"ListItem\",\"position\":2,\"name\":\"Centri Estivi 2019\",\"item\":\"https:\/\/www.pedagogia.it\/stripes\/centri-estivi-2019\/\"},{\"@type\":\"ListItem\",\"position\":3,\"name\":\"Centro Estivo Nerviano\"}]},{\"@type\":\"WebSite\",\"@id\":\"https:\/\/www.pedagogia.it\/stripes\/#website\",\"url\":\"https:\/\/www.pedagogia.it\/stripes\/\",\"name\":\"Stripes Cooperativa Sociale ONLUS\",\"description\":\"\",\"potentialAction\":[{\"@type\":\"SearchAction\",\"target\":{\"@type\":\"EntryPoint\",\"urlTemplate\":\"https:\/\/www.pedagogia.it\/stripes\/?s={search_term_string}\"},\"query-input\":{\"@type\":\"PropertyValueSpecification\",\"valueRequired\":true,\"valueName\":\"search_term_string\"}}],\"inLanguage\":\"it-IT\"}]}<\/script>\n<!-- \/ Yoast SEO plugin. -->","yoast_head_json":{"title":"Centro Estivo Nerviano - Stripes Cooperativa Sociale ONLUS","robots":{"index":"index","follow":"follow","max-snippet":"max-snippet:-1","max-image-preview":"max-image-preview:large","max-video-preview":"max-video-preview:-1"},"canonical":"https:\/\/www.pedagogia.it\/stripes\/centri-estivi-2019\/centro-estivo-nerviano\/","og_locale":"it_IT","og_type":"article","og_title":"Centro Estivo Nerviano - Stripes Cooperativa Sociale ONLUS","og_description":"&nbsp; &nbsp;","og_url":"https:\/\/www.pedagogia.it\/stripes\/centri-estivi-2019\/centro-estivo-nerviano\/","og_site_name":"Stripes Cooperativa Sociale ONLUS","article_modified_time":"2019-05-23T14:59:34+00:00","og_image":[{"width":1280,"height":720,"url":"https:\/\/www.pedagogia.it\/stripes\/wp-content\/uploads\/sites\/7\/2019\/05\/logo6.png","type":"image\/png"}],"twitter_card":"summary_large_image","twitter_misc":{"Tempo di lettura stimato":"2 minuti"},"schema":{"@context":"https:\/\/schema.org","@graph":[{"@type":"WebPage","@id":"https:\/\/www.pedagogia.it\/stripes\/centri-estivi-2019\/centro-estivo-nerviano\/","url":"https:\/\/www.pedagogia.it\/stripes\/centri-estivi-2019\/centro-estivo-nerviano\/","name":"Centro Estivo Nerviano - Stripes Cooperativa Sociale ONLUS","isPartOf":{"@id":"https:\/\/www.pedagogia.it\/stripes\/#website"},"primaryImageOfPage":{"@id":"https:\/\/www.pedagogia.it\/stripes\/centri-estivi-2019\/centro-estivo-nerviano\/#primaryimage"},"image":{"@id":"https:\/\/www.pedagogia.it\/stripes\/centri-estivi-2019\/centro-estivo-nerviano\/#primaryimage"},"thumbnailUrl":"https:\/\/www.pedagogia.it\/stripes\/wp-content\/uploads\/sites\/7\/2019\/05\/logo6.png","datePublished":"2019-02-01T14:43:36+00:00","dateModified":"2019-05-23T14:59:34+00:00","breadcrumb":{"@id":"https:\/\/www.pedagogia.it\/stripes\/centri-estivi-2019\/centro-estivo-nerviano\/#breadcrumb"},"inLanguage":"it-IT","potentialAction":[{"@type":"ReadAction","target":["https:\/\/www.pedagogia.it\/stripes\/centri-estivi-2019\/centro-estivo-nerviano\/"]}]},{"@type":"ImageObject","inLanguage":"it-IT","@id":"https:\/\/www.pedagogia.it\/stripes\/centri-estivi-2019\/centro-estivo-nerviano\/#primaryimage","url":"https:\/\/www.pedagogia.it\/stripes\/wp-content\/uploads\/sites\/7\/2019\/05\/logo6.png","contentUrl":"https:\/\/www.pedagogia.it\/stripes\/wp-content\/uploads\/sites\/7\/2019\/05\/logo6.png","width":1280,"height":720},{"@type":"BreadcrumbList","@id":"https:\/\/www.pedagogia.it\/stripes\/centri-estivi-2019\/centro-estivo-nerviano\/#breadcrumb","itemListElement":[{"@type":"ListItem","position":1,"name":"Home","item":"https:\/\/www.pedagogia.it\/stripes\/"},{"@type":"ListItem","position":2,"name":"Centri Estivi 2019","item":"https:\/\/www.pedagogia.it\/stripes\/centri-estivi-2019\/"},{"@type":"ListItem","position":3,"name":"Centro Estivo Nerviano"}]},{"@type":"WebSite","@id":"https:\/\/www.pedagogia.it\/stripes\/#website","url":"https:\/\/www.pedagogia.it\/stripes\/","name":"Stripes Cooperativa Sociale ONLUS","description":"","potentialAction":[{"@type":"SearchAction","target":{"@type":"EntryPoint","urlTemplate":"https:\/\/www.pedagogia.it\/stripes\/?s={search_term_string}"},"query-input":{"@type":"PropertyValueSpecification","valueRequired":true,"valueName":"search_term_string"}}],"inLanguage":"it-IT"}]}},"campaignId":"","_links":{"self":[{"href":"https:\/\/www.pedagogia.it\/stripes\/wp-json\/wp\/v2\/pages\/2746","targetHints":{"allow":["GET"]}}],"collection":[{"href":"https:\/\/www.pedagogia.it\/stripes\/wp-json\/wp\/v2\/pages"}],"about":[{"href":"https:\/\/www.pedagogia.it\/stripes\/wp-json\/wp\/v2\/types\/page"}],"author":[{"embeddable":true,"href":"https:\/\/www.pedagogia.it\/stripes\/wp-json\/wp\/v2\/users\/1"}],"replies":[{"embeddable":true,"href":"https:\/\/www.pedagogia.it\/stripes\/wp-json\/wp\/v2\/comments?post=2746"}],"version-history":[{"count":0,"href":"https:\/\/www.pedagogia.it\/stripes\/wp-json\/wp\/v2\/pages\/2746\/revisions"}],"up":[{"embeddable":true,"href":"https:\/\/www.pedagogia.it\/stripes\/wp-json\/wp\/v2\/pages\/2559"}],"wp:featuredmedia":[{"embeddable":true,"href":"https:\/\/www.pedagogia.it\/stripes\/wp-json\/wp\/v2\/media\/2747"}],"wp:attachment":[{"href":"https:\/\/www.pedagogia.it\/stripes\/wp-json\/wp\/v2\/media?parent=2746"}],"wp:term":[{"taxonomy":"post_tag","embeddable":true,"href":"https:\/\/www.pedagogia.it\/stripes\/wp-json\/wp\/v2\/tags?post=2746"}],"curies":[{"name":"wp","href":"https:\/\/api.w.org\/{rel}","templated":true}]}}