{"id":2861,"date":"2019-05-22T15:39:03","date_gmt":"2019-05-22T13:39:03","guid":{"rendered":"https:\/\/www.pedagogia.it\/stripes\/?page_id=2861"},"modified":"2019-06-25T16:49:15","modified_gmt":"2019-06-25T14:49:15","slug":"cre-olgiate-olona","status":"publish","type":"page","link":"https:\/\/www.pedagogia.it\/stripes\/centri-estivi-2019\/cre-olgiate-olona\/","title":{"rendered":"Campus Estivo Olgiate Olona"},"content":{"rendered":"<div class=\"wpb-content-wrapper\"><div data-parent=\"true\" class=\"vc_row row-container boomapps_vcrow\" id=\"row-unique-0\"><div class=\"row limit-width row-parent\"><div class=\"wpb_row row-inner\"><div class=\"wpb_column pos-top pos-center align_left column_parent col-lg-12 boomapps_vccolumn single-internal-gutter\"><div class=\"uncol style-light\"  ><div class=\"uncoltable\"><div class=\"uncell  boomapps_vccolumn no-block-padding\" ><div class=\"uncont\" ><div class=\"vc_wp_custommenu wpb_content_element\"  data-id=\"1\"><div class=\"widget widget_nav_menu\"><div class=\"menu-menu_cre-container\"><ul id=\"menu-menu_cre\" class=\"menu-smart sm menu-horizontal\"><li id=\"menu-item-2635\" class=\"menu-item menu-item-type-post_type menu-item-object-page menu-item-2635\"><a href=\"https:\/\/www.pedagogia.it\/stripes\/centri-estivi-2019\/cre-furato\/\">Centro Estivo Furato<\/a><\/li>\n<li id=\"menu-item-2669\" class=\"menu-item menu-item-type-post_type menu-item-object-page menu-item-2669\"><a href=\"https:\/\/www.pedagogia.it\/stripes\/centri-estivi-2019\/cre-busto-garolfo\/\">Centro Estivo Busto Garolfo<\/a><\/li>\n<li id=\"menu-item-2810\" class=\"menu-item menu-item-type-post_type menu-item-object-page menu-item-2810\"><a href=\"https:\/\/www.pedagogia.it\/stripes\/centri-estivi-2019\/cre-casorezzo\/\">Centro Estivo Casorezzo<\/a><\/li>\n<li id=\"menu-item-2811\" class=\"menu-item menu-item-type-post_type menu-item-object-page menu-item-2811\"><a href=\"https:\/\/www.pedagogia.it\/stripes\/centri-estivi-2019\/centro-estivo-nerviano\/\">Centro Estivo Nerviano<\/a><\/li>\n<li id=\"menu-item-2865\" class=\"menu-item menu-item-type-post_type menu-item-object-page menu-item-2865\"><a href=\"https:\/\/www.pedagogia.it\/stripes\/centri-estivi-2019\/cre-olgiate-olona\/\">Campus Estivo Olgiate Olona<\/a><\/li>\n<li id=\"menu-item-2825\" class=\"menu-item menu-item-type-post_type menu-item-object-page menu-item-2825\"><a href=\"https:\/\/www.pedagogia.it\/stripes\/centri-estivi-2019\/centro-estivo-di-legnano\/\">Centro Estivo di Legnano<\/a><\/li>\n<li id=\"menu-item-2860\" class=\"menu-item menu-item-type-post_type menu-item-object-page menu-item-2860\"><a href=\"https:\/\/www.pedagogia.it\/stripes\/centri-estivi-2019\/grigio-color-camp-3-6-anni-segrate\/\">Grigio Color Camp \u2013 Segrate<\/a><\/li>\n<li id=\"menu-item-2600\" class=\"menu-item menu-item-type-post_type menu-item-object-page menu-item-2600\"><a href=\"https:\/\/www.pedagogia.it\/stripes\/centri-estivi-2019\/cre-san-vittore\/\">Centro Estivo San Vittore Olona<\/a><\/li>\n<li id=\"menu-item-2923\" class=\"menu-item menu-item-type-post_type menu-item-object-page menu-item-2923\"><a href=\"https:\/\/www.pedagogia.it\/stripes\/centri-estivi-2019\/centro-estivo-bresso\/\">Centro Estivo Bresso<\/a><\/li>\n<li id=\"menu-item-2994\" class=\"menu-item menu-item-type-post_type menu-item-object-page menu-item-2994\"><a href=\"https:\/\/www.pedagogia.it\/stripes\/centri-estivi-2019\/campus-estivo-bollate\/\">Campus Estivo Bollate \u2013 Biobabb-Arte<\/a><\/li>\n<li id=\"menu-item-3097\" class=\"menu-item menu-item-type-post_type menu-item-object-page menu-item-3097\"><a href=\"https:\/\/www.pedagogia.it\/stripes\/centri-estivi-2019\/centro-estivo-gaggiano\/\">Centro Estivo Gaggiano<\/a><\/li>\n<li id=\"menu-item-3241\" class=\"menu-item menu-item-type-post_type menu-item-object-page menu-item-3241\"><a href=\"https:\/\/www.pedagogia.it\/stripes\/centri-estivi-2019\/centro-estivo-cerro-maggiore\/\">Centro Estivo Cerro Maggiore<\/a><\/li>\n<\/ul><\/div><\/div><\/div><div class=\"uncode_text_column\" ><\/p>\n<h1 style=\"text-align: center\">Olgiate Jones<br \/>\nUn&#8217;avventura lunga un&#8217;estate!<\/h1>\n<h3 style=\"text-align: center\">10 giugno &#8211; 2 agosto 2019 \/\/ 19 agosto &#8211; 6 settembre 2019<\/h3>\n<p>Per le bambine e i bambini di Olgiate Olona, i giochi e le attivit\u00e0 del Centro Estivo per questo 2019 ruoteranno attorno ad un curioso tema che ci porter\u00e0 a fantasticare e risolvere misteri \u201cOlgiate Jones: un&#8217;avventura lunga un&#8217;estate\u201d. I genitori potranno scegliere se iscriverli a 1, 2, 3 o pi\u00f9 settimane, modulando secondo i bisogni e i desideri della famiglia la frequenza al Centro Estivo.<br \/>\nLe varie attivit\u00e0 verranno poi svolte formando dei gruppi eterogenei per et\u00e0, in base alle scelte e agli interessi dei bambini in rapporto alle diverse attivit\u00e0 proposte: cos\u00ec tutti si divertono e valorizzano la propria unicit\u00e0!<\/p>\n<p><strong>Mercoled\u00ec 22 maggio 2019 alle 20.45<\/strong> si terr\u00e0 una\u00a0<strong>SERATA DI PRESENTAZIONE<\/strong> per i genitori presso la Sala Consiliare (Il Teatrino) in via L. Greppi 19, Olgiate Olona.<br \/>\nScarica qui il volantino della serata di presentazione:\u00a0<span style=\"color: #0000ff\"><a style=\"color: #0000ff\" href=\"https:\/\/www.pedagogia.it\/stripes\/wp-content\/uploads\/sites\/7\/2019\/05\/Volantino-Olgiate-Olona.pdf\" target=\"_blank\" rel=\"noopener noreferrer\">Volantino Olgiate Olona<\/a><\/span><\/p>\n<p><strong>LE ATTIVIT\u00c0<br \/>\n<\/strong>La programmazione delle attivit\u00e0 viene realizzata per rendere il pi\u00f9 coinvolgente ed interessante possibile l\u2019esperienza di tutti presso il Campus, avendo cura di rispettare gli interessi di ognuno, e di stimolarne la creativit\u00e0 e la socialit\u00e0!<\/p>\n<ul>\n<li>Attivit\u00e0 ludico-sportive<\/li>\n<li>Laboratori manuali<\/li>\n<li>Giochi d&#8217;acqua<\/li>\n<li>Giochi tematici<\/li>\n<li>Spazio compiti<\/li>\n<li>Piscina<\/li>\n<li>Gite<\/li>\n<\/ul>\n<p><strong>LA GIORNATA AL CAMPUS ESTIVO<\/strong><br \/>\nLa giornata del campus estivo \u00e8 il risultato di un\u2019attenta programmazione di gruppo svolta durante i momenti di confronto quotidiano, in modo da offrire una proposta divertente e coinvolgente e garantire un contesto rispettoso dei tempi e delle preferenze dei bambini.<br \/>\n<a href=\"#Brochure\">Vedi un esempio di giornata al Centro Estivo nella Brochure<\/a><\/p>\n<p><strong>DOCUMENTI<br \/>\n<a id=\"Brochure\"><\/a><span style=\"color: #0000ff\"><a style=\"color: #0000ff\" href=\"https:\/\/www.pedagogia.it\/stripes\/wp-content\/uploads\/sites\/7\/2019\/05\/brochure_CRE_Olgiate.-RIVISTA_22-maggio19.pdf\">Brochure_CRE_Olgiate<\/a><\/span><br \/>\n<span style=\"color: #0000ff\"><a style=\"color: #0000ff\" href=\"https:\/\/www.pedagogia.it\/stripes\/wp-content\/uploads\/sites\/7\/2019\/05\/Richiesta-somministrazione-farmaci-1.pdf\">Richiesta somministrazione farmaci<\/a><\/span><br \/>\n<\/strong><strong><span style=\"color: #0000ff\"><a style=\"color: #0000ff\" href=\"https:\/\/www.pedagogia.it\/stripes\/wp-content\/uploads\/sites\/7\/2019\/05\/scheda-iscrizione-cre-OLGIATE_-AL-22-MAGGIO-2019.pdf\">Scheda iscrizione CRE OLGIATE<\/a><\/span><br \/>\n<\/strong><span style=\"color: #0000ff\"><strong><a style=\"color: #0000ff\" href=\"https:\/\/www.pedagogia.it\/stripes\/wp-content\/uploads\/sites\/7\/2019\/05\/SCHEDA-PERSONALE-BAMBINO-OLGIATE-AL-22-MAGGIO-2019.pdf\">Scheda personale Bambino<\/a><\/strong><\/span><\/p>\n<p><strong>Contatti\u00a0<\/strong><br \/>\nCoordinatore Tito Terreni \u2013 3498435142\u00a0\u2013 <span style=\"color: #0000ff\"><a style=\"color: #0000ff\" href=\"mailto:tito.tirreni@gmail.com\" target=\"_blank\" rel=\"noopener noreferrer\">tito.terreni@gmail.com<\/a><\/span><\/p>\n<\/div><\/div><\/div><\/div><\/div><\/div><script id=\"script-row-unique-0\" data-row=\"script-row-unique-0\" type=\"text\/javascript\" class=\"vc_controls\">UNCODE.initRow(document.getElementById(\"row-unique-0\"));<\/script><\/div><\/div><\/div>\n<\/div>","protected":false},"excerpt":{"rendered":"Centro Estivo Furato Centro Estivo Busto Garolfo Centro Estivo Casorezzo Centro Estivo Nerviano Campus Estivo Olgiate Olona Centro Estivo di [...]","protected":false},"author":225,"featured_media":2873,"parent":2559,"menu_order":0,"comment_status":"closed","ping_status":"closed","template":"","meta":{"give_campaign_id":0,"om_disable_all_campaigns":false,"_monsterinsights_skip_tracking":false,"_monsterinsights_sitenote_active":false,"_monsterinsights_sitenote_note":"","_monsterinsights_sitenote_category":0,"footnotes":""},"tags":[182],"class_list":["post-2861","page","type-page","status-publish","has-post-thumbnail","hentry","tag-centri-estivi","page_category-centri-estivi"],"aioseo_notices":[],"yoast_head":"<!-- This site is optimized with the Yoast SEO plugin v27.2 - https:\/\/yoast.com\/product\/yoast-seo-wordpress\/ -->\n<title>Campus Estivo Olgiate Olona - Stripes Cooperativa Sociale ONLUS<\/title>\n<meta name=\"robots\" content=\"index, follow, max-snippet:-1, max-image-preview:large, max-video-preview:-1\" \/>\n<link rel=\"canonical\" href=\"https:\/\/www.pedagogia.it\/stripes\/centri-estivi-2019\/cre-olgiate-olona\/\" \/>\n<meta property=\"og:locale\" content=\"it_IT\" \/>\n<meta property=\"og:type\" content=\"article\" \/>\n<meta property=\"og:title\" content=\"Campus Estivo Olgiate Olona - Stripes Cooperativa Sociale ONLUS\" \/>\n<meta property=\"og:url\" content=\"https:\/\/www.pedagogia.it\/stripes\/centri-estivi-2019\/cre-olgiate-olona\/\" \/>\n<meta property=\"og:site_name\" content=\"Stripes Cooperativa Sociale ONLUS\" \/>\n<meta property=\"article:modified_time\" content=\"2019-06-25T14:49:15+00:00\" \/>\n<meta property=\"og:image\" content=\"https:\/\/www.pedagogia.it\/stripes\/wp-content\/uploads\/sites\/7\/2019\/05\/59677500_2517775338247296_8253758181663047680_n-e1558624506382.jpg\" \/>\n\t<meta property=\"og:image:width\" content=\"676\" \/>\n\t<meta property=\"og:image:height\" content=\"960\" \/>\n\t<meta property=\"og:image:type\" content=\"image\/jpeg\" \/>\n<meta name=\"twitter:card\" content=\"summary_large_image\" \/>\n<meta name=\"twitter:label1\" content=\"Tempo di lettura stimato\" \/>\n\t<meta name=\"twitter:data1\" content=\"1 minuto\" \/>\n<script type=\"application\/ld+json\" class=\"yoast-schema-graph\">{\"@context\":\"https:\/\/schema.org\",\"@graph\":[{\"@type\":\"WebPage\",\"@id\":\"https:\/\/www.pedagogia.it\/stripes\/centri-estivi-2019\/cre-olgiate-olona\/\",\"url\":\"https:\/\/www.pedagogia.it\/stripes\/centri-estivi-2019\/cre-olgiate-olona\/\",\"name\":\"Campus Estivo Olgiate Olona - Stripes Cooperativa Sociale ONLUS\",\"isPartOf\":{\"@id\":\"https:\/\/www.pedagogia.it\/stripes\/#website\"},\"primaryImageOfPage\":{\"@id\":\"https:\/\/www.pedagogia.it\/stripes\/centri-estivi-2019\/cre-olgiate-olona\/#primaryimage\"},\"image\":{\"@id\":\"https:\/\/www.pedagogia.it\/stripes\/centri-estivi-2019\/cre-olgiate-olona\/#primaryimage\"},\"thumbnailUrl\":\"https:\/\/www.pedagogia.it\/stripes\/wp-content\/uploads\/sites\/7\/2019\/05\/59677500_2517775338247296_8253758181663047680_n-e1558624506382.jpg\",\"datePublished\":\"2019-05-22T13:39:03+00:00\",\"dateModified\":\"2019-06-25T14:49:15+00:00\",\"breadcrumb\":{\"@id\":\"https:\/\/www.pedagogia.it\/stripes\/centri-estivi-2019\/cre-olgiate-olona\/#breadcrumb\"},\"inLanguage\":\"it-IT\",\"potentialAction\":[{\"@type\":\"ReadAction\",\"target\":[\"https:\/\/www.pedagogia.it\/stripes\/centri-estivi-2019\/cre-olgiate-olona\/\"]}]},{\"@type\":\"ImageObject\",\"inLanguage\":\"it-IT\",\"@id\":\"https:\/\/www.pedagogia.it\/stripes\/centri-estivi-2019\/cre-olgiate-olona\/#primaryimage\",\"url\":\"https:\/\/www.pedagogia.it\/stripes\/wp-content\/uploads\/sites\/7\/2019\/05\/59677500_2517775338247296_8253758181663047680_n-e1558624506382.jpg\",\"contentUrl\":\"https:\/\/www.pedagogia.it\/stripes\/wp-content\/uploads\/sites\/7\/2019\/05\/59677500_2517775338247296_8253758181663047680_n-e1558624506382.jpg\",\"width\":676,\"height\":960},{\"@type\":\"BreadcrumbList\",\"@id\":\"https:\/\/www.pedagogia.it\/stripes\/centri-estivi-2019\/cre-olgiate-olona\/#breadcrumb\",\"itemListElement\":[{\"@type\":\"ListItem\",\"position\":1,\"name\":\"Home\",\"item\":\"https:\/\/www.pedagogia.it\/stripes\/\"},{\"@type\":\"ListItem\",\"position\":2,\"name\":\"Centri Estivi 2019\",\"item\":\"https:\/\/www.pedagogia.it\/stripes\/centri-estivi-2019\/\"},{\"@type\":\"ListItem\",\"position\":3,\"name\":\"Campus Estivo Olgiate Olona\"}]},{\"@type\":\"WebSite\",\"@id\":\"https:\/\/www.pedagogia.it\/stripes\/#website\",\"url\":\"https:\/\/www.pedagogia.it\/stripes\/\",\"name\":\"Stripes Cooperativa Sociale ONLUS\",\"description\":\"\",\"potentialAction\":[{\"@type\":\"SearchAction\",\"target\":{\"@type\":\"EntryPoint\",\"urlTemplate\":\"https:\/\/www.pedagogia.it\/stripes\/?s={search_term_string}\"},\"query-input\":{\"@type\":\"PropertyValueSpecification\",\"valueRequired\":true,\"valueName\":\"search_term_string\"}}],\"inLanguage\":\"it-IT\"}]}<\/script>\n<!-- \/ Yoast SEO plugin. -->","yoast_head_json":{"title":"Campus Estivo Olgiate Olona - Stripes Cooperativa Sociale ONLUS","robots":{"index":"index","follow":"follow","max-snippet":"max-snippet:-1","max-image-preview":"max-image-preview:large","max-video-preview":"max-video-preview:-1"},"canonical":"https:\/\/www.pedagogia.it\/stripes\/centri-estivi-2019\/cre-olgiate-olona\/","og_locale":"it_IT","og_type":"article","og_title":"Campus Estivo Olgiate Olona - Stripes Cooperativa Sociale ONLUS","og_url":"https:\/\/www.pedagogia.it\/stripes\/centri-estivi-2019\/cre-olgiate-olona\/","og_site_name":"Stripes Cooperativa Sociale ONLUS","article_modified_time":"2019-06-25T14:49:15+00:00","og_image":[{"width":676,"height":960,"url":"https:\/\/www.pedagogia.it\/stripes\/wp-content\/uploads\/sites\/7\/2019\/05\/59677500_2517775338247296_8253758181663047680_n-e1558624506382.jpg","type":"image\/jpeg"}],"twitter_card":"summary_large_image","twitter_misc":{"Tempo di lettura stimato":"1 minuto"},"schema":{"@context":"https:\/\/schema.org","@graph":[{"@type":"WebPage","@id":"https:\/\/www.pedagogia.it\/stripes\/centri-estivi-2019\/cre-olgiate-olona\/","url":"https:\/\/www.pedagogia.it\/stripes\/centri-estivi-2019\/cre-olgiate-olona\/","name":"Campus Estivo Olgiate Olona - Stripes Cooperativa Sociale ONLUS","isPartOf":{"@id":"https:\/\/www.pedagogia.it\/stripes\/#website"},"primaryImageOfPage":{"@id":"https:\/\/www.pedagogia.it\/stripes\/centri-estivi-2019\/cre-olgiate-olona\/#primaryimage"},"image":{"@id":"https:\/\/www.pedagogia.it\/stripes\/centri-estivi-2019\/cre-olgiate-olona\/#primaryimage"},"thumbnailUrl":"https:\/\/www.pedagogia.it\/stripes\/wp-content\/uploads\/sites\/7\/2019\/05\/59677500_2517775338247296_8253758181663047680_n-e1558624506382.jpg","datePublished":"2019-05-22T13:39:03+00:00","dateModified":"2019-06-25T14:49:15+00:00","breadcrumb":{"@id":"https:\/\/www.pedagogia.it\/stripes\/centri-estivi-2019\/cre-olgiate-olona\/#breadcrumb"},"inLanguage":"it-IT","potentialAction":[{"@type":"ReadAction","target":["https:\/\/www.pedagogia.it\/stripes\/centri-estivi-2019\/cre-olgiate-olona\/"]}]},{"@type":"ImageObject","inLanguage":"it-IT","@id":"https:\/\/www.pedagogia.it\/stripes\/centri-estivi-2019\/cre-olgiate-olona\/#primaryimage","url":"https:\/\/www.pedagogia.it\/stripes\/wp-content\/uploads\/sites\/7\/2019\/05\/59677500_2517775338247296_8253758181663047680_n-e1558624506382.jpg","contentUrl":"https:\/\/www.pedagogia.it\/stripes\/wp-content\/uploads\/sites\/7\/2019\/05\/59677500_2517775338247296_8253758181663047680_n-e1558624506382.jpg","width":676,"height":960},{"@type":"BreadcrumbList","@id":"https:\/\/www.pedagogia.it\/stripes\/centri-estivi-2019\/cre-olgiate-olona\/#breadcrumb","itemListElement":[{"@type":"ListItem","position":1,"name":"Home","item":"https:\/\/www.pedagogia.it\/stripes\/"},{"@type":"ListItem","position":2,"name":"Centri Estivi 2019","item":"https:\/\/www.pedagogia.it\/stripes\/centri-estivi-2019\/"},{"@type":"ListItem","position":3,"name":"Campus Estivo Olgiate Olona"}]},{"@type":"WebSite","@id":"https:\/\/www.pedagogia.it\/stripes\/#website","url":"https:\/\/www.pedagogia.it\/stripes\/","name":"Stripes Cooperativa Sociale ONLUS","description":"","potentialAction":[{"@type":"SearchAction","target":{"@type":"EntryPoint","urlTemplate":"https:\/\/www.pedagogia.it\/stripes\/?s={search_term_string}"},"query-input":{"@type":"PropertyValueSpecification","valueRequired":true,"valueName":"search_term_string"}}],"inLanguage":"it-IT"}]}},"campaignId":"","_links":{"self":[{"href":"https:\/\/www.pedagogia.it\/stripes\/wp-json\/wp\/v2\/pages\/2861","targetHints":{"allow":["GET"]}}],"collection":[{"href":"https:\/\/www.pedagogia.it\/stripes\/wp-json\/wp\/v2\/pages"}],"about":[{"href":"https:\/\/www.pedagogia.it\/stripes\/wp-json\/wp\/v2\/types\/page"}],"author":[{"embeddable":true,"href":"https:\/\/www.pedagogia.it\/stripes\/wp-json\/wp\/v2\/users\/225"}],"replies":[{"embeddable":true,"href":"https:\/\/www.pedagogia.it\/stripes\/wp-json\/wp\/v2\/comments?post=2861"}],"version-history":[{"count":0,"href":"https:\/\/www.pedagogia.it\/stripes\/wp-json\/wp\/v2\/pages\/2861\/revisions"}],"up":[{"embeddable":true,"href":"https:\/\/www.pedagogia.it\/stripes\/wp-json\/wp\/v2\/pages\/2559"}],"wp:featuredmedia":[{"embeddable":true,"href":"https:\/\/www.pedagogia.it\/stripes\/wp-json\/wp\/v2\/media\/2873"}],"wp:attachment":[{"href":"https:\/\/www.pedagogia.it\/stripes\/wp-json\/wp\/v2\/media?parent=2861"}],"wp:term":[{"taxonomy":"post_tag","embeddable":true,"href":"https:\/\/www.pedagogia.it\/stripes\/wp-json\/wp\/v2\/tags?post=2861"}],"curies":[{"name":"wp","href":"https:\/\/api.w.org\/{rel}","templated":true}]}}