{"id":2899,"date":"2019-05-23T15:44:05","date_gmt":"2019-05-23T13:44:05","guid":{"rendered":"https:\/\/www.pedagogia.it\/stripes\/?page_id=2899"},"modified":"2019-05-23T17:43:56","modified_gmt":"2019-05-23T15:43:56","slug":"centro-estivo-bresso","status":"publish","type":"page","link":"https:\/\/www.pedagogia.it\/stripes\/centri-estivi-2019\/centro-estivo-bresso\/","title":{"rendered":"Centro Estivo Bresso"},"content":{"rendered":"<div class=\"wpb-content-wrapper\"><div data-parent=\"true\" class=\"vc_row row-container boomapps_vcrow\" id=\"row-unique-0\"><div class=\"row limit-width row-parent\"><div class=\"wpb_row row-inner\"><div class=\"wpb_column pos-top pos-center align_left column_parent col-lg-12 boomapps_vccolumn single-internal-gutter\"><div class=\"uncol style-light\"  ><div class=\"uncoltable\"><div class=\"uncell  boomapps_vccolumn no-block-padding\" ><div class=\"uncont\" ><div class=\"vc_wp_custommenu wpb_content_element\"  data-id=\"1\"><div class=\"widget widget_nav_menu\"><div class=\"menu-menu_cre-container\"><ul id=\"menu-menu_cre\" class=\"menu-smart sm menu-horizontal\"><li id=\"menu-item-2635\" class=\"menu-item menu-item-type-post_type menu-item-object-page menu-item-2635\"><a href=\"https:\/\/www.pedagogia.it\/stripes\/centri-estivi-2019\/cre-furato\/\">Centro Estivo Furato<\/a><\/li>\n<li id=\"menu-item-2669\" class=\"menu-item menu-item-type-post_type menu-item-object-page menu-item-2669\"><a href=\"https:\/\/www.pedagogia.it\/stripes\/centri-estivi-2019\/cre-busto-garolfo\/\">Centro Estivo Busto Garolfo<\/a><\/li>\n<li id=\"menu-item-2810\" class=\"menu-item menu-item-type-post_type menu-item-object-page menu-item-2810\"><a href=\"https:\/\/www.pedagogia.it\/stripes\/centri-estivi-2019\/cre-casorezzo\/\">Centro Estivo Casorezzo<\/a><\/li>\n<li id=\"menu-item-2811\" class=\"menu-item menu-item-type-post_type menu-item-object-page menu-item-2811\"><a href=\"https:\/\/www.pedagogia.it\/stripes\/centri-estivi-2019\/centro-estivo-nerviano\/\">Centro Estivo Nerviano<\/a><\/li>\n<li id=\"menu-item-2865\" class=\"menu-item menu-item-type-post_type menu-item-object-page menu-item-2865\"><a href=\"https:\/\/www.pedagogia.it\/stripes\/centri-estivi-2019\/cre-olgiate-olona\/\">Campus Estivo Olgiate Olona<\/a><\/li>\n<li id=\"menu-item-2825\" class=\"menu-item menu-item-type-post_type menu-item-object-page menu-item-2825\"><a href=\"https:\/\/www.pedagogia.it\/stripes\/centri-estivi-2019\/centro-estivo-di-legnano\/\">Centro Estivo di Legnano<\/a><\/li>\n<li id=\"menu-item-2860\" class=\"menu-item menu-item-type-post_type menu-item-object-page menu-item-2860\"><a href=\"https:\/\/www.pedagogia.it\/stripes\/centri-estivi-2019\/grigio-color-camp-3-6-anni-segrate\/\">Grigio Color Camp \u2013 Segrate<\/a><\/li>\n<li id=\"menu-item-2600\" class=\"menu-item menu-item-type-post_type menu-item-object-page menu-item-2600\"><a href=\"https:\/\/www.pedagogia.it\/stripes\/centri-estivi-2019\/cre-san-vittore\/\">Centro Estivo San Vittore Olona<\/a><\/li>\n<li id=\"menu-item-2923\" class=\"menu-item menu-item-type-post_type menu-item-object-page menu-item-2923\"><a href=\"https:\/\/www.pedagogia.it\/stripes\/centri-estivi-2019\/centro-estivo-bresso\/\">Centro Estivo Bresso<\/a><\/li>\n<li id=\"menu-item-2994\" class=\"menu-item menu-item-type-post_type menu-item-object-page menu-item-2994\"><a href=\"https:\/\/www.pedagogia.it\/stripes\/centri-estivi-2019\/campus-estivo-bollate\/\">Campus Estivo Bollate \u2013 Biobabb-Arte<\/a><\/li>\n<li id=\"menu-item-3097\" class=\"menu-item menu-item-type-post_type menu-item-object-page menu-item-3097\"><a href=\"https:\/\/www.pedagogia.it\/stripes\/centri-estivi-2019\/centro-estivo-gaggiano\/\">Centro Estivo Gaggiano<\/a><\/li>\n<li id=\"menu-item-3241\" class=\"menu-item menu-item-type-post_type menu-item-object-page menu-item-3241\"><a href=\"https:\/\/www.pedagogia.it\/stripes\/centri-estivi-2019\/centro-estivo-cerro-maggiore\/\">Centro Estivo Cerro Maggiore<\/a><\/li>\n<\/ul><\/div><\/div><\/div><div class=\"uncode_text_column\" ><\/p>\n<h2 style=\"text-align: center\">Centro Estivo Bresso 2019<\/h2>\n<h3 style=\"text-align: center\">Energie per il futuro &#8211; Scuola Primaria e Secondaria<br \/>\nGiro Giro Tondo, Cambia il Mondo &#8211; Infanzia<\/h3>\n<p>Centri Estivi 2019 per tutte le et\u00e0 nel Comune di Bresso: uno dedicato ai bambini della scuola dell&#8217;infanzia incentrato sul tema della &#8220;magia&#8221; ed uno per chi frequenta la scuola primaria e secondaria, modellato sul tema dell&#8217; &#8220;energia per il futuro&#8221;.<\/p>\n<h3 style=\"text-align: left\">Energie per il futuro &#8211; Scuola primaria e secondaria<\/h3>\n<p>L\u2019energia del futuro siamo noi, oggi.<br \/>\nE\u2019 a partire da questo slogan che abbiamo deciso di costruire il <strong>progetto educativo<\/strong> <strong>del centro estivo primaria e secondaria 2019<\/strong>. Senza dubbio un percorso ambizioso, certo, ma quanto mai attuale ed attuabile. Perch\u00e9 se c\u2019\u00e8 una cosa in grado di <strong>cambiare il futuro<\/strong>, questa \u00e8 la forza della creativit\u00e0, dell\u2019ingegno, della spensieratezza. Quell\u2019energia che si sprigiona con facilit\u00e0 dalla mente e dai corpi di bambini e ragazzi. E non parliamo affatto di tecnologie digitali e sharing economy. Il futuro che costruiremo insieme ai ragazzi sar\u00e0 fatto di <strong>Condivisione<\/strong> con la C maiuscola, <strong>coraggio<\/strong>,<strong> valorizzazione delle differenze<\/strong>, <strong>ri-scoperte<\/strong>. Un missile spaziale lancer\u00e0 in orbita le nostre idee, e spesso scopriremo che le invenzioni pi\u00f9 originali ed innovative sono anche le pi\u00f9 semplici.<br \/>\nNon ci resta che azionare i motori!<\/p>\n<h3 style=\"text-align: left\">Giro Giro Tondo, Cambia il Mondo &#8211; Infanzia<\/h3>\n<p>Una famosa canzone di Giorgio Gaber si intitola \u00abNon insegnate ai bambini\u00bb, ed \u00e8 proprio a partire da queste semplici, ma intramontabili parole, che abbiamo deciso di costruire il <strong>progetto educativo<\/strong> <strong>del centro estivo infanzia di Bresso 2019<\/strong>. \u00abMa se proprio volete insegnate soltanto la magia della vit<strong>a<\/strong>\u2026\u00bb La nostra idea di centro estivo si costruisce proprio intorno alla parola <strong>magia<\/strong>: qualcosa di unico, per alcuni incredibile forse, ma non per questo non realizzabile. E un bambino lo sa bene, la magia \u00e8 assolutamente reale, basta volerla osservare: la lenta ed incessante crescita di un albero, la capacit\u00e0 di una ninfea di galleggiare sull\u2019acqua, le incredibili forme delle nuvole nel cielo\u2026 Osserveremo insieme, bambini, faremo <strong>giochi<\/strong>, <strong>scoperte<\/strong>, <strong>viaggi<\/strong>.<br \/>\n\u00abColtivate voi stessi il cuore e la mente, date fiducia all\u2019amore, il resto \u00e8 niente\u00bb.<br \/>\nVi aspettiamo!<\/p>\n<p><span style=\"font-size: 12pt\"><strong>Presentazione dei nuovi centri estivi comunali di Bresso<br \/>\nGioved\u00ec 30 maggio 2019 ore 17.30<br \/>\n<\/strong>Palazzo comunale, via Roma 2 Bresso<\/span><strong><br \/>\n<\/strong><\/p>\n<p>Intervengono:<br \/>\nCristina Dimasi\u2013ASSESSORE SERVIZIO ISTRUZIONE<br \/>\nDarioTrolese\u2013 RESP. ISTRUZIONE, CULTURA E SPORT<br \/>\nMarta Franchi e Cristian Rocca \u2013STRIPES COOP ONLUS<\/p>\n<p>Scarica qui il volantino della serata di presentazione:<br \/>\n<a href=\"https:\/\/www.pedagogia.it\/stripes\/wp-content\/uploads\/sites\/7\/2019\/05\/volantino-energie-per-il-futuro-def.pdf\" target=\"_blank\" rel=\"noopener\">Volantino PrimariaSecondaria Bresso<\/a><br \/>\n<a href=\"https:\/\/www.pedagogia.it\/stripes\/wp-content\/uploads\/sites\/7\/2019\/05\/volantino-giro-giro-tondo-def.pdf\">Volantino Infanzia Bresso<\/a><\/p>\n<p><strong>Per informazioni:<\/strong><br \/>\n<span style=\"color: #0000ff\"><a style=\"color: #0000ff\" href=\"http:\/\/www.bresso.net\/flex\/cm\/pages\/ServeBLOB.php\/L\/IT\/IDPagina\/180\" target=\"_blank\" rel=\"noopener\">Comune di Bresso &#8211; Centri Ricreativi Diurni<\/a><br \/>\n<a href=\"mailto:centroestivobressostripes@gmail.com\" target=\"_blank\" rel=\"noopener\">centroestivobressostripes@gmail.com<\/a><\/span><\/p>\n<p>\n<\/div><\/div><\/div><\/div><\/div><\/div><script id=\"script-row-unique-0\" data-row=\"script-row-unique-0\" type=\"text\/javascript\" class=\"vc_controls\">UNCODE.initRow(document.getElementById(\"row-unique-0\"));<\/script><\/div><\/div><\/div>\n<\/div>","protected":false},"excerpt":{"rendered":"Centro Estivo Furato Centro Estivo Busto Garolfo Centro Estivo Casorezzo Centro Estivo Nerviano Campus Estivo Olgiate Olona Centro Estivo di [...]","protected":false},"author":225,"featured_media":2954,"parent":2559,"menu_order":0,"comment_status":"closed","ping_status":"closed","template":"","meta":{"give_campaign_id":0,"om_disable_all_campaigns":false,"_monsterinsights_skip_tracking":false,"_monsterinsights_sitenote_active":false,"_monsterinsights_sitenote_note":"","_monsterinsights_sitenote_category":0,"footnotes":""},"tags":[182],"class_list":["post-2899","page","type-page","status-publish","has-post-thumbnail","hentry","tag-centri-estivi","page_category-centri-estivi"],"aioseo_notices":[],"yoast_head":"<!-- This site is optimized with the Yoast SEO plugin v27.2 - https:\/\/yoast.com\/product\/yoast-seo-wordpress\/ -->\n<title>Centro Estivo Bresso - Stripes Cooperativa Sociale ONLUS<\/title>\n<meta name=\"robots\" content=\"index, follow, max-snippet:-1, max-image-preview:large, max-video-preview:-1\" \/>\n<link rel=\"canonical\" href=\"https:\/\/www.pedagogia.it\/stripes\/centri-estivi-2019\/centro-estivo-bresso\/\" \/>\n<meta property=\"og:locale\" content=\"it_IT\" \/>\n<meta property=\"og:type\" content=\"article\" \/>\n<meta property=\"og:title\" content=\"Centro Estivo Bresso - Stripes Cooperativa Sociale ONLUS\" \/>\n<meta property=\"og:url\" content=\"https:\/\/www.pedagogia.it\/stripes\/centri-estivi-2019\/centro-estivo-bresso\/\" \/>\n<meta property=\"og:site_name\" content=\"Stripes Cooperativa Sociale ONLUS\" \/>\n<meta property=\"article:modified_time\" content=\"2019-05-23T15:43:56+00:00\" \/>\n<meta property=\"og:image\" content=\"https:\/\/www.pedagogia.it\/stripes\/wp-content\/uploads\/sites\/7\/2018\/04\/bresso.jpg\" \/>\n\t<meta property=\"og:image:width\" content=\"1424\" \/>\n\t<meta property=\"og:image:height\" content=\"1912\" \/>\n\t<meta property=\"og:image:type\" content=\"image\/jpeg\" \/>\n<meta name=\"twitter:card\" content=\"summary_large_image\" \/>\n<meta name=\"twitter:label1\" content=\"Tempo di lettura stimato\" \/>\n\t<meta name=\"twitter:data1\" content=\"2 minuti\" \/>\n<script type=\"application\/ld+json\" class=\"yoast-schema-graph\">{\"@context\":\"https:\/\/schema.org\",\"@graph\":[{\"@type\":\"WebPage\",\"@id\":\"https:\/\/www.pedagogia.it\/stripes\/centri-estivi-2019\/centro-estivo-bresso\/\",\"url\":\"https:\/\/www.pedagogia.it\/stripes\/centri-estivi-2019\/centro-estivo-bresso\/\",\"name\":\"Centro Estivo Bresso - Stripes Cooperativa Sociale ONLUS\",\"isPartOf\":{\"@id\":\"https:\/\/www.pedagogia.it\/stripes\/#website\"},\"primaryImageOfPage\":{\"@id\":\"https:\/\/www.pedagogia.it\/stripes\/centri-estivi-2019\/centro-estivo-bresso\/#primaryimage\"},\"image\":{\"@id\":\"https:\/\/www.pedagogia.it\/stripes\/centri-estivi-2019\/centro-estivo-bresso\/#primaryimage\"},\"thumbnailUrl\":\"https:\/\/www.pedagogia.it\/stripes\/wp-content\/uploads\/sites\/7\/2018\/04\/bresso.jpg\",\"datePublished\":\"2019-05-23T13:44:05+00:00\",\"dateModified\":\"2019-05-23T15:43:56+00:00\",\"breadcrumb\":{\"@id\":\"https:\/\/www.pedagogia.it\/stripes\/centri-estivi-2019\/centro-estivo-bresso\/#breadcrumb\"},\"inLanguage\":\"it-IT\",\"potentialAction\":[{\"@type\":\"ReadAction\",\"target\":[\"https:\/\/www.pedagogia.it\/stripes\/centri-estivi-2019\/centro-estivo-bresso\/\"]}]},{\"@type\":\"ImageObject\",\"inLanguage\":\"it-IT\",\"@id\":\"https:\/\/www.pedagogia.it\/stripes\/centri-estivi-2019\/centro-estivo-bresso\/#primaryimage\",\"url\":\"https:\/\/www.pedagogia.it\/stripes\/wp-content\/uploads\/sites\/7\/2018\/04\/bresso.jpg\",\"contentUrl\":\"https:\/\/www.pedagogia.it\/stripes\/wp-content\/uploads\/sites\/7\/2018\/04\/bresso.jpg\",\"width\":1424,\"height\":1912},{\"@type\":\"BreadcrumbList\",\"@id\":\"https:\/\/www.pedagogia.it\/stripes\/centri-estivi-2019\/centro-estivo-bresso\/#breadcrumb\",\"itemListElement\":[{\"@type\":\"ListItem\",\"position\":1,\"name\":\"Home\",\"item\":\"https:\/\/www.pedagogia.it\/stripes\/\"},{\"@type\":\"ListItem\",\"position\":2,\"name\":\"Centri Estivi 2019\",\"item\":\"https:\/\/www.pedagogia.it\/stripes\/centri-estivi-2019\/\"},{\"@type\":\"ListItem\",\"position\":3,\"name\":\"Centro Estivo Bresso\"}]},{\"@type\":\"WebSite\",\"@id\":\"https:\/\/www.pedagogia.it\/stripes\/#website\",\"url\":\"https:\/\/www.pedagogia.it\/stripes\/\",\"name\":\"Stripes Cooperativa Sociale ONLUS\",\"description\":\"\",\"potentialAction\":[{\"@type\":\"SearchAction\",\"target\":{\"@type\":\"EntryPoint\",\"urlTemplate\":\"https:\/\/www.pedagogia.it\/stripes\/?s={search_term_string}\"},\"query-input\":{\"@type\":\"PropertyValueSpecification\",\"valueRequired\":true,\"valueName\":\"search_term_string\"}}],\"inLanguage\":\"it-IT\"}]}<\/script>\n<!-- \/ Yoast SEO plugin. -->","yoast_head_json":{"title":"Centro Estivo Bresso - Stripes Cooperativa Sociale ONLUS","robots":{"index":"index","follow":"follow","max-snippet":"max-snippet:-1","max-image-preview":"max-image-preview:large","max-video-preview":"max-video-preview:-1"},"canonical":"https:\/\/www.pedagogia.it\/stripes\/centri-estivi-2019\/centro-estivo-bresso\/","og_locale":"it_IT","og_type":"article","og_title":"Centro Estivo Bresso - Stripes Cooperativa Sociale ONLUS","og_url":"https:\/\/www.pedagogia.it\/stripes\/centri-estivi-2019\/centro-estivo-bresso\/","og_site_name":"Stripes Cooperativa Sociale ONLUS","article_modified_time":"2019-05-23T15:43:56+00:00","og_image":[{"width":1424,"height":1912,"url":"https:\/\/www.pedagogia.it\/stripes\/wp-content\/uploads\/sites\/7\/2018\/04\/bresso.jpg","type":"image\/jpeg"}],"twitter_card":"summary_large_image","twitter_misc":{"Tempo di lettura stimato":"2 minuti"},"schema":{"@context":"https:\/\/schema.org","@graph":[{"@type":"WebPage","@id":"https:\/\/www.pedagogia.it\/stripes\/centri-estivi-2019\/centro-estivo-bresso\/","url":"https:\/\/www.pedagogia.it\/stripes\/centri-estivi-2019\/centro-estivo-bresso\/","name":"Centro Estivo Bresso - Stripes Cooperativa Sociale ONLUS","isPartOf":{"@id":"https:\/\/www.pedagogia.it\/stripes\/#website"},"primaryImageOfPage":{"@id":"https:\/\/www.pedagogia.it\/stripes\/centri-estivi-2019\/centro-estivo-bresso\/#primaryimage"},"image":{"@id":"https:\/\/www.pedagogia.it\/stripes\/centri-estivi-2019\/centro-estivo-bresso\/#primaryimage"},"thumbnailUrl":"https:\/\/www.pedagogia.it\/stripes\/wp-content\/uploads\/sites\/7\/2018\/04\/bresso.jpg","datePublished":"2019-05-23T13:44:05+00:00","dateModified":"2019-05-23T15:43:56+00:00","breadcrumb":{"@id":"https:\/\/www.pedagogia.it\/stripes\/centri-estivi-2019\/centro-estivo-bresso\/#breadcrumb"},"inLanguage":"it-IT","potentialAction":[{"@type":"ReadAction","target":["https:\/\/www.pedagogia.it\/stripes\/centri-estivi-2019\/centro-estivo-bresso\/"]}]},{"@type":"ImageObject","inLanguage":"it-IT","@id":"https:\/\/www.pedagogia.it\/stripes\/centri-estivi-2019\/centro-estivo-bresso\/#primaryimage","url":"https:\/\/www.pedagogia.it\/stripes\/wp-content\/uploads\/sites\/7\/2018\/04\/bresso.jpg","contentUrl":"https:\/\/www.pedagogia.it\/stripes\/wp-content\/uploads\/sites\/7\/2018\/04\/bresso.jpg","width":1424,"height":1912},{"@type":"BreadcrumbList","@id":"https:\/\/www.pedagogia.it\/stripes\/centri-estivi-2019\/centro-estivo-bresso\/#breadcrumb","itemListElement":[{"@type":"ListItem","position":1,"name":"Home","item":"https:\/\/www.pedagogia.it\/stripes\/"},{"@type":"ListItem","position":2,"name":"Centri Estivi 2019","item":"https:\/\/www.pedagogia.it\/stripes\/centri-estivi-2019\/"},{"@type":"ListItem","position":3,"name":"Centro Estivo Bresso"}]},{"@type":"WebSite","@id":"https:\/\/www.pedagogia.it\/stripes\/#website","url":"https:\/\/www.pedagogia.it\/stripes\/","name":"Stripes Cooperativa Sociale ONLUS","description":"","potentialAction":[{"@type":"SearchAction","target":{"@type":"EntryPoint","urlTemplate":"https:\/\/www.pedagogia.it\/stripes\/?s={search_term_string}"},"query-input":{"@type":"PropertyValueSpecification","valueRequired":true,"valueName":"search_term_string"}}],"inLanguage":"it-IT"}]}},"campaignId":"","_links":{"self":[{"href":"https:\/\/www.pedagogia.it\/stripes\/wp-json\/wp\/v2\/pages\/2899","targetHints":{"allow":["GET"]}}],"collection":[{"href":"https:\/\/www.pedagogia.it\/stripes\/wp-json\/wp\/v2\/pages"}],"about":[{"href":"https:\/\/www.pedagogia.it\/stripes\/wp-json\/wp\/v2\/types\/page"}],"author":[{"embeddable":true,"href":"https:\/\/www.pedagogia.it\/stripes\/wp-json\/wp\/v2\/users\/225"}],"replies":[{"embeddable":true,"href":"https:\/\/www.pedagogia.it\/stripes\/wp-json\/wp\/v2\/comments?post=2899"}],"version-history":[{"count":0,"href":"https:\/\/www.pedagogia.it\/stripes\/wp-json\/wp\/v2\/pages\/2899\/revisions"}],"up":[{"embeddable":true,"href":"https:\/\/www.pedagogia.it\/stripes\/wp-json\/wp\/v2\/pages\/2559"}],"wp:featuredmedia":[{"embeddable":true,"href":"https:\/\/www.pedagogia.it\/stripes\/wp-json\/wp\/v2\/media\/2954"}],"wp:attachment":[{"href":"https:\/\/www.pedagogia.it\/stripes\/wp-json\/wp\/v2\/media?parent=2899"}],"wp:term":[{"taxonomy":"post_tag","embeddable":true,"href":"https:\/\/www.pedagogia.it\/stripes\/wp-json\/wp\/v2\/tags?post=2899"}],"curies":[{"name":"wp","href":"https:\/\/api.w.org\/{rel}","templated":true}]}}