{"id":3235,"date":"2019-06-11T12:27:04","date_gmt":"2019-06-11T10:27:04","guid":{"rendered":"https:\/\/www.pedagogia.it\/stripes\/?page_id=3235"},"modified":"2019-06-21T15:49:23","modified_gmt":"2019-06-21T13:49:23","slug":"centro-estivo-cerro-maggiore","status":"publish","type":"page","link":"https:\/\/www.pedagogia.it\/stripes\/centri-estivi-2019\/centro-estivo-cerro-maggiore\/","title":{"rendered":"Centro Estivo Cerro Maggiore"},"content":{"rendered":"<div class=\"wpb-content-wrapper\"><div data-parent=\"true\" class=\"vc_row row-container boomapps_vcrow\" id=\"row-unique-0\"><div class=\"row limit-width row-parent\"><div class=\"wpb_row row-inner\"><div class=\"wpb_column pos-top pos-center align_left column_parent col-lg-12 boomapps_vccolumn single-internal-gutter\"><div class=\"uncol style-light\"  ><div class=\"uncoltable\"><div class=\"uncell  boomapps_vccolumn no-block-padding\" ><div class=\"uncont\" ><div class=\"uncode_text_column\" ><\/p>\n<h2 style=\"text-align: center\">Centro Estivo Cerro Maggiore 2019<\/h2>\n<h3 style=\"text-align: center\">Mary Jones e la scuola di Archeologia<br \/>\nUn&#8217;avventura tutta da scoprire!<\/h3>\n<p>Centri Estivi 2019 per i bimbi 0-6 anni nel Comune di Cerro Maggiore in due differenti sedi:<\/p>\n<ul>\n<li>Scuola dell&#8217;Infanzia Tobagi di Cerro Maggiore<\/li>\n<li>Scuola dell&#8217;Infanzia Don Luzzini di Cantalupo<\/li>\n<\/ul>\n<p>Le varie attivit\u00e0 verranno poi svolte formando dei gruppi eterogenei per et\u00e0, in base alle scelte e agli interessi dei bambini in rapporto alle diverse attivit\u00e0 proposte: cos\u00ec tutti si divertono e valorizzano la propria unicit\u00e0!<\/p>\n<p><strong>Gioved\u00ec 20 giugno 2019 alle 18.00<\/strong>\u00a0si terr\u00e0 una\u00a0<strong>SERATA DI PRESENTAZIONE<\/strong>\u00a0per i genitori presso il Comune di Cerro Maggiore in via S. Carlo 17, Cerro Maggiore.<br \/>\nScarica qui il volantino della serata di presentazione:\u00a0<a href=\"https:\/\/www.pedagogia.it\/stripes\/wp-content\/uploads\/sites\/7\/2019\/06\/CRE_cerro.pdf\">Volantino Serata di presentazione<\/a><\/p>\n<p><strong>LE ATTIVIT\u00c0<br \/>\n<\/strong><\/p>\n<p><strong>Il Centro Estivo sar\u00e0 attivo dall&#8217;1 al 26 luglio.<\/strong> La programmazione delle attivit\u00e0 viene realizzata per rendere il pi\u00f9 coinvolgente ed interessante possibile l\u2019esperienza di tutti presso il Campus, avendo cura di rispettare gli interessi di ognuno, e di stimolarne la creativit\u00e0 e la socialit\u00e0!<\/p>\n<ul>\n<li>Attivit\u00e0 ludico-sportive<\/li>\n<li>Laboratori manuali<\/li>\n<li>Giochi d\u2019acqua<\/li>\n<li>Giochi tematici<\/li>\n<li>Spazio compiti<\/li>\n<li>Piscina<\/li>\n<li>Gite<\/li>\n<\/ul>\n<p><strong>LA GIORNATA AL CAMPUS ESTIVO<\/strong><br \/>\nLa giornata del campus estivo \u00e8 il risultato di un\u2019attenta programmazione di gruppo svolta durante i momenti di confronto quotidiano, in modo da offrire una proposta divertente e coinvolgente e garantire un contesto rispettoso dei tempi e delle preferenze dei bambini.<\/p>\n<p><strong>DOCUMENTI<\/strong><\/p>\n<p><span style=\"color: #0000ff\"><strong><a style=\"color: #0000ff\" href=\"https:\/\/www.pedagogia.it\/stripes\/wp-content\/uploads\/sites\/7\/2019\/06\/brochure_cerro19-1.pdf\">Brochure del Centro Estivo 2019<\/a><\/strong><\/span><\/p>\n<p><strong>CONTATTI<\/strong><\/p>\n<p>Coordinatrice del Centro Estivo, Annalisa Olgiati:\u00a03441856225<br \/>\nE-mail: creinfanziacerro@gmail.com<\/p>\n<\/div><\/div><\/div><\/div><\/div><\/div><script id=\"script-row-unique-0\" data-row=\"script-row-unique-0\" type=\"text\/javascript\" class=\"vc_controls\">UNCODE.initRow(document.getElementById(\"row-unique-0\"));<\/script><\/div><\/div><\/div>\n<\/div>","protected":false},"excerpt":{"rendered":"Centro Estivo Cerro Maggiore 2019 Mary Jones e la scuola di Archeologia Un&#8217;avventura tutta da scoprire! Centri Estivi 2019 per [...]","protected":false},"author":225,"featured_media":3251,"parent":2559,"menu_order":0,"comment_status":"closed","ping_status":"closed","template":"","meta":{"give_campaign_id":0,"om_disable_all_campaigns":false,"_monsterinsights_skip_tracking":false,"_monsterinsights_sitenote_active":false,"_monsterinsights_sitenote_note":"","_monsterinsights_sitenote_category":0,"footnotes":""},"tags":[182],"class_list":["post-3235","page","type-page","status-publish","has-post-thumbnail","hentry","tag-centri-estivi","page_category-centri-estivi"],"aioseo_notices":[],"yoast_head":"<!-- This site is optimized with the Yoast SEO plugin v27.6 - https:\/\/yoast.com\/product\/yoast-seo-wordpress\/ -->\n<title>Centro Estivo Cerro Maggiore - Stripes Cooperativa Sociale ONLUS<\/title>\n<meta name=\"description\" content=\"Centro Estivo per i bambini dai 3 ai 6 anni a Cerro Maggiore e Cantalupo, dall&#039;1 al 26 luglio. Stripes Cooperativa Sociale.\" \/>\n<meta name=\"robots\" content=\"index, follow, max-snippet:-1, max-image-preview:large, max-video-preview:-1\" \/>\n<link rel=\"canonical\" href=\"https:\/\/www.pedagogia.it\/stripes\/centri-estivi-2019\/centro-estivo-cerro-maggiore\/\" \/>\n<meta property=\"og:locale\" content=\"it_IT\" \/>\n<meta property=\"og:type\" content=\"article\" \/>\n<meta property=\"og:title\" content=\"Centro Estivo Cerro Maggiore - Stripes Cooperativa Sociale ONLUS\" \/>\n<meta property=\"og:description\" content=\"Centro Estivo per i bambini dai 3 ai 6 anni a Cerro Maggiore e Cantalupo, dall&#039;1 al 26 luglio. Stripes Cooperativa Sociale.\" \/>\n<meta property=\"og:url\" content=\"https:\/\/www.pedagogia.it\/stripes\/centri-estivi-2019\/centro-estivo-cerro-maggiore\/\" \/>\n<meta property=\"og:site_name\" content=\"Stripes Cooperativa Sociale ONLUS\" \/>\n<meta property=\"article:modified_time\" content=\"2019-06-21T13:49:23+00:00\" \/>\n<meta property=\"og:image\" content=\"https:\/\/www.pedagogia.it\/stripes\/wp-content\/uploads\/sites\/7\/2019\/06\/cover.jpg\" \/>\n\t<meta property=\"og:image:width\" content=\"1748\" \/>\n\t<meta property=\"og:image:height\" content=\"2480\" \/>\n\t<meta property=\"og:image:type\" content=\"image\/jpeg\" \/>\n<meta name=\"twitter:card\" content=\"summary_large_image\" \/>\n<meta name=\"twitter:label1\" content=\"Tempo di lettura stimato\" \/>\n\t<meta name=\"twitter:data1\" content=\"1 minuto\" \/>\n<script type=\"application\/ld+json\" class=\"yoast-schema-graph\">{\"@context\":\"https:\\\/\\\/schema.org\",\"@graph\":[{\"@type\":\"WebPage\",\"@id\":\"https:\\\/\\\/www.pedagogia.it\\\/stripes\\\/centri-estivi-2019\\\/centro-estivo-cerro-maggiore\\\/\",\"url\":\"https:\\\/\\\/www.pedagogia.it\\\/stripes\\\/centri-estivi-2019\\\/centro-estivo-cerro-maggiore\\\/\",\"name\":\"Centro Estivo Cerro Maggiore - Stripes Cooperativa Sociale ONLUS\",\"isPartOf\":{\"@id\":\"https:\\\/\\\/www.pedagogia.it\\\/stripes\\\/#website\"},\"primaryImageOfPage\":{\"@id\":\"https:\\\/\\\/www.pedagogia.it\\\/stripes\\\/centri-estivi-2019\\\/centro-estivo-cerro-maggiore\\\/#primaryimage\"},\"image\":{\"@id\":\"https:\\\/\\\/www.pedagogia.it\\\/stripes\\\/centri-estivi-2019\\\/centro-estivo-cerro-maggiore\\\/#primaryimage\"},\"thumbnailUrl\":\"https:\\\/\\\/www.pedagogia.it\\\/stripes\\\/wp-content\\\/uploads\\\/sites\\\/7\\\/2019\\\/06\\\/cover.jpg\",\"datePublished\":\"2019-06-11T10:27:04+00:00\",\"dateModified\":\"2019-06-21T13:49:23+00:00\",\"description\":\"Centro Estivo per i bambini dai 3 ai 6 anni a Cerro Maggiore e Cantalupo, dall'1 al 26 luglio. Stripes Cooperativa Sociale.\",\"breadcrumb\":{\"@id\":\"https:\\\/\\\/www.pedagogia.it\\\/stripes\\\/centri-estivi-2019\\\/centro-estivo-cerro-maggiore\\\/#breadcrumb\"},\"inLanguage\":\"it-IT\",\"potentialAction\":[{\"@type\":\"ReadAction\",\"target\":[\"https:\\\/\\\/www.pedagogia.it\\\/stripes\\\/centri-estivi-2019\\\/centro-estivo-cerro-maggiore\\\/\"]}]},{\"@type\":\"ImageObject\",\"inLanguage\":\"it-IT\",\"@id\":\"https:\\\/\\\/www.pedagogia.it\\\/stripes\\\/centri-estivi-2019\\\/centro-estivo-cerro-maggiore\\\/#primaryimage\",\"url\":\"https:\\\/\\\/www.pedagogia.it\\\/stripes\\\/wp-content\\\/uploads\\\/sites\\\/7\\\/2019\\\/06\\\/cover.jpg\",\"contentUrl\":\"https:\\\/\\\/www.pedagogia.it\\\/stripes\\\/wp-content\\\/uploads\\\/sites\\\/7\\\/2019\\\/06\\\/cover.jpg\",\"width\":1748,\"height\":2480},{\"@type\":\"BreadcrumbList\",\"@id\":\"https:\\\/\\\/www.pedagogia.it\\\/stripes\\\/centri-estivi-2019\\\/centro-estivo-cerro-maggiore\\\/#breadcrumb\",\"itemListElement\":[{\"@type\":\"ListItem\",\"position\":1,\"name\":\"Home\",\"item\":\"https:\\\/\\\/www.pedagogia.it\\\/stripes\\\/\"},{\"@type\":\"ListItem\",\"position\":2,\"name\":\"Centri Estivi 2019\",\"item\":\"https:\\\/\\\/www.pedagogia.it\\\/stripes\\\/centri-estivi-2019\\\/\"},{\"@type\":\"ListItem\",\"position\":3,\"name\":\"Centro Estivo Cerro Maggiore\"}]},{\"@type\":\"WebSite\",\"@id\":\"https:\\\/\\\/www.pedagogia.it\\\/stripes\\\/#website\",\"url\":\"https:\\\/\\\/www.pedagogia.it\\\/stripes\\\/\",\"name\":\"Stripes Cooperativa Sociale ONLUS\",\"description\":\"\",\"potentialAction\":[{\"@type\":\"SearchAction\",\"target\":{\"@type\":\"EntryPoint\",\"urlTemplate\":\"https:\\\/\\\/www.pedagogia.it\\\/stripes\\\/?s={search_term_string}\"},\"query-input\":{\"@type\":\"PropertyValueSpecification\",\"valueRequired\":true,\"valueName\":\"search_term_string\"}}],\"inLanguage\":\"it-IT\"}]}<\/script>\n<!-- \/ Yoast SEO plugin. -->","yoast_head_json":{"title":"Centro Estivo Cerro Maggiore - Stripes Cooperativa Sociale ONLUS","description":"Centro Estivo per i bambini dai 3 ai 6 anni a Cerro Maggiore e Cantalupo, dall'1 al 26 luglio. Stripes Cooperativa Sociale.","robots":{"index":"index","follow":"follow","max-snippet":"max-snippet:-1","max-image-preview":"max-image-preview:large","max-video-preview":"max-video-preview:-1"},"canonical":"https:\/\/www.pedagogia.it\/stripes\/centri-estivi-2019\/centro-estivo-cerro-maggiore\/","og_locale":"it_IT","og_type":"article","og_title":"Centro Estivo Cerro Maggiore - Stripes Cooperativa Sociale ONLUS","og_description":"Centro Estivo per i bambini dai 3 ai 6 anni a Cerro Maggiore e Cantalupo, dall'1 al 26 luglio. Stripes Cooperativa Sociale.","og_url":"https:\/\/www.pedagogia.it\/stripes\/centri-estivi-2019\/centro-estivo-cerro-maggiore\/","og_site_name":"Stripes Cooperativa Sociale ONLUS","article_modified_time":"2019-06-21T13:49:23+00:00","og_image":[{"width":1748,"height":2480,"url":"https:\/\/www.pedagogia.it\/stripes\/wp-content\/uploads\/sites\/7\/2019\/06\/cover.jpg","type":"image\/jpeg"}],"twitter_card":"summary_large_image","twitter_misc":{"Tempo di lettura stimato":"1 minuto"},"schema":{"@context":"https:\/\/schema.org","@graph":[{"@type":"WebPage","@id":"https:\/\/www.pedagogia.it\/stripes\/centri-estivi-2019\/centro-estivo-cerro-maggiore\/","url":"https:\/\/www.pedagogia.it\/stripes\/centri-estivi-2019\/centro-estivo-cerro-maggiore\/","name":"Centro Estivo Cerro Maggiore - Stripes Cooperativa Sociale ONLUS","isPartOf":{"@id":"https:\/\/www.pedagogia.it\/stripes\/#website"},"primaryImageOfPage":{"@id":"https:\/\/www.pedagogia.it\/stripes\/centri-estivi-2019\/centro-estivo-cerro-maggiore\/#primaryimage"},"image":{"@id":"https:\/\/www.pedagogia.it\/stripes\/centri-estivi-2019\/centro-estivo-cerro-maggiore\/#primaryimage"},"thumbnailUrl":"https:\/\/www.pedagogia.it\/stripes\/wp-content\/uploads\/sites\/7\/2019\/06\/cover.jpg","datePublished":"2019-06-11T10:27:04+00:00","dateModified":"2019-06-21T13:49:23+00:00","description":"Centro Estivo per i bambini dai 3 ai 6 anni a Cerro Maggiore e Cantalupo, dall'1 al 26 luglio. Stripes Cooperativa Sociale.","breadcrumb":{"@id":"https:\/\/www.pedagogia.it\/stripes\/centri-estivi-2019\/centro-estivo-cerro-maggiore\/#breadcrumb"},"inLanguage":"it-IT","potentialAction":[{"@type":"ReadAction","target":["https:\/\/www.pedagogia.it\/stripes\/centri-estivi-2019\/centro-estivo-cerro-maggiore\/"]}]},{"@type":"ImageObject","inLanguage":"it-IT","@id":"https:\/\/www.pedagogia.it\/stripes\/centri-estivi-2019\/centro-estivo-cerro-maggiore\/#primaryimage","url":"https:\/\/www.pedagogia.it\/stripes\/wp-content\/uploads\/sites\/7\/2019\/06\/cover.jpg","contentUrl":"https:\/\/www.pedagogia.it\/stripes\/wp-content\/uploads\/sites\/7\/2019\/06\/cover.jpg","width":1748,"height":2480},{"@type":"BreadcrumbList","@id":"https:\/\/www.pedagogia.it\/stripes\/centri-estivi-2019\/centro-estivo-cerro-maggiore\/#breadcrumb","itemListElement":[{"@type":"ListItem","position":1,"name":"Home","item":"https:\/\/www.pedagogia.it\/stripes\/"},{"@type":"ListItem","position":2,"name":"Centri Estivi 2019","item":"https:\/\/www.pedagogia.it\/stripes\/centri-estivi-2019\/"},{"@type":"ListItem","position":3,"name":"Centro Estivo Cerro Maggiore"}]},{"@type":"WebSite","@id":"https:\/\/www.pedagogia.it\/stripes\/#website","url":"https:\/\/www.pedagogia.it\/stripes\/","name":"Stripes Cooperativa Sociale ONLUS","description":"","potentialAction":[{"@type":"SearchAction","target":{"@type":"EntryPoint","urlTemplate":"https:\/\/www.pedagogia.it\/stripes\/?s={search_term_string}"},"query-input":{"@type":"PropertyValueSpecification","valueRequired":true,"valueName":"search_term_string"}}],"inLanguage":"it-IT"}]}},"campaignId":"","_links":{"self":[{"href":"https:\/\/www.pedagogia.it\/stripes\/wp-json\/wp\/v2\/pages\/3235","targetHints":{"allow":["GET"]}}],"collection":[{"href":"https:\/\/www.pedagogia.it\/stripes\/wp-json\/wp\/v2\/pages"}],"about":[{"href":"https:\/\/www.pedagogia.it\/stripes\/wp-json\/wp\/v2\/types\/page"}],"author":[{"embeddable":true,"href":"https:\/\/www.pedagogia.it\/stripes\/wp-json\/wp\/v2\/users\/225"}],"replies":[{"embeddable":true,"href":"https:\/\/www.pedagogia.it\/stripes\/wp-json\/wp\/v2\/comments?post=3235"}],"version-history":[{"count":0,"href":"https:\/\/www.pedagogia.it\/stripes\/wp-json\/wp\/v2\/pages\/3235\/revisions"}],"up":[{"embeddable":true,"href":"https:\/\/www.pedagogia.it\/stripes\/wp-json\/wp\/v2\/pages\/2559"}],"wp:featuredmedia":[{"embeddable":true,"href":"https:\/\/www.pedagogia.it\/stripes\/wp-json\/wp\/v2\/media\/3251"}],"wp:attachment":[{"href":"https:\/\/www.pedagogia.it\/stripes\/wp-json\/wp\/v2\/media?parent=3235"}],"wp:term":[{"taxonomy":"post_tag","embeddable":true,"href":"https:\/\/www.pedagogia.it\/stripes\/wp-json\/wp\/v2\/tags?post=3235"}],"curies":[{"name":"wp","href":"https:\/\/api.w.org\/{rel}","templated":true}]}}