{"id":9914,"date":"2021-04-01T09:26:10","date_gmt":"2021-04-01T07:26:10","guid":{"rendered":"https:\/\/www.pedagogia.it\/stripes\/formazione\/legnano\/relazioni-e-didattica-della-distanza-2\/"},"modified":"2021-04-01T11:58:07","modified_gmt":"2021-04-01T09:58:07","slug":"andiamo-fuori-essere-genitori-in-natura","status":"publish","type":"page","link":"https:\/\/www.pedagogia.it\/stripes\/formazione\/legnano\/andiamo-fuori-essere-genitori-in-natura\/","title":{"rendered":"ANDIAMO FUORI!  ESSERE GENITORI IN NATURA"},"content":{"rendered":"<div class=\"wpb-content-wrapper\"><div data-parent=\"true\" class=\"vc_row row-container boomapps_vcrow\" id=\"row-unique-0\"><div class=\"row limit-width row-parent\"><div class=\"wpb_row row-inner\"><div class=\"wpb_column pos-top pos-center align_left column_parent col-lg-12 boomapps_vccolumn single-internal-gutter\"><div class=\"uncol style-light\"  ><div class=\"uncoltable\"><div class=\"uncell  boomapps_vccolumn no-block-padding\" ><div class=\"uncont\" ><div class=\"uncode-single-media  text-left\"><div class=\"single-wrapper\" style=\"max-width: 100%;\"><div class=\"tmb tmb-light  tmb-media-first tmb-media-last tmb-content-overlay tmb-no-bg\"><div class=\"t-inside\"><div class=\"t-entry-visual\"><div class=\"t-entry-visual-tc\"><div class=\"uncode-single-media-wrapper\"><img decoding=\"async\" class=\"wp-image-9919\" src=\"https:\/\/www.pedagogia.it\/stripes\/wp-content\/uploads\/sites\/7\/2021\/04\/LegnanoWebinarGenitori_andiamo-fuori-essere-genitori-in-natura.jpg\" width=\"1920\" height=\"1080\" alt=\"\" srcset=\"https:\/\/www.pedagogia.it\/stripes\/wp-content\/uploads\/sites\/7\/2021\/04\/LegnanoWebinarGenitori_andiamo-fuori-essere-genitori-in-natura.jpg 1920w, https:\/\/www.pedagogia.it\/stripes\/wp-content\/uploads\/sites\/7\/2021\/04\/LegnanoWebinarGenitori_andiamo-fuori-essere-genitori-in-natura-300x169.jpg 300w, https:\/\/www.pedagogia.it\/stripes\/wp-content\/uploads\/sites\/7\/2021\/04\/LegnanoWebinarGenitori_andiamo-fuori-essere-genitori-in-natura-1024x576.jpg 1024w, https:\/\/www.pedagogia.it\/stripes\/wp-content\/uploads\/sites\/7\/2021\/04\/LegnanoWebinarGenitori_andiamo-fuori-essere-genitori-in-natura-768x432.jpg 768w, https:\/\/www.pedagogia.it\/stripes\/wp-content\/uploads\/sites\/7\/2021\/04\/LegnanoWebinarGenitori_andiamo-fuori-essere-genitori-in-natura-1536x864.jpg 1536w, https:\/\/www.pedagogia.it\/stripes\/wp-content\/uploads\/sites\/7\/2021\/04\/LegnanoWebinarGenitori_andiamo-fuori-essere-genitori-in-natura-600x338.jpg 600w\" sizes=\"(max-width: 1920px) 100vw, 1920px\" \/><\/div>\n\t\t\t\t\t<\/div>\n\t\t\t\t<\/div><\/div><\/div><\/div><\/div><div class=\"uncode_text_column\" ><p><strong><span style=\"font-size: 14pt\">Contenuti del webinar<\/span><\/strong><\/p>\n<p><i>Esiste un modo migliore di vivere la natura che non sia la sperimentazione diretta?<\/i><\/p>\n<p>Per accompagnare i bambini nel fuori, dobbiamo recuperare quella parte di noi che ha vissuto le corse nei prati, ha accarezzato le spighe, ha raccolto le pannocchie mature e i fiori pi\u00f9 profumati, ha giocato con il vento, ha indovinato gli animali nelle nuvole del cielo, ha costruito capanne con pochi rami, si \u00e8 nascosto sotto le fronte degli alberi, ha lasciato scorrere le gocce di pioggia sulla pelle, ha cercato di catturare i fiocchi di neve, si \u00e8 perso osservando il moto perpetuo delle formiche.<\/p>\n<p>Quello che possiamo scoprire (o riscoprire) l\u00e0 fuori non ha limiti. Ogni pianta che vedi, ogni foglia che osservi, ogni animaletto che trovi pu\u00f2 raccontare una storia: servono occhi aperti, tempo, attenzione, la capacit\u00e0 di stupirsi e di meravigliarsi. 10 passi sono sufficienti per essere adulti consapevoli in natura.<\/p>\n<p><span style=\"font-size: 14pt\"><strong>Formatrice<\/strong><\/span><\/p>\n<p>Nicoletta Caccia, Ortoterapista esperta di orto-giardinaggio riabilitativo e didattico. Si dedica in particolare a progetti e ad attivit\u00e0 all\u2019interno delle scuole e in case famiglia con bambini e ragazzi dai 2 ai 18 anni.<\/p>\n<\/div><\/div><\/div><\/div><\/div><\/div><script id=\"script-row-unique-0\" data-row=\"script-row-unique-0\" type=\"text\/javascript\" class=\"vc_controls\">UNCODE.initRow(document.getElementById(\"row-unique-0\"));<\/script><\/div><\/div><\/div><div data-parent=\"true\" class=\"vc_row row-container boomapps_vcrow\" id=\"row-unique-1\"><div class=\"row limit-width row-parent\"><div class=\"wpb_row row-inner\"><div class=\"wpb_column pos-top pos-center align_left column_parent col-lg-12 boomapps_vccolumn single-internal-gutter\"><div class=\"uncol style-light\"  ><div class=\"uncoltable\"><div class=\"uncell  boomapps_vccolumn single-block-padding style-color-uydo-bg has-bg\" ><div class=\"uncont\" ><div class=\"vc_custom_heading_wrap \"><div class=\"heading-text el-text\" ><h2 class=\"h2\" ><span>Iscrizione Webinar: ANDIAMO FUORI! ESSERE GENITORI IN NATURA &#8211; 22 APRILE 2021 &#8211; 17.00-19.00<\/span><\/h2><\/div><div class=\"clear\"><\/div><\/div>\n<div class=\"wpcf7 no-js\" id=\"wpcf7-f9934-o1\" lang=\"it-IT\" dir=\"ltr\" data-wpcf7-id=\"9934\">\n<div class=\"screen-reader-response\"><p role=\"status\" aria-live=\"polite\" aria-atomic=\"true\"><\/p> <ul><\/ul><\/div>\n<form action=\"\/stripes\/wp-json\/wp\/v2\/pages\/9914#wpcf7-f9934-o1\" method=\"post\" class=\"wpcf7-form init\" aria-label=\"Modulo di contatto\" novalidate=\"novalidate\" data-status=\"init\">\n<fieldset class=\"hidden-fields-container\"><input type=\"hidden\" name=\"_wpcf7\" value=\"9934\" \/><input type=\"hidden\" name=\"_wpcf7_version\" value=\"6.1.5\" \/><input type=\"hidden\" name=\"_wpcf7_locale\" value=\"it_IT\" \/><input type=\"hidden\" name=\"_wpcf7_unit_tag\" value=\"wpcf7-f9934-o1\" \/><input type=\"hidden\" name=\"_wpcf7_container_post\" value=\"0\" \/><input type=\"hidden\" name=\"_wpcf7_posted_data_hash\" value=\"\" \/><input type=\"hidden\" name=\"_wpcf7_recaptcha_response\" value=\"\" \/>\n<\/fieldset>\n<p><label> Nome (richiesto)<br \/>\n<span class=\"wpcf7-form-control-wrap\" data-name=\"your-name\"><input size=\"40\" maxlength=\"400\" class=\"wpcf7-form-control wpcf7-text wpcf7-validates-as-required\" aria-required=\"true\" aria-invalid=\"false\" value=\"\" type=\"text\" name=\"your-name\" \/><\/span> <\/label>\n<\/p>\n<p><label> Cognome(richiesto)<br \/>\n<span class=\"wpcf7-form-control-wrap\" data-name=\"your-surname\"><input size=\"40\" maxlength=\"400\" class=\"wpcf7-form-control wpcf7-text wpcf7-validates-as-required\" aria-required=\"true\" aria-invalid=\"false\" value=\"\" type=\"text\" name=\"your-surname\" \/><\/span> <\/label>\n<\/p>\n<p><label> Email (richiesto)<br \/>\n<span class=\"wpcf7-form-control-wrap\" data-name=\"your-email\"><input size=\"40\" maxlength=\"400\" class=\"wpcf7-form-control wpcf7-email wpcf7-validates-as-required wpcf7-text wpcf7-validates-as-email\" aria-required=\"true\" aria-invalid=\"false\" value=\"\" type=\"email\" name=\"your-email\" \/><\/span> <\/label>\n<\/p>\n<p><label><br \/>\nDichiaro di aver letto l'informativa della <a href=\"https:\/\/www.pedagogia.it\/stripes\/privacy-policy\/\">privacy<\/a> e di acconsetire al trattamento dei dati personali (richiesto)<br \/>\n<\/label><br \/>\n<span class=\"wpcf7-form-control-wrap\" data-name=\"privacy\"><span class=\"wpcf7-form-control wpcf7-acceptance\"><span class=\"wpcf7-list-item\"><input type=\"checkbox\" name=\"privacy\" value=\"1\" aria-invalid=\"false\" \/><\/span><\/span><\/span><br \/>\n<label><br \/>\nRimani aggiornato sui nostri eventi e novit\u00e0<br \/>\n<\/label><br \/>\n<span class=\"wpcf7-form-control-wrap\" data-name=\"news\"><span class=\"wpcf7-form-control wpcf7-radio\"><span class=\"wpcf7-list-item first\"><input type=\"radio\" name=\"news\" value=\"si\" \/><span class=\"wpcf7-list-item-label\">si<\/span><\/span><span class=\"wpcf7-list-item last\"><input type=\"radio\" name=\"news\" value=\"no\" checked=\"checked\" \/><span class=\"wpcf7-list-item-label\">no<\/span><\/span><\/span><\/span><br \/>\n<label><br \/>\nRimani aggiornato sulle nostre promozioni<br \/>\n<\/label><br \/>\n<span class=\"wpcf7-form-control-wrap\" data-name=\"promozioni\"><span class=\"wpcf7-form-control wpcf7-radio\"><span class=\"wpcf7-list-item first\"><input type=\"radio\" name=\"promozioni\" value=\"si\" \/><span class=\"wpcf7-list-item-label\">si<\/span><\/span><span class=\"wpcf7-list-item last\"><input type=\"radio\" name=\"promozioni\" value=\"no\" checked=\"checked\" \/><span class=\"wpcf7-list-item-label\">no<\/span><\/span><\/span><\/span>\n<\/p>\n<p><input class=\"wpcf7-form-control wpcf7-submit has-spinner\" type=\"submit\" value=\"Invia\" \/>\n<\/p><div class=\"wpcf7-response-output\" aria-hidden=\"true\"><\/div>\n<\/form>\n<\/div>\n<\/div><\/div><\/div><\/div><\/div><script id=\"script-row-unique-1\" data-row=\"script-row-unique-1\" type=\"text\/javascript\" class=\"vc_controls\">UNCODE.initRow(document.getElementById(\"row-unique-1\"));<\/script><\/div><\/div><\/div>\n<\/div>","protected":false},"excerpt":{"rendered":"Contenuti del webinar Esiste un modo migliore di vivere la natura che non sia la sperimentazione diretta? Per accompagnare i [...]","protected":false},"author":1,"featured_media":9919,"parent":9787,"menu_order":0,"comment_status":"closed","ping_status":"closed","template":"","meta":{"give_campaign_id":0,"om_disable_all_campaigns":false,"_monsterinsights_skip_tracking":false,"_monsterinsights_sitenote_active":false,"_monsterinsights_sitenote_note":"","_monsterinsights_sitenote_category":0,"footnotes":""},"tags":[],"class_list":["post-9914","page","type-page","status-publish","has-post-thumbnail","hentry","page_category-webinar_legnano"],"aioseo_notices":[],"yoast_head":"<!-- This site is optimized with the Yoast SEO plugin v27.5 - https:\/\/yoast.com\/product\/yoast-seo-wordpress\/ -->\n<title>ANDIAMO FUORI! ESSERE GENITORI IN NATURA - Stripes Cooperativa Sociale ONLUS<\/title>\n<meta name=\"robots\" content=\"index, follow, max-snippet:-1, max-image-preview:large, max-video-preview:-1\" \/>\n<link rel=\"canonical\" href=\"https:\/\/www.pedagogia.it\/stripes\/formazione\/legnano\/andiamo-fuori-essere-genitori-in-natura\/\" \/>\n<meta property=\"og:locale\" content=\"it_IT\" \/>\n<meta property=\"og:type\" content=\"article\" \/>\n<meta property=\"og:title\" content=\"ANDIAMO FUORI! ESSERE GENITORI IN NATURA - Stripes Cooperativa Sociale ONLUS\" \/>\n<meta property=\"og:url\" content=\"https:\/\/www.pedagogia.it\/stripes\/formazione\/legnano\/andiamo-fuori-essere-genitori-in-natura\/\" \/>\n<meta property=\"og:site_name\" content=\"Stripes Cooperativa Sociale ONLUS\" \/>\n<meta property=\"article:modified_time\" content=\"2021-04-01T09:58:07+00:00\" \/>\n<meta property=\"og:image\" content=\"https:\/\/www.pedagogia.it\/stripes\/wp-content\/uploads\/sites\/7\/2021\/04\/LegnanoWebinarGenitori_andiamo-fuori-essere-genitori-in-natura.jpg\" \/>\n\t<meta property=\"og:image:width\" content=\"1920\" \/>\n\t<meta property=\"og:image:height\" content=\"1080\" \/>\n\t<meta property=\"og:image:type\" content=\"image\/jpeg\" \/>\n<meta name=\"twitter:card\" content=\"summary_large_image\" \/>\n<meta name=\"twitter:label1\" content=\"Tempo di lettura stimato\" \/>\n\t<meta name=\"twitter:data1\" content=\"1 minuto\" \/>\n<script type=\"application\/ld+json\" class=\"yoast-schema-graph\">{\"@context\":\"https:\\\/\\\/schema.org\",\"@graph\":[{\"@type\":\"WebPage\",\"@id\":\"https:\\\/\\\/www.pedagogia.it\\\/stripes\\\/formazione\\\/legnano\\\/andiamo-fuori-essere-genitori-in-natura\\\/\",\"url\":\"https:\\\/\\\/www.pedagogia.it\\\/stripes\\\/formazione\\\/legnano\\\/andiamo-fuori-essere-genitori-in-natura\\\/\",\"name\":\"ANDIAMO FUORI! ESSERE GENITORI IN NATURA - Stripes Cooperativa Sociale ONLUS\",\"isPartOf\":{\"@id\":\"https:\\\/\\\/www.pedagogia.it\\\/stripes\\\/#website\"},\"primaryImageOfPage\":{\"@id\":\"https:\\\/\\\/www.pedagogia.it\\\/stripes\\\/formazione\\\/legnano\\\/andiamo-fuori-essere-genitori-in-natura\\\/#primaryimage\"},\"image\":{\"@id\":\"https:\\\/\\\/www.pedagogia.it\\\/stripes\\\/formazione\\\/legnano\\\/andiamo-fuori-essere-genitori-in-natura\\\/#primaryimage\"},\"thumbnailUrl\":\"https:\\\/\\\/www.pedagogia.it\\\/stripes\\\/wp-content\\\/uploads\\\/sites\\\/7\\\/2021\\\/04\\\/LegnanoWebinarGenitori_andiamo-fuori-essere-genitori-in-natura.jpg\",\"datePublished\":\"2021-04-01T07:26:10+00:00\",\"dateModified\":\"2021-04-01T09:58:07+00:00\",\"breadcrumb\":{\"@id\":\"https:\\\/\\\/www.pedagogia.it\\\/stripes\\\/formazione\\\/legnano\\\/andiamo-fuori-essere-genitori-in-natura\\\/#breadcrumb\"},\"inLanguage\":\"it-IT\",\"potentialAction\":[{\"@type\":\"ReadAction\",\"target\":[\"https:\\\/\\\/www.pedagogia.it\\\/stripes\\\/formazione\\\/legnano\\\/andiamo-fuori-essere-genitori-in-natura\\\/\"]}]},{\"@type\":\"ImageObject\",\"inLanguage\":\"it-IT\",\"@id\":\"https:\\\/\\\/www.pedagogia.it\\\/stripes\\\/formazione\\\/legnano\\\/andiamo-fuori-essere-genitori-in-natura\\\/#primaryimage\",\"url\":\"https:\\\/\\\/www.pedagogia.it\\\/stripes\\\/wp-content\\\/uploads\\\/sites\\\/7\\\/2021\\\/04\\\/LegnanoWebinarGenitori_andiamo-fuori-essere-genitori-in-natura.jpg\",\"contentUrl\":\"https:\\\/\\\/www.pedagogia.it\\\/stripes\\\/wp-content\\\/uploads\\\/sites\\\/7\\\/2021\\\/04\\\/LegnanoWebinarGenitori_andiamo-fuori-essere-genitori-in-natura.jpg\",\"width\":1920,\"height\":1080},{\"@type\":\"BreadcrumbList\",\"@id\":\"https:\\\/\\\/www.pedagogia.it\\\/stripes\\\/formazione\\\/legnano\\\/andiamo-fuori-essere-genitori-in-natura\\\/#breadcrumb\",\"itemListElement\":[{\"@type\":\"ListItem\",\"position\":1,\"name\":\"Home\",\"item\":\"https:\\\/\\\/www.pedagogia.it\\\/stripes\\\/\"},{\"@type\":\"ListItem\",\"position\":2,\"name\":\"Area Formazione\",\"item\":\"https:\\\/\\\/www.pedagogia.it\\\/stripes\\\/formazione\\\/\"},{\"@type\":\"ListItem\",\"position\":3,\"name\":\"Legnano\",\"item\":\"https:\\\/\\\/www.pedagogia.it\\\/stripes\\\/formazione\\\/legnano\\\/\"},{\"@type\":\"ListItem\",\"position\":4,\"name\":\"ANDIAMO FUORI! ESSERE GENITORI IN NATURA\"}]},{\"@type\":\"WebSite\",\"@id\":\"https:\\\/\\\/www.pedagogia.it\\\/stripes\\\/#website\",\"url\":\"https:\\\/\\\/www.pedagogia.it\\\/stripes\\\/\",\"name\":\"Stripes Cooperativa Sociale ONLUS\",\"description\":\"\",\"potentialAction\":[{\"@type\":\"SearchAction\",\"target\":{\"@type\":\"EntryPoint\",\"urlTemplate\":\"https:\\\/\\\/www.pedagogia.it\\\/stripes\\\/?s={search_term_string}\"},\"query-input\":{\"@type\":\"PropertyValueSpecification\",\"valueRequired\":true,\"valueName\":\"search_term_string\"}}],\"inLanguage\":\"it-IT\"}]}<\/script>\n<!-- \/ Yoast SEO plugin. -->","yoast_head_json":{"title":"ANDIAMO FUORI! ESSERE GENITORI IN NATURA - Stripes Cooperativa Sociale ONLUS","robots":{"index":"index","follow":"follow","max-snippet":"max-snippet:-1","max-image-preview":"max-image-preview:large","max-video-preview":"max-video-preview:-1"},"canonical":"https:\/\/www.pedagogia.it\/stripes\/formazione\/legnano\/andiamo-fuori-essere-genitori-in-natura\/","og_locale":"it_IT","og_type":"article","og_title":"ANDIAMO FUORI! ESSERE GENITORI IN NATURA - Stripes Cooperativa Sociale ONLUS","og_url":"https:\/\/www.pedagogia.it\/stripes\/formazione\/legnano\/andiamo-fuori-essere-genitori-in-natura\/","og_site_name":"Stripes Cooperativa Sociale ONLUS","article_modified_time":"2021-04-01T09:58:07+00:00","og_image":[{"width":1920,"height":1080,"url":"https:\/\/www.pedagogia.it\/stripes\/wp-content\/uploads\/sites\/7\/2021\/04\/LegnanoWebinarGenitori_andiamo-fuori-essere-genitori-in-natura.jpg","type":"image\/jpeg"}],"twitter_card":"summary_large_image","twitter_misc":{"Tempo di lettura stimato":"1 minuto"},"schema":{"@context":"https:\/\/schema.org","@graph":[{"@type":"WebPage","@id":"https:\/\/www.pedagogia.it\/stripes\/formazione\/legnano\/andiamo-fuori-essere-genitori-in-natura\/","url":"https:\/\/www.pedagogia.it\/stripes\/formazione\/legnano\/andiamo-fuori-essere-genitori-in-natura\/","name":"ANDIAMO FUORI! ESSERE GENITORI IN NATURA - Stripes Cooperativa Sociale ONLUS","isPartOf":{"@id":"https:\/\/www.pedagogia.it\/stripes\/#website"},"primaryImageOfPage":{"@id":"https:\/\/www.pedagogia.it\/stripes\/formazione\/legnano\/andiamo-fuori-essere-genitori-in-natura\/#primaryimage"},"image":{"@id":"https:\/\/www.pedagogia.it\/stripes\/formazione\/legnano\/andiamo-fuori-essere-genitori-in-natura\/#primaryimage"},"thumbnailUrl":"https:\/\/www.pedagogia.it\/stripes\/wp-content\/uploads\/sites\/7\/2021\/04\/LegnanoWebinarGenitori_andiamo-fuori-essere-genitori-in-natura.jpg","datePublished":"2021-04-01T07:26:10+00:00","dateModified":"2021-04-01T09:58:07+00:00","breadcrumb":{"@id":"https:\/\/www.pedagogia.it\/stripes\/formazione\/legnano\/andiamo-fuori-essere-genitori-in-natura\/#breadcrumb"},"inLanguage":"it-IT","potentialAction":[{"@type":"ReadAction","target":["https:\/\/www.pedagogia.it\/stripes\/formazione\/legnano\/andiamo-fuori-essere-genitori-in-natura\/"]}]},{"@type":"ImageObject","inLanguage":"it-IT","@id":"https:\/\/www.pedagogia.it\/stripes\/formazione\/legnano\/andiamo-fuori-essere-genitori-in-natura\/#primaryimage","url":"https:\/\/www.pedagogia.it\/stripes\/wp-content\/uploads\/sites\/7\/2021\/04\/LegnanoWebinarGenitori_andiamo-fuori-essere-genitori-in-natura.jpg","contentUrl":"https:\/\/www.pedagogia.it\/stripes\/wp-content\/uploads\/sites\/7\/2021\/04\/LegnanoWebinarGenitori_andiamo-fuori-essere-genitori-in-natura.jpg","width":1920,"height":1080},{"@type":"BreadcrumbList","@id":"https:\/\/www.pedagogia.it\/stripes\/formazione\/legnano\/andiamo-fuori-essere-genitori-in-natura\/#breadcrumb","itemListElement":[{"@type":"ListItem","position":1,"name":"Home","item":"https:\/\/www.pedagogia.it\/stripes\/"},{"@type":"ListItem","position":2,"name":"Area Formazione","item":"https:\/\/www.pedagogia.it\/stripes\/formazione\/"},{"@type":"ListItem","position":3,"name":"Legnano","item":"https:\/\/www.pedagogia.it\/stripes\/formazione\/legnano\/"},{"@type":"ListItem","position":4,"name":"ANDIAMO FUORI! ESSERE GENITORI IN NATURA"}]},{"@type":"WebSite","@id":"https:\/\/www.pedagogia.it\/stripes\/#website","url":"https:\/\/www.pedagogia.it\/stripes\/","name":"Stripes Cooperativa Sociale ONLUS","description":"","potentialAction":[{"@type":"SearchAction","target":{"@type":"EntryPoint","urlTemplate":"https:\/\/www.pedagogia.it\/stripes\/?s={search_term_string}"},"query-input":{"@type":"PropertyValueSpecification","valueRequired":true,"valueName":"search_term_string"}}],"inLanguage":"it-IT"}]}},"campaignId":"","_links":{"self":[{"href":"https:\/\/www.pedagogia.it\/stripes\/wp-json\/wp\/v2\/pages\/9914","targetHints":{"allow":["GET"]}}],"collection":[{"href":"https:\/\/www.pedagogia.it\/stripes\/wp-json\/wp\/v2\/pages"}],"about":[{"href":"https:\/\/www.pedagogia.it\/stripes\/wp-json\/wp\/v2\/types\/page"}],"author":[{"embeddable":true,"href":"https:\/\/www.pedagogia.it\/stripes\/wp-json\/wp\/v2\/users\/1"}],"replies":[{"embeddable":true,"href":"https:\/\/www.pedagogia.it\/stripes\/wp-json\/wp\/v2\/comments?post=9914"}],"version-history":[{"count":0,"href":"https:\/\/www.pedagogia.it\/stripes\/wp-json\/wp\/v2\/pages\/9914\/revisions"}],"up":[{"embeddable":true,"href":"https:\/\/www.pedagogia.it\/stripes\/wp-json\/wp\/v2\/pages\/9787"}],"wp:featuredmedia":[{"embeddable":true,"href":"https:\/\/www.pedagogia.it\/stripes\/wp-json\/wp\/v2\/media\/9919"}],"wp:attachment":[{"href":"https:\/\/www.pedagogia.it\/stripes\/wp-json\/wp\/v2\/media?parent=9914"}],"wp:term":[{"taxonomy":"post_tag","embeddable":true,"href":"https:\/\/www.pedagogia.it\/stripes\/wp-json\/wp\/v2\/tags?post=9914"}],"curies":[{"name":"wp","href":"https:\/\/api.w.org\/{rel}","templated":true}]}}