{"id":16762,"date":"2022-08-01T09:31:14","date_gmt":"2022-08-01T07:31:14","guid":{"rendered":"https:\/\/www.pedagogia.it\/stripes\/?post_type=product&#038;p=16762"},"modified":"2022-08-05T11:45:05","modified_gmt":"2022-08-05T09:45:05","slug":"sentiero15","status":"publish","type":"product","link":"https:\/\/www.pedagogia.it\/stripes\/prodotto\/sentiero15\/","title":{"rendered":"Sentiero 15"},"content":{"rendered":"","protected":false},"excerpt":{"rendered":"<p><strong>RAGAZZI\/E DAI 14 AI 18 ANNI<br \/>\n23-26 AGOSTO 2022<\/strong><\/p>\n<p>Ritorna la versione RIVER EXPERIENCE di Sentiero 15.<br \/>\nNella splendida Valsesia, vivremo quattro giorni unici, a stretto contatto con la natura, con attivit\u00e0 di Canyoning e Rafting, in campeggio in tenda a fianco del fiume! Conosceremo una natura imponente ci scopriremo esploratori, e raggiungeremo torrenti nascosti e meravigliosi.<br \/>\nPerch\u00e9 non c&#8217;\u00e8 nulla di pi\u00f9 bello di una vera avventura!<\/p>\n","protected":false},"featured_media":16765,"template":"","meta":{"give_campaign_id":0,"om_disable_all_campaigns":false,"_monsterinsights_skip_tracking":false,"_monsterinsights_sitenote_active":false,"_monsterinsights_sitenote_note":"","_monsterinsights_sitenote_category":0},"product_brand":[],"product_cat":[352],"product_tag":[],"mwb_booking_people":[],"mwb_booking_cost":[],"mwb_booking_service":[],"ppma_author":[392],"class_list":{"0":"post-16762","1":"product","2":"type-product","3":"status-publish","4":"has-post-thumbnail","6":"product_cat-progetti-di-viaggio","8":"first","9":"instock","10":"purchasable","11":"product-type-variable"},"aioseo_notices":[],"yoast_head":"<!-- This site is optimized with the Yoast SEO plugin v27.2 - https:\/\/yoast.com\/product\/yoast-seo-wordpress\/ -->\n<title>Sentiero 15 - Stripes Cooperativa Sociale ONLUS<\/title>\n<meta name=\"robots\" content=\"index, follow, max-snippet:-1, max-image-preview:large, max-video-preview:-1\" \/>\n<link rel=\"canonical\" href=\"https:\/\/www.pedagogia.it\/stripes\/prodotto\/sentiero15\/\" \/>\n<meta property=\"og:locale\" content=\"it_IT\" \/>\n<meta property=\"og:type\" content=\"article\" \/>\n<meta property=\"og:title\" content=\"Sentiero 15 - Stripes Cooperativa Sociale ONLUS\" \/>\n<meta property=\"og:description\" content=\"RAGAZZI\/E DAI 14 AI 18 ANNI 23-26 AGOSTO 2022  Ritorna la versione RIVER EXPERIENCE di Sentiero 15. Nella splendida Valsesia, vivremo quattro giorni unici, a stretto contatto con la natura, con attivit\u00e0 di Canyoning e Rafting, in campeggio in tenda a fianco del fiume! Conosceremo una natura imponente ci scopriremo esploratori, e raggiungeremo torrenti nascosti e meravigliosi. Perch\u00e9 non c&#039;\u00e8 nulla di pi\u00f9 bello di una vera avventura!\" \/>\n<meta property=\"og:url\" content=\"https:\/\/www.pedagogia.it\/stripes\/prodotto\/sentiero15\/\" \/>\n<meta property=\"og:site_name\" content=\"Stripes Cooperativa Sociale ONLUS\" \/>\n<meta property=\"article:modified_time\" content=\"2022-08-05T09:45:05+00:00\" \/>\n<meta property=\"og:image\" content=\"https:\/\/www.pedagogia.it\/stripes\/wp-content\/uploads\/sites\/7\/2022\/08\/sentiero-15.png\" \/>\n\t<meta property=\"og:image:width\" content=\"1070\" \/>\n\t<meta property=\"og:image:height\" content=\"855\" \/>\n\t<meta property=\"og:image:type\" content=\"image\/png\" \/>\n<meta name=\"twitter:card\" content=\"summary_large_image\" \/>\n<script type=\"application\/ld+json\" class=\"yoast-schema-graph\">{\"@context\":\"https:\/\/schema.org\",\"@graph\":[{\"@type\":\"WebPage\",\"@id\":\"https:\/\/www.pedagogia.it\/stripes\/prodotto\/sentiero15\/\",\"url\":\"https:\/\/www.pedagogia.it\/stripes\/prodotto\/sentiero15\/\",\"name\":\"Sentiero 15 - Stripes Cooperativa Sociale ONLUS\",\"isPartOf\":{\"@id\":\"https:\/\/www.pedagogia.it\/stripes\/#website\"},\"primaryImageOfPage\":{\"@id\":\"https:\/\/www.pedagogia.it\/stripes\/prodotto\/sentiero15\/#primaryimage\"},\"image\":{\"@id\":\"https:\/\/www.pedagogia.it\/stripes\/prodotto\/sentiero15\/#primaryimage\"},\"thumbnailUrl\":\"https:\/\/www.pedagogia.it\/stripes\/wp-content\/uploads\/sites\/7\/2022\/08\/sentiero-15.png\",\"datePublished\":\"2022-08-01T07:31:14+00:00\",\"dateModified\":\"2022-08-05T09:45:05+00:00\",\"breadcrumb\":{\"@id\":\"https:\/\/www.pedagogia.it\/stripes\/prodotto\/sentiero15\/#breadcrumb\"},\"inLanguage\":\"it-IT\",\"potentialAction\":[{\"@type\":\"ReadAction\",\"target\":[\"https:\/\/www.pedagogia.it\/stripes\/prodotto\/sentiero15\/\"]}]},{\"@type\":\"ImageObject\",\"inLanguage\":\"it-IT\",\"@id\":\"https:\/\/www.pedagogia.it\/stripes\/prodotto\/sentiero15\/#primaryimage\",\"url\":\"https:\/\/www.pedagogia.it\/stripes\/wp-content\/uploads\/sites\/7\/2022\/08\/sentiero-15.png\",\"contentUrl\":\"https:\/\/www.pedagogia.it\/stripes\/wp-content\/uploads\/sites\/7\/2022\/08\/sentiero-15.png\",\"width\":1070,\"height\":855},{\"@type\":\"BreadcrumbList\",\"@id\":\"https:\/\/www.pedagogia.it\/stripes\/prodotto\/sentiero15\/#breadcrumb\",\"itemListElement\":[{\"@type\":\"ListItem\",\"position\":1,\"name\":\"Home\",\"item\":\"https:\/\/www.pedagogia.it\/stripes\/\"},{\"@type\":\"ListItem\",\"position\":2,\"name\":\"Shop\",\"item\":\"https:\/\/www.pedagogia.it\/stripes\/negozio\/\"},{\"@type\":\"ListItem\",\"position\":3,\"name\":\"Sentiero 15\"}]},{\"@type\":\"WebSite\",\"@id\":\"https:\/\/www.pedagogia.it\/stripes\/#website\",\"url\":\"https:\/\/www.pedagogia.it\/stripes\/\",\"name\":\"Stripes Cooperativa Sociale ONLUS\",\"description\":\"\",\"potentialAction\":[{\"@type\":\"SearchAction\",\"target\":{\"@type\":\"EntryPoint\",\"urlTemplate\":\"https:\/\/www.pedagogia.it\/stripes\/?s={search_term_string}\"},\"query-input\":{\"@type\":\"PropertyValueSpecification\",\"valueRequired\":true,\"valueName\":\"search_term_string\"}}],\"inLanguage\":\"it-IT\"}]}<\/script>\n<!-- \/ Yoast SEO plugin. -->","yoast_head_json":{"title":"Sentiero 15 - Stripes Cooperativa Sociale ONLUS","robots":{"index":"index","follow":"follow","max-snippet":"max-snippet:-1","max-image-preview":"max-image-preview:large","max-video-preview":"max-video-preview:-1"},"canonical":"https:\/\/www.pedagogia.it\/stripes\/prodotto\/sentiero15\/","og_locale":"it_IT","og_type":"article","og_title":"Sentiero 15 - Stripes Cooperativa Sociale ONLUS","og_description":"RAGAZZI\/E DAI 14 AI 18 ANNI 23-26 AGOSTO 2022  Ritorna la versione RIVER EXPERIENCE di Sentiero 15. Nella splendida Valsesia, vivremo quattro giorni unici, a stretto contatto con la natura, con attivit\u00e0 di Canyoning e Rafting, in campeggio in tenda a fianco del fiume! Conosceremo una natura imponente ci scopriremo esploratori, e raggiungeremo torrenti nascosti e meravigliosi. Perch\u00e9 non c'\u00e8 nulla di pi\u00f9 bello di una vera avventura!","og_url":"https:\/\/www.pedagogia.it\/stripes\/prodotto\/sentiero15\/","og_site_name":"Stripes Cooperativa Sociale ONLUS","article_modified_time":"2022-08-05T09:45:05+00:00","og_image":[{"width":1070,"height":855,"url":"https:\/\/www.pedagogia.it\/stripes\/wp-content\/uploads\/sites\/7\/2022\/08\/sentiero-15.png","type":"image\/png"}],"twitter_card":"summary_large_image","schema":{"@context":"https:\/\/schema.org","@graph":[{"@type":"WebPage","@id":"https:\/\/www.pedagogia.it\/stripes\/prodotto\/sentiero15\/","url":"https:\/\/www.pedagogia.it\/stripes\/prodotto\/sentiero15\/","name":"Sentiero 15 - Stripes Cooperativa Sociale ONLUS","isPartOf":{"@id":"https:\/\/www.pedagogia.it\/stripes\/#website"},"primaryImageOfPage":{"@id":"https:\/\/www.pedagogia.it\/stripes\/prodotto\/sentiero15\/#primaryimage"},"image":{"@id":"https:\/\/www.pedagogia.it\/stripes\/prodotto\/sentiero15\/#primaryimage"},"thumbnailUrl":"https:\/\/www.pedagogia.it\/stripes\/wp-content\/uploads\/sites\/7\/2022\/08\/sentiero-15.png","datePublished":"2022-08-01T07:31:14+00:00","dateModified":"2022-08-05T09:45:05+00:00","breadcrumb":{"@id":"https:\/\/www.pedagogia.it\/stripes\/prodotto\/sentiero15\/#breadcrumb"},"inLanguage":"it-IT","potentialAction":[{"@type":"ReadAction","target":["https:\/\/www.pedagogia.it\/stripes\/prodotto\/sentiero15\/"]}]},{"@type":"ImageObject","inLanguage":"it-IT","@id":"https:\/\/www.pedagogia.it\/stripes\/prodotto\/sentiero15\/#primaryimage","url":"https:\/\/www.pedagogia.it\/stripes\/wp-content\/uploads\/sites\/7\/2022\/08\/sentiero-15.png","contentUrl":"https:\/\/www.pedagogia.it\/stripes\/wp-content\/uploads\/sites\/7\/2022\/08\/sentiero-15.png","width":1070,"height":855},{"@type":"BreadcrumbList","@id":"https:\/\/www.pedagogia.it\/stripes\/prodotto\/sentiero15\/#breadcrumb","itemListElement":[{"@type":"ListItem","position":1,"name":"Home","item":"https:\/\/www.pedagogia.it\/stripes\/"},{"@type":"ListItem","position":2,"name":"Shop","item":"https:\/\/www.pedagogia.it\/stripes\/negozio\/"},{"@type":"ListItem","position":3,"name":"Sentiero 15"}]},{"@type":"WebSite","@id":"https:\/\/www.pedagogia.it\/stripes\/#website","url":"https:\/\/www.pedagogia.it\/stripes\/","name":"Stripes Cooperativa Sociale ONLUS","description":"","potentialAction":[{"@type":"SearchAction","target":{"@type":"EntryPoint","urlTemplate":"https:\/\/www.pedagogia.it\/stripes\/?s={search_term_string}"},"query-input":{"@type":"PropertyValueSpecification","valueRequired":true,"valueName":"search_term_string"}}],"inLanguage":"it-IT"}]}},"_links":{"self":[{"href":"https:\/\/www.pedagogia.it\/stripes\/wp-json\/wp\/v2\/product\/16762","targetHints":{"allow":["GET"]}}],"collection":[{"href":"https:\/\/www.pedagogia.it\/stripes\/wp-json\/wp\/v2\/product"}],"about":[{"href":"https:\/\/www.pedagogia.it\/stripes\/wp-json\/wp\/v2\/types\/product"}],"wp:featuredmedia":[{"embeddable":true,"href":"https:\/\/www.pedagogia.it\/stripes\/wp-json\/wp\/v2\/media\/16765"}],"wp:attachment":[{"href":"https:\/\/www.pedagogia.it\/stripes\/wp-json\/wp\/v2\/media?parent=16762"}],"wp:term":[{"taxonomy":"product_brand","embeddable":true,"href":"https:\/\/www.pedagogia.it\/stripes\/wp-json\/wp\/v2\/product_brand?post=16762"},{"taxonomy":"product_cat","embeddable":true,"href":"https:\/\/www.pedagogia.it\/stripes\/wp-json\/wp\/v2\/product_cat?post=16762"},{"taxonomy":"product_tag","embeddable":true,"href":"https:\/\/www.pedagogia.it\/stripes\/wp-json\/wp\/v2\/product_tag?post=16762"},{"taxonomy":"mwb_booking_people","embeddable":true,"href":"https:\/\/www.pedagogia.it\/stripes\/wp-json\/wp\/v2\/mwb_booking_people?post=16762"},{"taxonomy":"mwb_booking_cost","embeddable":true,"href":"https:\/\/www.pedagogia.it\/stripes\/wp-json\/wp\/v2\/mwb_booking_cost?post=16762"},{"taxonomy":"mwb_booking_service","embeddable":true,"href":"https:\/\/www.pedagogia.it\/stripes\/wp-json\/wp\/v2\/mwb_booking_service?post=16762"},{"taxonomy":"author","embeddable":true,"href":"https:\/\/www.pedagogia.it\/stripes\/wp-json\/wp\/v2\/ppma_author?post=16762"}],"curies":[{"name":"wp","href":"https:\/\/api.w.org\/{rel}","templated":true}]}}