{"id":82,"date":"2022-10-20T18:16:44","date_gmt":"2022-10-20T16:16:44","guid":{"rendered":"https:\/\/www.pedagogia.it\/stripescorporate\/?page_id=82"},"modified":"2023-07-11T12:05:28","modified_gmt":"2023-07-11T10:05:28","slug":"chi-siamo","status":"publish","type":"page","link":"https:\/\/www.pedagogia.it\/stripescorporate\/chi-siamo\/","title":{"rendered":"Chi siamo"},"content":{"rendered":"<p>&nbsp;<\/p>\n<p><img decoding=\"async\" class=\"wp-image-38 alignnone\" src=\"https:\/\/www.pedagogia.it\/stripescorporate\/wp-content\/uploads\/sites\/14\/2022\/10\/stripescorporate_logo-e1667560266577.png\" alt=\"\" width=\"373\" height=\"71\" srcset=\"https:\/\/www.pedagogia.it\/stripescorporate\/wp-content\/uploads\/sites\/14\/2022\/10\/stripescorporate_logo-e1667560266577.png 1838w, https:\/\/www.pedagogia.it\/stripescorporate\/wp-content\/uploads\/sites\/14\/2022\/10\/stripescorporate_logo-e1667560266577-300x57.png 300w, https:\/\/www.pedagogia.it\/stripescorporate\/wp-content\/uploads\/sites\/14\/2022\/10\/stripescorporate_logo-e1667560266577-1024x195.png 1024w, https:\/\/www.pedagogia.it\/stripescorporate\/wp-content\/uploads\/sites\/14\/2022\/10\/stripescorporate_logo-e1667560266577-768x146.png 768w, https:\/\/www.pedagogia.it\/stripescorporate\/wp-content\/uploads\/sites\/14\/2022\/10\/stripescorporate_logo-e1667560266577-1536x292.png 1536w, https:\/\/www.pedagogia.it\/stripescorporate\/wp-content\/uploads\/sites\/14\/2022\/10\/stripescorporate_logo-e1667560266577-600x114.png 600w\" sizes=\"(max-width: 373px) 100vw, 373px\" \/><\/p>\n<p>Stripes Coporate &#8211; progetti per le aziende \u00e8 il brand di Stripes Coop sociale che si occupa della\u00a0<strong>realizzazione di progetti aziendali, interni ed esterni, con un alto impatto sociale.<\/strong><\/p>\n<p><strong>Un\u2019idea, una scelta, un progetto <\/strong><strong>che mira a rendere il valore sociale parte integrante di ci\u00f2 che le aziende fanno ogni giorno <\/strong>avendo come target le aziende e tutti gli enti \u2013 profit e non profit \u2013 intenzionati a mettere al centro il benessere dei dipendenti, delle loro famiglie e del territorio circostante.<\/p>\n<p><strong>Welfare Aziendale, Comunicazione ed Eventi, Consulenza e Formazione e Corporate Social Responsibility<\/strong> sono le macro-aree di questo progetto che desidera mettere le competenze e gli strumenti del Terzo Settore a disposizione delle Imprese intenzionate a realizzare progetti ed iniziative capaci di rispondere realmente ai bisogni dei destinatari, partendo dai dipendenti fino ad arrivare a tutta la comunit\u00e0.<\/p>\n<p>&nbsp;<\/p>\n<p><a href=\"http:\/\/www.stripes.it\" target=\"_blank\" rel=\"noopener\"><img decoding=\"async\" class=\"alignnone wp-image-332\" src=\"https:\/\/www.pedagogia.it\/stripescorporate\/wp-content\/uploads\/sites\/14\/2022\/11\/STRIPES_2018-trasp.png\" alt=\"\" width=\"179\" height=\"61\" srcset=\"https:\/\/www.pedagogia.it\/stripescorporate\/wp-content\/uploads\/sites\/14\/2022\/11\/STRIPES_2018-trasp.png 2362w, https:\/\/www.pedagogia.it\/stripescorporate\/wp-content\/uploads\/sites\/14\/2022\/11\/STRIPES_2018-trasp-300x103.png 300w, https:\/\/www.pedagogia.it\/stripescorporate\/wp-content\/uploads\/sites\/14\/2022\/11\/STRIPES_2018-trasp-1024x351.png 1024w, https:\/\/www.pedagogia.it\/stripescorporate\/wp-content\/uploads\/sites\/14\/2022\/11\/STRIPES_2018-trasp-768x263.png 768w, https:\/\/www.pedagogia.it\/stripescorporate\/wp-content\/uploads\/sites\/14\/2022\/11\/STRIPES_2018-trasp-1536x526.png 1536w, https:\/\/www.pedagogia.it\/stripescorporate\/wp-content\/uploads\/sites\/14\/2022\/11\/STRIPES_2018-trasp-2048x701.png 2048w, https:\/\/www.pedagogia.it\/stripescorporate\/wp-content\/uploads\/sites\/14\/2022\/11\/STRIPES_2018-trasp-600x206.png 600w\" sizes=\"(max-width: 179px) 100vw, 179px\" \/><\/a><\/p>\n<p><strong>Stripes \u00e8 una cooperativa sociale di tipo A che svolge attivit\u00e0 di ricerca, consulenza, formazione, progettazione e gestione di servizi socio educativi nelle aree:<\/strong><\/p>\n<p>\u2022 prima infanzia<br \/>\n\u2022 minori<br \/>\n\u2022 disabilit\u00e0<br \/>\n\u2022 immigrazione<br \/>\n\u2022 formazione<\/p>\n<p>Nata nel 1989, grazie al contributo delle pluriennali esperienze acquisite da un gruppo di formatori nell\u2019ambito dei servizi alla persona, Stripes si \u00e8 affermata nel corso degli anni come un interlocutore affidabile per le pubbliche amministrazioni ed i cittadini:<\/p>\n<ul>\n<li>per la coerenza della sua identit\u00e0 culturale e produttiva di impresa sociale, cui \u00e8 attribuito il ruolo di soggetto attivo di un\u2019economia solidale e partecipata;<\/li>\n<li>per l\u2019approccio progettuale innovativo e per la capacit\u00e0 di adattamento delle modalit\u00e0 e degli strumenti gestionali in contesti complessi;<\/li>\n<li>per la qualit\u00e0 certificata dei suoi servizi.<\/li>\n<\/ul>\n<p>Oggi Stripes rappresenta una realt\u00e0 fortemente consolidata che, all\u2019interno di un territorio ampio e in collaborazione con un elevato numero di Enti locali gestisce con molteplici modalit\u00e0 di intervento circa 60 servizi impiegando circa 650 lavoratori per pi\u00f9 di 2500 utenti.<br \/>\nLa finalit\u00e0 principale di Stripes \u00e8 quella di concorrere alla promozione del benessere della persona, allo sviluppo della qualit\u00e0 sociale ed all\u2019innovazione delle politiche sociali e dei modelli di servizio, fornendo risposte concrete ai bisogni che il territorio in cui opera esprime, per mezzo di servizi ad alto profilo qualitativo rivolti agli utenti ed alle loro famiglie.<\/p>\n<p>Concretizzare la capacit\u00e0 imprenditoriale, misurandosi con il mercato, le sue regole e le sue dinamiche, con l\u2019efficienza e l\u2019efficacia gestionale e produttiva costituisce un\u2019esigenza ineludibile di ogni impresa.<\/p>\n<p>Operare come cooperativa sociale nel contesto dei servizi alla persona, per\u00f2, significa anche associare alla stessa capacit\u00e0 imprenditoriale un orizzonte di senso pi\u00f9 articolato, definito dall\u2019attenzione alla qualit\u00e0 e redditivit\u00e0 sociale, che ha tra le sue dimensioni costitutive:<\/p>\n<p><strong>La centralit\u00e0 della persona<\/strong><br \/>\ntutte le attivit\u00e0 di Stripes sono ispirate alla promozione della persona, posta al centro del sistema di organizzazione tanto per ottenere la valorizzazione dell\u2019identit\u00e0 dei singoli quanto per evitare che la gestione di servizi divenga un fine in s\u00e9.<\/p>\n<p><strong>La promozione dello sviluppo locale<\/strong><br \/>\nStripes \u00e8 consapevole della necessit\u00e0 di uno stretto legame con i territori nei quali opera e, quindi, della propria responsabilit\u00e0 nella costruzione e nel mantenimento di un adeguato rapporto con tutte le istanze politiche e sociali da essi espresse, anche attraverso la produzione di strumenti economici, culturali, sociali e di rappresentanza tesi a promuovere lo sviluppo del welfare locale.<\/p>\n<p><strong>L\u2019autonomia<\/strong><br \/>\nlo sforzo di Stripes \u00e8 quello di dare luogo, con la Pubblica Amministrazione e, in particolare, con gli Enti Locali, a forme di collaborazione che riconoscano il ruolo autonomo e lo specifico spessore culturale e tecnico della cooperativa, ritenendo che ci\u00f2 sia condizione indispensabile per giungere ad una effettiva applicazione del principio costituzionale di sussidiariet\u00e0.<\/p>\n<p><strong>La competenza<\/strong><br \/>\nStripes utilizza una variet\u00e0 di strumenti e supporti professionali necessari a garantire costantemente un approccio adeguato, innovativo e flessibile nella lettura e risposta ai bisogni emergenti in un contesto ad alta specializzazione ed in rapida evoluzione come quello dei servizi socio educativi: equipe d\u2019area e di progetto, ambiti di ricerca e scambio progettuale, oltre che di confronto su strategie e metodi; interventi formativi degli operatori e supervisione, finalizzati a supportare e migliorare le competenze; aggiornamento professionale costante, anche attraverso la rivista periodica edita dalla stessa cooperativa: Pedagogika.it \u2013 trimestrale di educazione, formazione e cultura.<\/p>\n<p>&nbsp;<\/p>\n","protected":false},"excerpt":{"rendered":"<p>&nbsp; Stripes Coporate &#8211; progetti per le aziende \u00e8 il brand di Stripes Coop sociale che si occupa della\u00a0realizzazione di [&hellip;]<\/p>\n","protected":false},"author":1,"featured_media":0,"parent":0,"menu_order":0,"comment_status":"closed","ping_status":"closed","template":"","meta":{"footnotes":""},"class_list":["post-82","page","type-page","status-publish","hentry"],"yoast_head":"<!-- This site is optimized with the Yoast SEO plugin v27.2 - https:\/\/yoast.com\/product\/yoast-seo-wordpress\/ -->\n<title>Chi siamo - StripesCorporate<\/title>\n<meta name=\"robots\" content=\"index, follow, max-snippet:-1, max-image-preview:large, max-video-preview:-1\" \/>\n<link rel=\"canonical\" href=\"https:\/\/www.pedagogia.it\/stripescorporate\/chi-siamo\/\" \/>\n<meta property=\"og:locale\" content=\"it_IT\" \/>\n<meta property=\"og:type\" content=\"article\" \/>\n<meta property=\"og:title\" content=\"Chi siamo - StripesCorporate\" \/>\n<meta property=\"og:description\" content=\"&nbsp; Stripes Coporate &#8211; progetti per le aziende \u00e8 il brand di Stripes Coop sociale che si occupa della\u00a0realizzazione di [&hellip;]\" \/>\n<meta property=\"og:url\" content=\"https:\/\/www.pedagogia.it\/stripescorporate\/chi-siamo\/\" \/>\n<meta property=\"og:site_name\" content=\"StripesCorporate\" \/>\n<meta property=\"article:modified_time\" content=\"2023-07-11T10:05:28+00:00\" \/>\n<meta property=\"og:image\" content=\"https:\/\/www.pedagogia.it\/stripescorporate\/wp-content\/uploads\/sites\/14\/2022\/10\/stripescorporate_logo-e1667560266577.png\" \/>\n<meta name=\"twitter:card\" content=\"summary_large_image\" \/>\n<meta name=\"twitter:label1\" content=\"Tempo di lettura stimato\" \/>\n\t<meta name=\"twitter:data1\" content=\"5 minuti\" \/>\n<script type=\"application\/ld+json\" class=\"yoast-schema-graph\">{\"@context\":\"https:\/\/schema.org\",\"@graph\":[{\"@type\":\"WebPage\",\"@id\":\"https:\/\/www.pedagogia.it\/stripescorporate\/chi-siamo\/\",\"url\":\"https:\/\/www.pedagogia.it\/stripescorporate\/chi-siamo\/\",\"name\":\"Chi siamo - StripesCorporate\",\"isPartOf\":{\"@id\":\"https:\/\/www.pedagogia.it\/stripescorporate\/#website\"},\"primaryImageOfPage\":{\"@id\":\"https:\/\/www.pedagogia.it\/stripescorporate\/chi-siamo\/#primaryimage\"},\"image\":{\"@id\":\"https:\/\/www.pedagogia.it\/stripescorporate\/chi-siamo\/#primaryimage\"},\"thumbnailUrl\":\"https:\/\/www.pedagogia.it\/stripescorporate\/wp-content\/uploads\/sites\/14\/2022\/10\/stripescorporate_logo-e1667560266577.png\",\"datePublished\":\"2022-10-20T16:16:44+00:00\",\"dateModified\":\"2023-07-11T10:05:28+00:00\",\"breadcrumb\":{\"@id\":\"https:\/\/www.pedagogia.it\/stripescorporate\/chi-siamo\/#breadcrumb\"},\"inLanguage\":\"it-IT\",\"potentialAction\":[{\"@type\":\"ReadAction\",\"target\":[\"https:\/\/www.pedagogia.it\/stripescorporate\/chi-siamo\/\"]}]},{\"@type\":\"ImageObject\",\"inLanguage\":\"it-IT\",\"@id\":\"https:\/\/www.pedagogia.it\/stripescorporate\/chi-siamo\/#primaryimage\",\"url\":\"https:\/\/www.pedagogia.it\/stripescorporate\/wp-content\/uploads\/sites\/14\/2022\/10\/stripescorporate_logo-e1667560266577.png\",\"contentUrl\":\"https:\/\/www.pedagogia.it\/stripescorporate\/wp-content\/uploads\/sites\/14\/2022\/10\/stripescorporate_logo-e1667560266577.png\",\"width\":1838,\"height\":350},{\"@type\":\"BreadcrumbList\",\"@id\":\"https:\/\/www.pedagogia.it\/stripescorporate\/chi-siamo\/#breadcrumb\",\"itemListElement\":[{\"@type\":\"ListItem\",\"position\":1,\"name\":\"Home\",\"item\":\"https:\/\/www.pedagogia.it\/stripescorporate\/\"},{\"@type\":\"ListItem\",\"position\":2,\"name\":\"Chi siamo\"}]},{\"@type\":\"WebSite\",\"@id\":\"https:\/\/www.pedagogia.it\/stripescorporate\/#website\",\"url\":\"https:\/\/www.pedagogia.it\/stripescorporate\/\",\"name\":\"StripesCorporate\",\"description\":\"Progetti per le aziende ad alto impatto sociale\",\"publisher\":{\"@id\":\"https:\/\/www.pedagogia.it\/stripescorporate\/#organization\"},\"potentialAction\":[{\"@type\":\"SearchAction\",\"target\":{\"@type\":\"EntryPoint\",\"urlTemplate\":\"https:\/\/www.pedagogia.it\/stripescorporate\/?s={search_term_string}\"},\"query-input\":{\"@type\":\"PropertyValueSpecification\",\"valueRequired\":true,\"valueName\":\"search_term_string\"}}],\"inLanguage\":\"it-IT\"},{\"@type\":\"Organization\",\"@id\":\"https:\/\/www.pedagogia.it\/stripescorporate\/#organization\",\"name\":\"Stripes Coop. Sociale ONLUS\",\"url\":\"https:\/\/www.pedagogia.it\/stripescorporate\/\",\"logo\":{\"@type\":\"ImageObject\",\"inLanguage\":\"it-IT\",\"@id\":\"https:\/\/www.pedagogia.it\/stripescorporate\/#\/schema\/logo\/image\/\",\"url\":\"https:\/\/www.pedagogia.it\/stripescorporate\/wp-content\/uploads\/sites\/14\/2022\/10\/stripescorporate_logo-e1667560266577.png\",\"contentUrl\":\"https:\/\/www.pedagogia.it\/stripescorporate\/wp-content\/uploads\/sites\/14\/2022\/10\/stripescorporate_logo-e1667560266577.png\",\"width\":1838,\"height\":350,\"caption\":\"Stripes Coop. Sociale ONLUS\"},\"image\":{\"@id\":\"https:\/\/www.pedagogia.it\/stripescorporate\/#\/schema\/logo\/image\/\"}}]}<\/script>\n<!-- \/ Yoast SEO plugin. -->","yoast_head_json":{"title":"Chi siamo - StripesCorporate","robots":{"index":"index","follow":"follow","max-snippet":"max-snippet:-1","max-image-preview":"max-image-preview:large","max-video-preview":"max-video-preview:-1"},"canonical":"https:\/\/www.pedagogia.it\/stripescorporate\/chi-siamo\/","og_locale":"it_IT","og_type":"article","og_title":"Chi siamo - StripesCorporate","og_description":"&nbsp; Stripes Coporate &#8211; progetti per le aziende \u00e8 il brand di Stripes Coop sociale che si occupa della\u00a0realizzazione di [&hellip;]","og_url":"https:\/\/www.pedagogia.it\/stripescorporate\/chi-siamo\/","og_site_name":"StripesCorporate","article_modified_time":"2023-07-11T10:05:28+00:00","og_image":[{"url":"https:\/\/www.pedagogia.it\/stripescorporate\/wp-content\/uploads\/sites\/14\/2022\/10\/stripescorporate_logo-e1667560266577.png","type":"","width":"","height":""}],"twitter_card":"summary_large_image","twitter_misc":{"Tempo di lettura stimato":"5 minuti"},"schema":{"@context":"https:\/\/schema.org","@graph":[{"@type":"WebPage","@id":"https:\/\/www.pedagogia.it\/stripescorporate\/chi-siamo\/","url":"https:\/\/www.pedagogia.it\/stripescorporate\/chi-siamo\/","name":"Chi siamo - StripesCorporate","isPartOf":{"@id":"https:\/\/www.pedagogia.it\/stripescorporate\/#website"},"primaryImageOfPage":{"@id":"https:\/\/www.pedagogia.it\/stripescorporate\/chi-siamo\/#primaryimage"},"image":{"@id":"https:\/\/www.pedagogia.it\/stripescorporate\/chi-siamo\/#primaryimage"},"thumbnailUrl":"https:\/\/www.pedagogia.it\/stripescorporate\/wp-content\/uploads\/sites\/14\/2022\/10\/stripescorporate_logo-e1667560266577.png","datePublished":"2022-10-20T16:16:44+00:00","dateModified":"2023-07-11T10:05:28+00:00","breadcrumb":{"@id":"https:\/\/www.pedagogia.it\/stripescorporate\/chi-siamo\/#breadcrumb"},"inLanguage":"it-IT","potentialAction":[{"@type":"ReadAction","target":["https:\/\/www.pedagogia.it\/stripescorporate\/chi-siamo\/"]}]},{"@type":"ImageObject","inLanguage":"it-IT","@id":"https:\/\/www.pedagogia.it\/stripescorporate\/chi-siamo\/#primaryimage","url":"https:\/\/www.pedagogia.it\/stripescorporate\/wp-content\/uploads\/sites\/14\/2022\/10\/stripescorporate_logo-e1667560266577.png","contentUrl":"https:\/\/www.pedagogia.it\/stripescorporate\/wp-content\/uploads\/sites\/14\/2022\/10\/stripescorporate_logo-e1667560266577.png","width":1838,"height":350},{"@type":"BreadcrumbList","@id":"https:\/\/www.pedagogia.it\/stripescorporate\/chi-siamo\/#breadcrumb","itemListElement":[{"@type":"ListItem","position":1,"name":"Home","item":"https:\/\/www.pedagogia.it\/stripescorporate\/"},{"@type":"ListItem","position":2,"name":"Chi siamo"}]},{"@type":"WebSite","@id":"https:\/\/www.pedagogia.it\/stripescorporate\/#website","url":"https:\/\/www.pedagogia.it\/stripescorporate\/","name":"StripesCorporate","description":"Progetti per le aziende ad alto impatto sociale","publisher":{"@id":"https:\/\/www.pedagogia.it\/stripescorporate\/#organization"},"potentialAction":[{"@type":"SearchAction","target":{"@type":"EntryPoint","urlTemplate":"https:\/\/www.pedagogia.it\/stripescorporate\/?s={search_term_string}"},"query-input":{"@type":"PropertyValueSpecification","valueRequired":true,"valueName":"search_term_string"}}],"inLanguage":"it-IT"},{"@type":"Organization","@id":"https:\/\/www.pedagogia.it\/stripescorporate\/#organization","name":"Stripes Coop. Sociale ONLUS","url":"https:\/\/www.pedagogia.it\/stripescorporate\/","logo":{"@type":"ImageObject","inLanguage":"it-IT","@id":"https:\/\/www.pedagogia.it\/stripescorporate\/#\/schema\/logo\/image\/","url":"https:\/\/www.pedagogia.it\/stripescorporate\/wp-content\/uploads\/sites\/14\/2022\/10\/stripescorporate_logo-e1667560266577.png","contentUrl":"https:\/\/www.pedagogia.it\/stripescorporate\/wp-content\/uploads\/sites\/14\/2022\/10\/stripescorporate_logo-e1667560266577.png","width":1838,"height":350,"caption":"Stripes Coop. Sociale ONLUS"},"image":{"@id":"https:\/\/www.pedagogia.it\/stripescorporate\/#\/schema\/logo\/image\/"}}]}},"_links":{"self":[{"href":"https:\/\/www.pedagogia.it\/stripescorporate\/wp-json\/wp\/v2\/pages\/82","targetHints":{"allow":["GET"]}}],"collection":[{"href":"https:\/\/www.pedagogia.it\/stripescorporate\/wp-json\/wp\/v2\/pages"}],"about":[{"href":"https:\/\/www.pedagogia.it\/stripescorporate\/wp-json\/wp\/v2\/types\/page"}],"author":[{"embeddable":true,"href":"https:\/\/www.pedagogia.it\/stripescorporate\/wp-json\/wp\/v2\/users\/1"}],"replies":[{"embeddable":true,"href":"https:\/\/www.pedagogia.it\/stripescorporate\/wp-json\/wp\/v2\/comments?post=82"}],"version-history":[{"count":3,"href":"https:\/\/www.pedagogia.it\/stripescorporate\/wp-json\/wp\/v2\/pages\/82\/revisions"}],"predecessor-version":[{"id":1630,"href":"https:\/\/www.pedagogia.it\/stripescorporate\/wp-json\/wp\/v2\/pages\/82\/revisions\/1630"}],"wp:attachment":[{"href":"https:\/\/www.pedagogia.it\/stripescorporate\/wp-json\/wp\/v2\/media?parent=82"}],"curies":[{"name":"wp","href":"https:\/\/api.w.org\/{rel}","templated":true}]}}