{"id":1775,"date":"2024-04-11T16:07:20","date_gmt":"2024-04-11T14:07:20","guid":{"rendered":"https:\/\/www.pedagogia.it\/stripescorporate\/?post_type=product&#038;p=1775"},"modified":"2024-05-20T12:41:32","modified_gmt":"2024-05-20T10:41:32","slug":"campus-estivo-2024-nestle","status":"publish","type":"product","link":"https:\/\/www.pedagogia.it\/stripescorporate\/prodotto\/campus-estivo-2024-nestle\/","title":{"rendered":"CAMPUS ESTIVO 2024 NESTLE&#8217; &#8211; iscrizione"},"content":{"rendered":"","protected":false},"excerpt":{"rendered":"<div>CAMPUS ESTIVO 2024 NESTLE&#8217; &#8211; iscrizione<\/div>\n<div>Per completare l&#8217;iscrizione al campus aziendale le chiediamo gentilmente di compilare il seguente questionario.<\/div>\n<div>Ricordiamo che la <strong>quota settimanale di frequenza del campus \u00e8 di 75 \u20ac\u00a0<\/strong><\/div>\n<div>\n<div>La quota comprende: frequenza del campus, assicurazione, pranzo, merenda mattutina e pomeridiana.<\/div>\n<p>La quota di partecipazione non comprende: tutto quanto non espressamente indicato alla voce \u201cLa quota comprende\u201d.<\/p>\n<div>Il campus \u00e8 organizzato nel pieno rispetto di tutte le normative sulla sicurezza.<\/div>\n<\/div>\n<div><\/div>\n<div><b>Regolamento di iscrizione:<\/b><br \/>\nA. Il presente modulo va compilato in tutte le sue parti e ha validit\u00e0 di contratto. Con la compilazione il genitore accetta tutte le condizioni del campus e garantisce la validit\u00e0 dei dati inseriti.<\/div>\n<div>\n<div>B. La quota prevista \u00e9 da corrispondere contestualmente all&#8217;iscrizione con procedura di acquisto on-line (con carta di credito o PayPal).<\/div>\n<div>C. In caso di rinuncia, dopo aver compilato il presente contratto di partecipazione, non verr\u00e0 rimborsata la quota<\/div>\n<div>D. Nel caso di\u00a0<b>iscrizione di pi\u00f9 figli si richiede la singola compilazione<\/b> del presente modulo per ciascuno di essi.<\/div>\n<p>In caso di difficolt\u00e0 nella compilazione del modulo, o nella procedura di acquisto on-line, siamo a vostra disposizione.<br \/>\nGrazie.<br \/>\nPer info\/supporto: Mara Colombo\/Serena Bignamini corporate@pedagogia.com<\/p>\n<\/div>\n","protected":false},"featured_media":1778,"comment_status":"closed","ping_status":"closed","template":"","meta":[],"product_brand":[],"product_cat":[15],"product_tag":[],"class_list":{"0":"post-1775","1":"product","2":"type-product","3":"status-publish","4":"has-post-thumbnail","6":"product_cat-senza-categoria","8":"first","9":"instock","10":"virtual","11":"purchasable","12":"product-type-simple"},"yoast_head":"<!-- This site is optimized with the Yoast SEO plugin v27.5 - https:\/\/yoast.com\/product\/yoast-seo-wordpress\/ -->\n<title>CAMPUS ESTIVO 2024 NESTLE&#039; - iscrizione - StripesCorporate<\/title>\n<meta name=\"robots\" content=\"index, follow, max-snippet:-1, max-image-preview:large, max-video-preview:-1\" \/>\n<link rel=\"canonical\" href=\"https:\/\/www.pedagogia.it\/stripescorporate\/prodotto\/campus-estivo-2024-nestle\/\" \/>\n<meta property=\"og:locale\" content=\"it_IT\" \/>\n<meta property=\"og:type\" content=\"article\" \/>\n<meta property=\"og:title\" content=\"CAMPUS ESTIVO 2024 NESTLE&#039; - iscrizione - StripesCorporate\" \/>\n<meta property=\"og:description\" content=\"CAMPUS ESTIVO 2024 NESTLE&#039; - iscrizione Per completare l&#039;iscrizione al campus aziendale le chiediamo gentilmente di compilare il seguente questionario. Ricordiamo che la quota settimanale di frequenza del campus \u00e8 di 75 \u20ac\u00a0  La quota comprende: frequenza del campus, assicurazione, pranzo, merenda mattutina e pomeridiana. La quota di partecipazione non comprende: tutto quanto non espressamente indicato alla voce \u201cLa quota comprende\u201d. Il campus \u00e8 organizzato nel pieno rispetto di tutte le normative sulla sicurezza.   Regolamento di iscrizione: A. Il presente modulo va compilato in tutte le sue parti e ha validit\u00e0 di contratto. Con la compilazione il genitore accetta tutte le condizioni del campus e garantisce la validit\u00e0 dei dati inseriti.  B. La quota prevista \u00e9 da corrispondere contestualmente all&#039;iscrizione con procedura di acquisto on-line (con carta di credito o PayPal). C. In caso di rinuncia, dopo aver compilato il presente contratto di partecipazione, non verr\u00e0 rimborsata la quota D. Nel caso di\u00a0iscrizione di pi\u00f9 figli si richiede la singola compilazione del presente modulo per ciascuno di essi. In caso di difficolt\u00e0 nella compilazione del modulo, o nella procedura di acquisto on-line, siamo a vostra disposizione. Grazie. Per info\/supporto: Mara Colombo\/Serena Bignamini corporate@pedagogia.com\" \/>\n<meta property=\"og:url\" content=\"https:\/\/www.pedagogia.it\/stripescorporate\/prodotto\/campus-estivo-2024-nestle\/\" \/>\n<meta property=\"og:site_name\" content=\"StripesCorporate\" \/>\n<meta property=\"article:modified_time\" content=\"2024-05-20T10:41:32+00:00\" \/>\n<meta property=\"og:image\" content=\"https:\/\/www.pedagogia.it\/stripescorporate\/wp-content\/uploads\/sites\/14\/2024\/04\/Progetto-senza-titolo-2.png\" \/>\n\t<meta property=\"og:image:width\" content=\"1080\" \/>\n\t<meta property=\"og:image:height\" content=\"1080\" \/>\n\t<meta property=\"og:image:type\" content=\"image\/png\" \/>\n<meta name=\"twitter:card\" content=\"summary_large_image\" \/>\n<meta name=\"twitter:label1\" content=\"Tempo di lettura stimato\" \/>\n\t<meta name=\"twitter:data1\" content=\"1 minuto\" \/>\n<script type=\"application\/ld+json\" class=\"yoast-schema-graph\">{\"@context\":\"https:\\\/\\\/schema.org\",\"@graph\":[{\"@type\":\"WebPage\",\"@id\":\"https:\\\/\\\/www.pedagogia.it\\\/stripescorporate\\\/prodotto\\\/campus-estivo-2024-nestle\\\/\",\"url\":\"https:\\\/\\\/www.pedagogia.it\\\/stripescorporate\\\/prodotto\\\/campus-estivo-2024-nestle\\\/\",\"name\":\"CAMPUS ESTIVO 2024 NESTLE' - iscrizione - StripesCorporate\",\"isPartOf\":{\"@id\":\"https:\\\/\\\/www.pedagogia.it\\\/stripescorporate\\\/#website\"},\"primaryImageOfPage\":{\"@id\":\"https:\\\/\\\/www.pedagogia.it\\\/stripescorporate\\\/prodotto\\\/campus-estivo-2024-nestle\\\/#primaryimage\"},\"image\":{\"@id\":\"https:\\\/\\\/www.pedagogia.it\\\/stripescorporate\\\/prodotto\\\/campus-estivo-2024-nestle\\\/#primaryimage\"},\"thumbnailUrl\":\"https:\\\/\\\/www.pedagogia.it\\\/stripescorporate\\\/wp-content\\\/uploads\\\/sites\\\/14\\\/2024\\\/04\\\/Progetto-senza-titolo-2.png\",\"datePublished\":\"2024-04-11T14:07:20+00:00\",\"dateModified\":\"2024-05-20T10:41:32+00:00\",\"breadcrumb\":{\"@id\":\"https:\\\/\\\/www.pedagogia.it\\\/stripescorporate\\\/prodotto\\\/campus-estivo-2024-nestle\\\/#breadcrumb\"},\"inLanguage\":\"it-IT\",\"potentialAction\":[{\"@type\":\"ReadAction\",\"target\":[\"https:\\\/\\\/www.pedagogia.it\\\/stripescorporate\\\/prodotto\\\/campus-estivo-2024-nestle\\\/\"]}]},{\"@type\":\"ImageObject\",\"inLanguage\":\"it-IT\",\"@id\":\"https:\\\/\\\/www.pedagogia.it\\\/stripescorporate\\\/prodotto\\\/campus-estivo-2024-nestle\\\/#primaryimage\",\"url\":\"https:\\\/\\\/www.pedagogia.it\\\/stripescorporate\\\/wp-content\\\/uploads\\\/sites\\\/14\\\/2024\\\/04\\\/Progetto-senza-titolo-2.png\",\"contentUrl\":\"https:\\\/\\\/www.pedagogia.it\\\/stripescorporate\\\/wp-content\\\/uploads\\\/sites\\\/14\\\/2024\\\/04\\\/Progetto-senza-titolo-2.png\",\"width\":1080,\"height\":1080},{\"@type\":\"BreadcrumbList\",\"@id\":\"https:\\\/\\\/www.pedagogia.it\\\/stripescorporate\\\/prodotto\\\/campus-estivo-2024-nestle\\\/#breadcrumb\",\"itemListElement\":[{\"@type\":\"ListItem\",\"position\":1,\"name\":\"Home\",\"item\":\"https:\\\/\\\/www.pedagogia.it\\\/stripescorporate\\\/\"},{\"@type\":\"ListItem\",\"position\":2,\"name\":\"Shop\",\"item\":\"https:\\\/\\\/www.pedagogia.it\\\/stripescorporate\\\/negozio\\\/\"},{\"@type\":\"ListItem\",\"position\":3,\"name\":\"CAMPUS ESTIVO 2024 NESTLE&#8217; &#8211; iscrizione\"}]},{\"@type\":\"WebSite\",\"@id\":\"https:\\\/\\\/www.pedagogia.it\\\/stripescorporate\\\/#website\",\"url\":\"https:\\\/\\\/www.pedagogia.it\\\/stripescorporate\\\/\",\"name\":\"StripesCorporate\",\"description\":\"Progetti per le aziende ad alto impatto sociale\",\"publisher\":{\"@id\":\"https:\\\/\\\/www.pedagogia.it\\\/stripescorporate\\\/#organization\"},\"potentialAction\":[{\"@type\":\"SearchAction\",\"target\":{\"@type\":\"EntryPoint\",\"urlTemplate\":\"https:\\\/\\\/www.pedagogia.it\\\/stripescorporate\\\/?s={search_term_string}\"},\"query-input\":{\"@type\":\"PropertyValueSpecification\",\"valueRequired\":true,\"valueName\":\"search_term_string\"}}],\"inLanguage\":\"it-IT\"},{\"@type\":\"Organization\",\"@id\":\"https:\\\/\\\/www.pedagogia.it\\\/stripescorporate\\\/#organization\",\"name\":\"Stripes Coop. Sociale ONLUS\",\"url\":\"https:\\\/\\\/www.pedagogia.it\\\/stripescorporate\\\/\",\"logo\":{\"@type\":\"ImageObject\",\"inLanguage\":\"it-IT\",\"@id\":\"https:\\\/\\\/www.pedagogia.it\\\/stripescorporate\\\/#\\\/schema\\\/logo\\\/image\\\/\",\"url\":\"https:\\\/\\\/www.pedagogia.it\\\/stripescorporate\\\/wp-content\\\/uploads\\\/sites\\\/14\\\/2022\\\/10\\\/stripescorporate_logo-e1667560266577.png\",\"contentUrl\":\"https:\\\/\\\/www.pedagogia.it\\\/stripescorporate\\\/wp-content\\\/uploads\\\/sites\\\/14\\\/2022\\\/10\\\/stripescorporate_logo-e1667560266577.png\",\"width\":1838,\"height\":350,\"caption\":\"Stripes Coop. Sociale ONLUS\"},\"image\":{\"@id\":\"https:\\\/\\\/www.pedagogia.it\\\/stripescorporate\\\/#\\\/schema\\\/logo\\\/image\\\/\"}}]}<\/script>\n<!-- \/ Yoast SEO plugin. -->","yoast_head_json":{"title":"CAMPUS ESTIVO 2024 NESTLE' - iscrizione - StripesCorporate","robots":{"index":"index","follow":"follow","max-snippet":"max-snippet:-1","max-image-preview":"max-image-preview:large","max-video-preview":"max-video-preview:-1"},"canonical":"https:\/\/www.pedagogia.it\/stripescorporate\/prodotto\/campus-estivo-2024-nestle\/","og_locale":"it_IT","og_type":"article","og_title":"CAMPUS ESTIVO 2024 NESTLE' - iscrizione - StripesCorporate","og_description":"CAMPUS ESTIVO 2024 NESTLE' - iscrizione Per completare l'iscrizione al campus aziendale le chiediamo gentilmente di compilare il seguente questionario. Ricordiamo che la quota settimanale di frequenza del campus \u00e8 di 75 \u20ac\u00a0  La quota comprende: frequenza del campus, assicurazione, pranzo, merenda mattutina e pomeridiana. La quota di partecipazione non comprende: tutto quanto non espressamente indicato alla voce \u201cLa quota comprende\u201d. Il campus \u00e8 organizzato nel pieno rispetto di tutte le normative sulla sicurezza.   Regolamento di iscrizione: A. Il presente modulo va compilato in tutte le sue parti e ha validit\u00e0 di contratto. Con la compilazione il genitore accetta tutte le condizioni del campus e garantisce la validit\u00e0 dei dati inseriti.  B. La quota prevista \u00e9 da corrispondere contestualmente all'iscrizione con procedura di acquisto on-line (con carta di credito o PayPal). C. In caso di rinuncia, dopo aver compilato il presente contratto di partecipazione, non verr\u00e0 rimborsata la quota D. Nel caso di\u00a0iscrizione di pi\u00f9 figli si richiede la singola compilazione del presente modulo per ciascuno di essi. In caso di difficolt\u00e0 nella compilazione del modulo, o nella procedura di acquisto on-line, siamo a vostra disposizione. Grazie. Per info\/supporto: Mara Colombo\/Serena Bignamini corporate@pedagogia.com","og_url":"https:\/\/www.pedagogia.it\/stripescorporate\/prodotto\/campus-estivo-2024-nestle\/","og_site_name":"StripesCorporate","article_modified_time":"2024-05-20T10:41:32+00:00","og_image":[{"width":1080,"height":1080,"url":"https:\/\/www.pedagogia.it\/stripescorporate\/wp-content\/uploads\/sites\/14\/2024\/04\/Progetto-senza-titolo-2.png","type":"image\/png"}],"twitter_card":"summary_large_image","twitter_misc":{"Tempo di lettura stimato":"1 minuto"},"schema":{"@context":"https:\/\/schema.org","@graph":[{"@type":"WebPage","@id":"https:\/\/www.pedagogia.it\/stripescorporate\/prodotto\/campus-estivo-2024-nestle\/","url":"https:\/\/www.pedagogia.it\/stripescorporate\/prodotto\/campus-estivo-2024-nestle\/","name":"CAMPUS ESTIVO 2024 NESTLE' - iscrizione - StripesCorporate","isPartOf":{"@id":"https:\/\/www.pedagogia.it\/stripescorporate\/#website"},"primaryImageOfPage":{"@id":"https:\/\/www.pedagogia.it\/stripescorporate\/prodotto\/campus-estivo-2024-nestle\/#primaryimage"},"image":{"@id":"https:\/\/www.pedagogia.it\/stripescorporate\/prodotto\/campus-estivo-2024-nestle\/#primaryimage"},"thumbnailUrl":"https:\/\/www.pedagogia.it\/stripescorporate\/wp-content\/uploads\/sites\/14\/2024\/04\/Progetto-senza-titolo-2.png","datePublished":"2024-04-11T14:07:20+00:00","dateModified":"2024-05-20T10:41:32+00:00","breadcrumb":{"@id":"https:\/\/www.pedagogia.it\/stripescorporate\/prodotto\/campus-estivo-2024-nestle\/#breadcrumb"},"inLanguage":"it-IT","potentialAction":[{"@type":"ReadAction","target":["https:\/\/www.pedagogia.it\/stripescorporate\/prodotto\/campus-estivo-2024-nestle\/"]}]},{"@type":"ImageObject","inLanguage":"it-IT","@id":"https:\/\/www.pedagogia.it\/stripescorporate\/prodotto\/campus-estivo-2024-nestle\/#primaryimage","url":"https:\/\/www.pedagogia.it\/stripescorporate\/wp-content\/uploads\/sites\/14\/2024\/04\/Progetto-senza-titolo-2.png","contentUrl":"https:\/\/www.pedagogia.it\/stripescorporate\/wp-content\/uploads\/sites\/14\/2024\/04\/Progetto-senza-titolo-2.png","width":1080,"height":1080},{"@type":"BreadcrumbList","@id":"https:\/\/www.pedagogia.it\/stripescorporate\/prodotto\/campus-estivo-2024-nestle\/#breadcrumb","itemListElement":[{"@type":"ListItem","position":1,"name":"Home","item":"https:\/\/www.pedagogia.it\/stripescorporate\/"},{"@type":"ListItem","position":2,"name":"Shop","item":"https:\/\/www.pedagogia.it\/stripescorporate\/negozio\/"},{"@type":"ListItem","position":3,"name":"CAMPUS ESTIVO 2024 NESTLE&#8217; &#8211; iscrizione"}]},{"@type":"WebSite","@id":"https:\/\/www.pedagogia.it\/stripescorporate\/#website","url":"https:\/\/www.pedagogia.it\/stripescorporate\/","name":"StripesCorporate","description":"Progetti per le aziende ad alto impatto sociale","publisher":{"@id":"https:\/\/www.pedagogia.it\/stripescorporate\/#organization"},"potentialAction":[{"@type":"SearchAction","target":{"@type":"EntryPoint","urlTemplate":"https:\/\/www.pedagogia.it\/stripescorporate\/?s={search_term_string}"},"query-input":{"@type":"PropertyValueSpecification","valueRequired":true,"valueName":"search_term_string"}}],"inLanguage":"it-IT"},{"@type":"Organization","@id":"https:\/\/www.pedagogia.it\/stripescorporate\/#organization","name":"Stripes Coop. Sociale ONLUS","url":"https:\/\/www.pedagogia.it\/stripescorporate\/","logo":{"@type":"ImageObject","inLanguage":"it-IT","@id":"https:\/\/www.pedagogia.it\/stripescorporate\/#\/schema\/logo\/image\/","url":"https:\/\/www.pedagogia.it\/stripescorporate\/wp-content\/uploads\/sites\/14\/2022\/10\/stripescorporate_logo-e1667560266577.png","contentUrl":"https:\/\/www.pedagogia.it\/stripescorporate\/wp-content\/uploads\/sites\/14\/2022\/10\/stripescorporate_logo-e1667560266577.png","width":1838,"height":350,"caption":"Stripes Coop. Sociale ONLUS"},"image":{"@id":"https:\/\/www.pedagogia.it\/stripescorporate\/#\/schema\/logo\/image\/"}}]}},"_links":{"self":[{"href":"https:\/\/www.pedagogia.it\/stripescorporate\/wp-json\/wp\/v2\/product\/1775","targetHints":{"allow":["GET"]}}],"collection":[{"href":"https:\/\/www.pedagogia.it\/stripescorporate\/wp-json\/wp\/v2\/product"}],"about":[{"href":"https:\/\/www.pedagogia.it\/stripescorporate\/wp-json\/wp\/v2\/types\/product"}],"replies":[{"embeddable":true,"href":"https:\/\/www.pedagogia.it\/stripescorporate\/wp-json\/wp\/v2\/comments?post=1775"}],"wp:featuredmedia":[{"embeddable":true,"href":"https:\/\/www.pedagogia.it\/stripescorporate\/wp-json\/wp\/v2\/media\/1778"}],"wp:attachment":[{"href":"https:\/\/www.pedagogia.it\/stripescorporate\/wp-json\/wp\/v2\/media?parent=1775"}],"wp:term":[{"taxonomy":"product_brand","embeddable":true,"href":"https:\/\/www.pedagogia.it\/stripescorporate\/wp-json\/wp\/v2\/product_brand?post=1775"},{"taxonomy":"product_cat","embeddable":true,"href":"https:\/\/www.pedagogia.it\/stripescorporate\/wp-json\/wp\/v2\/product_cat?post=1775"},{"taxonomy":"product_tag","embeddable":true,"href":"https:\/\/www.pedagogia.it\/stripescorporate\/wp-json\/wp\/v2\/product_tag?post=1775"}],"curies":[{"name":"wp","href":"https:\/\/api.w.org\/{rel}","templated":true}]}}